{"id":10315,"date":"2021-05-07T14:00:10","date_gmt":"2021-05-07T11:00:10","guid":{"rendered":"https:\/\/narvajoesuu.ee\/detox-programm-figuuri-korrigeerimine\/"},"modified":"2026-03-16T15:30:55","modified_gmt":"2026-03-16T13:30:55","slug":"hahmoa-korjaava-detox-ohjelma-7-paivaa","status":"publish","type":"page","link":"https:\/\/narvajoesuu.ee\/fi\/detox-keskus\/detox-ohjelmat\/hahmoa-korjaava-detox-ohjelma-7-paivaa\/","title":{"rendered":"Vartalon muotoileva Detox-ohjelma (7 y\u00f6t\u00e4)"},"content":{"rendered":"<div class=\"b-block pad-top-30 pad-bottom-20\"><div class=\"p-emphasis b-part container-p0 p-emphasis--info\"><p><!-- wp:paragraph {\"textColor\":\"white\",\"fontSize\":\"medium\"} --><\/p>\n<p data-start=\"0\" data-end=\"139\">Kun keho on v\u00e4synyt, aineenvaihdunta on hidastunut ja olo tuntuu raskaalta, elimist\u00f6 tarvitsee tietoisen uudelleenk\u00e4ynnistyksen.<\/p>\n<p data-start=\"141\" data-end=\"284\">T\u00e4m\u00e4 7 p\u00e4iv\u00e4n detox-ohjelma auttaa kehoa puhdistumaan luonnollisella tavalla, aktivoi aineenvaihduntaa ja k\u00e4ynnist\u00e4\u00e4 kehon uudistumisprosessin.<\/p>\n<p data-start=\"286\" data-end=\"490\">Tasapainoinen detox-ruokavalio, tehokkaat spa-hoidot ja asiantuntijoiden tuki luovat ymp\u00e4rist\u00f6n, jossa keho voi palauttaa luonnollisen tasapainonsa \u2013 ilman uuvuttavaa paastoamista ja liiallista rasitusta.<\/p>\n<p data-start=\"286\" data-end=\"490\"><strong><a href=\"https:\/\/narvajoesuu.ee\/fi\/detox-keskus\/ruokailu\/detox-ruokailujarjestelma\/\"> DETOX-menu<\/a><\/strong> on luotu yhteisty\u00f6ss\u00e4 arvostetun ravitsemusterapeutin kanssa ja se perustuu tieteellisiin tutkimuksiin. Jokainen ateria on huolellisesti tasapainotettu tukemaan kehon uudistumisprosesseja, aineenvaihduntaa ja lis\u00e4\u00e4m\u00e4\u00e4n energiatasoa.<\/p>\n<p data-start=\"492\" data-end=\"569\">\u2728 Keve\u00e4mpi keho. Enemm\u00e4n energiaa. N\u00e4kyv\u00e4 muutos sek\u00e4 olossa ett\u00e4 ulkon\u00e4\u00f6ss\u00e4.<\/p>\n<\/div><\/div>\n\n\n<h4 class=\"wp-block-heading wp-el\" id=\"programm-sisaldab\">Ohjelmaan sis\u00e4ltyy:<\/h4>\n\n\n\n<ul class=\"wp-block-list wp-el\">\n<li>Keskustelu meid\u00e4n keskuksen terveydenhoitohenkil\u00f6n kanssa (20 min) + painoindeksin analyysi<\/li>\n\n\n\n<li>Verensokerin ja kolesteroolin mittaus<\/li>\n<\/ul>\n\n\n<div class=\"b-block pad-top-0 pad-bottom-20\"><div class=\"p-emphasis b-part container-p0 p-emphasis--info\"><p>N\u00e4ytteet otetaan aamulla kello 7:30-8:00 ennen ruokailua!<\/p>\n<\/div><\/div>\n\n\n<figure class=\"wp-block-table is-style-stripes\"><table><thead><tr><th class=\"has-text-align-left\" data-align=\"left\">Kiinte\u00e4t toimenpiteet:<\/th><\/tr><\/thead><tbody><tr><td class=\"has-text-align-left\" data-align=\"left\"><a href=\"https:\/\/narvajoesuu.ee\/fi\/kylpylaloma\/kylpylahoidot\/vartalon-muotoilevat-hoidot\/\" type=\"link\" id=\"https:\/\/narvajoesuu.ee\/fi\/kylpylaloma\/kylpylahoidot\/vartalon-muotoilevat-hoidot\/\">Tehokas vartalon muotoileva \u0410frodite-hoito (75 min) tai nykyaikainen ja tehokas Sitsiilia-vartalohoito, joka on tarkoitettu vartalon muotoiluun (75 min)<\/a><\/td><\/tr><tr><td class=\"has-text-align-left\" data-align=\"left\">Vartalon muotoileva laitehoito (30 min) \u2013 2 hoitokertaa<\/td><\/tr><tr><td class=\"has-text-align-left\" data-align=\"left\">Klassinen hieronta (20 min)<\/td><\/tr><tr><td class=\"has-text-align-left\" data-align=\"left\"><a href=\"https:\/\/narvajoesuu.ee\/fi\/kylpylaloma\/tehokkaat-ja-ainutlaatuiset-laitehoidot-kasvoille-ja-vartalolle\/hifem-high-intensity-focused-electromagnetic-teknologiaa-kayttava-skulptor-one-s-vartalon-tehokkaaseen-muotoiluun\/\" type=\"link\" id=\"https:\/\/narvajoesuu.ee\/fi\/kylpylaloma\/tehokkaat-ja-ainutlaatuiset-laitehoidot-kasvoille-ja-vartalolle\/hifem-high-intensity-focused-electromagnetic-teknologiaa-kayttava-skulptor-one-s-vartalon-tehokkaaseen-muotoiluun\/\">SKULPTOR ONE S <\/a>vartalon tehokkaaseen muotoiluun. Valittu alue: k\u00e4det, vatsa tai pakarat (30 min) \u2013 2 hoitokertaa<\/td><\/tr><\/tbody><\/table><\/figure>\n\n\n\n<figure class=\"wp-block-table is-style-stripes\"><table><thead><tr><th class=\"has-text-align-left\" data-align=\"left\">+ 14 toimenpidett\u00e4 valinnaisesti seuraavasta listasta:<\/th><\/tr><\/thead><tbody><tr><td class=\"has-text-align-left\" data-align=\"left\"><strong>DETOX-hoito setritynnyriss\u00e4 (10 min)<\/strong><br>Toimenpide parantaa verenkiertoa ja normalisoi aineenvaihduntaa, puhdistaa kudoksia ja soluja sek\u00e4 auttaa poistamaan haitallisia aineita elimist\u00f6st\u00e4. Se vahvistaa immuunij\u00e4rjestelm\u00e4\u00e4, palauttaa fyysist\u00e4 voimaa ja parantaa ihon kuntoa. Lis\u00e4ksi setrih\u00f6yryhoito on osoittautunut erinomaiseksi keinoksi selluliitin v\u00e4hent\u00e4miseen.<\/td><\/tr><tr><td class=\"has-text-align-left\" data-align=\"left\"><strong><strong>Rentouttava hoito tehokkaalla QUATTROMANO vesivuoteella (20 min)<\/strong><\/strong><br>T\u00e4m\u00e4 on ainutlaatuinen hydromassaa\u00adsivesis\u00e4nky, jolla ei ole vastaavia Estiss\u00e4. Nelj\u00e4 tehokasta vesisuihkua hierovat koko kehoa perusteellisesti. Hoito v\u00e4hent\u00e4\u00e4 lihasj\u00e4nnityst\u00e4, parantaa mikroverenkiertoa, edist\u00e4\u00e4 rentoutumista ja stressin lievittymist\u00e4 sek\u00e4 kohentaa yleist\u00e4 hyvinvointia.<\/td><\/tr><tr><td class=\"has-text-align-left\" data-align=\"left\"><strong>Tehokas selk\u00e4hieronta Stimawell Relax-laitteella<\/strong>&nbsp;<strong>(30 min)<\/strong><br>T\u00e4m\u00e4 on innovatiivinen l\u00e4hestymistapa kehon palauttamiseen ja rentouttamiseen k\u00e4ytt\u00e4m\u00e4ll\u00e4 erilaisia aaltoteknologioita. StimaWELL Relax yhdist\u00e4\u00e4 hell\u00e4varaisen hieronnan ja s\u00e4hk\u00f6terapian toiminnot, tarjoten kokonaisvaltaisen vaikutuksen lihaksiin ja kudoksiin.<br>S\u00e4hk\u00f6impulssihieronta stimuloi hermop\u00e4\u00e4tteit\u00e4 ja lihass\u00e4ikeit\u00e4, mik\u00e4 auttaa lievitt\u00e4m\u00e4\u00e4n j\u00e4nnityst\u00e4, parantamaan verenkiertoa ja edist\u00e4m\u00e4\u00e4n palautumista.<\/td><\/tr><tr><td class=\"has-text-align-left\" data-align=\"left\"><strong>Turvotusta v\u00e4hent\u00e4v\u00e4 kylpy (10 min)<\/strong><br>Hoidon vaikutuksena on laskimoiden tonuksen kohoaminen, turvotuksen v\u00e4heneminen sek\u00e4 verisuonten toiminnan paraneminen.<\/td><\/tr><tr><td class=\"has-text-align-left\" data-align=\"left\"><strong>Magnesiumia sis\u00e4lt\u00e4v\u00e4 hoikentava hierontakylpy (10 min)<\/strong><br>Tarjoaa erinomaisen detoksivaikutuksen, auttaa kehoa poistamaan myrkkyj\u00e4 ja parantaa aineenvaihduntaa. Magnesium on todellinen kauneuden ja nuoruuden l\u00e4hde: se edist\u00e4\u00e4 kollageenin tuotantoa ja tekee ihosta raikkaan ja kiinte\u00e4n. Magnesiumkylpy auttaa tehokkaasti torjumaan unettomuutta ja vahvistaa immuunij\u00e4rjestelm\u00e4\u00e4, ja sill\u00e4 on my\u00f6s selv\u00e4sti havaittava selluliittia v\u00e4hent\u00e4v\u00e4 vaikutus.<\/td><\/tr><tr><td class=\"has-text-align-left\" data-align=\"left\"><strong>Kuiva otsonikylpy (10 min)<\/strong><br>Otsonihoitoa siedet\u00e4\u00e4n eritt\u00e4in hyvin eik\u00e4 vasta-aiheita siihen melkein ole. Kuiva otsonikylpy palauttaa solujen ravinnon, edist\u00e4\u00e4 solunsis\u00e4isen aineenvaihdunnan stimulaatiota, lis\u00e4\u00e4 yleist\u00e4 vastustuskyky\u00e4 sairauksia vastaan \u200b\u200bja auttaa puhdistamaan kehon myrkyist\u00e4.<\/td><\/tr><tr><td class=\"has-text-align-left\" data-align=\"left\"><strong>Artesiaanisella vedell\u00e4 ja hoikentavilla uutteilla rikastettu hierontakylpy, kiinteytt\u00e4v\u00e4 vaikutus (10 min)<\/strong><br>Hoito auttaa parantamaan hermo- ja verenkiertoelimist\u00f6n toiminnallista tilaa, nopeuttaa aineenvaihduntaprosesseja, stimuloi rasvanpolttoa, edist\u00e4\u00e4 kuona- ja myrkkyaineiden poistumista sek\u00e4 antaa selv\u00e4sti havaittavan selluliittia v\u00e4hent\u00e4v\u00e4n vaikutuksen.<\/td><\/tr><tr><td class=\"has-text-align-left\" data-align=\"left\"><strong>N.O.logy\u00ae Stendo Pulsewave-laitehoito (uudistuksellinen pneumokompressiomenetelm\u00e4)<\/strong>&nbsp;<strong>(30 min)<\/strong><br>Toimenpide parantaa veren mikrokiertoa, palauttaa verisuonten tonusta, toimii tervehdytt\u00e4v\u00e4sti ja v\u00e4hent\u00e4\u00e4 selluliittia sek\u00e4 v\u00e4hent\u00e4\u00e4 lymfakiertoh\u00e4iri\u00f6it\u00e4 ja turvotusta.<\/td><\/tr><tr><td class=\"has-text-align-left\" data-align=\"left\"><strong>Vesihieronta \u201cCharcot\u2019n suihku\u201d (5\u20137 min)<\/strong><br>Rasvanpolttoa edist\u00e4v\u00e4n vaikutuksensa ansiosta Charcot\u2019n suihku on tullut suosioon eri-ik\u00e4isten naisten keskuudessa. Vesisuihkujen voimakkaan vaikutuksen seurauksena selluliitille tyypilliset ep\u00e4tasaisuudet \u201cmurtuvat\u201d, ihon kunto paranee, siit\u00e4 tulee tasaisempi ja napakampi, ja \u201cappelsiini-iho\u201d v\u00e4henee. Lis\u00e4ksi toimenpide ehk\u00e4isee masennusta, auttaa poistamaan unettomuutta ja v\u00e4symyst\u00e4 sek\u00e4 rentouttaa hermostoa.<\/td><\/tr><tr><td class=\"has-text-align-left\" data-align=\"left\"><strong><em>* <\/em><a href=\"https:\/\/narvajoesuu.ee\/fi\/kylpylaloma\/tehokkaat-ja-ainutlaatuiset-laitehoidot-kasvoille-ja-vartalolle\/termoterapia\/\" type=\"link\" id=\"https:\/\/narvajoesuu.ee\/fi\/kylpylaloma\/tehokkaat-ja-ainutlaatuiset-laitehoidot-kasvoille-ja-vartalolle\/termoterapia\/\">Termoterapia (60 min)<\/a><\/strong><br>Poistaa kehosta nopeasti ylim\u00e4\u00e4r\u00e4isen nesteen, v\u00e4hent\u00e4\u00e4 turvotusta ja polttaa kaloreita.<\/td><\/tr><\/tbody><\/table><\/figure>\n\n\n\n<section class=\"wp-block-uagb-info-box uagb-block-3c208bbe uagb-infobox__content-wrap  uagb-infobox-icon-above-title uagb-infobox-image-valign-top\"><div class=\"uagb-ifb-content\"><div class=\"uagb-ifb-title-wrap\"><span class=\"uagb-ifb-title-prefix\"><strong><strong>Selitt\u00e4v\u00e4t huomautukset<\/strong>:<\/strong><\/span><\/div><div class=\"uagb-ifb-separator\"><\/div><p class=\"uagb-ifb-desc\"><em><em><em>* toimenpide on valittavissa kerran.<\/em><\/em><\/em><\/p><\/div><\/section>\n\n\n\n<div class=\"wp-block-uagb-marketing-button uagb-marketing-btn__align-left uagb-marketing-btn__align-text-left uagb-marketing-btn__icon-after uagb-block-4c678626 wp-block-button\"><a href=\"https:\/\/narvajoesuu.ee\/fi\/aqua-zumba\/\" class=\"uagb-marketing-btn__link wp-block-button__link\" target=\"\" rel=\"noopener noreferrer\"><span class=\"uagb-marketing-btn__title\">Lahjaksi<\/span><svg xmlns=\"https:\/\/www.w3.org\/2000\/svg\" viewBox=\"0 0 512 512\"><path d=\"M152 0H154.2C186.1 0 215.7 16.91 231.9 44.45L256 85.46L280.1 44.45C296.3 16.91 325.9 0 357.8 0H360C408.6 0 448 39.4 448 88C448 102.4 444.5 115.1 438.4 128H480C497.7 128 512 142.3 512 160V224C512 241.7 497.7 256 480 256H32C14.33 256 0 241.7 0 224V160C0 142.3 14.33 128 32 128H73.6C67.46 115.1 64 102.4 64 88C64 39.4 103.4 0 152 0zM190.5 68.78C182.9 55.91 169.1 48 154.2 48H152C129.9 48 112 65.91 112 88C112 110.1 129.9 128 152 128H225.3L190.5 68.78zM360 48H357.8C342.9 48 329.1 55.91 321.5 68.78L286.7 128H360C382.1 128 400 110.1 400 88C400 65.91 382.1 48 360 48V48zM32 288H224V512H80C53.49 512 32 490.5 32 464V288zM288 512V288H480V464C480 490.5 458.5 512 432 512H288z\"><\/path><\/svg><p class=\"uagb-marketing-btn__prefix\">Aqua Zumba (40 min) eli vesijumppa&nbsp;<\/p><\/a><\/div>\n\n\n\n<hr class=\"wp-block-separator has-alpha-channel-opacity\"\/>\n\n\n\n<h4 class=\"wp-block-heading wp-el\" id=\"lisaks-protseduuridele-kuulub-programmi\">Hoitojen lis\u00e4ksi sis\u00e4ltyy ohjelmaan:<\/h4>\n\n\n\n<ul class=\"wp-block-list wp-el\">\n<li>Majoitus yhden tai kahden hengen huoneessa (<strong>saapuminen<\/strong>&nbsp;16:00,&nbsp;<strong>l\u00e4ht\u00f6<\/strong>&nbsp;13:00)<\/li>\n\n\n\n<li>Ruokailu&nbsp;<em>DETOX RUOKAVALIO<\/em><\/li>\n\n\n\n<li>Aamutakit, WiFi, pys\u00e4k\u00f6inti<\/li>\n\n\n\n<li><a href=\"https:\/\/narvajoesuu.ee\/fi\/kylpylaloma\/saunakeskus\/galleria\/\">Saunakeskuksen<\/a>, uima-altaan ja kuntosalin rajoittamaton k\u00e4ytt\u00f6 (joka p\u00e4iv\u00e4 aukioloaikoina)<\/li>\n\n\n\n<li><a href=\"https:\/\/narvajoesuu.ee\/fi\/kylpylaloma\/arteesisella-vedella-taytetty-lammitetty-ulkoallas-ja-poreallas-aurinkoterassilla\/\">L\u00e4mmitetyn ulkoaltaan ja porealtaan k\u00e4ytt\u00f6<\/a>&nbsp;(veden l\u00e4mp\u00f6tila on kylm\u00e4ll\u00e4 s\u00e4\u00e4ll\u00e4kin 30\u00b0\u0421) \/ auki huhtikuusta lokakuun asti)<\/li>\n<\/ul>\n\n\n<div class=\"b-block pad-top-0 pad-bottom-20\"><div class=\"p-emphasis b-part container-p0 p-emphasis--info\"><p>Puhtaimmalla arteesisella vedell\u00e4 ulkoallas on Narva-J\u00f5esuun kylpyl\u00e4vieraille auki huhtikuusta lokakuuhun (joka p\u00e4iv\u00e4 10:00 \u2013 22:00). Altaan mitat on 16 x 8 metri\u00e4 ja veden l\u00e4mp\u00f6tila 30\u00b0C.<\/p>\n<\/div><\/div>\n\n\n<h3 class=\"wp-block-heading wp-el\" id=\"hind-kuni-30-12-2021-02-01-2022-30-12-2022\">HINNASTO KAUTTA 30.12.2026 ASTI<\/h3>\n\n\n\n<figure class=\"wp-block-table is-style-stripes\"><table class=\"has-fixed-layout\"><thead><tr><th class=\"has-text-align-left\" data-align=\"left\"><strong>Huonetyyppi<\/strong><\/th><th class=\"has-text-align-left\" data-align=\"left\"><strong><strong>Ohjelman normaalihinta&nbsp;<\/strong>(7 y\u00f6t\u00e4)<\/strong><\/th><\/tr><\/thead><tbody><tr><td class=\"has-text-align-left\" data-align=\"left\">\u00bd TWIN<\/td><td class=\"has-text-align-left\" data-align=\"left\"><em>825 \u20ac<\/em><\/td><\/tr><tr><td class=\"has-text-align-left\" data-align=\"left\">SINGLE<\/td><td class=\"has-text-align-left\" data-align=\"left\"><em>999 \u20ac<\/em><\/td><\/tr><\/tbody><\/table><\/figure>\n\n\n\n<ul class=\"wp-el wp-block-list\"><li><a href=\"https:\/\/narvajoesuu.ee\/fi\/hotelli\/huoneet\/lisamaksu-majoituksesta-paketin-ostaneille\/\"><a href=\"https:\/\/narvajoesuu.ee\/fi\/hotelli\/huoneet\/lisamaksu-majoituksesta-paketin-ostaneille\/\">Lis\u00e4maksu paketin ostaneille asiakkaille<\/a><\/a><\/li><li><a href=\"https:\/\/narvajoesuu.ee\/fi\/hotelli\/huoneet\/lisamaksu-majoituksesta-paketin-ostaneille\/\"><a href=\"https:\/\/narvajoesuu.ee\/fi\/hotelli\/huoneet\/lisamaksu-majoituksesta-paketin-ostaneille\/\"><\/a><a href=\"https:\/\/narvajoesuu.ee\/fi\/hotelli\/asiakaskortti\/\">Asiakaskortti<\/a><\/a><\/li><li><a href=\"https:\/\/narvajoesuu.ee\/fi\/hotelli\/huoneet\/lisamaksu-majoituksesta-paketin-ostaneille\/\"><a href=\"https:\/\/narvajoesuu.ee\/fi\/hotelli\/huoneet\/lisamaksu-majoituksesta-paketin-ostaneille\/\"><\/a><a href=\"https:\/\/narvajoesuu.ee\/fi\/kylpylaloma\/loma-lasten-kanssa\/\">Loma lasten kanssa<\/a><\/a><\/li><li><a href=\"https:\/\/narvajoesuu.ee\/fi\/hotelli\/huoneet\/lisamaksu-majoituksesta-paketin-ostaneille\/\"><a href=\"https:\/\/narvajoesuu.ee\/fi\/hotelli\/huoneet\/lisamaksu-majoituksesta-paketin-ostaneille\/\"><\/a><a href=\"https:\/\/narvajoesuu.ee\/fi\/hotelli\/varausehdot\/\">Pakettien varausehdot<\/a><\/a><\/li><\/ul>\n\n\n<div class=\"b-block pad-top-0 pad-bottom-20\"><div class=\"p-emphasis b-part container-p0 p-emphasis--warn\"><p>Huomio! Kylpyl\u00e4 pid\u00e4tt\u00e4\u00e4 itselleen oikeuden hinnanmuutoksiin ilman etuk\u00e4teen ilmoittamatta. Asiakkaille ei palauteta ennakkoa palveluista, jotka ovat j\u00e4\u00e4neet k\u00e4ytt\u00e4m\u00e4tt\u00e4 Narva-J\u00f5esuun kylpyl\u00e4st\u00e4 riippumattomista syist\u00e4.<\/p>\n<\/div><\/div>\n\n\n<p class=\"wp-el\"><\/p>\n","protected":false},"excerpt":{"rendered":"<p>Ohjelmaan sis\u00e4ltyy: Kiinte\u00e4t toimenpiteet: Tehokas vartalon muotoileva \u0410frodite-hoito (75 min) tai nykyaikainen ja tehokas Sitsiilia-vartalohoito, joka on tarkoitettu vartalon muotoiluun&#8230;<\/p>\n","protected":false},"author":2,"featured_media":0,"parent":10367,"menu_order":730,"comment_status":"closed","ping_status":"closed","template":"","meta":{"_acf_changed":false,"_uag_custom_page_level_css":"","_monsterinsights_skip_tracking":false,"_monsterinsights_sitenote_active":false,"_monsterinsights_sitenote_note":"","_monsterinsights_sitenote_category":0,"footnotes":""},"class_list":["post-10315","page","type-page","status-publish","hentry"],"acf":[],"yoast_head":"<!-- This site is optimized with the Yoast SEO plugin v27.5 - https:\/\/yoast.com\/product\/yoast-seo-wordpress\/ -->\n<title>Vartalon muotoileva Detox-ohjelma (7 y\u00f6t\u00e4) - MEDICAL SPA NARVA-J\u00d5ESUU<\/title>\n<meta name=\"robots\" content=\"index, follow, max-snippet:-1, max-image-preview:large, max-video-preview:-1\" \/>\n<link rel=\"canonical\" href=\"https:\/\/narvajoesuu.ee\/fi\/detox-keskus\/detox-ohjelmat\/hahmoa-korjaava-detox-ohjelma-7-paivaa\/\" \/>\n<meta property=\"og:locale\" content=\"fi_FI\" \/>\n<meta property=\"og:type\" content=\"article\" \/>\n<meta property=\"og:title\" content=\"Vartalon muotoileva Detox-ohjelma (7 y\u00f6t\u00e4) - MEDICAL SPA NARVA-J\u00d5ESUU\" \/>\n<meta property=\"og:description\" content=\"Ohjelmaan sis\u00e4ltyy: Kiinte\u00e4t toimenpiteet: Tehokas vartalon muotoileva \u0410frodite-hoito (75 min) tai nykyaikainen ja tehokas Sitsiilia-vartalohoito, joka on tarkoitettu vartalon muotoiluun...\" \/>\n<meta property=\"og:url\" content=\"https:\/\/narvajoesuu.ee\/fi\/detox-keskus\/detox-ohjelmat\/hahmoa-korjaava-detox-ohjelma-7-paivaa\/\" \/>\n<meta property=\"og:site_name\" content=\"MEDICAL SPA NARVA-J\u00d5ESUU\" \/>\n<meta property=\"article:modified_time\" content=\"2026-03-16T13:30:55+00:00\" \/>\n<meta property=\"og:image\" content=\"https:\/\/narvajoesuu.ee\/wp-content\/uploads\/2021\/12\/Maja-pilt.png\" \/>\n\t<meta property=\"og:image:width\" content=\"1200\" \/>\n\t<meta property=\"og:image:height\" content=\"630\" \/>\n\t<meta property=\"og:image:type\" content=\"image\/png\" \/>\n<meta name=\"twitter:card\" content=\"summary_large_image\" \/>\n<meta name=\"twitter:label1\" content=\"Arvioitu lukuaika\" \/>\n\t<meta name=\"twitter:data1\" content=\"2 minuuttia\" \/>\n<script type=\"application\/ld+json\" class=\"yoast-schema-graph\">{\"@context\":\"https:\\\/\\\/schema.org\",\"@graph\":[{\"@type\":\"WebPage\",\"@id\":\"https:\\\/\\\/narvajoesuu.ee\\\/fi\\\/detox-keskus\\\/detox-ohjelmat\\\/hahmoa-korjaava-detox-ohjelma-7-paivaa\\\/\",\"url\":\"https:\\\/\\\/narvajoesuu.ee\\\/fi\\\/detox-keskus\\\/detox-ohjelmat\\\/hahmoa-korjaava-detox-ohjelma-7-paivaa\\\/\",\"name\":\"Vartalon muotoileva Detox-ohjelma (7 y\u00f6t\u00e4) - MEDICAL SPA NARVA-J\u00d5ESUU\",\"isPartOf\":{\"@id\":\"https:\\\/\\\/narvajoesuu.ee\\\/#website\"},\"datePublished\":\"2021-05-07T11:00:10+00:00\",\"dateModified\":\"2026-03-16T13:30:55+00:00\",\"breadcrumb\":{\"@id\":\"https:\\\/\\\/narvajoesuu.ee\\\/fi\\\/detox-keskus\\\/detox-ohjelmat\\\/hahmoa-korjaava-detox-ohjelma-7-paivaa\\\/#breadcrumb\"},\"inLanguage\":\"fi\",\"potentialAction\":[{\"@type\":\"ReadAction\",\"target\":[\"https:\\\/\\\/narvajoesuu.ee\\\/fi\\\/detox-keskus\\\/detox-ohjelmat\\\/hahmoa-korjaava-detox-ohjelma-7-paivaa\\\/\"]}]},{\"@type\":\"BreadcrumbList\",\"@id\":\"https:\\\/\\\/narvajoesuu.ee\\\/fi\\\/detox-keskus\\\/detox-ohjelmat\\\/hahmoa-korjaava-detox-ohjelma-7-paivaa\\\/#breadcrumb\",\"itemListElement\":[{\"@type\":\"ListItem\",\"position\":1,\"name\":\"Home\",\"item\":\"https:\\\/\\\/narvajoesuu.ee\\\/fi\\\/\"},{\"@type\":\"ListItem\",\"position\":2,\"name\":\"Detox &#038; Antistress keskus\",\"item\":\"https:\\\/\\\/narvajoesuu.ee\\\/fi\\\/detox-keskus\\\/\"},{\"@type\":\"ListItem\",\"position\":3,\"name\":\"DETOX ja painonpudotuskeskus\",\"item\":\"https:\\\/\\\/narvajoesuu.ee\\\/fi\\\/detox-keskus\\\/detox-ohjelmat\\\/\"},{\"@type\":\"ListItem\",\"position\":4,\"name\":\"Vartalon muotoileva Detox-ohjelma (7 y\u00f6t\u00e4)\"}]},{\"@type\":\"WebSite\",\"@id\":\"https:\\\/\\\/narvajoesuu.ee\\\/#website\",\"url\":\"https:\\\/\\\/narvajoesuu.ee\\\/\",\"name\":\"MEDICAL SPA NARVA-J\u00d5ESUU\",\"description\":\"\",\"publisher\":{\"@id\":\"https:\\\/\\\/narvajoesuu.ee\\\/#organization\"},\"potentialAction\":[{\"@type\":\"SearchAction\",\"target\":{\"@type\":\"EntryPoint\",\"urlTemplate\":\"https:\\\/\\\/narvajoesuu.ee\\\/?s={search_term_string}\"},\"query-input\":{\"@type\":\"PropertyValueSpecification\",\"valueRequired\":true,\"valueName\":\"search_term_string\"}}],\"inLanguage\":\"fi\"},{\"@type\":\"Organization\",\"@id\":\"https:\\\/\\\/narvajoesuu.ee\\\/#organization\",\"name\":\"Narva-J\u00f5esuu Medical SPA\",\"url\":\"https:\\\/\\\/narvajoesuu.ee\\\/\",\"logo\":{\"@type\":\"ImageObject\",\"inLanguage\":\"fi\",\"@id\":\"https:\\\/\\\/narvajoesuu.ee\\\/#\\\/schema\\\/logo\\\/image\\\/\",\"url\":\"https:\\\/\\\/narvajoesuu.ee\\\/wp-content\\\/uploads\\\/2020\\\/10\\\/narvajoesuu-logo-small.png\",\"contentUrl\":\"https:\\\/\\\/narvajoesuu.ee\\\/wp-content\\\/uploads\\\/2020\\\/10\\\/narvajoesuu-logo-small.png\",\"width\":170,\"height\":170,\"caption\":\"Narva-J\u00f5esuu Medical SPA\"},\"image\":{\"@id\":\"https:\\\/\\\/narvajoesuu.ee\\\/#\\\/schema\\\/logo\\\/image\\\/\"}}]}<\/script>\n<!-- \/ Yoast SEO plugin. -->","yoast_head_json":{"title":"Vartalon muotoileva Detox-ohjelma (7 y\u00f6t\u00e4) - MEDICAL SPA NARVA-J\u00d5ESUU","robots":{"index":"index","follow":"follow","max-snippet":"max-snippet:-1","max-image-preview":"max-image-preview:large","max-video-preview":"max-video-preview:-1"},"canonical":"https:\/\/narvajoesuu.ee\/fi\/detox-keskus\/detox-ohjelmat\/hahmoa-korjaava-detox-ohjelma-7-paivaa\/","og_locale":"fi_FI","og_type":"article","og_title":"Vartalon muotoileva Detox-ohjelma (7 y\u00f6t\u00e4) - MEDICAL SPA NARVA-J\u00d5ESUU","og_description":"Ohjelmaan sis\u00e4ltyy: Kiinte\u00e4t toimenpiteet: Tehokas vartalon muotoileva \u0410frodite-hoito (75 min) tai nykyaikainen ja tehokas Sitsiilia-vartalohoito, joka on tarkoitettu vartalon muotoiluun...","og_url":"https:\/\/narvajoesuu.ee\/fi\/detox-keskus\/detox-ohjelmat\/hahmoa-korjaava-detox-ohjelma-7-paivaa\/","og_site_name":"MEDICAL SPA NARVA-J\u00d5ESUU","article_modified_time":"2026-03-16T13:30:55+00:00","og_image":[{"width":1200,"height":630,"url":"https:\/\/narvajoesuu.ee\/wp-content\/uploads\/2021\/12\/Maja-pilt.png","type":"image\/png"}],"twitter_card":"summary_large_image","twitter_misc":{"Arvioitu lukuaika":"2 minuuttia"},"schema":{"@context":"https:\/\/schema.org","@graph":[{"@type":"WebPage","@id":"https:\/\/narvajoesuu.ee\/fi\/detox-keskus\/detox-ohjelmat\/hahmoa-korjaava-detox-ohjelma-7-paivaa\/","url":"https:\/\/narvajoesuu.ee\/fi\/detox-keskus\/detox-ohjelmat\/hahmoa-korjaava-detox-ohjelma-7-paivaa\/","name":"Vartalon muotoileva Detox-ohjelma (7 y\u00f6t\u00e4) - MEDICAL SPA NARVA-J\u00d5ESUU","isPartOf":{"@id":"https:\/\/narvajoesuu.ee\/#website"},"datePublished":"2021-05-07T11:00:10+00:00","dateModified":"2026-03-16T13:30:55+00:00","breadcrumb":{"@id":"https:\/\/narvajoesuu.ee\/fi\/detox-keskus\/detox-ohjelmat\/hahmoa-korjaava-detox-ohjelma-7-paivaa\/#breadcrumb"},"inLanguage":"fi","potentialAction":[{"@type":"ReadAction","target":["https:\/\/narvajoesuu.ee\/fi\/detox-keskus\/detox-ohjelmat\/hahmoa-korjaava-detox-ohjelma-7-paivaa\/"]}]},{"@type":"BreadcrumbList","@id":"https:\/\/narvajoesuu.ee\/fi\/detox-keskus\/detox-ohjelmat\/hahmoa-korjaava-detox-ohjelma-7-paivaa\/#breadcrumb","itemListElement":[{"@type":"ListItem","position":1,"name":"Home","item":"https:\/\/narvajoesuu.ee\/fi\/"},{"@type":"ListItem","position":2,"name":"Detox &#038; Antistress keskus","item":"https:\/\/narvajoesuu.ee\/fi\/detox-keskus\/"},{"@type":"ListItem","position":3,"name":"DETOX ja painonpudotuskeskus","item":"https:\/\/narvajoesuu.ee\/fi\/detox-keskus\/detox-ohjelmat\/"},{"@type":"ListItem","position":4,"name":"Vartalon muotoileva Detox-ohjelma (7 y\u00f6t\u00e4)"}]},{"@type":"WebSite","@id":"https:\/\/narvajoesuu.ee\/#website","url":"https:\/\/narvajoesuu.ee\/","name":"MEDICAL SPA NARVA-J\u00d5ESUU","description":"","publisher":{"@id":"https:\/\/narvajoesuu.ee\/#organization"},"potentialAction":[{"@type":"SearchAction","target":{"@type":"EntryPoint","urlTemplate":"https:\/\/narvajoesuu.ee\/?s={search_term_string}"},"query-input":{"@type":"PropertyValueSpecification","valueRequired":true,"valueName":"search_term_string"}}],"inLanguage":"fi"},{"@type":"Organization","@id":"https:\/\/narvajoesuu.ee\/#organization","name":"Narva-J\u00f5esuu Medical SPA","url":"https:\/\/narvajoesuu.ee\/","logo":{"@type":"ImageObject","inLanguage":"fi","@id":"https:\/\/narvajoesuu.ee\/#\/schema\/logo\/image\/","url":"https:\/\/narvajoesuu.ee\/wp-content\/uploads\/2020\/10\/narvajoesuu-logo-small.png","contentUrl":"https:\/\/narvajoesuu.ee\/wp-content\/uploads\/2020\/10\/narvajoesuu-logo-small.png","width":170,"height":170,"caption":"Narva-J\u00f5esuu Medical SPA"},"image":{"@id":"https:\/\/narvajoesuu.ee\/#\/schema\/logo\/image\/"}}]}},"uagb_featured_image_src":{"full":false,"thumbnail":false,"medium":false,"medium_large":false,"large":false,"1536x1536":false,"2048x2048":false,"img-1920x550":false,"img-1920x320":false,"img-1920x200":false,"img-670x480":false,"img-570x280":false,"img-507":false,"img-370x240":false,"img-400x250":false,"img-370x175":false,"img-370x120":false,"img-300":false,"img-170":false},"uagb_author_info":{"display_name":"Darja","author_link":"https:\/\/narvajoesuu.ee\/fi\/author\/darja\/"},"uagb_comment_info":0,"uagb_excerpt":"Ohjelmaan sis\u00e4ltyy: Kiinte\u00e4t toimenpiteet: Tehokas vartalon muotoileva \u0410frodite-hoito (75 min) tai nykyaikainen ja tehokas Sitsiilia-vartalohoito, joka on tarkoitettu vartalon muotoiluun...","_links":{"self":[{"href":"https:\/\/narvajoesuu.ee\/fi\/wp-json\/wp\/v2\/pages\/10315","targetHints":{"allow":["GET"]}}],"collection":[{"href":"https:\/\/narvajoesuu.ee\/fi\/wp-json\/wp\/v2\/pages"}],"about":[{"href":"https:\/\/narvajoesuu.ee\/fi\/wp-json\/wp\/v2\/types\/page"}],"author":[{"embeddable":true,"href":"https:\/\/narvajoesuu.ee\/fi\/wp-json\/wp\/v2\/users\/2"}],"replies":[{"embeddable":true,"href":"https:\/\/narvajoesuu.ee\/fi\/wp-json\/wp\/v2\/comments?post=10315"}],"version-history":[{"count":33,"href":"https:\/\/narvajoesuu.ee\/fi\/wp-json\/wp\/v2\/pages\/10315\/revisions"}],"predecessor-version":[{"id":23897,"href":"https:\/\/narvajoesuu.ee\/fi\/wp-json\/wp\/v2\/pages\/10315\/revisions\/23897"}],"up":[{"embeddable":true,"href":"https:\/\/narvajoesuu.ee\/fi\/wp-json\/wp\/v2\/pages\/10367"}],"wp:attachment":[{"href":"https:\/\/narvajoesuu.ee\/fi\/wp-json\/wp\/v2\/media?parent=10315"}],"curies":[{"name":"wp","href":"https:\/\/api.w.org\/{rel}","templated":true}]}}