{"id":10312,"date":"2021-05-16T10:35:36","date_gmt":"2021-05-16T07:35:36","guid":{"rendered":"https:\/\/narvajoesuu.ee\/detox-keskuse-toitummine\/"},"modified":"2023-09-21T11:23:56","modified_gmt":"2023-09-21T08:23:56","slug":"ruokailu","status":"publish","type":"page","link":"https:\/\/narvajoesuu.ee\/fi\/detox-keskus\/ruokailu\/","title":{"rendered":"Ruokailu"},"content":{"rendered":"\n<p class=\"wp-el\">Tarjoamme Detox &amp; Antistress-keskuksessa s\u00e4\u00e4st\u00e4v\u00e4\u00e4 ja turvallista ruokailuohjelmaa, joka auttaa normalisoimaan suoliston toiminnan, s\u00e4ilytt\u00e4m\u00e4\u00e4n nuoruuden ja pudottamaan painoa.<\/p>\n\n\n\n<p class=\"wp-el\">DETOX-ruokailuohjelman tavoitteena on tarjota elimist\u00f6lle lomaa sis\u00e4isten prosessien palauttamiseksi. Meid\u00e4n teht\u00e4v\u00e4n\u00e4 on auttaa elimist\u00f6\u00e4 itsen\u00e4isesti palauttamaan toimintaanssa tarvittavan kunnon eli tehd\u00e4 se ilman rasittavia puhdistusmenetelmi\u00e4, \u00e4rsytt\u00e4v\u00e4\u00e4 n\u00e4lk\u00e4\u00e4 ja ylim\u00e4\u00e4r\u00e4ist\u00e4 stressi\u00e4.<\/p>\n\n\n\n<h3 class=\"wp-block-heading wp-el\">DETOX-ruokavalion teht\u00e4v\u00e4:<\/h3>\n\n\n\n<ul class=\"wp-el wp-block-list\">\n<li>ruoansulatuselinten rasituksen v\u00e4hent\u00e4minen ja puhdistus;<\/li>\n\n\n\n<li>suoliston toiminnan parantaminen;<\/li>\n\n\n\n<li>haiman, maksan, munuaisten ja sappirakon toiminnan elvytt\u00e4minen.<\/li>\n<\/ul>\n\n\n\n<h3 class=\"wp-block-heading wp-el\">FITLAP-ruokavalion teht\u00e4v\u00e4 on:<\/h3>\n\n\n\n<h5 class=\"wp-block-heading wp-el\">MEID\u00c4N KESKUKSESSA PUDOTAT PAINON ILMAN TIUKKAA RUOKAVALIOTA JA UUVUTTAVAA HARJOITTELUA!<\/h5>\n","protected":false},"excerpt":{"rendered":"<p>Tarjoamme Detox &amp; Antistress-keskuksessa s\u00e4\u00e4st\u00e4v\u00e4\u00e4 ja turvallista ruokailuohjelmaa, joka auttaa normalisoimaan suoliston toiminnan, s\u00e4ilytt\u00e4m\u00e4\u00e4n nuoruuden ja pudottamaan painoa. DETOX-ruokailuohjelman tavoitteena&#8230;<\/p>\n","protected":false},"author":2,"featured_media":0,"parent":10716,"menu_order":675,"comment_status":"closed","ping_status":"closed","template":"","meta":{"_acf_changed":false,"_uag_custom_page_level_css":"","_monsterinsights_skip_tracking":false,"_monsterinsights_sitenote_active":false,"_monsterinsights_sitenote_note":"","_monsterinsights_sitenote_category":0,"footnotes":""},"class_list":["post-10312","page","type-page","status-publish","hentry"],"acf":[],"yoast_head":"<!-- This site is optimized with the Yoast SEO plugin v27.3 - https:\/\/yoast.com\/product\/yoast-seo-wordpress\/ -->\n<title>Ruokailu - MEDICAL SPA NARVA-J\u00d5ESUU<\/title>\n<meta name=\"robots\" content=\"index, follow, max-snippet:-1, max-image-preview:large, max-video-preview:-1\" \/>\n<link rel=\"canonical\" href=\"https:\/\/narvajoesuu.ee\/fi\/detox-keskus\/ruokailu\/\" \/>\n<meta property=\"og:locale\" content=\"fi_FI\" \/>\n<meta property=\"og:type\" content=\"article\" \/>\n<meta property=\"og:title\" content=\"Ruokailu - MEDICAL SPA NARVA-J\u00d5ESUU\" \/>\n<meta property=\"og:description\" content=\"Tarjoamme Detox &amp; Antistress-keskuksessa s\u00e4\u00e4st\u00e4v\u00e4\u00e4 ja turvallista ruokailuohjelmaa, joka auttaa normalisoimaan suoliston toiminnan, s\u00e4ilytt\u00e4m\u00e4\u00e4n nuoruuden ja pudottamaan painoa. DETOX-ruokailuohjelman tavoitteena...\" \/>\n<meta property=\"og:url\" content=\"https:\/\/narvajoesuu.ee\/fi\/detox-keskus\/ruokailu\/\" \/>\n<meta property=\"og:site_name\" content=\"MEDICAL SPA NARVA-J\u00d5ESUU\" \/>\n<meta property=\"article:modified_time\" content=\"2023-09-21T08:23:56+00:00\" \/>\n<meta property=\"og:image\" content=\"https:\/\/narvajoesuu.ee\/wp-content\/uploads\/2021\/12\/Maja-pilt.png\" \/>\n\t<meta property=\"og:image:width\" content=\"1200\" \/>\n\t<meta property=\"og:image:height\" content=\"630\" \/>\n\t<meta property=\"og:image:type\" content=\"image\/png\" \/>\n<meta name=\"twitter:card\" content=\"summary_large_image\" \/>\n<meta name=\"twitter:label1\" content=\"Arvioitu lukuaika\" \/>\n\t<meta name=\"twitter:data1\" content=\"1 minuutti\" \/>\n<script type=\"application\/ld+json\" class=\"yoast-schema-graph\">{\"@context\":\"https:\\\/\\\/schema.org\",\"@graph\":[{\"@type\":\"WebPage\",\"@id\":\"https:\\\/\\\/narvajoesuu.ee\\\/fi\\\/detox-keskus\\\/ruokailu\\\/\",\"url\":\"https:\\\/\\\/narvajoesuu.ee\\\/fi\\\/detox-keskus\\\/ruokailu\\\/\",\"name\":\"Ruokailu - MEDICAL SPA NARVA-J\u00d5ESUU\",\"isPartOf\":{\"@id\":\"https:\\\/\\\/narvajoesuu.ee\\\/#website\"},\"datePublished\":\"2021-05-16T07:35:36+00:00\",\"dateModified\":\"2023-09-21T08:23:56+00:00\",\"breadcrumb\":{\"@id\":\"https:\\\/\\\/narvajoesuu.ee\\\/fi\\\/detox-keskus\\\/ruokailu\\\/#breadcrumb\"},\"inLanguage\":\"fi\",\"potentialAction\":[{\"@type\":\"ReadAction\",\"target\":[\"https:\\\/\\\/narvajoesuu.ee\\\/fi\\\/detox-keskus\\\/ruokailu\\\/\"]}]},{\"@type\":\"BreadcrumbList\",\"@id\":\"https:\\\/\\\/narvajoesuu.ee\\\/fi\\\/detox-keskus\\\/ruokailu\\\/#breadcrumb\",\"itemListElement\":[{\"@type\":\"ListItem\",\"position\":1,\"name\":\"Home\",\"item\":\"https:\\\/\\\/narvajoesuu.ee\\\/fi\\\/\"},{\"@type\":\"ListItem\",\"position\":2,\"name\":\"Detox &#038; Antistress keskus\",\"item\":\"https:\\\/\\\/narvajoesuu.ee\\\/fi\\\/detox-keskus\\\/\"},{\"@type\":\"ListItem\",\"position\":3,\"name\":\"Ruokailu\"}]},{\"@type\":\"WebSite\",\"@id\":\"https:\\\/\\\/narvajoesuu.ee\\\/#website\",\"url\":\"https:\\\/\\\/narvajoesuu.ee\\\/\",\"name\":\"MEDICAL SPA NARVA-J\u00d5ESUU\",\"description\":\"\",\"publisher\":{\"@id\":\"https:\\\/\\\/narvajoesuu.ee\\\/#organization\"},\"potentialAction\":[{\"@type\":\"SearchAction\",\"target\":{\"@type\":\"EntryPoint\",\"urlTemplate\":\"https:\\\/\\\/narvajoesuu.ee\\\/?s={search_term_string}\"},\"query-input\":{\"@type\":\"PropertyValueSpecification\",\"valueRequired\":true,\"valueName\":\"search_term_string\"}}],\"inLanguage\":\"fi\"},{\"@type\":\"Organization\",\"@id\":\"https:\\\/\\\/narvajoesuu.ee\\\/#organization\",\"name\":\"Narva-J\u00f5esuu Medical SPA\",\"url\":\"https:\\\/\\\/narvajoesuu.ee\\\/\",\"logo\":{\"@type\":\"ImageObject\",\"inLanguage\":\"fi\",\"@id\":\"https:\\\/\\\/narvajoesuu.ee\\\/#\\\/schema\\\/logo\\\/image\\\/\",\"url\":\"https:\\\/\\\/narvajoesuu.ee\\\/wp-content\\\/uploads\\\/2020\\\/10\\\/narvajoesuu-logo-small.png\",\"contentUrl\":\"https:\\\/\\\/narvajoesuu.ee\\\/wp-content\\\/uploads\\\/2020\\\/10\\\/narvajoesuu-logo-small.png\",\"width\":170,\"height\":170,\"caption\":\"Narva-J\u00f5esuu Medical SPA\"},\"image\":{\"@id\":\"https:\\\/\\\/narvajoesuu.ee\\\/#\\\/schema\\\/logo\\\/image\\\/\"}}]}<\/script>\n<!-- \/ Yoast SEO plugin. -->","yoast_head_json":{"title":"Ruokailu - MEDICAL SPA NARVA-J\u00d5ESUU","robots":{"index":"index","follow":"follow","max-snippet":"max-snippet:-1","max-image-preview":"max-image-preview:large","max-video-preview":"max-video-preview:-1"},"canonical":"https:\/\/narvajoesuu.ee\/fi\/detox-keskus\/ruokailu\/","og_locale":"fi_FI","og_type":"article","og_title":"Ruokailu - MEDICAL SPA NARVA-J\u00d5ESUU","og_description":"Tarjoamme Detox &amp; Antistress-keskuksessa s\u00e4\u00e4st\u00e4v\u00e4\u00e4 ja turvallista ruokailuohjelmaa, joka auttaa normalisoimaan suoliston toiminnan, s\u00e4ilytt\u00e4m\u00e4\u00e4n nuoruuden ja pudottamaan painoa. DETOX-ruokailuohjelman tavoitteena...","og_url":"https:\/\/narvajoesuu.ee\/fi\/detox-keskus\/ruokailu\/","og_site_name":"MEDICAL SPA NARVA-J\u00d5ESUU","article_modified_time":"2023-09-21T08:23:56+00:00","og_image":[{"width":1200,"height":630,"url":"https:\/\/narvajoesuu.ee\/wp-content\/uploads\/2021\/12\/Maja-pilt.png","type":"image\/png"}],"twitter_card":"summary_large_image","twitter_misc":{"Arvioitu lukuaika":"1 minuutti"},"schema":{"@context":"https:\/\/schema.org","@graph":[{"@type":"WebPage","@id":"https:\/\/narvajoesuu.ee\/fi\/detox-keskus\/ruokailu\/","url":"https:\/\/narvajoesuu.ee\/fi\/detox-keskus\/ruokailu\/","name":"Ruokailu - MEDICAL SPA NARVA-J\u00d5ESUU","isPartOf":{"@id":"https:\/\/narvajoesuu.ee\/#website"},"datePublished":"2021-05-16T07:35:36+00:00","dateModified":"2023-09-21T08:23:56+00:00","breadcrumb":{"@id":"https:\/\/narvajoesuu.ee\/fi\/detox-keskus\/ruokailu\/#breadcrumb"},"inLanguage":"fi","potentialAction":[{"@type":"ReadAction","target":["https:\/\/narvajoesuu.ee\/fi\/detox-keskus\/ruokailu\/"]}]},{"@type":"BreadcrumbList","@id":"https:\/\/narvajoesuu.ee\/fi\/detox-keskus\/ruokailu\/#breadcrumb","itemListElement":[{"@type":"ListItem","position":1,"name":"Home","item":"https:\/\/narvajoesuu.ee\/fi\/"},{"@type":"ListItem","position":2,"name":"Detox &#038; Antistress keskus","item":"https:\/\/narvajoesuu.ee\/fi\/detox-keskus\/"},{"@type":"ListItem","position":3,"name":"Ruokailu"}]},{"@type":"WebSite","@id":"https:\/\/narvajoesuu.ee\/#website","url":"https:\/\/narvajoesuu.ee\/","name":"MEDICAL SPA NARVA-J\u00d5ESUU","description":"","publisher":{"@id":"https:\/\/narvajoesuu.ee\/#organization"},"potentialAction":[{"@type":"SearchAction","target":{"@type":"EntryPoint","urlTemplate":"https:\/\/narvajoesuu.ee\/?s={search_term_string}"},"query-input":{"@type":"PropertyValueSpecification","valueRequired":true,"valueName":"search_term_string"}}],"inLanguage":"fi"},{"@type":"Organization","@id":"https:\/\/narvajoesuu.ee\/#organization","name":"Narva-J\u00f5esuu Medical SPA","url":"https:\/\/narvajoesuu.ee\/","logo":{"@type":"ImageObject","inLanguage":"fi","@id":"https:\/\/narvajoesuu.ee\/#\/schema\/logo\/image\/","url":"https:\/\/narvajoesuu.ee\/wp-content\/uploads\/2020\/10\/narvajoesuu-logo-small.png","contentUrl":"https:\/\/narvajoesuu.ee\/wp-content\/uploads\/2020\/10\/narvajoesuu-logo-small.png","width":170,"height":170,"caption":"Narva-J\u00f5esuu Medical SPA"},"image":{"@id":"https:\/\/narvajoesuu.ee\/#\/schema\/logo\/image\/"}}]}},"uagb_featured_image_src":{"full":false,"thumbnail":false,"medium":false,"medium_large":false,"large":false,"1536x1536":false,"2048x2048":false,"img-1920x550":false,"img-1920x320":false,"img-1920x200":false,"img-670x480":false,"img-570x280":false,"img-507":false,"img-370x240":false,"img-400x250":false,"img-370x175":false,"img-370x120":false,"img-300":false,"img-170":false},"uagb_author_info":{"display_name":"Darja","author_link":"https:\/\/narvajoesuu.ee\/fi\/author\/darja\/"},"uagb_comment_info":0,"uagb_excerpt":"Tarjoamme Detox &amp; Antistress-keskuksessa s\u00e4\u00e4st\u00e4v\u00e4\u00e4 ja turvallista ruokailuohjelmaa, joka auttaa normalisoimaan suoliston toiminnan, s\u00e4ilytt\u00e4m\u00e4\u00e4n nuoruuden ja pudottamaan painoa. DETOX-ruokailuohjelman tavoitteena...","_links":{"self":[{"href":"https:\/\/narvajoesuu.ee\/fi\/wp-json\/wp\/v2\/pages\/10312","targetHints":{"allow":["GET"]}}],"collection":[{"href":"https:\/\/narvajoesuu.ee\/fi\/wp-json\/wp\/v2\/pages"}],"about":[{"href":"https:\/\/narvajoesuu.ee\/fi\/wp-json\/wp\/v2\/types\/page"}],"author":[{"embeddable":true,"href":"https:\/\/narvajoesuu.ee\/fi\/wp-json\/wp\/v2\/users\/2"}],"replies":[{"embeddable":true,"href":"https:\/\/narvajoesuu.ee\/fi\/wp-json\/wp\/v2\/comments?post=10312"}],"version-history":[{"count":7,"href":"https:\/\/narvajoesuu.ee\/fi\/wp-json\/wp\/v2\/pages\/10312\/revisions"}],"predecessor-version":[{"id":17580,"href":"https:\/\/narvajoesuu.ee\/fi\/wp-json\/wp\/v2\/pages\/10312\/revisions\/17580"}],"up":[{"embeddable":true,"href":"https:\/\/narvajoesuu.ee\/fi\/wp-json\/wp\/v2\/pages\/10716"}],"wp:attachment":[{"href":"https:\/\/narvajoesuu.ee\/fi\/wp-json\/wp\/v2\/media?parent=10312"}],"curies":[{"name":"wp","href":"https:\/\/api.w.org\/{rel}","templated":true}]}}