{"id":10308,"date":"2021-05-16T10:44:18","date_gmt":"2021-05-16T07:44:18","guid":{"rendered":"https:\/\/narvajoesuu.ee\/dieet-toitumissusteem\/"},"modified":"2026-03-09T15:45:31","modified_gmt":"2026-03-09T13:45:31","slug":"dieet-ruokailujarjestelma","status":"publish","type":"page","link":"https:\/\/narvajoesuu.ee\/fi\/detox-keskus\/ruokailu\/dieet-ruokailujarjestelma\/","title":{"rendered":"FITLAP-ruokailuj\u00e4rjestelm\u00e4"},"content":{"rendered":"\n<p class=\"wp-el\"><a href=\"https:\/\/fitlap.ee\/\">Fitlap.ee<\/a> on tunnettu ja luotettava verkkopohjainen ravitsemusohjelma, joka on luotu auttamaan ihmisi\u00e4 saavuttamaan terveellisen ruokavalion tavoitteensa sek\u00e4 parantamaan yleist\u00e4 hyvinvointiaan.<\/p>\n\n\n\n<figure class=\"wp-block-gallery has-nested-images columns-default is-cropped wp-block-gallery-1 is-layout-flex wp-block-gallery-is-layout-flex\">\n<figure class=\"wp-block-image size-full\"><a href=\"https:\/\/narvajoesuu.ee\/wp-content\/uploads\/2025\/12\/\u0414\u0438\u0437\u0430\u0439\u043d-\u0431\u0435\u0437-\u043d\u0430\u0437\u0432\u0430\u043d\u0438\u044f-86.png\"><img loading=\"lazy\" decoding=\"async\" width=\"1024\" height=\"614\" data-id=\"23103\" src=\"https:\/\/narvajoesuu.ee\/wp-content\/uploads\/2025\/12\/\u0414\u0438\u0437\u0430\u0439\u043d-\u0431\u0435\u0437-\u043d\u0430\u0437\u0432\u0430\u043d\u0438\u044f-86.png\" alt=\"\" class=\"wp-image-23103\"\/><\/a><\/figure>\n\n\n\n<figure class=\"wp-block-image size-full\"><a href=\"https:\/\/narvajoesuu.ee\/wp-content\/uploads\/2025\/12\/\u0414\u0438\u0437\u0430\u0439\u043d-\u0431\u0435\u0437-\u043d\u0430\u0437\u0432\u0430\u043d\u0438\u044f-85.png\"><img loading=\"lazy\" decoding=\"async\" width=\"1024\" height=\"614\" data-id=\"23104\" src=\"https:\/\/narvajoesuu.ee\/wp-content\/uploads\/2025\/12\/\u0414\u0438\u0437\u0430\u0439\u043d-\u0431\u0435\u0437-\u043d\u0430\u0437\u0432\u0430\u043d\u0438\u044f-85.png\" alt=\"\" class=\"wp-image-23104\"\/><\/a><\/figure>\n\n\n\n<figure class=\"wp-block-image size-full\"><a href=\"https:\/\/narvajoesuu.ee\/wp-content\/uploads\/2025\/12\/\u0414\u0438\u0437\u0430\u0439\u043d-\u0431\u0435\u0437-\u043d\u0430\u0437\u0432\u0430\u043d\u0438\u044f-87.png\"><img loading=\"lazy\" decoding=\"async\" width=\"1024\" height=\"614\" data-id=\"23105\" src=\"https:\/\/narvajoesuu.ee\/wp-content\/uploads\/2025\/12\/\u0414\u0438\u0437\u0430\u0439\u043d-\u0431\u0435\u0437-\u043d\u0430\u0437\u0432\u0430\u043d\u0438\u044f-87.png\" alt=\"\" class=\"wp-image-23105\"\/><\/a><\/figure>\n<\/figure>\n\n\n\n<hr class=\"wp-block-separator has-alpha-channel-opacity\"\/>\n\n\n\n<p class=\"wp-el\"><strong>Meill\u00e4 p\u00e4\u00e4set tutustumaan monipuoliseen ruokavalio-ohjelmaan, joka on jo auttanut monia ihmisi\u00e4. Voit kokeilla, kuinka maukkaita Fitlapin ruoat ovat ja kuinka kauniilta ne n\u00e4ytt\u00e4v\u00e4t.<\/strong><\/p>\n\n\n\n<p class=\"wp-el\">Todenn\u00e4k\u00f6isesti huomaat jo ensimm\u00e4iset tulokset painotavoitteidesi saavuttamisessa, sill\u00e4 menuu takaa kevyen kalorivajeen. Lupaamme, ett\u00e4 yksik\u00e4\u00e4n ateria ei toistu, ja esittelemme sinulle vierailusi aikana mahdollisimman laajan valikoiman Fitlapin menusta.<\/p>\n\n\n\n<p class=\"wp-el\">L\u00e4htiess\u00e4si meilt\u00e4 suosittelemme jatkamaan Fitlap-ohjelmaa itsen\u00e4isesti. Kaikki Fitlap-menulla lomailevat saavat meilt\u00e4 l\u00e4htiess\u00e4\u00e4n lahjaksi <strong>7 p\u00e4iv\u00e4n ILMAISEN Fitlap-kokeilujakson<\/strong>, jotta voit jatkaa kylpyl\u00e4ss\u00e4 aloitettua my\u00f6s kotona.<\/p>\n\n\n\n<h4 class=\"wp-block-heading wp-el\">Miksi Fitlap?<\/h4>\n\n\n\n<p class=\"wp-el\">Fitlap on kokonaisvaltainen ravitsemusohjelma, joka auttaa muodostamaan pysyvi\u00e4 ja terveellisi\u00e4 ruokailutottumuksia. Ohjelma tarjoaa monipuolisen, maukkaan ja joustavan menun, joka on laadittu tasapainoisen ravitsemuksen periaatteiden mukaisesti. Fitlapin l\u00e4hestymistapa auttaa ymm\u00e4rt\u00e4m\u00e4\u00e4n, ett\u00e4 terveellinen ruokavalio ei ole v\u00e4liaikainen dieetti, vaan el\u00e4m\u00e4ntapa, jota on miellytt\u00e4v\u00e4 ja helppo noudattaa arjessa.<\/p>\n\n\n\n<p class=\"wp-el\">Yksi Fitlapin suurimmista eduista on se, ettei omista lempiruoista tarvitse luopua. Niit\u00e4 voi nauttia fiksusti mukautetussa muodossa ja oikeissa annosm\u00e4\u00e4riss\u00e4. Monet k\u00e4ytt\u00e4j\u00e4t arvostavat Fitlapia juuri siksi, ett\u00e4 se on realistinen ja kest\u00e4v\u00e4 ratkaisu, joka ei keskity pelk\u00e4st\u00e4\u00e4n painonpudotukseen, vaan opettaa sy\u00f6m\u00e4\u00e4n terveellisesti ja monipuolisesti.<\/p>\n\n\n\n<p class=\"wp-el\">Medical Spa Narva-J\u00f5esuussa Fitlap-menu on laadittu ja hyv\u00e4ksytty ammattimaisten ravitsemusneuvojien Irina Tammen ja Teele Uusin toimesta. Menumme auttaa vieraita kokemaan, kuinka maukas ja runsas painonhallintaohjelma voi olla sek\u00e4 kuinka helppoa terveellisten valintojen tekeminen on, kun ruoka on tasapainoista ja huolellisesti suunniteltua.<\/p>\n\n\n\n<h4 class=\"wp-block-heading wp-el\">Miksi meid\u00e4n Fitlap-menymme ei koskaan ole alle 1 500 kcal?<\/h4>\n\n\n\n<p class=\"wp-el\"><strong>Fitlap-menymme v\u00e4himm\u00e4iskalorim\u00e4\u00e4r\u00e4 on 1 500 kcal, koska t\u00e4t\u00e4 pienempi energiam\u00e4\u00e4r\u00e4 ei kata kehon perusenergiantarvetta eik\u00e4 tue terveellist\u00e4 ja pysyv\u00e4\u00e4 painonpudotusta. Alle 1 500 kcal:n sy\u00f6minen voi hidastaa aineenvaihduntaa, aiheuttaa v\u00e4symyst\u00e4 ja mielitekoja sek\u00e4 johtaa lihasmassan ja t\u00e4rkeiden ravintoaineiden puutteeseen.<\/strong><\/p>\n\n\n\n<p class=\"wp-el\">1 500 kcal on turvallinen ja tutkimukseen perustuva v\u00e4himm\u00e4ism\u00e4\u00e4r\u00e4, joka mahdollistaa terveellisen painonpudotuksen ja antaa samalla keholle riitt\u00e4v\u00e4sti energiaa, vitamiineja ja ravintoaineita. N\u00e4in olo pysyy hyv\u00e4n\u00e4 ja painonpudotus on pysyv\u00e4\u00e4 ja kest\u00e4v\u00e4\u00e4 \u2013 ei vain v\u00e4liaikaista.<\/p>\n\n\n\n<p class=\"wp-el\">On my\u00f6s t\u00e4rke\u00e4\u00e4 mainita, ett\u00e4 huolehtiva ja ammattitaitoinen tiimimme kysyy jokaiselta asiakkaalta muutamia tarvittavia tietoja kehonpainoindeksin (BMI) arvioimiseksi. T\u00e4m\u00e4n perusteella voimme tarvittaessa mukauttaa menun kalorim\u00e4\u00e4r\u00e4\u00e4 juuri sinun kehollesi ja tavoitteillesi sopivaksi. T\u00e4m\u00e4 tarkoittaa, ett\u00e4 sinun ei tarvitse itse laskea mit\u00e4\u00e4n tai huolehtia asiasta \u2013 kaikki on mietitty ja suunniteltu henkil\u00f6kohtaisesti puolestasi.<\/p>\n\n\n\n<p class=\"wp-el\">Sin\u00e4 voit vain nauttia prosessista, lev\u00e4t\u00e4 ja antaa kehon palautua rauhassa. Me huolehdimme siit\u00e4, ett\u00e4 kaikki sujuu sinulle parhaalla ja mukavimmalla mahdollisella tavalla.<\/p>\n\n\n\n<p class=\"wp-el\"><strong>Tutustu Fitlapin inspiroiviin menestystarinoihin <a href=\"https:\/\/fitlap.ee\/edulood\" type=\"link\" id=\"https:\/\/fitlap.ee\/edulood\">t\u00e4\u00e4lt\u00e4<\/a>. Ehk\u00e4 pian my\u00f6s sinun tarinasi on siell\u00e4?<\/strong><\/p>\n","protected":false},"excerpt":{"rendered":"<p>Fitlap.ee on tunnettu ja luotettava verkkopohjainen ravitsemusohjelma, joka on luotu auttamaan ihmisi\u00e4 saavuttamaan terveellisen ruokavalion tavoitteensa sek\u00e4 parantamaan yleist\u00e4 hyvinvointiaan&#8230;.<\/p>\n","protected":false},"author":2,"featured_media":0,"parent":10312,"menu_order":680,"comment_status":"closed","ping_status":"closed","template":"","meta":{"_acf_changed":false,"_uag_custom_page_level_css":"","_monsterinsights_skip_tracking":false,"_monsterinsights_sitenote_active":false,"_monsterinsights_sitenote_note":"","_monsterinsights_sitenote_category":0,"footnotes":""},"class_list":["post-10308","page","type-page","status-publish","hentry"],"acf":[],"yoast_head":"<!-- This site is optimized with the Yoast SEO plugin v27.3 - https:\/\/yoast.com\/product\/yoast-seo-wordpress\/ -->\n<title>FITLAP-ruokailuj\u00e4rjestelm\u00e4 - MEDICAL SPA NARVA-J\u00d5ESUU<\/title>\n<meta name=\"robots\" content=\"index, follow, max-snippet:-1, max-image-preview:large, max-video-preview:-1\" \/>\n<link rel=\"canonical\" href=\"https:\/\/narvajoesuu.ee\/fi\/detox-keskus\/ruokailu\/dieet-ruokailujarjestelma\/\" \/>\n<meta property=\"og:locale\" content=\"fi_FI\" \/>\n<meta property=\"og:type\" content=\"article\" \/>\n<meta property=\"og:title\" content=\"FITLAP-ruokailuj\u00e4rjestelm\u00e4 - MEDICAL SPA NARVA-J\u00d5ESUU\" \/>\n<meta property=\"og:description\" content=\"Fitlap.ee on tunnettu ja luotettava verkkopohjainen ravitsemusohjelma, joka on luotu auttamaan ihmisi\u00e4 saavuttamaan terveellisen ruokavalion tavoitteensa sek\u00e4 parantamaan yleist\u00e4 hyvinvointiaan....\" \/>\n<meta property=\"og:url\" content=\"https:\/\/narvajoesuu.ee\/fi\/detox-keskus\/ruokailu\/dieet-ruokailujarjestelma\/\" \/>\n<meta property=\"og:site_name\" content=\"MEDICAL SPA NARVA-J\u00d5ESUU\" \/>\n<meta property=\"article:modified_time\" content=\"2026-03-09T13:45:31+00:00\" \/>\n<meta property=\"og:image\" content=\"https:\/\/narvajoesuu.ee\/wp-content\/uploads\/2021\/12\/Maja-pilt.png\" \/>\n\t<meta property=\"og:image:width\" content=\"1200\" \/>\n\t<meta property=\"og:image:height\" content=\"630\" \/>\n\t<meta property=\"og:image:type\" content=\"image\/png\" \/>\n<meta name=\"twitter:card\" content=\"summary_large_image\" \/>\n<meta name=\"twitter:label1\" content=\"Arvioitu lukuaika\" \/>\n\t<meta name=\"twitter:data1\" content=\"1 minuutti\" \/>\n<script type=\"application\/ld+json\" class=\"yoast-schema-graph\">{\"@context\":\"https:\\\/\\\/schema.org\",\"@graph\":[{\"@type\":\"WebPage\",\"@id\":\"https:\\\/\\\/narvajoesuu.ee\\\/fi\\\/detox-keskus\\\/ruokailu\\\/dieet-ruokailujarjestelma\\\/\",\"url\":\"https:\\\/\\\/narvajoesuu.ee\\\/fi\\\/detox-keskus\\\/ruokailu\\\/dieet-ruokailujarjestelma\\\/\",\"name\":\"FITLAP-ruokailuj\u00e4rjestelm\u00e4 - MEDICAL SPA NARVA-J\u00d5ESUU\",\"isPartOf\":{\"@id\":\"https:\\\/\\\/narvajoesuu.ee\\\/#website\"},\"datePublished\":\"2021-05-16T07:44:18+00:00\",\"dateModified\":\"2026-03-09T13:45:31+00:00\",\"breadcrumb\":{\"@id\":\"https:\\\/\\\/narvajoesuu.ee\\\/fi\\\/detox-keskus\\\/ruokailu\\\/dieet-ruokailujarjestelma\\\/#breadcrumb\"},\"inLanguage\":\"fi\",\"potentialAction\":[{\"@type\":\"ReadAction\",\"target\":[\"https:\\\/\\\/narvajoesuu.ee\\\/fi\\\/detox-keskus\\\/ruokailu\\\/dieet-ruokailujarjestelma\\\/\"]}]},{\"@type\":\"BreadcrumbList\",\"@id\":\"https:\\\/\\\/narvajoesuu.ee\\\/fi\\\/detox-keskus\\\/ruokailu\\\/dieet-ruokailujarjestelma\\\/#breadcrumb\",\"itemListElement\":[{\"@type\":\"ListItem\",\"position\":1,\"name\":\"Home\",\"item\":\"https:\\\/\\\/narvajoesuu.ee\\\/fi\\\/\"},{\"@type\":\"ListItem\",\"position\":2,\"name\":\"Detox &#038; Antistress keskus\",\"item\":\"https:\\\/\\\/narvajoesuu.ee\\\/fi\\\/detox-keskus\\\/\"},{\"@type\":\"ListItem\",\"position\":3,\"name\":\"Ruokailu\",\"item\":\"https:\\\/\\\/narvajoesuu.ee\\\/fi\\\/detox-keskus\\\/ruokailu\\\/\"},{\"@type\":\"ListItem\",\"position\":4,\"name\":\"FITLAP-ruokailuj\u00e4rjestelm\u00e4\"}]},{\"@type\":\"WebSite\",\"@id\":\"https:\\\/\\\/narvajoesuu.ee\\\/#website\",\"url\":\"https:\\\/\\\/narvajoesuu.ee\\\/\",\"name\":\"MEDICAL SPA NARVA-J\u00d5ESUU\",\"description\":\"\",\"publisher\":{\"@id\":\"https:\\\/\\\/narvajoesuu.ee\\\/#organization\"},\"potentialAction\":[{\"@type\":\"SearchAction\",\"target\":{\"@type\":\"EntryPoint\",\"urlTemplate\":\"https:\\\/\\\/narvajoesuu.ee\\\/?s={search_term_string}\"},\"query-input\":{\"@type\":\"PropertyValueSpecification\",\"valueRequired\":true,\"valueName\":\"search_term_string\"}}],\"inLanguage\":\"fi\"},{\"@type\":\"Organization\",\"@id\":\"https:\\\/\\\/narvajoesuu.ee\\\/#organization\",\"name\":\"Narva-J\u00f5esuu Medical SPA\",\"url\":\"https:\\\/\\\/narvajoesuu.ee\\\/\",\"logo\":{\"@type\":\"ImageObject\",\"inLanguage\":\"fi\",\"@id\":\"https:\\\/\\\/narvajoesuu.ee\\\/#\\\/schema\\\/logo\\\/image\\\/\",\"url\":\"https:\\\/\\\/narvajoesuu.ee\\\/wp-content\\\/uploads\\\/2020\\\/10\\\/narvajoesuu-logo-small.png\",\"contentUrl\":\"https:\\\/\\\/narvajoesuu.ee\\\/wp-content\\\/uploads\\\/2020\\\/10\\\/narvajoesuu-logo-small.png\",\"width\":170,\"height\":170,\"caption\":\"Narva-J\u00f5esuu Medical SPA\"},\"image\":{\"@id\":\"https:\\\/\\\/narvajoesuu.ee\\\/#\\\/schema\\\/logo\\\/image\\\/\"}}]}<\/script>\n<!-- \/ Yoast SEO plugin. -->","yoast_head_json":{"title":"FITLAP-ruokailuj\u00e4rjestelm\u00e4 - MEDICAL SPA NARVA-J\u00d5ESUU","robots":{"index":"index","follow":"follow","max-snippet":"max-snippet:-1","max-image-preview":"max-image-preview:large","max-video-preview":"max-video-preview:-1"},"canonical":"https:\/\/narvajoesuu.ee\/fi\/detox-keskus\/ruokailu\/dieet-ruokailujarjestelma\/","og_locale":"fi_FI","og_type":"article","og_title":"FITLAP-ruokailuj\u00e4rjestelm\u00e4 - MEDICAL SPA NARVA-J\u00d5ESUU","og_description":"Fitlap.ee on tunnettu ja luotettava verkkopohjainen ravitsemusohjelma, joka on luotu auttamaan ihmisi\u00e4 saavuttamaan terveellisen ruokavalion tavoitteensa sek\u00e4 parantamaan yleist\u00e4 hyvinvointiaan....","og_url":"https:\/\/narvajoesuu.ee\/fi\/detox-keskus\/ruokailu\/dieet-ruokailujarjestelma\/","og_site_name":"MEDICAL SPA NARVA-J\u00d5ESUU","article_modified_time":"2026-03-09T13:45:31+00:00","og_image":[{"width":1200,"height":630,"url":"https:\/\/narvajoesuu.ee\/wp-content\/uploads\/2021\/12\/Maja-pilt.png","type":"image\/png"}],"twitter_card":"summary_large_image","twitter_misc":{"Arvioitu lukuaika":"1 minuutti"},"schema":{"@context":"https:\/\/schema.org","@graph":[{"@type":"WebPage","@id":"https:\/\/narvajoesuu.ee\/fi\/detox-keskus\/ruokailu\/dieet-ruokailujarjestelma\/","url":"https:\/\/narvajoesuu.ee\/fi\/detox-keskus\/ruokailu\/dieet-ruokailujarjestelma\/","name":"FITLAP-ruokailuj\u00e4rjestelm\u00e4 - MEDICAL SPA NARVA-J\u00d5ESUU","isPartOf":{"@id":"https:\/\/narvajoesuu.ee\/#website"},"datePublished":"2021-05-16T07:44:18+00:00","dateModified":"2026-03-09T13:45:31+00:00","breadcrumb":{"@id":"https:\/\/narvajoesuu.ee\/fi\/detox-keskus\/ruokailu\/dieet-ruokailujarjestelma\/#breadcrumb"},"inLanguage":"fi","potentialAction":[{"@type":"ReadAction","target":["https:\/\/narvajoesuu.ee\/fi\/detox-keskus\/ruokailu\/dieet-ruokailujarjestelma\/"]}]},{"@type":"BreadcrumbList","@id":"https:\/\/narvajoesuu.ee\/fi\/detox-keskus\/ruokailu\/dieet-ruokailujarjestelma\/#breadcrumb","itemListElement":[{"@type":"ListItem","position":1,"name":"Home","item":"https:\/\/narvajoesuu.ee\/fi\/"},{"@type":"ListItem","position":2,"name":"Detox &#038; Antistress keskus","item":"https:\/\/narvajoesuu.ee\/fi\/detox-keskus\/"},{"@type":"ListItem","position":3,"name":"Ruokailu","item":"https:\/\/narvajoesuu.ee\/fi\/detox-keskus\/ruokailu\/"},{"@type":"ListItem","position":4,"name":"FITLAP-ruokailuj\u00e4rjestelm\u00e4"}]},{"@type":"WebSite","@id":"https:\/\/narvajoesuu.ee\/#website","url":"https:\/\/narvajoesuu.ee\/","name":"MEDICAL SPA NARVA-J\u00d5ESUU","description":"","publisher":{"@id":"https:\/\/narvajoesuu.ee\/#organization"},"potentialAction":[{"@type":"SearchAction","target":{"@type":"EntryPoint","urlTemplate":"https:\/\/narvajoesuu.ee\/?s={search_term_string}"},"query-input":{"@type":"PropertyValueSpecification","valueRequired":true,"valueName":"search_term_string"}}],"inLanguage":"fi"},{"@type":"Organization","@id":"https:\/\/narvajoesuu.ee\/#organization","name":"Narva-J\u00f5esuu Medical SPA","url":"https:\/\/narvajoesuu.ee\/","logo":{"@type":"ImageObject","inLanguage":"fi","@id":"https:\/\/narvajoesuu.ee\/#\/schema\/logo\/image\/","url":"https:\/\/narvajoesuu.ee\/wp-content\/uploads\/2020\/10\/narvajoesuu-logo-small.png","contentUrl":"https:\/\/narvajoesuu.ee\/wp-content\/uploads\/2020\/10\/narvajoesuu-logo-small.png","width":170,"height":170,"caption":"Narva-J\u00f5esuu Medical SPA"},"image":{"@id":"https:\/\/narvajoesuu.ee\/#\/schema\/logo\/image\/"}}]}},"uagb_featured_image_src":{"full":false,"thumbnail":false,"medium":false,"medium_large":false,"large":false,"1536x1536":false,"2048x2048":false,"img-1920x550":false,"img-1920x320":false,"img-1920x200":false,"img-670x480":false,"img-570x280":false,"img-507":false,"img-370x240":false,"img-400x250":false,"img-370x175":false,"img-370x120":false,"img-300":false,"img-170":false},"uagb_author_info":{"display_name":"Darja","author_link":"https:\/\/narvajoesuu.ee\/fi\/author\/darja\/"},"uagb_comment_info":0,"uagb_excerpt":"Fitlap.ee on tunnettu ja luotettava verkkopohjainen ravitsemusohjelma, joka on luotu auttamaan ihmisi\u00e4 saavuttamaan terveellisen ruokavalion tavoitteensa sek\u00e4 parantamaan yleist\u00e4 hyvinvointiaan....","_links":{"self":[{"href":"https:\/\/narvajoesuu.ee\/fi\/wp-json\/wp\/v2\/pages\/10308","targetHints":{"allow":["GET"]}}],"collection":[{"href":"https:\/\/narvajoesuu.ee\/fi\/wp-json\/wp\/v2\/pages"}],"about":[{"href":"https:\/\/narvajoesuu.ee\/fi\/wp-json\/wp\/v2\/types\/page"}],"author":[{"embeddable":true,"href":"https:\/\/narvajoesuu.ee\/fi\/wp-json\/wp\/v2\/users\/2"}],"replies":[{"embeddable":true,"href":"https:\/\/narvajoesuu.ee\/fi\/wp-json\/wp\/v2\/comments?post=10308"}],"version-history":[{"count":8,"href":"https:\/\/narvajoesuu.ee\/fi\/wp-json\/wp\/v2\/pages\/10308\/revisions"}],"predecessor-version":[{"id":23766,"href":"https:\/\/narvajoesuu.ee\/fi\/wp-json\/wp\/v2\/pages\/10308\/revisions\/23766"}],"up":[{"embeddable":true,"href":"https:\/\/narvajoesuu.ee\/fi\/wp-json\/wp\/v2\/pages\/10312"}],"wp:attachment":[{"href":"https:\/\/narvajoesuu.ee\/fi\/wp-json\/wp\/v2\/media?parent=10308"}],"curies":[{"name":"wp","href":"https:\/\/api.w.org\/{rel}","templated":true}]}}