{"id":10305,"date":"2021-08-20T11:28:14","date_gmt":"2021-08-20T08:28:14","guid":{"rendered":"https:\/\/narvajoesuu.ee\/kuidas-tulla-narva-joesuusse\/"},"modified":"2025-04-22T08:52:09","modified_gmt":"2025-04-22T05:52:09","slug":"miten-paasee-kohteeseen","status":"publish","type":"page","link":"https:\/\/narvajoesuu.ee\/fi\/hotell\/miten-paasee-kohteeseen\/","title":{"rendered":"Miten p\u00e4\u00e4see kohteeseen"},"content":{"rendered":"\n<h3 class=\"wp-block-heading wp-el\">Henkil\u00f6autolla<\/h3>\n\n\n\n<p class=\"wp-el\">Autolla Pietarin valtatiet\u00e4, Sillam\u00e4en kaupungin j\u00e4lkeen suuntamerkki osoittaa Narva-J\u00f5esuu 12<br>km. K\u00e4\u00e4nn\u00e4 risteyksest\u00e4 vasemmalle ja jatka ajoa, kunnes saavut hotelliin.<\/p>\n\n\n\n<h3 class=\"wp-block-heading wp-el\">Baltic shuttle matkat Tallinnasta Narva-J\u00f5esuuhun ja takaisin<\/h3>\n\n\n\n<p class=\"wp-el\">Mukava matka joka p\u00e4iv\u00e4 Tallinnasta Narva-J\u00f5esuuhun ja takaisin.<br>Aikataulut ja lipunostomahdollisuus l\u00f6ytyv\u00e4t osoitteesta&nbsp; <a href=\"https:\/\/www.balticshuttle.ee\/en\" target=\"_blank\" rel=\"noreferrer noopener\">t\u00e4st\u00e4<\/a>.<\/p>\n\n\n\n<h3 class=\"wp-block-heading wp-el\">Bussilla<\/h3>\n\n\n\n<p class=\"wp-el\">Tallinna \u2013 Narva \/ Tallinna \u2013 Pietari suuntaan kulkevat joka p\u00e4iv\u00e4 mukavat WiFi:lla varustetut Lux Express bussit. <a href=\"https:\/\/www.tpilet.ee\/en\/\" target=\"_blank\" rel=\"noopener\">Aikataulut ja lipunostomahdollisuus l\u00f6ytyv\u00e4t osoitteesta&nbsp; t\u00e4st\u00e4<\/a>.<\/p>\n\n\n\n<h3 class=\"wp-block-heading wp-el\">Linja-autolla Narvasta<\/h3>\n\n\n\n<p class=\"wp-el\">Narvasta kulkee &#8221;Saun&#8221; auto nro 31. Aikataulu l\u00f6ytyy t\u00e4st\u00e4 <a href=\"http:\/\/www.peatus.ee\/\" target=\"_blank\" rel=\"noopener\">www.peatus.ee<\/a>.<\/p>\n","protected":false},"excerpt":{"rendered":"<p>Henkil\u00f6autolla Autolla Pietarin valtatiet\u00e4, Sillam\u00e4en kaupungin j\u00e4lkeen suuntamerkki osoittaa Narva-J\u00f5esuu 12km. K\u00e4\u00e4nn\u00e4 risteyksest\u00e4 vasemmalle ja jatka ajoa, kunnes saavut hotelliin&#8230;.<\/p>\n","protected":false},"author":3,"featured_media":0,"parent":10729,"menu_order":467,"comment_status":"closed","ping_status":"closed","template":"","meta":{"_acf_changed":false,"_uag_custom_page_level_css":"","_monsterinsights_skip_tracking":false,"_monsterinsights_sitenote_active":false,"_monsterinsights_sitenote_note":"","_monsterinsights_sitenote_category":0,"footnotes":""},"class_list":["post-10305","page","type-page","status-publish","hentry"],"acf":[],"yoast_head":"<!-- This site is optimized with the Yoast SEO plugin v27.4 - https:\/\/yoast.com\/product\/yoast-seo-wordpress\/ -->\n<title>Miten p\u00e4\u00e4see kohteeseen - MEDICAL SPA NARVA-J\u00d5ESUU<\/title>\n<meta name=\"robots\" content=\"index, follow, max-snippet:-1, max-image-preview:large, max-video-preview:-1\" \/>\n<link rel=\"canonical\" href=\"https:\/\/narvajoesuu.ee\/fi\/hotell\/miten-paasee-kohteeseen\/\" \/>\n<meta property=\"og:locale\" content=\"fi_FI\" \/>\n<meta property=\"og:type\" content=\"article\" \/>\n<meta property=\"og:title\" content=\"Miten p\u00e4\u00e4see kohteeseen - MEDICAL SPA NARVA-J\u00d5ESUU\" \/>\n<meta property=\"og:description\" content=\"Henkil\u00f6autolla Autolla Pietarin valtatiet\u00e4, Sillam\u00e4en kaupungin j\u00e4lkeen suuntamerkki osoittaa Narva-J\u00f5esuu 12km. K\u00e4\u00e4nn\u00e4 risteyksest\u00e4 vasemmalle ja jatka ajoa, kunnes saavut hotelliin....\" \/>\n<meta property=\"og:url\" content=\"https:\/\/narvajoesuu.ee\/fi\/hotell\/miten-paasee-kohteeseen\/\" \/>\n<meta property=\"og:site_name\" content=\"MEDICAL SPA NARVA-J\u00d5ESUU\" \/>\n<meta property=\"article:modified_time\" content=\"2025-04-22T05:52:09+00:00\" \/>\n<meta property=\"og:image\" content=\"https:\/\/narvajoesuu.ee\/wp-content\/uploads\/2021\/12\/Maja-pilt.png\" \/>\n\t<meta property=\"og:image:width\" content=\"1200\" \/>\n\t<meta property=\"og:image:height\" content=\"630\" \/>\n\t<meta property=\"og:image:type\" content=\"image\/png\" \/>\n<meta name=\"twitter:card\" content=\"summary_large_image\" \/>\n<meta name=\"twitter:label1\" content=\"Arvioitu lukuaika\" \/>\n\t<meta name=\"twitter:data1\" content=\"1 minuutti\" \/>\n<script type=\"application\/ld+json\" class=\"yoast-schema-graph\">{\"@context\":\"https:\\\/\\\/schema.org\",\"@graph\":[{\"@type\":\"WebPage\",\"@id\":\"https:\\\/\\\/narvajoesuu.ee\\\/fi\\\/hotell\\\/miten-paasee-kohteeseen\\\/\",\"url\":\"https:\\\/\\\/narvajoesuu.ee\\\/fi\\\/hotell\\\/miten-paasee-kohteeseen\\\/\",\"name\":\"Miten p\u00e4\u00e4see kohteeseen - MEDICAL SPA NARVA-J\u00d5ESUU\",\"isPartOf\":{\"@id\":\"https:\\\/\\\/narvajoesuu.ee\\\/#website\"},\"datePublished\":\"2021-08-20T08:28:14+00:00\",\"dateModified\":\"2025-04-22T05:52:09+00:00\",\"breadcrumb\":{\"@id\":\"https:\\\/\\\/narvajoesuu.ee\\\/fi\\\/hotell\\\/miten-paasee-kohteeseen\\\/#breadcrumb\"},\"inLanguage\":\"fi\",\"potentialAction\":[{\"@type\":\"ReadAction\",\"target\":[\"https:\\\/\\\/narvajoesuu.ee\\\/fi\\\/hotell\\\/miten-paasee-kohteeseen\\\/\"]}]},{\"@type\":\"BreadcrumbList\",\"@id\":\"https:\\\/\\\/narvajoesuu.ee\\\/fi\\\/hotell\\\/miten-paasee-kohteeseen\\\/#breadcrumb\",\"itemListElement\":[{\"@type\":\"ListItem\",\"position\":1,\"name\":\"Home\",\"item\":\"https:\\\/\\\/narvajoesuu.ee\\\/fi\\\/\"},{\"@type\":\"ListItem\",\"position\":2,\"name\":\"Hotell\",\"item\":\"https:\\\/\\\/narvajoesuu.ee\\\/fi\\\/hotell\\\/\"},{\"@type\":\"ListItem\",\"position\":3,\"name\":\"Miten p\u00e4\u00e4see kohteeseen\"}]},{\"@type\":\"WebSite\",\"@id\":\"https:\\\/\\\/narvajoesuu.ee\\\/#website\",\"url\":\"https:\\\/\\\/narvajoesuu.ee\\\/\",\"name\":\"MEDICAL SPA NARVA-J\u00d5ESUU\",\"description\":\"\",\"publisher\":{\"@id\":\"https:\\\/\\\/narvajoesuu.ee\\\/#organization\"},\"potentialAction\":[{\"@type\":\"SearchAction\",\"target\":{\"@type\":\"EntryPoint\",\"urlTemplate\":\"https:\\\/\\\/narvajoesuu.ee\\\/?s={search_term_string}\"},\"query-input\":{\"@type\":\"PropertyValueSpecification\",\"valueRequired\":true,\"valueName\":\"search_term_string\"}}],\"inLanguage\":\"fi\"},{\"@type\":\"Organization\",\"@id\":\"https:\\\/\\\/narvajoesuu.ee\\\/#organization\",\"name\":\"Narva-J\u00f5esuu Medical SPA\",\"url\":\"https:\\\/\\\/narvajoesuu.ee\\\/\",\"logo\":{\"@type\":\"ImageObject\",\"inLanguage\":\"fi\",\"@id\":\"https:\\\/\\\/narvajoesuu.ee\\\/#\\\/schema\\\/logo\\\/image\\\/\",\"url\":\"https:\\\/\\\/narvajoesuu.ee\\\/wp-content\\\/uploads\\\/2020\\\/10\\\/narvajoesuu-logo-small.png\",\"contentUrl\":\"https:\\\/\\\/narvajoesuu.ee\\\/wp-content\\\/uploads\\\/2020\\\/10\\\/narvajoesuu-logo-small.png\",\"width\":170,\"height\":170,\"caption\":\"Narva-J\u00f5esuu Medical SPA\"},\"image\":{\"@id\":\"https:\\\/\\\/narvajoesuu.ee\\\/#\\\/schema\\\/logo\\\/image\\\/\"}}]}<\/script>\n<!-- \/ Yoast SEO plugin. -->","yoast_head_json":{"title":"Miten p\u00e4\u00e4see kohteeseen - MEDICAL SPA NARVA-J\u00d5ESUU","robots":{"index":"index","follow":"follow","max-snippet":"max-snippet:-1","max-image-preview":"max-image-preview:large","max-video-preview":"max-video-preview:-1"},"canonical":"https:\/\/narvajoesuu.ee\/fi\/hotell\/miten-paasee-kohteeseen\/","og_locale":"fi_FI","og_type":"article","og_title":"Miten p\u00e4\u00e4see kohteeseen - MEDICAL SPA NARVA-J\u00d5ESUU","og_description":"Henkil\u00f6autolla Autolla Pietarin valtatiet\u00e4, Sillam\u00e4en kaupungin j\u00e4lkeen suuntamerkki osoittaa Narva-J\u00f5esuu 12km. K\u00e4\u00e4nn\u00e4 risteyksest\u00e4 vasemmalle ja jatka ajoa, kunnes saavut hotelliin....","og_url":"https:\/\/narvajoesuu.ee\/fi\/hotell\/miten-paasee-kohteeseen\/","og_site_name":"MEDICAL SPA NARVA-J\u00d5ESUU","article_modified_time":"2025-04-22T05:52:09+00:00","og_image":[{"width":1200,"height":630,"url":"https:\/\/narvajoesuu.ee\/wp-content\/uploads\/2021\/12\/Maja-pilt.png","type":"image\/png"}],"twitter_card":"summary_large_image","twitter_misc":{"Arvioitu lukuaika":"1 minuutti"},"schema":{"@context":"https:\/\/schema.org","@graph":[{"@type":"WebPage","@id":"https:\/\/narvajoesuu.ee\/fi\/hotell\/miten-paasee-kohteeseen\/","url":"https:\/\/narvajoesuu.ee\/fi\/hotell\/miten-paasee-kohteeseen\/","name":"Miten p\u00e4\u00e4see kohteeseen - MEDICAL SPA NARVA-J\u00d5ESUU","isPartOf":{"@id":"https:\/\/narvajoesuu.ee\/#website"},"datePublished":"2021-08-20T08:28:14+00:00","dateModified":"2025-04-22T05:52:09+00:00","breadcrumb":{"@id":"https:\/\/narvajoesuu.ee\/fi\/hotell\/miten-paasee-kohteeseen\/#breadcrumb"},"inLanguage":"fi","potentialAction":[{"@type":"ReadAction","target":["https:\/\/narvajoesuu.ee\/fi\/hotell\/miten-paasee-kohteeseen\/"]}]},{"@type":"BreadcrumbList","@id":"https:\/\/narvajoesuu.ee\/fi\/hotell\/miten-paasee-kohteeseen\/#breadcrumb","itemListElement":[{"@type":"ListItem","position":1,"name":"Home","item":"https:\/\/narvajoesuu.ee\/fi\/"},{"@type":"ListItem","position":2,"name":"Hotell","item":"https:\/\/narvajoesuu.ee\/fi\/hotell\/"},{"@type":"ListItem","position":3,"name":"Miten p\u00e4\u00e4see kohteeseen"}]},{"@type":"WebSite","@id":"https:\/\/narvajoesuu.ee\/#website","url":"https:\/\/narvajoesuu.ee\/","name":"MEDICAL SPA NARVA-J\u00d5ESUU","description":"","publisher":{"@id":"https:\/\/narvajoesuu.ee\/#organization"},"potentialAction":[{"@type":"SearchAction","target":{"@type":"EntryPoint","urlTemplate":"https:\/\/narvajoesuu.ee\/?s={search_term_string}"},"query-input":{"@type":"PropertyValueSpecification","valueRequired":true,"valueName":"search_term_string"}}],"inLanguage":"fi"},{"@type":"Organization","@id":"https:\/\/narvajoesuu.ee\/#organization","name":"Narva-J\u00f5esuu Medical SPA","url":"https:\/\/narvajoesuu.ee\/","logo":{"@type":"ImageObject","inLanguage":"fi","@id":"https:\/\/narvajoesuu.ee\/#\/schema\/logo\/image\/","url":"https:\/\/narvajoesuu.ee\/wp-content\/uploads\/2020\/10\/narvajoesuu-logo-small.png","contentUrl":"https:\/\/narvajoesuu.ee\/wp-content\/uploads\/2020\/10\/narvajoesuu-logo-small.png","width":170,"height":170,"caption":"Narva-J\u00f5esuu Medical SPA"},"image":{"@id":"https:\/\/narvajoesuu.ee\/#\/schema\/logo\/image\/"}}]}},"uagb_featured_image_src":{"full":false,"thumbnail":false,"medium":false,"medium_large":false,"large":false,"1536x1536":false,"2048x2048":false,"img-1920x550":false,"img-1920x320":false,"img-1920x200":false,"img-670x480":false,"img-570x280":false,"img-507":false,"img-370x240":false,"img-400x250":false,"img-370x175":false,"img-370x120":false,"img-300":false,"img-170":false},"uagb_author_info":{"display_name":"Maksim Mitrofanov","author_link":"https:\/\/narvajoesuu.ee\/fi\/author\/maksim\/"},"uagb_comment_info":0,"uagb_excerpt":"Henkil\u00f6autolla Autolla Pietarin valtatiet\u00e4, Sillam\u00e4en kaupungin j\u00e4lkeen suuntamerkki osoittaa Narva-J\u00f5esuu 12km. K\u00e4\u00e4nn\u00e4 risteyksest\u00e4 vasemmalle ja jatka ajoa, kunnes saavut hotelliin....","_links":{"self":[{"href":"https:\/\/narvajoesuu.ee\/fi\/wp-json\/wp\/v2\/pages\/10305","targetHints":{"allow":["GET"]}}],"collection":[{"href":"https:\/\/narvajoesuu.ee\/fi\/wp-json\/wp\/v2\/pages"}],"about":[{"href":"https:\/\/narvajoesuu.ee\/fi\/wp-json\/wp\/v2\/types\/page"}],"author":[{"embeddable":true,"href":"https:\/\/narvajoesuu.ee\/fi\/wp-json\/wp\/v2\/users\/3"}],"replies":[{"embeddable":true,"href":"https:\/\/narvajoesuu.ee\/fi\/wp-json\/wp\/v2\/comments?post=10305"}],"version-history":[{"count":15,"href":"https:\/\/narvajoesuu.ee\/fi\/wp-json\/wp\/v2\/pages\/10305\/revisions"}],"predecessor-version":[{"id":20630,"href":"https:\/\/narvajoesuu.ee\/fi\/wp-json\/wp\/v2\/pages\/10305\/revisions\/20630"}],"up":[{"embeddable":true,"href":"https:\/\/narvajoesuu.ee\/fi\/wp-json\/wp\/v2\/pages\/10729"}],"wp:attachment":[{"href":"https:\/\/narvajoesuu.ee\/fi\/wp-json\/wp\/v2\/media?parent=10305"}],"curies":[{"name":"wp","href":"https:\/\/api.w.org\/{rel}","templated":true}]}}