{"id":10282,"date":"2021-10-07T14:29:56","date_gmt":"2021-10-07T11:29:56","guid":{"rendered":"https:\/\/narvajoesuu.ee\/kaalulangetusprogrammid\/"},"modified":"2026-03-23T16:06:41","modified_gmt":"2026-03-23T14:06:41","slug":"painonpudotusohjelmat","status":"publish","type":"page","link":"https:\/\/narvajoesuu.ee\/fi\/detox-keskus\/painonpudotusohjelmat\/","title":{"rendered":"Antistress-keskus"},"content":{"rendered":"\n<p class=\"wp-el\">Kylpyl\u00e4ss\u00e4 rentoutuminen on ihanaa. Mutta joskus tarvitset muutakin kuin vain poreammeen ja hieronnan. Kun sinulla ei ole en\u00e4\u00e4 voimia ja n\u00e4ytt\u00e4\u00e4 silt\u00e4, \u200b\u200b\u200b\u200bett\u00e4 koko maailma on sinua vastaan, t\u00e4m\u00e4 on merkki siit\u00e4, ett\u00e4 tarvitset uudelleenk\u00e4ynnistyksen.<\/p>\n\n\n\n<p class=\"wp-el\">MEDICAL SPA NARVA-J\u00d5ESUU, <em>ainutlaatuinen Antistress-keskus on ainoa Baltian maissa<\/em>, josta l\u00f6ytyv\u00e4t:<\/p>\n\n\n\n<ul class=\"wp-block-list wp-el\">\n<li><em>henkil\u00f6kohtaisia \u200b\u200brelax-rentoutumisohjelmia<\/em><\/li>\n\n\n\n<li><em>rentoutumis- ja stressinhallintahoitoja<\/em><\/li>\n\n\n\n<li><em>rentouttava rauhallinen tunnelma<\/em><\/li>\n<\/ul>\n\n\n\n<figure class=\"wp-block-gallery has-nested-images columns-default is-cropped wp-block-gallery-1 is-layout-flex wp-block-gallery-is-layout-flex\">\n<figure class=\"wp-block-image size-full\"><a href=\"https:\/\/narvajoesuu.ee\/wp-content\/uploads\/2022\/06\/3.png\"><img loading=\"lazy\" decoding=\"async\" width=\"1024\" height=\"614\" data-id=\"9649\" src=\"https:\/\/narvajoesuu.ee\/wp-content\/uploads\/2022\/06\/3.png\" alt=\"\" class=\"wp-image-9649\"\/><\/a><\/figure>\n\n\n\n<figure class=\"wp-block-image size-full\"><a href=\"https:\/\/narvajoesuu.ee\/wp-content\/uploads\/2022\/06\/4.png\"><img loading=\"lazy\" decoding=\"async\" width=\"1024\" height=\"614\" data-id=\"9652\" src=\"https:\/\/narvajoesuu.ee\/wp-content\/uploads\/2022\/06\/4.png\" alt=\"\" class=\"wp-image-9652\"\/><\/a><\/figure>\n\n\n\n<figure class=\"wp-block-image size-full\"><a href=\"https:\/\/narvajoesuu.ee\/wp-content\/uploads\/2022\/06\/6.png\"><img loading=\"lazy\" decoding=\"async\" width=\"1024\" height=\"614\" data-id=\"9655\" src=\"https:\/\/narvajoesuu.ee\/wp-content\/uploads\/2022\/06\/6.png\" alt=\"\" class=\"wp-image-9655\"\/><\/a><\/figure>\n\n\n\n<figure class=\"wp-block-image size-full\"><a href=\"https:\/\/narvajoesuu.ee\/wp-content\/uploads\/2022\/11\/5.png\"><img loading=\"lazy\" decoding=\"async\" width=\"1024\" height=\"614\" data-id=\"12984\" src=\"https:\/\/narvajoesuu.ee\/wp-content\/uploads\/2022\/11\/5.png\" alt=\"\" class=\"wp-image-12984\"\/><\/a><\/figure>\n\n\n\n<figure class=\"wp-block-image size-full\"><a href=\"https:\/\/narvajoesuu.ee\/wp-content\/uploads\/2022\/11\/4-1.png\"><img loading=\"lazy\" decoding=\"async\" width=\"1024\" height=\"614\" data-id=\"12989\" src=\"https:\/\/narvajoesuu.ee\/wp-content\/uploads\/2022\/11\/4-1.png\" alt=\"\" class=\"wp-image-12989\"\/><\/a><\/figure>\n\n\n\n<figure class=\"wp-block-image size-full\"><a href=\"https:\/\/narvajoesuu.ee\/wp-content\/uploads\/2022\/11\/1-1.png\"><img loading=\"lazy\" decoding=\"async\" width=\"1024\" height=\"614\" data-id=\"12980\" src=\"https:\/\/narvajoesuu.ee\/wp-content\/uploads\/2022\/11\/1-1.png\" alt=\"\" class=\"wp-image-12980\"\/><\/a><\/figure>\n<\/figure>\n\n\n\n<hr class=\"wp-block-separator has-alpha-channel-opacity\"\/>\n\n\n\n<p class=\"wp-el\">MEDICAL SPA NARVA-J\u00d5ESUU &#8211; keskuksessa on auki huhtikuusta lokakuuhun <a href=\"https:\/\/narvajoesuu.ee\/fi\/kylpylaloma\/arteesisella-vedella-taytetty-lammitetty-ulkoallas-ja-poreallas-aurinkoterassilla\/\">Viron suurin l\u00e4mmitetty ulkoallas<\/a>, joka on t\u00e4ytetty puhtaimmalla arteesisella vedell\u00e4.<\/p>\n\n\n\n<p class=\"wp-el\">Vierailusi aikana voit valita harjoituksen &#8221;oman mielesi mukaan&#8221;.<em> Aqua Zumba<\/em>, venyttely, voimaharjoittelu ja sauvak\u00e4velyt meress\u00e4, kaikkea iloa ja terveytt\u00e4 varten.<\/p>\n\n\n\n<p class=\"wp-el\">Huono uni, v\u00e4symys ja stressi ovat painonnousun t\u00e4rkeimpi\u00e4 syit\u00e4. Krooniselle stressille altistuneen ihmisen elimist\u00f6n vastustuskyky k\u00e4rsii ja 60 % t\u00e4llaisista ihmisist\u00e4 lihoo. <a href=\"https:\/\/narvajoesuu.ee\/fi\/detox-keskus\/\">Tarjoamme integroidun l\u00e4hestymistavan.<\/a><\/p>\n\n\n\n<p class=\"wp-el\">Hoitotoimenpiteiden lis\u00e4ksi olemme luoneet<a href=\"https:\/\/narvajoesuu.ee\/fi\/detox-keskus\/ruokailu\/\"> erityisi\u00e4 ravitsemusj\u00e4rjestelmi\u00e4<\/a>, jotka auttavat normalisoimaan suoliston toimintaa, s\u00e4ilytt\u00e4m\u00e4\u00e4n nuoruuden ja laittamaan painon kuntoon.<\/p>\n\n\n\n<p class=\"wp-el\"><a href=\"https:\/\/narvajoesuu.ee\/fi\/kylpylaloma\/saunakeskus\/galerii\/\">Pieni kodikas kylpyl\u00e4kompleksi<\/a>, josta l\u00f6ytyy uima-allas, auttaa lievitt\u00e4m\u00e4\u00e4n j\u00e4nnitteit\u00e4 ja stressi\u00e4. Saunoja on 3 erilaista (h\u00f6yrysauna, aromaattinen sauna, l\u00f6ylysauna), poreallas ja sanarium.<\/p>\n\n\n\n<hr class=\"wp-block-separator has-alpha-channel-opacity\"\/>\n\n\n\n<h4 class=\"wp-block-heading wp-el\">Antistressikeskuksen ohjelmat<\/h4>\n\n\n<div class=\"b-block pad-top-0 pad-bottom-0\"><div class=\"p-imglinks b-part container\"><div class=\"p-imglinks__row\"><a class=\"p-imglinks__item p-imglinks--compact\" href=\"https:\/\/narvajoesuu.ee\/fi\/detox-keskus\/painonpudotusohjelmat\/eksklusiivinen-kylpylaohjlema-jossa-fitlap-ruokavalio-2-yosta-alkaen\/\"><div class=\"p-imglinks__image-compact\"><img loading=\"lazy\" decoding=\"async\" width=\"370\" height=\"175\" src=\"https:\/\/narvajoesuu.ee\/wp-content\/uploads\/2026\/03\/\u0414\u0438\u0437\u0430\u0439\u043d-\u0431\u0435\u0437-\u043d\u0430\u0437\u0432\u0430\u043d\u0438\u044f-2026-03-23T102003.832-370x175.png\" class=\"p-imglinks__image\" alt=\"\" \/><\/div><span class=\"p-imglinks__title\">Eksklusiivinen kylpyl\u00e4ohjlema, jossa FITLAP-ruokavalio (2 y\u00f6st\u00e4 alkaen)<\/span><\/a><a class=\"p-imglinks__item p-imglinks--compact\" href=\"https:\/\/narvajoesuu.ee\/fi\/detox-keskus\/painonpudotusohjelmat\/antistress-ohjelma-stressia-vastaan\/\"><div class=\"p-imglinks__image-compact\"><img loading=\"lazy\" decoding=\"async\" width=\"370\" height=\"175\" src=\"https:\/\/narvajoesuu.ee\/wp-content\/uploads\/2026\/03\/\u0414\u0438\u0437\u0430\u0439\u043d-\u0431\u0435\u0437-\u043d\u0430\u0437\u0432\u0430\u043d\u0438\u044f-96-1-370x175.png\" class=\"p-imglinks__image\" alt=\"\" \/><\/div><span class=\"p-imglinks__title\">\u201dANTISTRESS\u201d- ohjelma stressi\u00e4 vastaan (3 y\u00f6t\u00e4)<\/span><\/a><a class=\"p-imglinks__item p-imglinks--compact\" href=\"https:\/\/narvajoesuu.ee\/fi\/detox-keskus\/painonpudotusohjelmat\/stressia-lievittava-detox-ohjelma-7-paivaa\/\"><div class=\"p-imglinks__image-compact\"><img loading=\"lazy\" decoding=\"async\" width=\"370\" height=\"175\" src=\"https:\/\/narvajoesuu.ee\/wp-content\/uploads\/2026\/03\/\u0414\u0438\u0437\u0430\u0439\u043d-\u0431\u0435\u0437-\u043d\u0430\u0437\u0432\u0430\u043d\u0438\u044f-97-1-370x175.png\" class=\"p-imglinks__image\" alt=\"\" \/><\/div><span class=\"p-imglinks__title\">Stressi\u00e4 lievitt\u00e4v\u00e4-ohjelma (7 y\u00f6t\u00e4)<\/span><\/a><\/div><\/div><\/div>","protected":false},"excerpt":{"rendered":"<p>Kylpyl\u00e4ss\u00e4 rentoutuminen on ihanaa. Mutta joskus tarvitset muutakin kuin vain poreammeen ja hieronnan. Kun sinulla ei ole en\u00e4\u00e4 voimia ja&#8230;<\/p>\n","protected":false},"author":2,"featured_media":0,"parent":10716,"menu_order":684,"comment_status":"closed","ping_status":"closed","template":"","meta":{"_acf_changed":false,"_uag_custom_page_level_css":"","_monsterinsights_skip_tracking":false,"_monsterinsights_sitenote_active":false,"_monsterinsights_sitenote_note":"","_monsterinsights_sitenote_category":0,"footnotes":""},"class_list":["post-10282","page","type-page","status-publish","hentry"],"acf":[],"yoast_head":"<!-- This site is optimized with the Yoast SEO plugin v27.4 - https:\/\/yoast.com\/product\/yoast-seo-wordpress\/ -->\n<title>Antistress-keskus - MEDICAL SPA NARVA-J\u00d5ESUU<\/title>\n<meta name=\"robots\" content=\"index, follow, max-snippet:-1, max-image-preview:large, max-video-preview:-1\" \/>\n<link rel=\"canonical\" href=\"https:\/\/narvajoesuu.ee\/fi\/detox-keskus\/painonpudotusohjelmat\/\" \/>\n<meta property=\"og:locale\" content=\"fi_FI\" \/>\n<meta property=\"og:type\" content=\"article\" \/>\n<meta property=\"og:title\" content=\"Antistress-keskus - MEDICAL SPA NARVA-J\u00d5ESUU\" \/>\n<meta property=\"og:description\" content=\"Kylpyl\u00e4ss\u00e4 rentoutuminen on ihanaa. Mutta joskus tarvitset muutakin kuin vain poreammeen ja hieronnan. Kun sinulla ei ole en\u00e4\u00e4 voimia ja...\" \/>\n<meta property=\"og:url\" content=\"https:\/\/narvajoesuu.ee\/fi\/detox-keskus\/painonpudotusohjelmat\/\" \/>\n<meta property=\"og:site_name\" content=\"MEDICAL SPA NARVA-J\u00d5ESUU\" \/>\n<meta property=\"article:modified_time\" content=\"2026-03-23T14:06:41+00:00\" \/>\n<meta property=\"og:image\" content=\"https:\/\/narvajoesuu.ee\/wp-content\/uploads\/2022\/06\/3.png\" \/>\n\t<meta property=\"og:image:width\" content=\"1024\" \/>\n\t<meta property=\"og:image:height\" content=\"614\" \/>\n\t<meta property=\"og:image:type\" content=\"image\/png\" \/>\n<meta name=\"twitter:card\" content=\"summary_large_image\" \/>\n<meta name=\"twitter:label1\" content=\"Arvioitu lukuaika\" \/>\n\t<meta name=\"twitter:data1\" content=\"1 minuutti\" \/>\n<script type=\"application\/ld+json\" class=\"yoast-schema-graph\">{\"@context\":\"https:\\\/\\\/schema.org\",\"@graph\":[{\"@type\":\"WebPage\",\"@id\":\"https:\\\/\\\/narvajoesuu.ee\\\/fi\\\/detox-keskus\\\/painonpudotusohjelmat\\\/\",\"url\":\"https:\\\/\\\/narvajoesuu.ee\\\/fi\\\/detox-keskus\\\/painonpudotusohjelmat\\\/\",\"name\":\"Antistress-keskus - MEDICAL SPA NARVA-J\u00d5ESUU\",\"isPartOf\":{\"@id\":\"https:\\\/\\\/narvajoesuu.ee\\\/#website\"},\"primaryImageOfPage\":{\"@id\":\"https:\\\/\\\/narvajoesuu.ee\\\/fi\\\/detox-keskus\\\/painonpudotusohjelmat\\\/#primaryimage\"},\"image\":{\"@id\":\"https:\\\/\\\/narvajoesuu.ee\\\/fi\\\/detox-keskus\\\/painonpudotusohjelmat\\\/#primaryimage\"},\"thumbnailUrl\":\"https:\\\/\\\/narvajoesuu.ee\\\/wp-content\\\/uploads\\\/2022\\\/06\\\/3.png\",\"datePublished\":\"2021-10-07T11:29:56+00:00\",\"dateModified\":\"2026-03-23T14:06:41+00:00\",\"breadcrumb\":{\"@id\":\"https:\\\/\\\/narvajoesuu.ee\\\/fi\\\/detox-keskus\\\/painonpudotusohjelmat\\\/#breadcrumb\"},\"inLanguage\":\"fi\",\"potentialAction\":[{\"@type\":\"ReadAction\",\"target\":[\"https:\\\/\\\/narvajoesuu.ee\\\/fi\\\/detox-keskus\\\/painonpudotusohjelmat\\\/\"]}]},{\"@type\":\"ImageObject\",\"inLanguage\":\"fi\",\"@id\":\"https:\\\/\\\/narvajoesuu.ee\\\/fi\\\/detox-keskus\\\/painonpudotusohjelmat\\\/#primaryimage\",\"url\":\"https:\\\/\\\/narvajoesuu.ee\\\/wp-content\\\/uploads\\\/2022\\\/06\\\/3.png\",\"contentUrl\":\"https:\\\/\\\/narvajoesuu.ee\\\/wp-content\\\/uploads\\\/2022\\\/06\\\/3.png\"},{\"@type\":\"BreadcrumbList\",\"@id\":\"https:\\\/\\\/narvajoesuu.ee\\\/fi\\\/detox-keskus\\\/painonpudotusohjelmat\\\/#breadcrumb\",\"itemListElement\":[{\"@type\":\"ListItem\",\"position\":1,\"name\":\"Home\",\"item\":\"https:\\\/\\\/narvajoesuu.ee\\\/fi\\\/\"},{\"@type\":\"ListItem\",\"position\":2,\"name\":\"Detox &#038; Antistress keskus\",\"item\":\"https:\\\/\\\/narvajoesuu.ee\\\/fi\\\/detox-keskus\\\/\"},{\"@type\":\"ListItem\",\"position\":3,\"name\":\"Antistress-keskus\"}]},{\"@type\":\"WebSite\",\"@id\":\"https:\\\/\\\/narvajoesuu.ee\\\/#website\",\"url\":\"https:\\\/\\\/narvajoesuu.ee\\\/\",\"name\":\"MEDICAL SPA NARVA-J\u00d5ESUU\",\"description\":\"\",\"publisher\":{\"@id\":\"https:\\\/\\\/narvajoesuu.ee\\\/#organization\"},\"potentialAction\":[{\"@type\":\"SearchAction\",\"target\":{\"@type\":\"EntryPoint\",\"urlTemplate\":\"https:\\\/\\\/narvajoesuu.ee\\\/?s={search_term_string}\"},\"query-input\":{\"@type\":\"PropertyValueSpecification\",\"valueRequired\":true,\"valueName\":\"search_term_string\"}}],\"inLanguage\":\"fi\"},{\"@type\":\"Organization\",\"@id\":\"https:\\\/\\\/narvajoesuu.ee\\\/#organization\",\"name\":\"Narva-J\u00f5esuu Medical SPA\",\"url\":\"https:\\\/\\\/narvajoesuu.ee\\\/\",\"logo\":{\"@type\":\"ImageObject\",\"inLanguage\":\"fi\",\"@id\":\"https:\\\/\\\/narvajoesuu.ee\\\/#\\\/schema\\\/logo\\\/image\\\/\",\"url\":\"https:\\\/\\\/narvajoesuu.ee\\\/wp-content\\\/uploads\\\/2020\\\/10\\\/narvajoesuu-logo-small.png\",\"contentUrl\":\"https:\\\/\\\/narvajoesuu.ee\\\/wp-content\\\/uploads\\\/2020\\\/10\\\/narvajoesuu-logo-small.png\",\"width\":170,\"height\":170,\"caption\":\"Narva-J\u00f5esuu Medical SPA\"},\"image\":{\"@id\":\"https:\\\/\\\/narvajoesuu.ee\\\/#\\\/schema\\\/logo\\\/image\\\/\"}}]}<\/script>\n<!-- \/ Yoast SEO plugin. -->","yoast_head_json":{"title":"Antistress-keskus - MEDICAL SPA NARVA-J\u00d5ESUU","robots":{"index":"index","follow":"follow","max-snippet":"max-snippet:-1","max-image-preview":"max-image-preview:large","max-video-preview":"max-video-preview:-1"},"canonical":"https:\/\/narvajoesuu.ee\/fi\/detox-keskus\/painonpudotusohjelmat\/","og_locale":"fi_FI","og_type":"article","og_title":"Antistress-keskus - MEDICAL SPA NARVA-J\u00d5ESUU","og_description":"Kylpyl\u00e4ss\u00e4 rentoutuminen on ihanaa. Mutta joskus tarvitset muutakin kuin vain poreammeen ja hieronnan. Kun sinulla ei ole en\u00e4\u00e4 voimia ja...","og_url":"https:\/\/narvajoesuu.ee\/fi\/detox-keskus\/painonpudotusohjelmat\/","og_site_name":"MEDICAL SPA NARVA-J\u00d5ESUU","article_modified_time":"2026-03-23T14:06:41+00:00","og_image":[{"width":1024,"height":614,"url":"https:\/\/narvajoesuu.ee\/wp-content\/uploads\/2022\/06\/3.png","type":"image\/png"}],"twitter_card":"summary_large_image","twitter_misc":{"Arvioitu lukuaika":"1 minuutti"},"schema":{"@context":"https:\/\/schema.org","@graph":[{"@type":"WebPage","@id":"https:\/\/narvajoesuu.ee\/fi\/detox-keskus\/painonpudotusohjelmat\/","url":"https:\/\/narvajoesuu.ee\/fi\/detox-keskus\/painonpudotusohjelmat\/","name":"Antistress-keskus - MEDICAL SPA NARVA-J\u00d5ESUU","isPartOf":{"@id":"https:\/\/narvajoesuu.ee\/#website"},"primaryImageOfPage":{"@id":"https:\/\/narvajoesuu.ee\/fi\/detox-keskus\/painonpudotusohjelmat\/#primaryimage"},"image":{"@id":"https:\/\/narvajoesuu.ee\/fi\/detox-keskus\/painonpudotusohjelmat\/#primaryimage"},"thumbnailUrl":"https:\/\/narvajoesuu.ee\/wp-content\/uploads\/2022\/06\/3.png","datePublished":"2021-10-07T11:29:56+00:00","dateModified":"2026-03-23T14:06:41+00:00","breadcrumb":{"@id":"https:\/\/narvajoesuu.ee\/fi\/detox-keskus\/painonpudotusohjelmat\/#breadcrumb"},"inLanguage":"fi","potentialAction":[{"@type":"ReadAction","target":["https:\/\/narvajoesuu.ee\/fi\/detox-keskus\/painonpudotusohjelmat\/"]}]},{"@type":"ImageObject","inLanguage":"fi","@id":"https:\/\/narvajoesuu.ee\/fi\/detox-keskus\/painonpudotusohjelmat\/#primaryimage","url":"https:\/\/narvajoesuu.ee\/wp-content\/uploads\/2022\/06\/3.png","contentUrl":"https:\/\/narvajoesuu.ee\/wp-content\/uploads\/2022\/06\/3.png"},{"@type":"BreadcrumbList","@id":"https:\/\/narvajoesuu.ee\/fi\/detox-keskus\/painonpudotusohjelmat\/#breadcrumb","itemListElement":[{"@type":"ListItem","position":1,"name":"Home","item":"https:\/\/narvajoesuu.ee\/fi\/"},{"@type":"ListItem","position":2,"name":"Detox &#038; Antistress keskus","item":"https:\/\/narvajoesuu.ee\/fi\/detox-keskus\/"},{"@type":"ListItem","position":3,"name":"Antistress-keskus"}]},{"@type":"WebSite","@id":"https:\/\/narvajoesuu.ee\/#website","url":"https:\/\/narvajoesuu.ee\/","name":"MEDICAL SPA NARVA-J\u00d5ESUU","description":"","publisher":{"@id":"https:\/\/narvajoesuu.ee\/#organization"},"potentialAction":[{"@type":"SearchAction","target":{"@type":"EntryPoint","urlTemplate":"https:\/\/narvajoesuu.ee\/?s={search_term_string}"},"query-input":{"@type":"PropertyValueSpecification","valueRequired":true,"valueName":"search_term_string"}}],"inLanguage":"fi"},{"@type":"Organization","@id":"https:\/\/narvajoesuu.ee\/#organization","name":"Narva-J\u00f5esuu Medical SPA","url":"https:\/\/narvajoesuu.ee\/","logo":{"@type":"ImageObject","inLanguage":"fi","@id":"https:\/\/narvajoesuu.ee\/#\/schema\/logo\/image\/","url":"https:\/\/narvajoesuu.ee\/wp-content\/uploads\/2020\/10\/narvajoesuu-logo-small.png","contentUrl":"https:\/\/narvajoesuu.ee\/wp-content\/uploads\/2020\/10\/narvajoesuu-logo-small.png","width":170,"height":170,"caption":"Narva-J\u00f5esuu Medical SPA"},"image":{"@id":"https:\/\/narvajoesuu.ee\/#\/schema\/logo\/image\/"}}]}},"uagb_featured_image_src":{"full":false,"thumbnail":false,"medium":false,"medium_large":false,"large":false,"1536x1536":false,"2048x2048":false,"img-1920x550":false,"img-1920x320":false,"img-1920x200":false,"img-670x480":false,"img-570x280":false,"img-507":false,"img-370x240":false,"img-400x250":false,"img-370x175":false,"img-370x120":false,"img-300":false,"img-170":false},"uagb_author_info":{"display_name":"Darja","author_link":"https:\/\/narvajoesuu.ee\/fi\/author\/darja\/"},"uagb_comment_info":0,"uagb_excerpt":"Kylpyl\u00e4ss\u00e4 rentoutuminen on ihanaa. Mutta joskus tarvitset muutakin kuin vain poreammeen ja hieronnan. Kun sinulla ei ole en\u00e4\u00e4 voimia ja...","_links":{"self":[{"href":"https:\/\/narvajoesuu.ee\/fi\/wp-json\/wp\/v2\/pages\/10282","targetHints":{"allow":["GET"]}}],"collection":[{"href":"https:\/\/narvajoesuu.ee\/fi\/wp-json\/wp\/v2\/pages"}],"about":[{"href":"https:\/\/narvajoesuu.ee\/fi\/wp-json\/wp\/v2\/types\/page"}],"author":[{"embeddable":true,"href":"https:\/\/narvajoesuu.ee\/fi\/wp-json\/wp\/v2\/users\/2"}],"replies":[{"embeddable":true,"href":"https:\/\/narvajoesuu.ee\/fi\/wp-json\/wp\/v2\/comments?post=10282"}],"version-history":[{"count":20,"href":"https:\/\/narvajoesuu.ee\/fi\/wp-json\/wp\/v2\/pages\/10282\/revisions"}],"predecessor-version":[{"id":23989,"href":"https:\/\/narvajoesuu.ee\/fi\/wp-json\/wp\/v2\/pages\/10282\/revisions\/23989"}],"up":[{"embeddable":true,"href":"https:\/\/narvajoesuu.ee\/fi\/wp-json\/wp\/v2\/pages\/10716"}],"wp:attachment":[{"href":"https:\/\/narvajoesuu.ee\/fi\/wp-json\/wp\/v2\/media?parent=10282"}],"curies":[{"name":"wp","href":"https:\/\/api.w.org\/{rel}","templated":true}]}}