{"id":10254,"date":"2021-10-27T10:44:19","date_gmt":"2021-10-27T07:44:19","guid":{"rendered":"https:\/\/narvajoesuu.ee\/?page_id=10254"},"modified":"2026-02-26T09:15:41","modified_gmt":"2026-02-26T07:15:41","slug":"endoreverse-vr3","status":"publish","type":"page","link":"https:\/\/narvajoesuu.ee\/fi\/kylpylaloma\/tehokkaat-ja-ainutlaatuiset-laitehoidot-kasvoille-ja-vartalolle\/endoreverse-vr3\/","title":{"rendered":"ENDOREVERSE VR3"},"content":{"rendered":"\n<p class=\"wp-el\">Uudis n\u00e4ole ja kehale Itaaliast. Endoreverse VR3 seade on m\u00f5eldud kosmeetiliseks otstarbeks, et k\u00f5rvaldada l\u00f5tvunud nahk ja tselluliit. Seda kasutatakse keha korrigeerimiseks ja pinguldamiseks, n\u00e4o t\u00f5stmiseks ja visuaalseks noorendamiseks (efekt on n\u00e4htav p\u00e4rast esimest protseduuri).<\/p>\n\n\n\n<figure class=\"wp-block-image size-full\"><img loading=\"lazy\" decoding=\"async\" width=\"940\" height=\"439\" src=\"https:\/\/narvajoesuu.ee\/wp-content\/uploads\/2021\/09\/4.png\" alt=\"\" class=\"wp-image-6785\"\/><\/figure>\n\n\n\n<div class=\"wp-block-columns is-layout-flex wp-container-core-columns-is-layout-9d6595d7 wp-block-columns-is-layout-flex\">\n<div class=\"wp-block-column is-layout-flow wp-block-column-is-layout-flow\">\n<h4 class=\"wp-block-heading wp-el\">ENDOREVERSE VR3 M\u00d5JUD N\u00c4OLE:<\/h4>\n\n\n\n<p class=\"wp-el\">Raadiosagedustel p\u00f5hinev tehnoloogia soodustab naha noorendamist kudede kuumutamise teel. Lokaalne kuumutamine tagab kollageenikiudude kohese kokkut\u00f5mbumise ja kiirendab ka uute kollageenikiudude tootmist. Raadiosageduse energia tungib l\u00e4bi naha, toimides seestpoolt, epidermist kahjustamata.<\/p>\n\n\n\n<ul class=\"wp-block-list wp-el\">\n<li>L\u00f5ualuu t\u00f5stmine<\/li>\n\n\n\n<li>L\u00f5tvunud n\u00e4okontuuri korrigeerimine<\/li>\n\n\n\n<li>Kortsude ja nasolabiaalsete voltide silumine<\/li>\n\n\n\n<li>Silmaaluse naha tugevdamine<\/li>\n\n\n\n<li>Turse k\u00f5rvaldamine (l\u00fcmfidrenaa\u017e)<\/li>\n\n\n\n<li>Pooride v\u00e4hendamine, vereringe parandamine<\/li>\n\n\n\n<li>Teeb naha koheselt heledamaks<\/li>\n<\/ul>\n<\/div>\n\n\n\n<div class=\"wp-block-column is-layout-flow wp-block-column-is-layout-flow\">\n<h4 class=\"wp-block-heading wp-el\">ENDOREVERSE VR3 M\u00d5JUD KEHALE:<\/h4>\n\n\n\n<p class=\"wp-el\">Endoreverse m\u00f5jutab t\u00f5husalt nahaalust rasvkudet probleemsetes piirkondades. Seadme ainulaadne funktsioon v\u00f5imaldab sellel t\u00e4ielikult h\u00e4vitada rasvkoes esinevad kiud\u00fchendused (erinevalt konkurentidest). Seade on eriti t\u00f5hus v\u00f5itluses k\u00e4te siseosas olevate kudede l\u00f5tvumise vastu. Endoreverse v\u00f5imaldab t\u00f6\u00f6tada raskesti ligip\u00e4\u00e4setavatel ja tundlikel aladel, aga ka n\u00e4iteks p\u00f5lvedel. T\u00f6\u00f6tab suurep\u00e4raselt s\u00fcgavatel nahaalustel rasvakihtidel, parandab ainevahetusprotsesse, vere ja l\u00fcmfi liikumist.<\/p>\n\n\n\n<ul class=\"wp-block-list wp-el\">\n<li>Tselluliidi v\u00e4hendamine<\/li>\n\n\n\n<li>Naha vananemisprotsesside aeglustamine<\/li>\n\n\n\n<li>Noorendav ja pinguldav toime, naha seisundi visuaalne paranemine p\u00e4rast esimest protseduuri<\/li>\n\n\n\n<li>Valutu ja mitteinvasiivne<\/li>\n<\/ul>\n<\/div>\n<\/div>\n\n\n<div class=\"wp-block-uagb-faq uagb-faq__outer-wrap uagb-block-22ab69de uagb-faq-icon-row uagb-faq-layout-accordion uagb-faq-expand-first-false uagb-faq-inactive-other-true uagb-faq__wrap uagb-buttons-layout-wrap uagb-faq-equal-height     \" data-faqtoggle=\"true\" role=\"tablist\"><div class=\"wp-block-uagb-faq-child uagb-faq-child__outer-wrap uagb-faq-item uagb-block-54dacd40 wp-block-uagb-faq-child uagb-faq-child__outer-wrap uagb-block-54dacd40\" role=\"tab\" tabindex=\"0\"><div class=\"uagb-faq-questions-button uagb-faq-questions\">\t\t\t<span class=\"uagb-icon uagb-faq-icon-wrap\">\n\t\t\t\t\t\t\t\t<svg xmlns=\"https:\/\/www.w3.org\/2000\/svg\" viewBox= \"0 0 448 512\"><path d=\"M432 256c0 17.69-14.33 32.01-32 32.01H256v144c0 17.69-14.33 31.99-32 31.99s-32-14.3-32-31.99v-144H48c-17.67 0-32-14.32-32-32.01s14.33-31.99 32-31.99H192v-144c0-17.69 14.33-32.01 32-32.01s32 14.32 32 32.01v144h144C417.7 224 432 238.3 432 256z\"><\/path><\/svg>\n\t\t\t\t\t\t\t<\/span>\n\t\t\t\t\t\t<span class=\"uagb-icon-active uagb-faq-icon-wrap\">\n\t\t\t\t\t\t\t\t<svg xmlns=\"https:\/\/www.w3.org\/2000\/svg\" viewBox= \"0 0 448 512\"><path d=\"M400 288h-352c-17.69 0-32-14.32-32-32.01s14.31-31.99 32-31.99h352c17.69 0 32 14.3 32 31.99S417.7 288 400 288z\"><\/path><\/svg>\n\t\t\t\t\t\t\t<\/span>\n\t\t\t<span class=\"uagb-question\">Mitu seanssi on vaja?<\/span><\/div><div class=\"uagb-faq-content\"><p>Tulemus on m\u00e4rgatav p\u00e4rast esimest visiiti \u2013 nahapind muutub siledaks ja elastseks. Pikaajaliste tulemuste saavutamiseks on vajalik ravikuur, mis on tavaliselt 3-5 seanssi. Lisaks \u00fctleb spetsialist teile, milliseid protseduure vajate.<\/p><\/div><\/div><div class=\"wp-block-uagb-faq-child uagb-faq-child__outer-wrap uagb-faq-item uagb-block-272e4df7 wp-block-uagb-faq-child uagb-faq-child__outer-wrap uagb-block-272e4df7\" role=\"tab\" tabindex=\"0\"><div class=\"uagb-faq-questions-button uagb-faq-questions\">\t\t\t<span class=\"uagb-icon uagb-faq-icon-wrap\">\n\t\t\t\t\t\t\t\t<svg xmlns=\"https:\/\/www.w3.org\/2000\/svg\" viewBox= \"0 0 448 512\"><path d=\"M432 256c0 17.69-14.33 32.01-32 32.01H256v144c0 17.69-14.33 31.99-32 31.99s-32-14.3-32-31.99v-144H48c-17.67 0-32-14.32-32-32.01s14.33-31.99 32-31.99H192v-144c0-17.69 14.33-32.01 32-32.01s32 14.32 32 32.01v144h144C417.7 224 432 238.3 432 256z\"><\/path><\/svg>\n\t\t\t\t\t\t\t<\/span>\n\t\t\t\t\t\t<span class=\"uagb-icon-active uagb-faq-icon-wrap\">\n\t\t\t\t\t\t\t\t<svg xmlns=\"https:\/\/www.w3.org\/2000\/svg\" viewBox= \"0 0 448 512\"><path d=\"M400 288h-352c-17.69 0-32-14.32-32-32.01s14.31-31.99 32-31.99h352c17.69 0 32 14.3 32 31.99S417.7 288 400 288z\"><\/path><\/svg>\n\t\t\t\t\t\t\t<\/span>\n\t\t\t<span class=\"uagb-question\">Milline peaks olema protseduuride vaheline intervall?<\/span><\/div><div class=\"uagb-faq-content\"><p>Reeglina hoitakse protseduuride vahel 1-2-p\u00e4evast intervalli. Spetsialist \u00fctleb teile konsultatsiooni k\u00e4igus teie valitud piirkonna soovitatava sageduse.<\/p><\/div><\/div><div class=\"wp-block-uagb-faq-child uagb-faq-child__outer-wrap uagb-faq-item uagb-block-6d4ae6e7 wp-block-uagb-faq-child uagb-faq-child__outer-wrap uagb-block-6d4ae6e7\" role=\"tab\" tabindex=\"0\"><div class=\"uagb-faq-questions-button uagb-faq-questions\">\t\t\t<span class=\"uagb-icon uagb-faq-icon-wrap\">\n\t\t\t\t\t\t\t\t<svg xmlns=\"https:\/\/www.w3.org\/2000\/svg\" viewBox= \"0 0 448 512\"><path d=\"M432 256c0 17.69-14.33 32.01-32 32.01H256v144c0 17.69-14.33 31.99-32 31.99s-32-14.3-32-31.99v-144H48c-17.67 0-32-14.32-32-32.01s14.33-31.99 32-31.99H192v-144c0-17.69 14.33-32.01 32-32.01s32 14.32 32 32.01v144h144C417.7 224 432 238.3 432 256z\"><\/path><\/svg>\n\t\t\t\t\t\t\t<\/span>\n\t\t\t\t\t\t<span class=\"uagb-icon-active uagb-faq-icon-wrap\">\n\t\t\t\t\t\t\t\t<svg xmlns=\"https:\/\/www.w3.org\/2000\/svg\" viewBox= \"0 0 448 512\"><path d=\"M400 288h-352c-17.69 0-32-14.32-32-32.01s14.31-31.99 32-31.99h352c17.69 0 32 14.3 32 31.99S417.7 288 400 288z\"><\/path><\/svg>\n\t\t\t\t\t\t\t<\/span>\n\t\t\t<span class=\"uagb-question\">Millised on vastun\u00e4idustused?<\/span><\/div><div class=\"uagb-faq-content\"><p>&#8211; Kardiostimulaator<br>&#8211; Implantaatide olemasolu<br>&#8211; Kuuldeaparaadi olemasolu<br>&#8211; Onkoloogilised probleemid<br>&#8211; S\u00fcdame- ja veresoonte haigused<br>&#8211; Rasedus v\u00f5i imetamine (esimesed 3-6 kuud p\u00e4rast s\u00fcndi)<br>&#8211; Autoimmuunhaigused<br>&#8211; Nahahaigused, nagu psoriaas, s\u00fcgelus, herpes, keloidid, ebanormaalne haavade paranemine, rosaatsea<br>&#8211; Veenilaiendid<br>&#8211; Epilepsia<br><br>L\u00f5pliku otsuse protseduuri sobivuse kohta teeb spetsialist. Konsultatsiooni algul tehakse selgeks, kas antud protseduur sobib ja kui see teatud p\u00f5hjustel ei sobi, siis spetsialist selgitab, miks see nii on.<\/p><\/div><\/div><\/div>\n\n\n<hr class=\"wp-block-separator has-text-color has-black-color has-css-opacity has-black-background-color has-background is-style-wide\"\/>\n\n\n\n<figure class=\"wp-block-table is-style-stripes\"><table><thead><tr><th class=\"has-text-align-left\" data-align=\"left\"><\/th><th class=\"has-text-align-center\" data-align=\"center\"><\/th><\/tr><\/thead><tbody><tr><td class=\"has-text-align-left\" data-align=\"left\">1 tsoon \/ k\u00f5ht, selg, reied v\u00f5i tuharad (30 min)<\/td><td class=\"has-text-align-center\" data-align=\"center\"><em>40 \u20ac<\/em><\/td><\/tr><tr><td class=\"has-text-align-left\" data-align=\"left\">2 tsooni \/ k\u00f5ht, selg, reied v\u00f5i tuharad (60 min)<\/td><td class=\"has-text-align-center\" data-align=\"center\"><em>65 \u20ac<\/em><\/td><\/tr><tr><td class=\"has-text-align-left\" data-align=\"left\"><strong>3 protseduuri kuur (30 min)<\/strong><\/td><td class=\"has-text-align-center\" data-align=\"center\"><em>105 \u20ac<\/em><\/td><\/tr><tr><td class=\"has-text-align-left\" data-align=\"left\"><strong>3 protseduuri kuur (60 min)<\/strong><\/td><td class=\"has-text-align-center\" data-align=\"center\"><em>195 \u20ac<\/em><\/td><\/tr><\/tbody><\/table><\/figure>\n\n\n<div class=\"b-block pad-top-30 pad-bottom-20\"><div class=\"p-emphasis b-part container-p0 p-emphasis--info\"><p><b><strong>Lisainformatsioon ja broneerimine:<\/strong><br \/>\n<\/b>Tel:\u00a0+372 35 99 523<br \/>\nE-mail:\u00a0ilu@narvajoesuu.ee<\/p>\n<\/div><\/div>","protected":false},"excerpt":{"rendered":"<p>Uudis n\u00e4ole ja kehale Itaaliast. Endoreverse VR3 seade on m\u00f5eldud kosmeetiliseks otstarbeks, et k\u00f5rvaldada l\u00f5tvunud nahk ja tselluliit. Seda kasutatakse&#8230;<\/p>\n","protected":false},"author":2,"featured_media":0,"parent":10271,"menu_order":269,"comment_status":"closed","ping_status":"closed","template":"","meta":{"_acf_changed":false,"_uag_custom_page_level_css":"","_monsterinsights_skip_tracking":false,"_monsterinsights_sitenote_active":false,"_monsterinsights_sitenote_note":"","_monsterinsights_sitenote_category":0,"footnotes":""},"class_list":["post-10254","page","type-page","status-publish","hentry"],"acf":[],"yoast_head":"<!-- This site is optimized with the Yoast SEO plugin v27.3 - https:\/\/yoast.com\/product\/yoast-seo-wordpress\/ -->\n<title>ENDOREVERSE VR3 - MEDICAL SPA NARVA-J\u00d5ESUU<\/title>\n<meta name=\"robots\" content=\"index, follow, max-snippet:-1, max-image-preview:large, max-video-preview:-1\" \/>\n<link rel=\"canonical\" href=\"https:\/\/narvajoesuu.ee\/fi\/kylpylaloma\/tehokkaat-ja-ainutlaatuiset-laitehoidot-kasvoille-ja-vartalolle\/endoreverse-vr3\/\" \/>\n<meta property=\"og:locale\" content=\"fi_FI\" \/>\n<meta property=\"og:type\" content=\"article\" \/>\n<meta property=\"og:title\" content=\"ENDOREVERSE VR3 - MEDICAL SPA NARVA-J\u00d5ESUU\" \/>\n<meta property=\"og:description\" content=\"Uudis n\u00e4ole ja kehale Itaaliast. Endoreverse VR3 seade on m\u00f5eldud kosmeetiliseks otstarbeks, et k\u00f5rvaldada l\u00f5tvunud nahk ja tselluliit. Seda kasutatakse...\" \/>\n<meta property=\"og:url\" content=\"https:\/\/narvajoesuu.ee\/fi\/kylpylaloma\/tehokkaat-ja-ainutlaatuiset-laitehoidot-kasvoille-ja-vartalolle\/endoreverse-vr3\/\" \/>\n<meta property=\"og:site_name\" content=\"MEDICAL SPA NARVA-J\u00d5ESUU\" \/>\n<meta property=\"article:modified_time\" content=\"2026-02-26T07:15:41+00:00\" \/>\n<meta property=\"og:image\" content=\"https:\/\/narvajoesuu.ee\/wp-content\/uploads\/2021\/09\/4.png\" \/>\n\t<meta property=\"og:image:width\" content=\"940\" \/>\n\t<meta property=\"og:image:height\" content=\"439\" \/>\n\t<meta property=\"og:image:type\" content=\"image\/png\" \/>\n<meta name=\"twitter:card\" content=\"summary_large_image\" \/>\n<meta name=\"twitter:label1\" content=\"Arvioitu lukuaika\" \/>\n\t<meta name=\"twitter:data1\" content=\"3 minuuttia\" \/>\n<script type=\"application\/ld+json\" class=\"yoast-schema-graph\">{\"@context\":\"https:\\\/\\\/schema.org\",\"@graph\":[{\"@type\":\"WebPage\",\"@id\":\"https:\\\/\\\/narvajoesuu.ee\\\/fi\\\/kylpylaloma\\\/tehokkaat-ja-ainutlaatuiset-laitehoidot-kasvoille-ja-vartalolle\\\/endoreverse-vr3\\\/\",\"url\":\"https:\\\/\\\/narvajoesuu.ee\\\/fi\\\/kylpylaloma\\\/tehokkaat-ja-ainutlaatuiset-laitehoidot-kasvoille-ja-vartalolle\\\/endoreverse-vr3\\\/\",\"name\":\"ENDOREVERSE VR3 - MEDICAL SPA NARVA-J\u00d5ESUU\",\"isPartOf\":{\"@id\":\"https:\\\/\\\/narvajoesuu.ee\\\/#website\"},\"primaryImageOfPage\":{\"@id\":\"https:\\\/\\\/narvajoesuu.ee\\\/fi\\\/kylpylaloma\\\/tehokkaat-ja-ainutlaatuiset-laitehoidot-kasvoille-ja-vartalolle\\\/endoreverse-vr3\\\/#primaryimage\"},\"image\":{\"@id\":\"https:\\\/\\\/narvajoesuu.ee\\\/fi\\\/kylpylaloma\\\/tehokkaat-ja-ainutlaatuiset-laitehoidot-kasvoille-ja-vartalolle\\\/endoreverse-vr3\\\/#primaryimage\"},\"thumbnailUrl\":\"https:\\\/\\\/narvajoesuu.ee\\\/wp-content\\\/uploads\\\/2021\\\/09\\\/4.png\",\"datePublished\":\"2021-10-27T07:44:19+00:00\",\"dateModified\":\"2026-02-26T07:15:41+00:00\",\"breadcrumb\":{\"@id\":\"https:\\\/\\\/narvajoesuu.ee\\\/fi\\\/kylpylaloma\\\/tehokkaat-ja-ainutlaatuiset-laitehoidot-kasvoille-ja-vartalolle\\\/endoreverse-vr3\\\/#breadcrumb\"},\"inLanguage\":\"fi\",\"potentialAction\":[{\"@type\":\"ReadAction\",\"target\":[\"https:\\\/\\\/narvajoesuu.ee\\\/fi\\\/kylpylaloma\\\/tehokkaat-ja-ainutlaatuiset-laitehoidot-kasvoille-ja-vartalolle\\\/endoreverse-vr3\\\/\"]}]},{\"@type\":\"ImageObject\",\"inLanguage\":\"fi\",\"@id\":\"https:\\\/\\\/narvajoesuu.ee\\\/fi\\\/kylpylaloma\\\/tehokkaat-ja-ainutlaatuiset-laitehoidot-kasvoille-ja-vartalolle\\\/endoreverse-vr3\\\/#primaryimage\",\"url\":\"https:\\\/\\\/narvajoesuu.ee\\\/wp-content\\\/uploads\\\/2021\\\/09\\\/4.png\",\"contentUrl\":\"https:\\\/\\\/narvajoesuu.ee\\\/wp-content\\\/uploads\\\/2021\\\/09\\\/4.png\"},{\"@type\":\"BreadcrumbList\",\"@id\":\"https:\\\/\\\/narvajoesuu.ee\\\/fi\\\/kylpylaloma\\\/tehokkaat-ja-ainutlaatuiset-laitehoidot-kasvoille-ja-vartalolle\\\/endoreverse-vr3\\\/#breadcrumb\",\"itemListElement\":[{\"@type\":\"ListItem\",\"position\":1,\"name\":\"Home\",\"item\":\"https:\\\/\\\/narvajoesuu.ee\\\/fi\\\/\"},{\"@type\":\"ListItem\",\"position\":2,\"name\":\"Kylpyl\u00e4loma\",\"item\":\"https:\\\/\\\/narvajoesuu.ee\\\/fi\\\/kylpylaloma\\\/\"},{\"@type\":\"ListItem\",\"position\":3,\"name\":\"Kosmeettisia ja l\u00e4\u00e4ketieteellisi\u00e4 uutuuksia nuoruuden, laihdutuksen, kauneuden ja terveyden tukemiseksi\",\"item\":\"https:\\\/\\\/narvajoesuu.ee\\\/fi\\\/kylpylaloma\\\/tehokkaat-ja-ainutlaatuiset-laitehoidot-kasvoille-ja-vartalolle\\\/\"},{\"@type\":\"ListItem\",\"position\":4,\"name\":\"ENDOREVERSE VR3\"}]},{\"@type\":\"WebSite\",\"@id\":\"https:\\\/\\\/narvajoesuu.ee\\\/#website\",\"url\":\"https:\\\/\\\/narvajoesuu.ee\\\/\",\"name\":\"MEDICAL SPA NARVA-J\u00d5ESUU\",\"description\":\"\",\"publisher\":{\"@id\":\"https:\\\/\\\/narvajoesuu.ee\\\/#organization\"},\"potentialAction\":[{\"@type\":\"SearchAction\",\"target\":{\"@type\":\"EntryPoint\",\"urlTemplate\":\"https:\\\/\\\/narvajoesuu.ee\\\/?s={search_term_string}\"},\"query-input\":{\"@type\":\"PropertyValueSpecification\",\"valueRequired\":true,\"valueName\":\"search_term_string\"}}],\"inLanguage\":\"fi\"},{\"@type\":\"Organization\",\"@id\":\"https:\\\/\\\/narvajoesuu.ee\\\/#organization\",\"name\":\"Narva-J\u00f5esuu Medical SPA\",\"url\":\"https:\\\/\\\/narvajoesuu.ee\\\/\",\"logo\":{\"@type\":\"ImageObject\",\"inLanguage\":\"fi\",\"@id\":\"https:\\\/\\\/narvajoesuu.ee\\\/#\\\/schema\\\/logo\\\/image\\\/\",\"url\":\"https:\\\/\\\/narvajoesuu.ee\\\/wp-content\\\/uploads\\\/2020\\\/10\\\/narvajoesuu-logo-small.png\",\"contentUrl\":\"https:\\\/\\\/narvajoesuu.ee\\\/wp-content\\\/uploads\\\/2020\\\/10\\\/narvajoesuu-logo-small.png\",\"width\":170,\"height\":170,\"caption\":\"Narva-J\u00f5esuu Medical SPA\"},\"image\":{\"@id\":\"https:\\\/\\\/narvajoesuu.ee\\\/#\\\/schema\\\/logo\\\/image\\\/\"}}]}<\/script>\n<!-- \/ Yoast SEO plugin. -->","yoast_head_json":{"title":"ENDOREVERSE VR3 - MEDICAL SPA NARVA-J\u00d5ESUU","robots":{"index":"index","follow":"follow","max-snippet":"max-snippet:-1","max-image-preview":"max-image-preview:large","max-video-preview":"max-video-preview:-1"},"canonical":"https:\/\/narvajoesuu.ee\/fi\/kylpylaloma\/tehokkaat-ja-ainutlaatuiset-laitehoidot-kasvoille-ja-vartalolle\/endoreverse-vr3\/","og_locale":"fi_FI","og_type":"article","og_title":"ENDOREVERSE VR3 - MEDICAL SPA NARVA-J\u00d5ESUU","og_description":"Uudis n\u00e4ole ja kehale Itaaliast. Endoreverse VR3 seade on m\u00f5eldud kosmeetiliseks otstarbeks, et k\u00f5rvaldada l\u00f5tvunud nahk ja tselluliit. Seda kasutatakse...","og_url":"https:\/\/narvajoesuu.ee\/fi\/kylpylaloma\/tehokkaat-ja-ainutlaatuiset-laitehoidot-kasvoille-ja-vartalolle\/endoreverse-vr3\/","og_site_name":"MEDICAL SPA NARVA-J\u00d5ESUU","article_modified_time":"2026-02-26T07:15:41+00:00","og_image":[{"width":940,"height":439,"url":"https:\/\/narvajoesuu.ee\/wp-content\/uploads\/2021\/09\/4.png","type":"image\/png"}],"twitter_card":"summary_large_image","twitter_misc":{"Arvioitu lukuaika":"3 minuuttia"},"schema":{"@context":"https:\/\/schema.org","@graph":[{"@type":"WebPage","@id":"https:\/\/narvajoesuu.ee\/fi\/kylpylaloma\/tehokkaat-ja-ainutlaatuiset-laitehoidot-kasvoille-ja-vartalolle\/endoreverse-vr3\/","url":"https:\/\/narvajoesuu.ee\/fi\/kylpylaloma\/tehokkaat-ja-ainutlaatuiset-laitehoidot-kasvoille-ja-vartalolle\/endoreverse-vr3\/","name":"ENDOREVERSE VR3 - MEDICAL SPA NARVA-J\u00d5ESUU","isPartOf":{"@id":"https:\/\/narvajoesuu.ee\/#website"},"primaryImageOfPage":{"@id":"https:\/\/narvajoesuu.ee\/fi\/kylpylaloma\/tehokkaat-ja-ainutlaatuiset-laitehoidot-kasvoille-ja-vartalolle\/endoreverse-vr3\/#primaryimage"},"image":{"@id":"https:\/\/narvajoesuu.ee\/fi\/kylpylaloma\/tehokkaat-ja-ainutlaatuiset-laitehoidot-kasvoille-ja-vartalolle\/endoreverse-vr3\/#primaryimage"},"thumbnailUrl":"https:\/\/narvajoesuu.ee\/wp-content\/uploads\/2021\/09\/4.png","datePublished":"2021-10-27T07:44:19+00:00","dateModified":"2026-02-26T07:15:41+00:00","breadcrumb":{"@id":"https:\/\/narvajoesuu.ee\/fi\/kylpylaloma\/tehokkaat-ja-ainutlaatuiset-laitehoidot-kasvoille-ja-vartalolle\/endoreverse-vr3\/#breadcrumb"},"inLanguage":"fi","potentialAction":[{"@type":"ReadAction","target":["https:\/\/narvajoesuu.ee\/fi\/kylpylaloma\/tehokkaat-ja-ainutlaatuiset-laitehoidot-kasvoille-ja-vartalolle\/endoreverse-vr3\/"]}]},{"@type":"ImageObject","inLanguage":"fi","@id":"https:\/\/narvajoesuu.ee\/fi\/kylpylaloma\/tehokkaat-ja-ainutlaatuiset-laitehoidot-kasvoille-ja-vartalolle\/endoreverse-vr3\/#primaryimage","url":"https:\/\/narvajoesuu.ee\/wp-content\/uploads\/2021\/09\/4.png","contentUrl":"https:\/\/narvajoesuu.ee\/wp-content\/uploads\/2021\/09\/4.png"},{"@type":"BreadcrumbList","@id":"https:\/\/narvajoesuu.ee\/fi\/kylpylaloma\/tehokkaat-ja-ainutlaatuiset-laitehoidot-kasvoille-ja-vartalolle\/endoreverse-vr3\/#breadcrumb","itemListElement":[{"@type":"ListItem","position":1,"name":"Home","item":"https:\/\/narvajoesuu.ee\/fi\/"},{"@type":"ListItem","position":2,"name":"Kylpyl\u00e4loma","item":"https:\/\/narvajoesuu.ee\/fi\/kylpylaloma\/"},{"@type":"ListItem","position":3,"name":"Kosmeettisia ja l\u00e4\u00e4ketieteellisi\u00e4 uutuuksia nuoruuden, laihdutuksen, kauneuden ja terveyden tukemiseksi","item":"https:\/\/narvajoesuu.ee\/fi\/kylpylaloma\/tehokkaat-ja-ainutlaatuiset-laitehoidot-kasvoille-ja-vartalolle\/"},{"@type":"ListItem","position":4,"name":"ENDOREVERSE VR3"}]},{"@type":"WebSite","@id":"https:\/\/narvajoesuu.ee\/#website","url":"https:\/\/narvajoesuu.ee\/","name":"MEDICAL SPA NARVA-J\u00d5ESUU","description":"","publisher":{"@id":"https:\/\/narvajoesuu.ee\/#organization"},"potentialAction":[{"@type":"SearchAction","target":{"@type":"EntryPoint","urlTemplate":"https:\/\/narvajoesuu.ee\/?s={search_term_string}"},"query-input":{"@type":"PropertyValueSpecification","valueRequired":true,"valueName":"search_term_string"}}],"inLanguage":"fi"},{"@type":"Organization","@id":"https:\/\/narvajoesuu.ee\/#organization","name":"Narva-J\u00f5esuu Medical SPA","url":"https:\/\/narvajoesuu.ee\/","logo":{"@type":"ImageObject","inLanguage":"fi","@id":"https:\/\/narvajoesuu.ee\/#\/schema\/logo\/image\/","url":"https:\/\/narvajoesuu.ee\/wp-content\/uploads\/2020\/10\/narvajoesuu-logo-small.png","contentUrl":"https:\/\/narvajoesuu.ee\/wp-content\/uploads\/2020\/10\/narvajoesuu-logo-small.png","width":170,"height":170,"caption":"Narva-J\u00f5esuu Medical SPA"},"image":{"@id":"https:\/\/narvajoesuu.ee\/#\/schema\/logo\/image\/"}}]}},"uagb_featured_image_src":{"full":false,"thumbnail":false,"medium":false,"medium_large":false,"large":false,"1536x1536":false,"2048x2048":false,"img-1920x550":false,"img-1920x320":false,"img-1920x200":false,"img-670x480":false,"img-570x280":false,"img-507":false,"img-370x240":false,"img-400x250":false,"img-370x175":false,"img-370x120":false,"img-300":false,"img-170":false},"uagb_author_info":{"display_name":"Darja","author_link":"https:\/\/narvajoesuu.ee\/fi\/author\/darja\/"},"uagb_comment_info":0,"uagb_excerpt":"Uudis n\u00e4ole ja kehale Itaaliast. Endoreverse VR3 seade on m\u00f5eldud kosmeetiliseks otstarbeks, et k\u00f5rvaldada l\u00f5tvunud nahk ja tselluliit. Seda kasutatakse...","_links":{"self":[{"href":"https:\/\/narvajoesuu.ee\/fi\/wp-json\/wp\/v2\/pages\/10254","targetHints":{"allow":["GET"]}}],"collection":[{"href":"https:\/\/narvajoesuu.ee\/fi\/wp-json\/wp\/v2\/pages"}],"about":[{"href":"https:\/\/narvajoesuu.ee\/fi\/wp-json\/wp\/v2\/types\/page"}],"author":[{"embeddable":true,"href":"https:\/\/narvajoesuu.ee\/fi\/wp-json\/wp\/v2\/users\/2"}],"replies":[{"embeddable":true,"href":"https:\/\/narvajoesuu.ee\/fi\/wp-json\/wp\/v2\/comments?post=10254"}],"version-history":[{"count":8,"href":"https:\/\/narvajoesuu.ee\/fi\/wp-json\/wp\/v2\/pages\/10254\/revisions"}],"predecessor-version":[{"id":20650,"href":"https:\/\/narvajoesuu.ee\/fi\/wp-json\/wp\/v2\/pages\/10254\/revisions\/20650"}],"up":[{"embeddable":true,"href":"https:\/\/narvajoesuu.ee\/fi\/wp-json\/wp\/v2\/pages\/10271"}],"wp:attachment":[{"href":"https:\/\/narvajoesuu.ee\/fi\/wp-json\/wp\/v2\/media?parent=10254"}],"curies":[{"name":"wp","href":"https:\/\/api.w.org\/{rel}","templated":true}]}}