{"id":10223,"date":"2021-10-27T13:19:40","date_gmt":"2021-10-27T10:19:40","guid":{"rendered":"https:\/\/narvajoesuu.ee\/hifem-high-intensity-focused-electromagnetic-tehnoloogiaga-skulptor-one-s-keha-efektiivseks-vormimiseks\/"},"modified":"2024-05-06T14:22:35","modified_gmt":"2024-05-06T11:22:35","slug":"hifem-high-intensity-focused-electromagnetic-teknologiaa-kayttava-skulptor-one-s-vartalon-tehokkaaseen-muotoiluun","status":"publish","type":"page","link":"https:\/\/narvajoesuu.ee\/fi\/kylpylaloma\/tehokkaat-ja-ainutlaatuiset-laitehoidot-kasvoille-ja-vartalolle\/hifem-high-intensity-focused-electromagnetic-teknologiaa-kayttava-skulptor-one-s-vartalon-tehokkaaseen-muotoiluun\/","title":{"rendered":"HIFEM (High-Intensity Focused Electromagnetic) teknologiaa k\u00e4ytt\u00e4v\u00e4 SKULPTOR ONE S vartalon tehokkaaseen muotoiluun"},"content":{"rendered":"\n<p class=\"wp-el\">Sculptor One S on t\u00e4ydennetty laite vartalon ja \u201ebrasilialaisten pakaroiden\u201c muotoiluun. Valitusta ohjelmasta riippuen tuloksena on lihasten vahvistaminen, rasvakudoksen v\u00e4heneminen (vatsalta, reisilt\u00e4, k\u00e4silt\u00e4) tai tehokas lihasten kasvattaminen (pakarat).<\/p>\n\n\n\n<figure class=\"wp-block-image size-large\"><img loading=\"lazy\" decoding=\"async\" width=\"1024\" height=\"318\" src=\"https:\/\/narvajoesuu.ee\/wp-content\/uploads\/2021\/09\/\u0411\u0435\u0437-\u043d\u0430\u0437\u0432\u0430\u043d\u0438\u044f-\u043a\u043e\u043f\u0438\u044f-\u043a\u043e\u043f\u0438\u044f-1024x318.png\" alt=\"\" class=\"wp-image-7194\" srcset=\"https:\/\/narvajoesuu.ee\/wp-content\/uploads\/2021\/09\/\u0411\u0435\u0437-\u043d\u0430\u0437\u0432\u0430\u043d\u0438\u044f-\u043a\u043e\u043f\u0438\u044f-\u043a\u043e\u043f\u0438\u044f-1024x318.png 1024w, https:\/\/narvajoesuu.ee\/wp-content\/uploads\/2021\/09\/\u0411\u0435\u0437-\u043d\u0430\u0437\u0432\u0430\u043d\u0438\u044f-\u043a\u043e\u043f\u0438\u044f-\u043a\u043e\u043f\u0438\u044f.png 1704w\" sizes=\"auto, (max-width: 1024px) 100vw, 1024px\" \/><\/figure>\n\n\n\n<hr class=\"wp-block-separator has-text-color has-black-color has-css-opacity has-black-background-color has-background is-style-wide\"\/>\n\n\n\n<h4 class=\"wp-block-heading wp-el\">HOITO SOPII SEURAAVIIN TARKOITUKSIIN<\/h4>\n\n\n\n<ul class=\"wp-el wp-block-list\">\n<li>Vatsalihasten stimulointi<\/li>\n\n\n\n<li>Selluliitin poisto<\/li>\n\n\n\n<li>Pudonneiden ja litteiden pakaroiden korjaus<\/li>\n\n\n\n<li>Brasilialaisten pakaroiden muotoilu<\/li>\n\n\n\n<li>Vartalon muotoilu raskauden tai ison painonpudotuksen j\u00e4lkeen<\/li>\n\n\n\n<li>K\u00e4sien, vatsan, vy\u00f6t\u00e4r\u00f6n, pakaroiden ja lonkkalihasten vahvistaminen, kasvattaminen, palauttaminen<\/li>\n\n\n\n<li>Lihasmassan kasvattaminen<\/li>\n<\/ul>\n\n\n\n<div class=\"wp-block-media-text alignwide is-stacked-on-mobile\"><figure class=\"wp-block-media-text__media\"><img loading=\"lazy\" decoding=\"async\" width=\"637\" height=\"487\" src=\"https:\/\/narvajoesuu.ee\/wp-content\/uploads\/2021\/10\/\u0440\u0435\u0437\u0443\u043b\u044c\u0442\u0430\u0442\u044b-\u0434\u043e-\u0438-\u043f\u043e\u0441\u043b\u0435-_sculptor-1.png\" alt=\"\" class=\"wp-image-7316 size-full\"\/><\/figure><div class=\"wp-block-media-text__content\">\n<p class=\"wp-el\">Alue: vatsa ja pakarat (30 min. x 4 kertaa) + 2 harjoittelua (45 min)<\/p>\n<\/div><\/div>\n\n\n\n<div class=\"wp-block-media-text alignwide is-stacked-on-mobile\"><figure class=\"wp-block-media-text__media\"><img loading=\"lazy\" decoding=\"async\" width=\"926\" height=\"514\" src=\"https:\/\/narvajoesuu.ee\/wp-content\/uploads\/2021\/10\/photo_2021-10-06_16-36-51.jpg\" alt=\"\" class=\"wp-image-7520 size-full\"\/><\/figure><div class=\"wp-block-media-text__content\">\n<p class=\"wp-el\">Alue: kyljet ja pakarat (30 min. x 3 korda) + 2 harjoittelua (45 min)<\/p>\n<\/div><\/div>\n\n\n<div class=\"wp-block-uagb-faq uagb-faq__outer-wrap uagb-block-44eb670c uagb-faq-icon-row uagb-faq-layout-accordion uagb-faq-expand-first-false uagb-faq-inactive-other-true uagb-faq__wrap uagb-buttons-layout-wrap uagb-faq-equal-height     \" data-faqtoggle=\"true\" role=\"tablist\"><div class=\"wp-block-uagb-faq-child uagb-faq-child__outer-wrap uagb-faq-item uagb-block-de843b9a \" role=\"tab\" tabindex=\"0\"><div class=\"uagb-faq-questions-button uagb-faq-questions\">\t\t\t<span class=\"uagb-icon uagb-faq-icon-wrap\">\n\t\t\t\t\t\t\t\t<svg xmlns=\"https:\/\/www.w3.org\/2000\/svg\" viewBox= \"0 0 448 512\"><path d=\"M432 256c0 17.69-14.33 32.01-32 32.01H256v144c0 17.69-14.33 31.99-32 31.99s-32-14.3-32-31.99v-144H48c-17.67 0-32-14.32-32-32.01s14.33-31.99 32-31.99H192v-144c0-17.69 14.33-32.01 32-32.01s32 14.32 32 32.01v144h144C417.7 224 432 238.3 432 256z\"><\/path><\/svg>\n\t\t\t\t\t\t\t<\/span>\n\t\t\t\t\t\t<span class=\"uagb-icon-active uagb-faq-icon-wrap\">\n\t\t\t\t\t\t\t\t<svg xmlns=\"https:\/\/www.w3.org\/2000\/svg\" viewBox= \"0 0 448 512\"><path d=\"M400 288h-352c-17.69 0-32-14.32-32-32.01s14.31-31.99 32-31.99h352c17.69 0 32 14.3 32 31.99S417.7 288 400 288z\"><\/path><\/svg>\n\t\t\t\t\t\t\t<\/span>\n\t\t\t<span class=\"uagb-question\">Vasta-aiheet<\/span><\/div><div class=\"uagb-faq-content\"><p>\u2014 raskaus ja imetys<br>\u2014 sy\u00f6p\u00e4<br>\u2014 psoriaasi<br>\u2014 vitiligo<br>\u2014 syd\u00e4mentahdistin<br>\u2014 korkea verenpaine<br>\u2014 verisairaudet<br>\u2014 metalliset implantit<br>\u2014 diabet<br>\u2014 syd\u00e4men- ja keuhkonsairaudet<br>\u2014 epilepsia<br>\u2014 ihohaavat ja kasvaimet<br>\u2014 turvotukset<\/p><\/div><\/div><\/div>\n\n\n<figure class=\"wp-block-table is-style-stripes\"><table class=\"has-fixed-layout\"><tbody><tr><td>K\u00e4sitelt\u00e4v\u00e4 alue: k\u00e4det, vatsa ja pakarat (30 min)<\/td><td class=\"has-text-align-center\" data-align=\"center\"><em>35 \u20ac<\/em><\/td><\/tr><tr><td><em>Hoitokuuri 3 kertaa <\/em><\/td><td class=\"has-text-align-center\" data-align=\"center\"><em>95 \u20ac <\/em><\/td><\/tr><\/tbody><\/table><\/figure>\n\n\n<div class=\"b-block pad-top-30 pad-bottom-20\"><div class=\"p-emphasis b-part container-p0 p-emphasis--info\"><div><strong>LIS\u00c4TIEDOT JA VARAUS:<\/strong><br \/>\n<a href=\"tel:+372 35 99 523\">+372 35 99 523<\/a><br \/>\n<a href=\"mailto:ilu@narvajoesuu.ee\">ilu@narvajoesuu.ee<\/a><\/div>\n<div><\/div>\n<\/div><\/div>","protected":false},"excerpt":{"rendered":"<p>Sculptor One S on t\u00e4ydennetty laite vartalon ja \u201ebrasilialaisten pakaroiden\u201c muotoiluun. Valitusta ohjelmasta riippuen tuloksena on lihasten vahvistaminen, rasvakudoksen v\u00e4heneminen&#8230;<\/p>\n","protected":false},"author":2,"featured_media":0,"parent":10271,"menu_order":252,"comment_status":"closed","ping_status":"closed","template":"","meta":{"_acf_changed":false,"_uag_custom_page_level_css":"","_monsterinsights_skip_tracking":false,"_monsterinsights_sitenote_active":false,"_monsterinsights_sitenote_note":"","_monsterinsights_sitenote_category":0,"footnotes":""},"class_list":["post-10223","page","type-page","status-publish","hentry"],"acf":[],"yoast_head":"<!-- This site is optimized with the Yoast SEO plugin v27.4 - https:\/\/yoast.com\/product\/yoast-seo-wordpress\/ -->\n<title>HIFEM (High-Intensity Focused Electromagnetic) teknologiaa k\u00e4ytt\u00e4v\u00e4 SKULPTOR ONE S vartalon tehokkaaseen muotoiluun - MEDICAL SPA NARVA-J\u00d5ESUU<\/title>\n<meta name=\"robots\" content=\"index, follow, max-snippet:-1, max-image-preview:large, max-video-preview:-1\" \/>\n<link rel=\"canonical\" href=\"https:\/\/narvajoesuu.ee\/fi\/kylpylaloma\/tehokkaat-ja-ainutlaatuiset-laitehoidot-kasvoille-ja-vartalolle\/hifem-high-intensity-focused-electromagnetic-teknologiaa-kayttava-skulptor-one-s-vartalon-tehokkaaseen-muotoiluun\/\" \/>\n<meta property=\"og:locale\" content=\"fi_FI\" \/>\n<meta property=\"og:type\" content=\"article\" \/>\n<meta property=\"og:title\" content=\"HIFEM (High-Intensity Focused Electromagnetic) teknologiaa k\u00e4ytt\u00e4v\u00e4 SKULPTOR ONE S vartalon tehokkaaseen muotoiluun - MEDICAL SPA NARVA-J\u00d5ESUU\" \/>\n<meta property=\"og:description\" content=\"Sculptor One S on t\u00e4ydennetty laite vartalon ja \u201ebrasilialaisten pakaroiden\u201c muotoiluun. Valitusta ohjelmasta riippuen tuloksena on lihasten vahvistaminen, rasvakudoksen v\u00e4heneminen...\" \/>\n<meta property=\"og:url\" content=\"https:\/\/narvajoesuu.ee\/fi\/kylpylaloma\/tehokkaat-ja-ainutlaatuiset-laitehoidot-kasvoille-ja-vartalolle\/hifem-high-intensity-focused-electromagnetic-teknologiaa-kayttava-skulptor-one-s-vartalon-tehokkaaseen-muotoiluun\/\" \/>\n<meta property=\"og:site_name\" content=\"MEDICAL SPA NARVA-J\u00d5ESUU\" \/>\n<meta property=\"article:modified_time\" content=\"2024-05-06T11:22:35+00:00\" \/>\n<meta property=\"og:image\" content=\"https:\/\/narvajoesuu.ee\/wp-content\/uploads\/2021\/10\/photo_2021-10-06_16-36-51.jpg\" \/>\n<meta name=\"twitter:card\" content=\"summary_large_image\" \/>\n<meta name=\"twitter:label1\" content=\"Arvioitu lukuaika\" \/>\n\t<meta name=\"twitter:data1\" content=\"2 minuuttia\" \/>\n<script type=\"application\/ld+json\" class=\"yoast-schema-graph\">{\"@context\":\"https:\\\/\\\/schema.org\",\"@graph\":[{\"@type\":\"WebPage\",\"@id\":\"https:\\\/\\\/narvajoesuu.ee\\\/fi\\\/kylpylaloma\\\/tehokkaat-ja-ainutlaatuiset-laitehoidot-kasvoille-ja-vartalolle\\\/hifem-high-intensity-focused-electromagnetic-teknologiaa-kayttava-skulptor-one-s-vartalon-tehokkaaseen-muotoiluun\\\/\",\"url\":\"https:\\\/\\\/narvajoesuu.ee\\\/fi\\\/kylpylaloma\\\/tehokkaat-ja-ainutlaatuiset-laitehoidot-kasvoille-ja-vartalolle\\\/hifem-high-intensity-focused-electromagnetic-teknologiaa-kayttava-skulptor-one-s-vartalon-tehokkaaseen-muotoiluun\\\/\",\"name\":\"HIFEM (High-Intensity Focused Electromagnetic) teknologiaa k\u00e4ytt\u00e4v\u00e4 SKULPTOR ONE S vartalon tehokkaaseen muotoiluun - MEDICAL SPA NARVA-J\u00d5ESUU\",\"isPartOf\":{\"@id\":\"https:\\\/\\\/narvajoesuu.ee\\\/#website\"},\"primaryImageOfPage\":{\"@id\":\"https:\\\/\\\/narvajoesuu.ee\\\/fi\\\/kylpylaloma\\\/tehokkaat-ja-ainutlaatuiset-laitehoidot-kasvoille-ja-vartalolle\\\/hifem-high-intensity-focused-electromagnetic-teknologiaa-kayttava-skulptor-one-s-vartalon-tehokkaaseen-muotoiluun\\\/#primaryimage\"},\"image\":{\"@id\":\"https:\\\/\\\/narvajoesuu.ee\\\/fi\\\/kylpylaloma\\\/tehokkaat-ja-ainutlaatuiset-laitehoidot-kasvoille-ja-vartalolle\\\/hifem-high-intensity-focused-electromagnetic-teknologiaa-kayttava-skulptor-one-s-vartalon-tehokkaaseen-muotoiluun\\\/#primaryimage\"},\"thumbnailUrl\":\"https:\\\/\\\/narvajoesuu.ee\\\/wp-content\\\/uploads\\\/2021\\\/10\\\/photo_2021-10-06_16-36-51.jpg\",\"datePublished\":\"2021-10-27T10:19:40+00:00\",\"dateModified\":\"2024-05-06T11:22:35+00:00\",\"breadcrumb\":{\"@id\":\"https:\\\/\\\/narvajoesuu.ee\\\/fi\\\/kylpylaloma\\\/tehokkaat-ja-ainutlaatuiset-laitehoidot-kasvoille-ja-vartalolle\\\/hifem-high-intensity-focused-electromagnetic-teknologiaa-kayttava-skulptor-one-s-vartalon-tehokkaaseen-muotoiluun\\\/#breadcrumb\"},\"inLanguage\":\"fi\",\"potentialAction\":[{\"@type\":\"ReadAction\",\"target\":[\"https:\\\/\\\/narvajoesuu.ee\\\/fi\\\/kylpylaloma\\\/tehokkaat-ja-ainutlaatuiset-laitehoidot-kasvoille-ja-vartalolle\\\/hifem-high-intensity-focused-electromagnetic-teknologiaa-kayttava-skulptor-one-s-vartalon-tehokkaaseen-muotoiluun\\\/\"]}]},{\"@type\":\"ImageObject\",\"inLanguage\":\"fi\",\"@id\":\"https:\\\/\\\/narvajoesuu.ee\\\/fi\\\/kylpylaloma\\\/tehokkaat-ja-ainutlaatuiset-laitehoidot-kasvoille-ja-vartalolle\\\/hifem-high-intensity-focused-electromagnetic-teknologiaa-kayttava-skulptor-one-s-vartalon-tehokkaaseen-muotoiluun\\\/#primaryimage\",\"url\":\"https:\\\/\\\/narvajoesuu.ee\\\/wp-content\\\/uploads\\\/2021\\\/10\\\/photo_2021-10-06_16-36-51.jpg\",\"contentUrl\":\"https:\\\/\\\/narvajoesuu.ee\\\/wp-content\\\/uploads\\\/2021\\\/10\\\/photo_2021-10-06_16-36-51.jpg\"},{\"@type\":\"BreadcrumbList\",\"@id\":\"https:\\\/\\\/narvajoesuu.ee\\\/fi\\\/kylpylaloma\\\/tehokkaat-ja-ainutlaatuiset-laitehoidot-kasvoille-ja-vartalolle\\\/hifem-high-intensity-focused-electromagnetic-teknologiaa-kayttava-skulptor-one-s-vartalon-tehokkaaseen-muotoiluun\\\/#breadcrumb\",\"itemListElement\":[{\"@type\":\"ListItem\",\"position\":1,\"name\":\"Home\",\"item\":\"https:\\\/\\\/narvajoesuu.ee\\\/fi\\\/\"},{\"@type\":\"ListItem\",\"position\":2,\"name\":\"Kylpyl\u00e4loma\",\"item\":\"https:\\\/\\\/narvajoesuu.ee\\\/fi\\\/kylpylaloma\\\/\"},{\"@type\":\"ListItem\",\"position\":3,\"name\":\"Kosmeettisia ja l\u00e4\u00e4ketieteellisi\u00e4 uutuuksia nuoruuden, laihdutuksen, kauneuden ja terveyden tukemiseksi\",\"item\":\"https:\\\/\\\/narvajoesuu.ee\\\/fi\\\/kylpylaloma\\\/tehokkaat-ja-ainutlaatuiset-laitehoidot-kasvoille-ja-vartalolle\\\/\"},{\"@type\":\"ListItem\",\"position\":4,\"name\":\"HIFEM (High-Intensity Focused Electromagnetic) teknologiaa k\u00e4ytt\u00e4v\u00e4 SKULPTOR ONE S vartalon tehokkaaseen muotoiluun\"}]},{\"@type\":\"WebSite\",\"@id\":\"https:\\\/\\\/narvajoesuu.ee\\\/#website\",\"url\":\"https:\\\/\\\/narvajoesuu.ee\\\/\",\"name\":\"MEDICAL SPA NARVA-J\u00d5ESUU\",\"description\":\"\",\"publisher\":{\"@id\":\"https:\\\/\\\/narvajoesuu.ee\\\/#organization\"},\"potentialAction\":[{\"@type\":\"SearchAction\",\"target\":{\"@type\":\"EntryPoint\",\"urlTemplate\":\"https:\\\/\\\/narvajoesuu.ee\\\/?s={search_term_string}\"},\"query-input\":{\"@type\":\"PropertyValueSpecification\",\"valueRequired\":true,\"valueName\":\"search_term_string\"}}],\"inLanguage\":\"fi\"},{\"@type\":\"Organization\",\"@id\":\"https:\\\/\\\/narvajoesuu.ee\\\/#organization\",\"name\":\"Narva-J\u00f5esuu Medical SPA\",\"url\":\"https:\\\/\\\/narvajoesuu.ee\\\/\",\"logo\":{\"@type\":\"ImageObject\",\"inLanguage\":\"fi\",\"@id\":\"https:\\\/\\\/narvajoesuu.ee\\\/#\\\/schema\\\/logo\\\/image\\\/\",\"url\":\"https:\\\/\\\/narvajoesuu.ee\\\/wp-content\\\/uploads\\\/2020\\\/10\\\/narvajoesuu-logo-small.png\",\"contentUrl\":\"https:\\\/\\\/narvajoesuu.ee\\\/wp-content\\\/uploads\\\/2020\\\/10\\\/narvajoesuu-logo-small.png\",\"width\":170,\"height\":170,\"caption\":\"Narva-J\u00f5esuu Medical SPA\"},\"image\":{\"@id\":\"https:\\\/\\\/narvajoesuu.ee\\\/#\\\/schema\\\/logo\\\/image\\\/\"}}]}<\/script>\n<!-- \/ Yoast SEO plugin. -->","yoast_head_json":{"title":"HIFEM (High-Intensity Focused Electromagnetic) teknologiaa k\u00e4ytt\u00e4v\u00e4 SKULPTOR ONE S vartalon tehokkaaseen muotoiluun - MEDICAL SPA NARVA-J\u00d5ESUU","robots":{"index":"index","follow":"follow","max-snippet":"max-snippet:-1","max-image-preview":"max-image-preview:large","max-video-preview":"max-video-preview:-1"},"canonical":"https:\/\/narvajoesuu.ee\/fi\/kylpylaloma\/tehokkaat-ja-ainutlaatuiset-laitehoidot-kasvoille-ja-vartalolle\/hifem-high-intensity-focused-electromagnetic-teknologiaa-kayttava-skulptor-one-s-vartalon-tehokkaaseen-muotoiluun\/","og_locale":"fi_FI","og_type":"article","og_title":"HIFEM (High-Intensity Focused Electromagnetic) teknologiaa k\u00e4ytt\u00e4v\u00e4 SKULPTOR ONE S vartalon tehokkaaseen muotoiluun - MEDICAL SPA NARVA-J\u00d5ESUU","og_description":"Sculptor One S on t\u00e4ydennetty laite vartalon ja \u201ebrasilialaisten pakaroiden\u201c muotoiluun. Valitusta ohjelmasta riippuen tuloksena on lihasten vahvistaminen, rasvakudoksen v\u00e4heneminen...","og_url":"https:\/\/narvajoesuu.ee\/fi\/kylpylaloma\/tehokkaat-ja-ainutlaatuiset-laitehoidot-kasvoille-ja-vartalolle\/hifem-high-intensity-focused-electromagnetic-teknologiaa-kayttava-skulptor-one-s-vartalon-tehokkaaseen-muotoiluun\/","og_site_name":"MEDICAL SPA NARVA-J\u00d5ESUU","article_modified_time":"2024-05-06T11:22:35+00:00","og_image":[{"url":"https:\/\/narvajoesuu.ee\/wp-content\/uploads\/2021\/10\/photo_2021-10-06_16-36-51.jpg","type":"","width":"","height":""}],"twitter_card":"summary_large_image","twitter_misc":{"Arvioitu lukuaika":"2 minuuttia"},"schema":{"@context":"https:\/\/schema.org","@graph":[{"@type":"WebPage","@id":"https:\/\/narvajoesuu.ee\/fi\/kylpylaloma\/tehokkaat-ja-ainutlaatuiset-laitehoidot-kasvoille-ja-vartalolle\/hifem-high-intensity-focused-electromagnetic-teknologiaa-kayttava-skulptor-one-s-vartalon-tehokkaaseen-muotoiluun\/","url":"https:\/\/narvajoesuu.ee\/fi\/kylpylaloma\/tehokkaat-ja-ainutlaatuiset-laitehoidot-kasvoille-ja-vartalolle\/hifem-high-intensity-focused-electromagnetic-teknologiaa-kayttava-skulptor-one-s-vartalon-tehokkaaseen-muotoiluun\/","name":"HIFEM (High-Intensity Focused Electromagnetic) teknologiaa k\u00e4ytt\u00e4v\u00e4 SKULPTOR ONE S vartalon tehokkaaseen muotoiluun - MEDICAL SPA NARVA-J\u00d5ESUU","isPartOf":{"@id":"https:\/\/narvajoesuu.ee\/#website"},"primaryImageOfPage":{"@id":"https:\/\/narvajoesuu.ee\/fi\/kylpylaloma\/tehokkaat-ja-ainutlaatuiset-laitehoidot-kasvoille-ja-vartalolle\/hifem-high-intensity-focused-electromagnetic-teknologiaa-kayttava-skulptor-one-s-vartalon-tehokkaaseen-muotoiluun\/#primaryimage"},"image":{"@id":"https:\/\/narvajoesuu.ee\/fi\/kylpylaloma\/tehokkaat-ja-ainutlaatuiset-laitehoidot-kasvoille-ja-vartalolle\/hifem-high-intensity-focused-electromagnetic-teknologiaa-kayttava-skulptor-one-s-vartalon-tehokkaaseen-muotoiluun\/#primaryimage"},"thumbnailUrl":"https:\/\/narvajoesuu.ee\/wp-content\/uploads\/2021\/10\/photo_2021-10-06_16-36-51.jpg","datePublished":"2021-10-27T10:19:40+00:00","dateModified":"2024-05-06T11:22:35+00:00","breadcrumb":{"@id":"https:\/\/narvajoesuu.ee\/fi\/kylpylaloma\/tehokkaat-ja-ainutlaatuiset-laitehoidot-kasvoille-ja-vartalolle\/hifem-high-intensity-focused-electromagnetic-teknologiaa-kayttava-skulptor-one-s-vartalon-tehokkaaseen-muotoiluun\/#breadcrumb"},"inLanguage":"fi","potentialAction":[{"@type":"ReadAction","target":["https:\/\/narvajoesuu.ee\/fi\/kylpylaloma\/tehokkaat-ja-ainutlaatuiset-laitehoidot-kasvoille-ja-vartalolle\/hifem-high-intensity-focused-electromagnetic-teknologiaa-kayttava-skulptor-one-s-vartalon-tehokkaaseen-muotoiluun\/"]}]},{"@type":"ImageObject","inLanguage":"fi","@id":"https:\/\/narvajoesuu.ee\/fi\/kylpylaloma\/tehokkaat-ja-ainutlaatuiset-laitehoidot-kasvoille-ja-vartalolle\/hifem-high-intensity-focused-electromagnetic-teknologiaa-kayttava-skulptor-one-s-vartalon-tehokkaaseen-muotoiluun\/#primaryimage","url":"https:\/\/narvajoesuu.ee\/wp-content\/uploads\/2021\/10\/photo_2021-10-06_16-36-51.jpg","contentUrl":"https:\/\/narvajoesuu.ee\/wp-content\/uploads\/2021\/10\/photo_2021-10-06_16-36-51.jpg"},{"@type":"BreadcrumbList","@id":"https:\/\/narvajoesuu.ee\/fi\/kylpylaloma\/tehokkaat-ja-ainutlaatuiset-laitehoidot-kasvoille-ja-vartalolle\/hifem-high-intensity-focused-electromagnetic-teknologiaa-kayttava-skulptor-one-s-vartalon-tehokkaaseen-muotoiluun\/#breadcrumb","itemListElement":[{"@type":"ListItem","position":1,"name":"Home","item":"https:\/\/narvajoesuu.ee\/fi\/"},{"@type":"ListItem","position":2,"name":"Kylpyl\u00e4loma","item":"https:\/\/narvajoesuu.ee\/fi\/kylpylaloma\/"},{"@type":"ListItem","position":3,"name":"Kosmeettisia ja l\u00e4\u00e4ketieteellisi\u00e4 uutuuksia nuoruuden, laihdutuksen, kauneuden ja terveyden tukemiseksi","item":"https:\/\/narvajoesuu.ee\/fi\/kylpylaloma\/tehokkaat-ja-ainutlaatuiset-laitehoidot-kasvoille-ja-vartalolle\/"},{"@type":"ListItem","position":4,"name":"HIFEM (High-Intensity Focused Electromagnetic) teknologiaa k\u00e4ytt\u00e4v\u00e4 SKULPTOR ONE S vartalon tehokkaaseen muotoiluun"}]},{"@type":"WebSite","@id":"https:\/\/narvajoesuu.ee\/#website","url":"https:\/\/narvajoesuu.ee\/","name":"MEDICAL SPA NARVA-J\u00d5ESUU","description":"","publisher":{"@id":"https:\/\/narvajoesuu.ee\/#organization"},"potentialAction":[{"@type":"SearchAction","target":{"@type":"EntryPoint","urlTemplate":"https:\/\/narvajoesuu.ee\/?s={search_term_string}"},"query-input":{"@type":"PropertyValueSpecification","valueRequired":true,"valueName":"search_term_string"}}],"inLanguage":"fi"},{"@type":"Organization","@id":"https:\/\/narvajoesuu.ee\/#organization","name":"Narva-J\u00f5esuu Medical SPA","url":"https:\/\/narvajoesuu.ee\/","logo":{"@type":"ImageObject","inLanguage":"fi","@id":"https:\/\/narvajoesuu.ee\/#\/schema\/logo\/image\/","url":"https:\/\/narvajoesuu.ee\/wp-content\/uploads\/2020\/10\/narvajoesuu-logo-small.png","contentUrl":"https:\/\/narvajoesuu.ee\/wp-content\/uploads\/2020\/10\/narvajoesuu-logo-small.png","width":170,"height":170,"caption":"Narva-J\u00f5esuu Medical SPA"},"image":{"@id":"https:\/\/narvajoesuu.ee\/#\/schema\/logo\/image\/"}}]}},"uagb_featured_image_src":{"full":false,"thumbnail":false,"medium":false,"medium_large":false,"large":false,"1536x1536":false,"2048x2048":false,"img-1920x550":false,"img-1920x320":false,"img-1920x200":false,"img-670x480":false,"img-570x280":false,"img-507":false,"img-370x240":false,"img-400x250":false,"img-370x175":false,"img-370x120":false,"img-300":false,"img-170":false},"uagb_author_info":{"display_name":"Darja","author_link":"https:\/\/narvajoesuu.ee\/fi\/author\/darja\/"},"uagb_comment_info":0,"uagb_excerpt":"Sculptor One S on t\u00e4ydennetty laite vartalon ja \u201ebrasilialaisten pakaroiden\u201c muotoiluun. Valitusta ohjelmasta riippuen tuloksena on lihasten vahvistaminen, rasvakudoksen v\u00e4heneminen...","_links":{"self":[{"href":"https:\/\/narvajoesuu.ee\/fi\/wp-json\/wp\/v2\/pages\/10223","targetHints":{"allow":["GET"]}}],"collection":[{"href":"https:\/\/narvajoesuu.ee\/fi\/wp-json\/wp\/v2\/pages"}],"about":[{"href":"https:\/\/narvajoesuu.ee\/fi\/wp-json\/wp\/v2\/types\/page"}],"author":[{"embeddable":true,"href":"https:\/\/narvajoesuu.ee\/fi\/wp-json\/wp\/v2\/users\/2"}],"replies":[{"embeddable":true,"href":"https:\/\/narvajoesuu.ee\/fi\/wp-json\/wp\/v2\/comments?post=10223"}],"version-history":[{"count":11,"href":"https:\/\/narvajoesuu.ee\/fi\/wp-json\/wp\/v2\/pages\/10223\/revisions"}],"predecessor-version":[{"id":18773,"href":"https:\/\/narvajoesuu.ee\/fi\/wp-json\/wp\/v2\/pages\/10223\/revisions\/18773"}],"up":[{"embeddable":true,"href":"https:\/\/narvajoesuu.ee\/fi\/wp-json\/wp\/v2\/pages\/10271"}],"wp:attachment":[{"href":"https:\/\/narvajoesuu.ee\/fi\/wp-json\/wp\/v2\/media?parent=10223"}],"curies":[{"name":"wp","href":"https:\/\/api.w.org\/{rel}","templated":true}]}}