{"id":10220,"date":"2021-10-27T13:44:45","date_gmt":"2021-10-27T10:44:45","guid":{"rendered":"https:\/\/narvajoesuu.ee\/cryovac-kruolipoluus-mittekirurgiline-rasvaimu\/"},"modified":"2026-02-26T13:28:45","modified_gmt":"2026-02-26T11:28:45","slug":"cryovac-kryolipolyysi-ei-invasiivinen-rasvaimu","status":"publish","type":"page","link":"https:\/\/narvajoesuu.ee\/fi\/kylpylaloma\/tehokkaat-ja-ainutlaatuiset-laitehoidot-kasvoille-ja-vartalolle\/cryovac-kryolipolyysi-ei-invasiivinen-rasvaimu\/","title":{"rendered":"CryoVAC (kryolipolyysi)"},"content":{"rendered":"\n<p class=\"wp-el\">CryoVAC-laitteen suuttimeen vedet\u00e4\u00e4n tyhji\u00f6n avulla rasvapoimu. Suutin ohjaa rasvasolujen j\u00e4\u00e4hdytyst\u00e4 ja h\u00e4vitt\u00e4\u00e4 ne. Hoidon j\u00e4lkeen poistuvat rasvakudoksen solut elimist\u00f6st\u00e4 lymfakierron v\u00e4lityksell\u00e4 kahdessa kuukaudessa. Yhden hoitokerran aikana voi k\u00e4sitell\u00e4 enint\u00e4\u00e4n kahta aluetta.<\/p>\n\n\n\n<figure class=\"wp-block-image size-full\"><img loading=\"lazy\" decoding=\"async\" width=\"931\" height=\"643\" src=\"https:\/\/narvajoesuu.ee\/wp-content\/uploads\/2021\/10\/\u0434\u043e-\u043f\u043e\u0441\u043b\u0435-\u0440\u0435\u0437\u0443\u043b\u044c\u0442\u0430\u0442\u044b-2.png\" alt=\"\" class=\"wp-image-7941\"\/><\/figure>\n\n\n\n<div class=\"wp-block-columns is-layout-flex wp-container-core-columns-is-layout-9d6595d7 wp-block-columns-is-layout-flex\">\n<div class=\"wp-block-column is-layout-flow wp-block-column-is-layout-flow\">\n<h4 class=\"wp-block-heading wp-el\">HOIDON KUVAUS<\/h4>\n\n\n\n<ul class=\"wp-block-list wp-el\">\n<li>Hoito perustuu kylm\u00e4n selektiiviseen vaikutukseen rasvakerrokselle. T\u00e4m\u00e4 tarkoittaa, ett\u00e4 asiakas kokee k\u00e4sitelt\u00e4v\u00e4ll\u00e4 alueella vain liev\u00e4\u00e4 tunnottomuutta.<\/li>\n\n\n\n<li>Asiantuntija kartoittaa ennen hoitoa ongelma-alueet ja k\u00e4sitelt\u00e4ville alueille levitet\u00e4\u00e4n erillist\u00e4 suojavoidetta. CryoVAC-laitteen suuttimeen vedet\u00e4\u00e4n tyhji\u00f6n avulla rasvapoimu. Suutin ohjaa rasvasolujen j\u00e4\u00e4hdytyst\u00e4 ja h\u00e4vitt\u00e4\u00e4 ne. Hoidon j\u00e4lkeen poistuvat rasvakudoksen solut elimist\u00f6st\u00e4 lymfakierron v\u00e4lityksell\u00e4 kahdessa kuukaudessa.<\/li>\n\n\n\n<li>Yhden hoitokerran aikana voi k\u00e4sitell\u00e4 enint\u00e4\u00e4n kahta aluetta. Hoito kest\u00e4\u00e4 65 minuuttia. Jokaista aluetta suositellaan k\u00e4sittelem\u00e4\u00e4n 3 kertaa vuodessa. Yhden alueen k\u00e4sittelyv\u00e4li on tavallisesti yksi kuukausi.<\/li>\n<\/ul>\n<\/div>\n\n\n\n<div class=\"wp-block-column is-layout-flow wp-block-column-is-layout-flow\">\n<h4 class=\"wp-block-heading wp-el\">CRYOVACIN EDUT<\/h4>\n\n\n\n<ul class=\"wp-block-list wp-el\">\n<li>Voimakas paikallinen vaikutus. Hoidon tulos n\u00e4kyy 2-4 viikon kuluttua, enimm\u00e4isvaikutus ilmenee 2 kuukauden j\u00e4lkeen.<\/li>\n\n\n\n<li>Yhden kryolipolyysihoidon aikana poistetaan korjattavalta alueelta jopa 30% rasvakerroksesta. Suosittelemme toistamaan hoidon kuukauden j\u00e4lkeen, koska sill\u00e4 voi menett\u00e4\u00e4 jopa 50% rasvakudoksesta (yhden alueen hoitojen v\u00e4li on yksi kuukausi).<\/li>\n\n\n\n<li>Hoito ei aiheuta elimist\u00f6lle stressi\u00e4.<\/li>\n\n\n\n<li>Muiden hoitojen kanssa (Endoreverse VR3 ja <a href=\"https:\/\/narvajoesuu.ee\/fi\/kylpylaloma\/tehokkaat-ja-ainutlaatuiset-laitehoidot-kasvoille-ja-vartalolle\/hifem-high-intensity-focused-electromagnetic-teknologiaa-kayttava-skulptor-one-s-vartalon-tehokkaaseen-muotoiluun\/\">Skulptor One S<\/a>) yhdistettyn\u00e4 keho saa viettelev\u00e4n muodon.<\/li>\n\n\n\n<li>Monista muista menetelmist\u00e4 poiketen voi kryolipolyysin j\u00e4lkeen heti siirty\u00e4 hoitamaan omia asioita ja palautumisaikaa ei tarvita.<\/li>\n<\/ul>\n<\/div>\n<\/div>\n\n\n\n<h4 class=\"wp-block-heading wp-el\">Hoito sopii seuraavien ongelmien poistoon<\/h4>\n\n\n\n<figure class=\"wp-block-image size-large\"><img loading=\"lazy\" decoding=\"async\" width=\"1024\" height=\"435\" src=\"https:\/\/narvajoesuu.ee\/wp-content\/uploads\/2021\/09\/1-1-1024x435.png\" alt=\"\" class=\"wp-image-6865\"\/><\/figure>\n\n\n\n<ul class=\"wp-block-list wp-el\">\n<li>Rasvakudoksen kertyminen vatsalle, sel\u00e4lle ja reisille<\/li>\n\n\n\n<li>Selluliitti, vartalon muotoilun tarve ja liikapaino<\/li>\n<\/ul>\n\n\n\n<h4 class=\"wp-block-heading wp-el\">Vasta-aiheet<\/h4>\n\n\n\n<ul class=\"wp-block-list wp-el\">\n<li>raskaus<\/li>\n\n\n\n<li>onkologiset sairaudet<\/li>\n\n\n\n<li>ep\u00e4normaali reaktio kylm\u00e4\u00e4n<\/li>\n\n\n\n<li>syd\u00e4mentahdistin<\/li>\n\n\n\n<li>vakavat munuais- ja maksasairaudet<\/li>\n\n\n\n<li>avoimet haavat k\u00e4sitelt\u00e4v\u00e4ll\u00e4 alueella<\/li>\n\n\n\n<li>tartuntataudit ja autoimmuunisairaudet<\/li>\n\n\n\n<li>kroonisten sairauksien paheneminen<\/li>\n<\/ul>\n\n\n\n<h4 class=\"wp-block-heading wp-el\">Hinta<\/h4>\n\n\n\n<figure class=\"wp-block-table is-style-stripes\"><table><tbody><tr><td>CryoVAC hoito  (1 alue, 65 min. x 1 kertaa)  <\/td><td><em>95 \u20ac<\/em><\/td><\/tr><tr><td>CryoVAC hoitokuurin hinta (1 alue, 65 min. x 3 kertaa) <\/td><td><em>228 \u20ac<\/em><\/td><\/tr><\/tbody><\/table><\/figure>\n\n\n<div class=\"b-block pad-top-30 pad-bottom-20\"><div class=\"p-emphasis b-part container-p0 p-emphasis--info\"><div><strong>Lis\u00e4tiedot ja varaukset:<\/strong><br \/>\nPuh: +372 35 99 523<br \/>\nS\u00e4hkoposti: ilu@narvajoesuu.ee<\/div>\n<div><\/div>\n<\/div><\/div>","protected":false},"excerpt":{"rendered":"<p>CryoVAC-laitteen suuttimeen vedet\u00e4\u00e4n tyhji\u00f6n avulla rasvapoimu. Suutin ohjaa rasvasolujen j\u00e4\u00e4hdytyst\u00e4 ja h\u00e4vitt\u00e4\u00e4 ne. Hoidon j\u00e4lkeen poistuvat rasvakudoksen solut elimist\u00f6st\u00e4 lymfakierron&#8230;<\/p>\n","protected":false},"author":2,"featured_media":0,"parent":10271,"menu_order":246,"comment_status":"closed","ping_status":"closed","template":"","meta":{"_acf_changed":false,"_uag_custom_page_level_css":"","_monsterinsights_skip_tracking":false,"_monsterinsights_sitenote_active":false,"_monsterinsights_sitenote_note":"","_monsterinsights_sitenote_category":0,"footnotes":""},"class_list":["post-10220","page","type-page","status-publish","hentry"],"acf":[],"yoast_head":"<!-- This site is optimized with the Yoast SEO plugin v27.3 - https:\/\/yoast.com\/product\/yoast-seo-wordpress\/ -->\n<title>CryoVAC (kryolipolyysi) - MEDICAL SPA NARVA-J\u00d5ESUU<\/title>\n<meta name=\"robots\" content=\"index, follow, max-snippet:-1, max-image-preview:large, max-video-preview:-1\" \/>\n<link rel=\"canonical\" href=\"https:\/\/narvajoesuu.ee\/fi\/kylpylaloma\/tehokkaat-ja-ainutlaatuiset-laitehoidot-kasvoille-ja-vartalolle\/cryovac-kryolipolyysi-ei-invasiivinen-rasvaimu\/\" \/>\n<meta property=\"og:locale\" content=\"fi_FI\" \/>\n<meta property=\"og:type\" content=\"article\" \/>\n<meta property=\"og:title\" content=\"CryoVAC (kryolipolyysi) - MEDICAL SPA NARVA-J\u00d5ESUU\" \/>\n<meta property=\"og:description\" content=\"CryoVAC-laitteen suuttimeen vedet\u00e4\u00e4n tyhji\u00f6n avulla rasvapoimu. Suutin ohjaa rasvasolujen j\u00e4\u00e4hdytyst\u00e4 ja h\u00e4vitt\u00e4\u00e4 ne. Hoidon j\u00e4lkeen poistuvat rasvakudoksen solut elimist\u00f6st\u00e4 lymfakierron...\" \/>\n<meta property=\"og:url\" content=\"https:\/\/narvajoesuu.ee\/fi\/kylpylaloma\/tehokkaat-ja-ainutlaatuiset-laitehoidot-kasvoille-ja-vartalolle\/cryovac-kryolipolyysi-ei-invasiivinen-rasvaimu\/\" \/>\n<meta property=\"og:site_name\" content=\"MEDICAL SPA NARVA-J\u00d5ESUU\" \/>\n<meta property=\"article:modified_time\" content=\"2026-02-26T11:28:45+00:00\" \/>\n<meta property=\"og:image\" content=\"https:\/\/narvajoesuu.ee\/wp-content\/uploads\/2021\/09\/1-1-1024x435.png\" \/>\n<meta name=\"twitter:card\" content=\"summary_large_image\" \/>\n<meta name=\"twitter:label1\" content=\"Arvioitu lukuaika\" \/>\n\t<meta name=\"twitter:data1\" content=\"2 minuuttia\" \/>\n<script type=\"application\/ld+json\" class=\"yoast-schema-graph\">{\"@context\":\"https:\\\/\\\/schema.org\",\"@graph\":[{\"@type\":\"WebPage\",\"@id\":\"https:\\\/\\\/narvajoesuu.ee\\\/fi\\\/kylpylaloma\\\/tehokkaat-ja-ainutlaatuiset-laitehoidot-kasvoille-ja-vartalolle\\\/cryovac-kryolipolyysi-ei-invasiivinen-rasvaimu\\\/\",\"url\":\"https:\\\/\\\/narvajoesuu.ee\\\/fi\\\/kylpylaloma\\\/tehokkaat-ja-ainutlaatuiset-laitehoidot-kasvoille-ja-vartalolle\\\/cryovac-kryolipolyysi-ei-invasiivinen-rasvaimu\\\/\",\"name\":\"CryoVAC (kryolipolyysi) - MEDICAL SPA NARVA-J\u00d5ESUU\",\"isPartOf\":{\"@id\":\"https:\\\/\\\/narvajoesuu.ee\\\/#website\"},\"primaryImageOfPage\":{\"@id\":\"https:\\\/\\\/narvajoesuu.ee\\\/fi\\\/kylpylaloma\\\/tehokkaat-ja-ainutlaatuiset-laitehoidot-kasvoille-ja-vartalolle\\\/cryovac-kryolipolyysi-ei-invasiivinen-rasvaimu\\\/#primaryimage\"},\"image\":{\"@id\":\"https:\\\/\\\/narvajoesuu.ee\\\/fi\\\/kylpylaloma\\\/tehokkaat-ja-ainutlaatuiset-laitehoidot-kasvoille-ja-vartalolle\\\/cryovac-kryolipolyysi-ei-invasiivinen-rasvaimu\\\/#primaryimage\"},\"thumbnailUrl\":\"https:\\\/\\\/narvajoesuu.ee\\\/wp-content\\\/uploads\\\/2021\\\/09\\\/1-1-1024x435.png\",\"datePublished\":\"2021-10-27T10:44:45+00:00\",\"dateModified\":\"2026-02-26T11:28:45+00:00\",\"breadcrumb\":{\"@id\":\"https:\\\/\\\/narvajoesuu.ee\\\/fi\\\/kylpylaloma\\\/tehokkaat-ja-ainutlaatuiset-laitehoidot-kasvoille-ja-vartalolle\\\/cryovac-kryolipolyysi-ei-invasiivinen-rasvaimu\\\/#breadcrumb\"},\"inLanguage\":\"fi\",\"potentialAction\":[{\"@type\":\"ReadAction\",\"target\":[\"https:\\\/\\\/narvajoesuu.ee\\\/fi\\\/kylpylaloma\\\/tehokkaat-ja-ainutlaatuiset-laitehoidot-kasvoille-ja-vartalolle\\\/cryovac-kryolipolyysi-ei-invasiivinen-rasvaimu\\\/\"]}]},{\"@type\":\"ImageObject\",\"inLanguage\":\"fi\",\"@id\":\"https:\\\/\\\/narvajoesuu.ee\\\/fi\\\/kylpylaloma\\\/tehokkaat-ja-ainutlaatuiset-laitehoidot-kasvoille-ja-vartalolle\\\/cryovac-kryolipolyysi-ei-invasiivinen-rasvaimu\\\/#primaryimage\",\"url\":\"https:\\\/\\\/narvajoesuu.ee\\\/wp-content\\\/uploads\\\/2021\\\/09\\\/1-1-1024x435.png\",\"contentUrl\":\"https:\\\/\\\/narvajoesuu.ee\\\/wp-content\\\/uploads\\\/2021\\\/09\\\/1-1-1024x435.png\"},{\"@type\":\"BreadcrumbList\",\"@id\":\"https:\\\/\\\/narvajoesuu.ee\\\/fi\\\/kylpylaloma\\\/tehokkaat-ja-ainutlaatuiset-laitehoidot-kasvoille-ja-vartalolle\\\/cryovac-kryolipolyysi-ei-invasiivinen-rasvaimu\\\/#breadcrumb\",\"itemListElement\":[{\"@type\":\"ListItem\",\"position\":1,\"name\":\"Home\",\"item\":\"https:\\\/\\\/narvajoesuu.ee\\\/fi\\\/\"},{\"@type\":\"ListItem\",\"position\":2,\"name\":\"Kylpyl\u00e4loma\",\"item\":\"https:\\\/\\\/narvajoesuu.ee\\\/fi\\\/kylpylaloma\\\/\"},{\"@type\":\"ListItem\",\"position\":3,\"name\":\"Kosmeettisia ja l\u00e4\u00e4ketieteellisi\u00e4 uutuuksia nuoruuden, laihdutuksen, kauneuden ja terveyden tukemiseksi\",\"item\":\"https:\\\/\\\/narvajoesuu.ee\\\/fi\\\/kylpylaloma\\\/tehokkaat-ja-ainutlaatuiset-laitehoidot-kasvoille-ja-vartalolle\\\/\"},{\"@type\":\"ListItem\",\"position\":4,\"name\":\"CryoVAC (kryolipolyysi)\"}]},{\"@type\":\"WebSite\",\"@id\":\"https:\\\/\\\/narvajoesuu.ee\\\/#website\",\"url\":\"https:\\\/\\\/narvajoesuu.ee\\\/\",\"name\":\"MEDICAL SPA NARVA-J\u00d5ESUU\",\"description\":\"\",\"publisher\":{\"@id\":\"https:\\\/\\\/narvajoesuu.ee\\\/#organization\"},\"potentialAction\":[{\"@type\":\"SearchAction\",\"target\":{\"@type\":\"EntryPoint\",\"urlTemplate\":\"https:\\\/\\\/narvajoesuu.ee\\\/?s={search_term_string}\"},\"query-input\":{\"@type\":\"PropertyValueSpecification\",\"valueRequired\":true,\"valueName\":\"search_term_string\"}}],\"inLanguage\":\"fi\"},{\"@type\":\"Organization\",\"@id\":\"https:\\\/\\\/narvajoesuu.ee\\\/#organization\",\"name\":\"Narva-J\u00f5esuu Medical SPA\",\"url\":\"https:\\\/\\\/narvajoesuu.ee\\\/\",\"logo\":{\"@type\":\"ImageObject\",\"inLanguage\":\"fi\",\"@id\":\"https:\\\/\\\/narvajoesuu.ee\\\/#\\\/schema\\\/logo\\\/image\\\/\",\"url\":\"https:\\\/\\\/narvajoesuu.ee\\\/wp-content\\\/uploads\\\/2020\\\/10\\\/narvajoesuu-logo-small.png\",\"contentUrl\":\"https:\\\/\\\/narvajoesuu.ee\\\/wp-content\\\/uploads\\\/2020\\\/10\\\/narvajoesuu-logo-small.png\",\"width\":170,\"height\":170,\"caption\":\"Narva-J\u00f5esuu Medical SPA\"},\"image\":{\"@id\":\"https:\\\/\\\/narvajoesuu.ee\\\/#\\\/schema\\\/logo\\\/image\\\/\"}}]}<\/script>\n<!-- \/ Yoast SEO plugin. -->","yoast_head_json":{"title":"CryoVAC (kryolipolyysi) - MEDICAL SPA NARVA-J\u00d5ESUU","robots":{"index":"index","follow":"follow","max-snippet":"max-snippet:-1","max-image-preview":"max-image-preview:large","max-video-preview":"max-video-preview:-1"},"canonical":"https:\/\/narvajoesuu.ee\/fi\/kylpylaloma\/tehokkaat-ja-ainutlaatuiset-laitehoidot-kasvoille-ja-vartalolle\/cryovac-kryolipolyysi-ei-invasiivinen-rasvaimu\/","og_locale":"fi_FI","og_type":"article","og_title":"CryoVAC (kryolipolyysi) - MEDICAL SPA NARVA-J\u00d5ESUU","og_description":"CryoVAC-laitteen suuttimeen vedet\u00e4\u00e4n tyhji\u00f6n avulla rasvapoimu. Suutin ohjaa rasvasolujen j\u00e4\u00e4hdytyst\u00e4 ja h\u00e4vitt\u00e4\u00e4 ne. Hoidon j\u00e4lkeen poistuvat rasvakudoksen solut elimist\u00f6st\u00e4 lymfakierron...","og_url":"https:\/\/narvajoesuu.ee\/fi\/kylpylaloma\/tehokkaat-ja-ainutlaatuiset-laitehoidot-kasvoille-ja-vartalolle\/cryovac-kryolipolyysi-ei-invasiivinen-rasvaimu\/","og_site_name":"MEDICAL SPA NARVA-J\u00d5ESUU","article_modified_time":"2026-02-26T11:28:45+00:00","og_image":[{"url":"https:\/\/narvajoesuu.ee\/wp-content\/uploads\/2021\/09\/1-1-1024x435.png","type":"","width":"","height":""}],"twitter_card":"summary_large_image","twitter_misc":{"Arvioitu lukuaika":"2 minuuttia"},"schema":{"@context":"https:\/\/schema.org","@graph":[{"@type":"WebPage","@id":"https:\/\/narvajoesuu.ee\/fi\/kylpylaloma\/tehokkaat-ja-ainutlaatuiset-laitehoidot-kasvoille-ja-vartalolle\/cryovac-kryolipolyysi-ei-invasiivinen-rasvaimu\/","url":"https:\/\/narvajoesuu.ee\/fi\/kylpylaloma\/tehokkaat-ja-ainutlaatuiset-laitehoidot-kasvoille-ja-vartalolle\/cryovac-kryolipolyysi-ei-invasiivinen-rasvaimu\/","name":"CryoVAC (kryolipolyysi) - MEDICAL SPA NARVA-J\u00d5ESUU","isPartOf":{"@id":"https:\/\/narvajoesuu.ee\/#website"},"primaryImageOfPage":{"@id":"https:\/\/narvajoesuu.ee\/fi\/kylpylaloma\/tehokkaat-ja-ainutlaatuiset-laitehoidot-kasvoille-ja-vartalolle\/cryovac-kryolipolyysi-ei-invasiivinen-rasvaimu\/#primaryimage"},"image":{"@id":"https:\/\/narvajoesuu.ee\/fi\/kylpylaloma\/tehokkaat-ja-ainutlaatuiset-laitehoidot-kasvoille-ja-vartalolle\/cryovac-kryolipolyysi-ei-invasiivinen-rasvaimu\/#primaryimage"},"thumbnailUrl":"https:\/\/narvajoesuu.ee\/wp-content\/uploads\/2021\/09\/1-1-1024x435.png","datePublished":"2021-10-27T10:44:45+00:00","dateModified":"2026-02-26T11:28:45+00:00","breadcrumb":{"@id":"https:\/\/narvajoesuu.ee\/fi\/kylpylaloma\/tehokkaat-ja-ainutlaatuiset-laitehoidot-kasvoille-ja-vartalolle\/cryovac-kryolipolyysi-ei-invasiivinen-rasvaimu\/#breadcrumb"},"inLanguage":"fi","potentialAction":[{"@type":"ReadAction","target":["https:\/\/narvajoesuu.ee\/fi\/kylpylaloma\/tehokkaat-ja-ainutlaatuiset-laitehoidot-kasvoille-ja-vartalolle\/cryovac-kryolipolyysi-ei-invasiivinen-rasvaimu\/"]}]},{"@type":"ImageObject","inLanguage":"fi","@id":"https:\/\/narvajoesuu.ee\/fi\/kylpylaloma\/tehokkaat-ja-ainutlaatuiset-laitehoidot-kasvoille-ja-vartalolle\/cryovac-kryolipolyysi-ei-invasiivinen-rasvaimu\/#primaryimage","url":"https:\/\/narvajoesuu.ee\/wp-content\/uploads\/2021\/09\/1-1-1024x435.png","contentUrl":"https:\/\/narvajoesuu.ee\/wp-content\/uploads\/2021\/09\/1-1-1024x435.png"},{"@type":"BreadcrumbList","@id":"https:\/\/narvajoesuu.ee\/fi\/kylpylaloma\/tehokkaat-ja-ainutlaatuiset-laitehoidot-kasvoille-ja-vartalolle\/cryovac-kryolipolyysi-ei-invasiivinen-rasvaimu\/#breadcrumb","itemListElement":[{"@type":"ListItem","position":1,"name":"Home","item":"https:\/\/narvajoesuu.ee\/fi\/"},{"@type":"ListItem","position":2,"name":"Kylpyl\u00e4loma","item":"https:\/\/narvajoesuu.ee\/fi\/kylpylaloma\/"},{"@type":"ListItem","position":3,"name":"Kosmeettisia ja l\u00e4\u00e4ketieteellisi\u00e4 uutuuksia nuoruuden, laihdutuksen, kauneuden ja terveyden tukemiseksi","item":"https:\/\/narvajoesuu.ee\/fi\/kylpylaloma\/tehokkaat-ja-ainutlaatuiset-laitehoidot-kasvoille-ja-vartalolle\/"},{"@type":"ListItem","position":4,"name":"CryoVAC (kryolipolyysi)"}]},{"@type":"WebSite","@id":"https:\/\/narvajoesuu.ee\/#website","url":"https:\/\/narvajoesuu.ee\/","name":"MEDICAL SPA NARVA-J\u00d5ESUU","description":"","publisher":{"@id":"https:\/\/narvajoesuu.ee\/#organization"},"potentialAction":[{"@type":"SearchAction","target":{"@type":"EntryPoint","urlTemplate":"https:\/\/narvajoesuu.ee\/?s={search_term_string}"},"query-input":{"@type":"PropertyValueSpecification","valueRequired":true,"valueName":"search_term_string"}}],"inLanguage":"fi"},{"@type":"Organization","@id":"https:\/\/narvajoesuu.ee\/#organization","name":"Narva-J\u00f5esuu Medical SPA","url":"https:\/\/narvajoesuu.ee\/","logo":{"@type":"ImageObject","inLanguage":"fi","@id":"https:\/\/narvajoesuu.ee\/#\/schema\/logo\/image\/","url":"https:\/\/narvajoesuu.ee\/wp-content\/uploads\/2020\/10\/narvajoesuu-logo-small.png","contentUrl":"https:\/\/narvajoesuu.ee\/wp-content\/uploads\/2020\/10\/narvajoesuu-logo-small.png","width":170,"height":170,"caption":"Narva-J\u00f5esuu Medical SPA"},"image":{"@id":"https:\/\/narvajoesuu.ee\/#\/schema\/logo\/image\/"}}]}},"uagb_featured_image_src":{"full":false,"thumbnail":false,"medium":false,"medium_large":false,"large":false,"1536x1536":false,"2048x2048":false,"img-1920x550":false,"img-1920x320":false,"img-1920x200":false,"img-670x480":false,"img-570x280":false,"img-507":false,"img-370x240":false,"img-400x250":false,"img-370x175":false,"img-370x120":false,"img-300":false,"img-170":false},"uagb_author_info":{"display_name":"Darja","author_link":"https:\/\/narvajoesuu.ee\/fi\/author\/darja\/"},"uagb_comment_info":0,"uagb_excerpt":"CryoVAC-laitteen suuttimeen vedet\u00e4\u00e4n tyhji\u00f6n avulla rasvapoimu. Suutin ohjaa rasvasolujen j\u00e4\u00e4hdytyst\u00e4 ja h\u00e4vitt\u00e4\u00e4 ne. Hoidon j\u00e4lkeen poistuvat rasvakudoksen solut elimist\u00f6st\u00e4 lymfakierron...","_links":{"self":[{"href":"https:\/\/narvajoesuu.ee\/fi\/wp-json\/wp\/v2\/pages\/10220","targetHints":{"allow":["GET"]}}],"collection":[{"href":"https:\/\/narvajoesuu.ee\/fi\/wp-json\/wp\/v2\/pages"}],"about":[{"href":"https:\/\/narvajoesuu.ee\/fi\/wp-json\/wp\/v2\/types\/page"}],"author":[{"embeddable":true,"href":"https:\/\/narvajoesuu.ee\/fi\/wp-json\/wp\/v2\/users\/2"}],"replies":[{"embeddable":true,"href":"https:\/\/narvajoesuu.ee\/fi\/wp-json\/wp\/v2\/comments?post=10220"}],"version-history":[{"count":19,"href":"https:\/\/narvajoesuu.ee\/fi\/wp-json\/wp\/v2\/pages\/10220\/revisions"}],"predecessor-version":[{"id":23657,"href":"https:\/\/narvajoesuu.ee\/fi\/wp-json\/wp\/v2\/pages\/10220\/revisions\/23657"}],"up":[{"embeddable":true,"href":"https:\/\/narvajoesuu.ee\/fi\/wp-json\/wp\/v2\/pages\/10271"}],"wp:attachment":[{"href":"https:\/\/narvajoesuu.ee\/fi\/wp-json\/wp\/v2\/media?parent=10220"}],"curies":[{"name":"wp","href":"https:\/\/api.w.org\/{rel}","templated":true}]}}