{"id":10199,"date":"2022-02-21T16:33:10","date_gmt":"2022-02-21T14:33:10","guid":{"rendered":"https:\/\/narvajoesuu.ee\/anti-age-fototeraapia-aparaadiga-omega-light\/"},"modified":"2024-05-15T12:20:48","modified_gmt":"2024-05-15T09:20:48","slug":"anti-age-valohoito-omega-light-laitteella","status":"publish","type":"page","link":"https:\/\/narvajoesuu.ee\/fi\/kylpylaloma\/tehokkaat-ja-ainutlaatuiset-laitehoidot-kasvoille-ja-vartalolle\/anti-age-valohoito-omega-light-laitteella\/","title":{"rendered":"Anti-age valohoito Omega Light-laitteella"},"content":{"rendered":"\n<p class=\"wp-el\">Anti-age valohoitoa Omega Light-laitteella k\u00e4ytet\u00e4\u00e4n kaikkien ihotyyppien tehokkaaseen hoitoon ja regenerointiin. Hoito elvytt\u00e4\u00e4 v\u00e4litt\u00f6m\u00e4sti v\u00e4syneen ja samean ihon, edist\u00e4\u00e4 myrkkyjen poistoa, parantaa ja tasoittaa ihoa. Vaikka yhden hoitokerran j\u00e4lkeen iho n\u00e4ytt\u00e4\u00e4  huomattavalta kosteampi, sile\u00e4mpi ja kirkkaampi. Punoitus ja \u00e4rsytys v\u00e4henee, kollageenin ja elastiinin muodostuminen nopeutuu.<\/p>\n\n\n\n<figure class=\"wp-block-image size-large\"><img loading=\"lazy\" decoding=\"async\" width=\"1024\" height=\"307\" src=\"https:\/\/narvajoesuu.ee\/wp-content\/uploads\/2022\/02\/ANTI-AGE-FOTOTERAAPIA-1-1024x307.png\" alt=\"\" class=\"wp-image-8760\" srcset=\"https:\/\/narvajoesuu.ee\/wp-content\/uploads\/2022\/02\/ANTI-AGE-FOTOTERAAPIA-1-1024x307.png 1024w, https:\/\/narvajoesuu.ee\/wp-content\/uploads\/2022\/02\/ANTI-AGE-FOTOTERAAPIA-1.png 1800w\" sizes=\"auto, (max-width: 1024px) 100vw, 1024px\" \/><\/figure>\n\n\n\n<hr class=\"wp-block-separator has-text-color has-black-color has-css-opacity has-black-background-color has-background is-style-wide\"\/>\n\n\n\n<p class=\"wp-el\">Ainutlaatuinen laite, jolla voi tehd\u00e4 valohoitoa. Kliinisesti tutkitun LEDin ansiosta saavutetaan erinomaisia tuloksia useiden levinneiden iho-ongelmien hoidossa kuten ik\u00e4\u00e4ntyminen, akne, ruusufinni, pigmentaatio ja tulehdukselliset sairaudet (ekseema, dermatiitti, psoriaasi). Suosittelemme k\u00e4ytt\u00e4m\u00e4\u00e4n 1-3 kertaa viikossa.<\/p>\n\n\n\n<p class=\"wp-el\"><strong>Laitteella on seuraava vaikutus:<\/strong><\/p>\n\n\n\n<ul class=\"wp-el wp-block-list\">\n<li>Punainen valo \u2013 nopeuttaa kollageenin ja elastiinin muodostumista; elvytt\u00e4\u00e4 verenkiertoa, parantaa ja tasoittaa ihon v\u00e4ri\u00e4<\/li>\n\n\n\n<li>Sininen valo \u2013 h\u00e4vitt\u00e4\u00e4 bakteereja, lievitt\u00e4\u00e4 \u00e4rsytyst\u00e4 ja aknetulehdusta<\/li>\n\n\n\n<li>Vihre\u00e4 valo \u2013 edist\u00e4\u00e4 myrkkyjen poistumista, rauhoittava vaikutus<\/li>\n\n\n\n<li>Keltainen valo \u2013 s\u00e4\u00e4telee melatoniinitasoa, v\u00e4hent\u00e4\u00e4 pigmentaatiota ja punoitusta, lievitt\u00e4\u00e4 turvotusta<\/li>\n\n\n\n<li>Vaaleansininen valo \u2013 pehment\u00e4\u00e4, kosteuttaa ja rauhoittaa ihoa, hidastaa ennenaikaista ik\u00e4\u00e4ntymist\u00e4. Vaikuttaa sameaan, voimakkaasti kuivuneeseen ihoon, stimuloi kollageenin muodostumista<\/li>\n\n\n\n<li>Valkoinen valo \u2013 rauhoittaa, elvytt\u00e4\u00e4, vahvistaa hoidon vaikutusta, stressi\u00e4 lievitt\u00e4v\u00e4, detox<\/li>\n\n\n\n<li>Violetti valo \u2013 poistaa myrkkyj\u00e4, rentouttaa, palauttaa kimmoisuuden, ik\u00e4\u00e4ntymisen est\u00e4v\u00e4<\/li>\n<\/ul>\n\n\n\n<hr class=\"wp-block-separator has-alpha-channel-opacity\"\/>\n\n\n\n<figure class=\"wp-block-table is-style-stripes\"><table class=\"has-fixed-layout\"><tbody><tr><td>Anti-age valohoito laitteen kanssa Omega Light (20 min)<\/td><td class=\"has-text-align-center\" data-align=\"center\"><em>20 \u20ac<\/em><\/td><\/tr><tr><td>Anti-age valohoito Omega Light intensiivisell\u00e4 nuorentavalla konsentraatilla NEW SKIN SY-STEM CELLS CAPRI Beauty Line (20 min)<\/td><td class=\"has-text-align-center\" data-align=\"center\"><em>35 \u20ac<\/em><\/td><\/tr><\/tbody><\/table><\/figure>\n\n\n<div class=\"b-block pad-top-30 pad-bottom-20\"><div class=\"p-emphasis b-part container-p0 p-emphasis--info\"><div><b>Lis\u00e4tiedot ja varaukset:<\/b><\/div>\n<div>Puh: +372 35 99 523<br \/>\nS\u00e4hkoposti: ilu@narvajoesuu.ee<\/div>\n<div><\/div>\n<\/div><\/div>","protected":false},"excerpt":{"rendered":"<p>Anti-age valohoitoa Omega Light-laitteella k\u00e4ytet\u00e4\u00e4n kaikkien ihotyyppien tehokkaaseen hoitoon ja regenerointiin. Hoito elvytt\u00e4\u00e4 v\u00e4litt\u00f6m\u00e4sti v\u00e4syneen ja samean ihon, edist\u00e4\u00e4 myrkkyjen&#8230;<\/p>\n","protected":false},"author":2,"featured_media":0,"parent":10271,"menu_order":248,"comment_status":"closed","ping_status":"closed","template":"","meta":{"_acf_changed":false,"_uag_custom_page_level_css":"","_monsterinsights_skip_tracking":false,"_monsterinsights_sitenote_active":false,"_monsterinsights_sitenote_note":"","_monsterinsights_sitenote_category":0,"footnotes":""},"class_list":["post-10199","page","type-page","status-publish","hentry"],"acf":[],"yoast_head":"<!-- This site is optimized with the Yoast SEO plugin v27.4 - https:\/\/yoast.com\/product\/yoast-seo-wordpress\/ -->\n<title>Anti-age valohoito Omega Light-laitteella - MEDICAL SPA NARVA-J\u00d5ESUU<\/title>\n<meta name=\"robots\" content=\"index, follow, max-snippet:-1, max-image-preview:large, max-video-preview:-1\" \/>\n<link rel=\"canonical\" href=\"https:\/\/narvajoesuu.ee\/fi\/kylpylaloma\/tehokkaat-ja-ainutlaatuiset-laitehoidot-kasvoille-ja-vartalolle\/anti-age-valohoito-omega-light-laitteella\/\" \/>\n<meta property=\"og:locale\" content=\"fi_FI\" \/>\n<meta property=\"og:type\" content=\"article\" \/>\n<meta property=\"og:title\" content=\"Anti-age valohoito Omega Light-laitteella - MEDICAL SPA NARVA-J\u00d5ESUU\" \/>\n<meta property=\"og:description\" content=\"Anti-age valohoitoa Omega Light-laitteella k\u00e4ytet\u00e4\u00e4n kaikkien ihotyyppien tehokkaaseen hoitoon ja regenerointiin. Hoito elvytt\u00e4\u00e4 v\u00e4litt\u00f6m\u00e4sti v\u00e4syneen ja samean ihon, edist\u00e4\u00e4 myrkkyjen...\" \/>\n<meta property=\"og:url\" content=\"https:\/\/narvajoesuu.ee\/fi\/kylpylaloma\/tehokkaat-ja-ainutlaatuiset-laitehoidot-kasvoille-ja-vartalolle\/anti-age-valohoito-omega-light-laitteella\/\" \/>\n<meta property=\"og:site_name\" content=\"MEDICAL SPA NARVA-J\u00d5ESUU\" \/>\n<meta property=\"article:modified_time\" content=\"2024-05-15T09:20:48+00:00\" \/>\n<meta property=\"og:image\" content=\"https:\/\/narvajoesuu.ee\/wp-content\/uploads\/2022\/02\/ANTI-AGE-FOTOTERAAPIA-1-1024x307.png\" \/>\n<meta name=\"twitter:card\" content=\"summary_large_image\" \/>\n<meta name=\"twitter:label1\" content=\"Arvioitu lukuaika\" \/>\n\t<meta name=\"twitter:data1\" content=\"2 minuuttia\" \/>\n<script type=\"application\/ld+json\" class=\"yoast-schema-graph\">{\"@context\":\"https:\\\/\\\/schema.org\",\"@graph\":[{\"@type\":\"WebPage\",\"@id\":\"https:\\\/\\\/narvajoesuu.ee\\\/fi\\\/kylpylaloma\\\/tehokkaat-ja-ainutlaatuiset-laitehoidot-kasvoille-ja-vartalolle\\\/anti-age-valohoito-omega-light-laitteella\\\/\",\"url\":\"https:\\\/\\\/narvajoesuu.ee\\\/fi\\\/kylpylaloma\\\/tehokkaat-ja-ainutlaatuiset-laitehoidot-kasvoille-ja-vartalolle\\\/anti-age-valohoito-omega-light-laitteella\\\/\",\"name\":\"Anti-age valohoito Omega Light-laitteella - MEDICAL SPA NARVA-J\u00d5ESUU\",\"isPartOf\":{\"@id\":\"https:\\\/\\\/narvajoesuu.ee\\\/#website\"},\"primaryImageOfPage\":{\"@id\":\"https:\\\/\\\/narvajoesuu.ee\\\/fi\\\/kylpylaloma\\\/tehokkaat-ja-ainutlaatuiset-laitehoidot-kasvoille-ja-vartalolle\\\/anti-age-valohoito-omega-light-laitteella\\\/#primaryimage\"},\"image\":{\"@id\":\"https:\\\/\\\/narvajoesuu.ee\\\/fi\\\/kylpylaloma\\\/tehokkaat-ja-ainutlaatuiset-laitehoidot-kasvoille-ja-vartalolle\\\/anti-age-valohoito-omega-light-laitteella\\\/#primaryimage\"},\"thumbnailUrl\":\"https:\\\/\\\/narvajoesuu.ee\\\/wp-content\\\/uploads\\\/2022\\\/02\\\/ANTI-AGE-FOTOTERAAPIA-1-1024x307.png\",\"datePublished\":\"2022-02-21T14:33:10+00:00\",\"dateModified\":\"2024-05-15T09:20:48+00:00\",\"breadcrumb\":{\"@id\":\"https:\\\/\\\/narvajoesuu.ee\\\/fi\\\/kylpylaloma\\\/tehokkaat-ja-ainutlaatuiset-laitehoidot-kasvoille-ja-vartalolle\\\/anti-age-valohoito-omega-light-laitteella\\\/#breadcrumb\"},\"inLanguage\":\"fi\",\"potentialAction\":[{\"@type\":\"ReadAction\",\"target\":[\"https:\\\/\\\/narvajoesuu.ee\\\/fi\\\/kylpylaloma\\\/tehokkaat-ja-ainutlaatuiset-laitehoidot-kasvoille-ja-vartalolle\\\/anti-age-valohoito-omega-light-laitteella\\\/\"]}]},{\"@type\":\"ImageObject\",\"inLanguage\":\"fi\",\"@id\":\"https:\\\/\\\/narvajoesuu.ee\\\/fi\\\/kylpylaloma\\\/tehokkaat-ja-ainutlaatuiset-laitehoidot-kasvoille-ja-vartalolle\\\/anti-age-valohoito-omega-light-laitteella\\\/#primaryimage\",\"url\":\"https:\\\/\\\/narvajoesuu.ee\\\/wp-content\\\/uploads\\\/2022\\\/02\\\/ANTI-AGE-FOTOTERAAPIA-1-1024x307.png\",\"contentUrl\":\"https:\\\/\\\/narvajoesuu.ee\\\/wp-content\\\/uploads\\\/2022\\\/02\\\/ANTI-AGE-FOTOTERAAPIA-1-1024x307.png\"},{\"@type\":\"BreadcrumbList\",\"@id\":\"https:\\\/\\\/narvajoesuu.ee\\\/fi\\\/kylpylaloma\\\/tehokkaat-ja-ainutlaatuiset-laitehoidot-kasvoille-ja-vartalolle\\\/anti-age-valohoito-omega-light-laitteella\\\/#breadcrumb\",\"itemListElement\":[{\"@type\":\"ListItem\",\"position\":1,\"name\":\"Home\",\"item\":\"https:\\\/\\\/narvajoesuu.ee\\\/fi\\\/\"},{\"@type\":\"ListItem\",\"position\":2,\"name\":\"Kylpyl\u00e4loma\",\"item\":\"https:\\\/\\\/narvajoesuu.ee\\\/fi\\\/kylpylaloma\\\/\"},{\"@type\":\"ListItem\",\"position\":3,\"name\":\"Kosmeettisia ja l\u00e4\u00e4ketieteellisi\u00e4 uutuuksia nuoruuden, laihdutuksen, kauneuden ja terveyden tukemiseksi\",\"item\":\"https:\\\/\\\/narvajoesuu.ee\\\/fi\\\/kylpylaloma\\\/tehokkaat-ja-ainutlaatuiset-laitehoidot-kasvoille-ja-vartalolle\\\/\"},{\"@type\":\"ListItem\",\"position\":4,\"name\":\"Anti-age valohoito Omega Light-laitteella\"}]},{\"@type\":\"WebSite\",\"@id\":\"https:\\\/\\\/narvajoesuu.ee\\\/#website\",\"url\":\"https:\\\/\\\/narvajoesuu.ee\\\/\",\"name\":\"MEDICAL SPA NARVA-J\u00d5ESUU\",\"description\":\"\",\"publisher\":{\"@id\":\"https:\\\/\\\/narvajoesuu.ee\\\/#organization\"},\"potentialAction\":[{\"@type\":\"SearchAction\",\"target\":{\"@type\":\"EntryPoint\",\"urlTemplate\":\"https:\\\/\\\/narvajoesuu.ee\\\/?s={search_term_string}\"},\"query-input\":{\"@type\":\"PropertyValueSpecification\",\"valueRequired\":true,\"valueName\":\"search_term_string\"}}],\"inLanguage\":\"fi\"},{\"@type\":\"Organization\",\"@id\":\"https:\\\/\\\/narvajoesuu.ee\\\/#organization\",\"name\":\"Narva-J\u00f5esuu Medical SPA\",\"url\":\"https:\\\/\\\/narvajoesuu.ee\\\/\",\"logo\":{\"@type\":\"ImageObject\",\"inLanguage\":\"fi\",\"@id\":\"https:\\\/\\\/narvajoesuu.ee\\\/#\\\/schema\\\/logo\\\/image\\\/\",\"url\":\"https:\\\/\\\/narvajoesuu.ee\\\/wp-content\\\/uploads\\\/2020\\\/10\\\/narvajoesuu-logo-small.png\",\"contentUrl\":\"https:\\\/\\\/narvajoesuu.ee\\\/wp-content\\\/uploads\\\/2020\\\/10\\\/narvajoesuu-logo-small.png\",\"width\":170,\"height\":170,\"caption\":\"Narva-J\u00f5esuu Medical SPA\"},\"image\":{\"@id\":\"https:\\\/\\\/narvajoesuu.ee\\\/#\\\/schema\\\/logo\\\/image\\\/\"}}]}<\/script>\n<!-- \/ Yoast SEO plugin. -->","yoast_head_json":{"title":"Anti-age valohoito Omega Light-laitteella - MEDICAL SPA NARVA-J\u00d5ESUU","robots":{"index":"index","follow":"follow","max-snippet":"max-snippet:-1","max-image-preview":"max-image-preview:large","max-video-preview":"max-video-preview:-1"},"canonical":"https:\/\/narvajoesuu.ee\/fi\/kylpylaloma\/tehokkaat-ja-ainutlaatuiset-laitehoidot-kasvoille-ja-vartalolle\/anti-age-valohoito-omega-light-laitteella\/","og_locale":"fi_FI","og_type":"article","og_title":"Anti-age valohoito Omega Light-laitteella - MEDICAL SPA NARVA-J\u00d5ESUU","og_description":"Anti-age valohoitoa Omega Light-laitteella k\u00e4ytet\u00e4\u00e4n kaikkien ihotyyppien tehokkaaseen hoitoon ja regenerointiin. Hoito elvytt\u00e4\u00e4 v\u00e4litt\u00f6m\u00e4sti v\u00e4syneen ja samean ihon, edist\u00e4\u00e4 myrkkyjen...","og_url":"https:\/\/narvajoesuu.ee\/fi\/kylpylaloma\/tehokkaat-ja-ainutlaatuiset-laitehoidot-kasvoille-ja-vartalolle\/anti-age-valohoito-omega-light-laitteella\/","og_site_name":"MEDICAL SPA NARVA-J\u00d5ESUU","article_modified_time":"2024-05-15T09:20:48+00:00","og_image":[{"url":"https:\/\/narvajoesuu.ee\/wp-content\/uploads\/2022\/02\/ANTI-AGE-FOTOTERAAPIA-1-1024x307.png","type":"","width":"","height":""}],"twitter_card":"summary_large_image","twitter_misc":{"Arvioitu lukuaika":"2 minuuttia"},"schema":{"@context":"https:\/\/schema.org","@graph":[{"@type":"WebPage","@id":"https:\/\/narvajoesuu.ee\/fi\/kylpylaloma\/tehokkaat-ja-ainutlaatuiset-laitehoidot-kasvoille-ja-vartalolle\/anti-age-valohoito-omega-light-laitteella\/","url":"https:\/\/narvajoesuu.ee\/fi\/kylpylaloma\/tehokkaat-ja-ainutlaatuiset-laitehoidot-kasvoille-ja-vartalolle\/anti-age-valohoito-omega-light-laitteella\/","name":"Anti-age valohoito Omega Light-laitteella - MEDICAL SPA NARVA-J\u00d5ESUU","isPartOf":{"@id":"https:\/\/narvajoesuu.ee\/#website"},"primaryImageOfPage":{"@id":"https:\/\/narvajoesuu.ee\/fi\/kylpylaloma\/tehokkaat-ja-ainutlaatuiset-laitehoidot-kasvoille-ja-vartalolle\/anti-age-valohoito-omega-light-laitteella\/#primaryimage"},"image":{"@id":"https:\/\/narvajoesuu.ee\/fi\/kylpylaloma\/tehokkaat-ja-ainutlaatuiset-laitehoidot-kasvoille-ja-vartalolle\/anti-age-valohoito-omega-light-laitteella\/#primaryimage"},"thumbnailUrl":"https:\/\/narvajoesuu.ee\/wp-content\/uploads\/2022\/02\/ANTI-AGE-FOTOTERAAPIA-1-1024x307.png","datePublished":"2022-02-21T14:33:10+00:00","dateModified":"2024-05-15T09:20:48+00:00","breadcrumb":{"@id":"https:\/\/narvajoesuu.ee\/fi\/kylpylaloma\/tehokkaat-ja-ainutlaatuiset-laitehoidot-kasvoille-ja-vartalolle\/anti-age-valohoito-omega-light-laitteella\/#breadcrumb"},"inLanguage":"fi","potentialAction":[{"@type":"ReadAction","target":["https:\/\/narvajoesuu.ee\/fi\/kylpylaloma\/tehokkaat-ja-ainutlaatuiset-laitehoidot-kasvoille-ja-vartalolle\/anti-age-valohoito-omega-light-laitteella\/"]}]},{"@type":"ImageObject","inLanguage":"fi","@id":"https:\/\/narvajoesuu.ee\/fi\/kylpylaloma\/tehokkaat-ja-ainutlaatuiset-laitehoidot-kasvoille-ja-vartalolle\/anti-age-valohoito-omega-light-laitteella\/#primaryimage","url":"https:\/\/narvajoesuu.ee\/wp-content\/uploads\/2022\/02\/ANTI-AGE-FOTOTERAAPIA-1-1024x307.png","contentUrl":"https:\/\/narvajoesuu.ee\/wp-content\/uploads\/2022\/02\/ANTI-AGE-FOTOTERAAPIA-1-1024x307.png"},{"@type":"BreadcrumbList","@id":"https:\/\/narvajoesuu.ee\/fi\/kylpylaloma\/tehokkaat-ja-ainutlaatuiset-laitehoidot-kasvoille-ja-vartalolle\/anti-age-valohoito-omega-light-laitteella\/#breadcrumb","itemListElement":[{"@type":"ListItem","position":1,"name":"Home","item":"https:\/\/narvajoesuu.ee\/fi\/"},{"@type":"ListItem","position":2,"name":"Kylpyl\u00e4loma","item":"https:\/\/narvajoesuu.ee\/fi\/kylpylaloma\/"},{"@type":"ListItem","position":3,"name":"Kosmeettisia ja l\u00e4\u00e4ketieteellisi\u00e4 uutuuksia nuoruuden, laihdutuksen, kauneuden ja terveyden tukemiseksi","item":"https:\/\/narvajoesuu.ee\/fi\/kylpylaloma\/tehokkaat-ja-ainutlaatuiset-laitehoidot-kasvoille-ja-vartalolle\/"},{"@type":"ListItem","position":4,"name":"Anti-age valohoito Omega Light-laitteella"}]},{"@type":"WebSite","@id":"https:\/\/narvajoesuu.ee\/#website","url":"https:\/\/narvajoesuu.ee\/","name":"MEDICAL SPA NARVA-J\u00d5ESUU","description":"","publisher":{"@id":"https:\/\/narvajoesuu.ee\/#organization"},"potentialAction":[{"@type":"SearchAction","target":{"@type":"EntryPoint","urlTemplate":"https:\/\/narvajoesuu.ee\/?s={search_term_string}"},"query-input":{"@type":"PropertyValueSpecification","valueRequired":true,"valueName":"search_term_string"}}],"inLanguage":"fi"},{"@type":"Organization","@id":"https:\/\/narvajoesuu.ee\/#organization","name":"Narva-J\u00f5esuu Medical SPA","url":"https:\/\/narvajoesuu.ee\/","logo":{"@type":"ImageObject","inLanguage":"fi","@id":"https:\/\/narvajoesuu.ee\/#\/schema\/logo\/image\/","url":"https:\/\/narvajoesuu.ee\/wp-content\/uploads\/2020\/10\/narvajoesuu-logo-small.png","contentUrl":"https:\/\/narvajoesuu.ee\/wp-content\/uploads\/2020\/10\/narvajoesuu-logo-small.png","width":170,"height":170,"caption":"Narva-J\u00f5esuu Medical SPA"},"image":{"@id":"https:\/\/narvajoesuu.ee\/#\/schema\/logo\/image\/"}}]}},"uagb_featured_image_src":{"full":false,"thumbnail":false,"medium":false,"medium_large":false,"large":false,"1536x1536":false,"2048x2048":false,"img-1920x550":false,"img-1920x320":false,"img-1920x200":false,"img-670x480":false,"img-570x280":false,"img-507":false,"img-370x240":false,"img-400x250":false,"img-370x175":false,"img-370x120":false,"img-300":false,"img-170":false},"uagb_author_info":{"display_name":"Darja","author_link":"https:\/\/narvajoesuu.ee\/fi\/author\/darja\/"},"uagb_comment_info":0,"uagb_excerpt":"Anti-age valohoitoa Omega Light-laitteella k\u00e4ytet\u00e4\u00e4n kaikkien ihotyyppien tehokkaaseen hoitoon ja regenerointiin. Hoito elvytt\u00e4\u00e4 v\u00e4litt\u00f6m\u00e4sti v\u00e4syneen ja samean ihon, edist\u00e4\u00e4 myrkkyjen...","_links":{"self":[{"href":"https:\/\/narvajoesuu.ee\/fi\/wp-json\/wp\/v2\/pages\/10199","targetHints":{"allow":["GET"]}}],"collection":[{"href":"https:\/\/narvajoesuu.ee\/fi\/wp-json\/wp\/v2\/pages"}],"about":[{"href":"https:\/\/narvajoesuu.ee\/fi\/wp-json\/wp\/v2\/types\/page"}],"author":[{"embeddable":true,"href":"https:\/\/narvajoesuu.ee\/fi\/wp-json\/wp\/v2\/users\/2"}],"replies":[{"embeddable":true,"href":"https:\/\/narvajoesuu.ee\/fi\/wp-json\/wp\/v2\/comments?post=10199"}],"version-history":[{"count":16,"href":"https:\/\/narvajoesuu.ee\/fi\/wp-json\/wp\/v2\/pages\/10199\/revisions"}],"predecessor-version":[{"id":19052,"href":"https:\/\/narvajoesuu.ee\/fi\/wp-json\/wp\/v2\/pages\/10199\/revisions\/19052"}],"up":[{"embeddable":true,"href":"https:\/\/narvajoesuu.ee\/fi\/wp-json\/wp\/v2\/pages\/10271"}],"wp:attachment":[{"href":"https:\/\/narvajoesuu.ee\/fi\/wp-json\/wp\/v2\/media?parent=10199"}],"curies":[{"name":"wp","href":"https:\/\/api.w.org\/{rel}","templated":true}]}}