{"id":10195,"date":"2022-02-22T13:30:32","date_gmt":"2022-02-22T11:30:32","guid":{"rendered":"https:\/\/narvajoesuu.ee\/pakett-kevadine-kingitus-2-ood-selle-kevade-hitt-nr-1\/"},"modified":"2026-02-26T08:53:10","modified_gmt":"2026-02-26T06:53:10","slug":"pakett-kevadine-kingitus-2-ood-selle-kevade-hitt-nr-1","status":"publish","type":"page","link":"https:\/\/narvajoesuu.ee\/fi\/kylpylaloma\/eripakkumised\/pakett-kevadine-kingitus-2-ood-selle-kevade-hitt-nr-1\/","title":{"rendered":"Pakett &#8221;KEVADINE KINGITUS&#8221; (2 \u00f6\u00f6d) \u2013 selle kevade hitt nr.1!"},"content":{"rendered":"\n<h2 class=\"wp-block-heading wp-el\" id=\"pakett-sisaldab\">PAKETT SISALDAB:<\/h2>\n\n\n\n<ul class=\"wp-block-list wp-el\">\n<li>Vestlust meie teadliku ilu- ja tervisekeskuse personaliga, kes aitab orienteeruda laias eripakkumiste valikus (15 min)<\/li>\n<\/ul>\n\n\n\n<h3 class=\"wp-block-heading wp-el\" id=\"\u0432-\u043f\u0430\u043a\u0435\u0442-\u0432\u043a\u043b\u044e\u0447\u0435\u043d\u044b-\u0441\u043b\u0435\u0434\u0443\u044e\u0449\u0438\u0435-\u0444\u0438\u043a\u0441\u0438\u0440\u043e\u0432\u0430\u043d\u043d\u044b\u0435-\u043f\u0440\u043e\u0446\u0435\u0434\u0443\u0440\u044b-\u0434\u043b\u044f-\u043a\u0430\u0436\u0434\u043e\u0433\u043e-\u0447\u0435\u043b\u043e\u0432\u0435\u043a\u0430\">J\u00c4RGMISED TERVENDAVAD JA L\u00d5\u00d5GASTAVAD HOOLITSUSED IGALE INIMESELE (FIKSEERITUD):<\/h3>\n\n\n\n<ul class=\"wp-block-list wp-el\">\n<li><a href=\"https:\/\/narvajoesuu.ee\/fi\/kylpylaloma\/tehokkaat-ja-ainutlaatuiset-laitehoidot-kasvoille-ja-vartalolle\/rentoutuva-hieronta-quattromano-vesihierontasangylla\/\">L\u00f5\u00f5gastav protseduur t\u00f5husal vesimassaa\u017eivoodil QUATTROMANO (20 min)<\/a><\/li>\n\n\n\n<li>Aparaatne jalatalla massaa\u017e (15 min)<\/li>\n<\/ul>\n\n\n\n<h4 class=\"wp-block-heading wp-el\" id=\"lisaks-protseduuridele-kuulub-paketti\">LISAKS PROTSEDUURIDELE KUULUB PAKETTI:<\/h4>\n\n\n\n<ul class=\"wp-block-list wp-el\">\n<li>Majutus 2 \u00f6\u00f6d kahekohalises toas (<strong>Check in:<\/strong>&nbsp;16:00&nbsp;<strong>Check out:<\/strong>&nbsp;12:00)<\/li>\n\n\n\n<li>Toidunauding buffet restoranis poolpansioniga \u2013 2 hommikus\u00f6\u00f6ki, 2 \u00f5htus\u00f6\u00f6ki<\/li>\n\n\n\n<li><a href=\"https:\/\/narvajoesuu.ee\/fi\/kylpylaloma\/saunakeskus\/galerii\/\">Saunakeskuse<\/a>, basseini ja j\u00f5usaali piiramatu k\u00fclastamine (iga p\u00e4ev lahtiolekuaegadel)<\/li>\n\n\n\n<li><a href=\"https:\/\/narvajoesuu.ee\/fi\/kylpylaloma\/arteesisella-vedella-taytetty-lammitetty-ulkoallas-ja-poreallas-aurinkoterassilla\/\">Soojendusega v\u00e4libasseini ja mullivanni kasutamine<\/a>&nbsp;(isegi k\u00fclma ilmaga vee temperatuur on 30\u00b0\u0421) \/ avatud aprillist oktoobrini)<\/li>\n\n\n\n<li>Hommikumantlite kasutus,&nbsp;WiFi, parkimine&nbsp;<\/li>\n<\/ul>\n\n\n\n<figure class=\"wp-block-table is-style-stripes\"><table class=\"has-fixed-layout\"><thead><tr><th class=\"has-text-align-center\" data-align=\"center\">Majutus TWIN toas argip\u00e4eviti (E-N)<br>(hind kahele)<\/th><th class=\"has-text-align-center\" data-align=\"center\">Majutus TWIN toas n\u00e4dalavahetusel (R-P)<br>(hind kahele)<\/th><\/tr><\/thead><tbody><tr><td class=\"has-text-align-center\" data-align=\"center\"><em><strong>199 \u20ac<\/strong><\/em><\/td><td class=\"has-text-align-center\" data-align=\"center\"><em style=\"font-weight: bold;\">248 \u20ac<\/em><\/td><\/tr><\/tbody><\/table><figcaption class=\"wp-element-caption\"><em>Pakkumine kehtib broneerimiseks ja majutamiseks kliendikaardiga ajavahemikul: 01.03 \u2014 31.05.2026<\/em><\/figcaption><\/figure>\n\n\n\n<div style=\"height:14px\" aria-hidden=\"true\" class=\"wp-block-spacer\"><\/div>\n\n\n\n<div class=\"wp-block-buttons is-layout-flex wp-block-buttons-is-layout-flex\">\n<div class=\"wp-block-button\"><a class=\"wp-block-button__link has-background wp-element-button\" href=\"https:\/\/hotel.narvajoesuu.ee\/et\/toode\/programm-kevadine-kingitus-2-ood\/\" style=\"background-color:#296e76\">Broneeri pakett online<\/a><\/div>\n<\/div>\n\n\n\n<div style=\"height:15px\" aria-hidden=\"true\" class=\"wp-block-spacer\"><\/div>\n\n\n\n<ul class=\"wp-block-list wp-el\">\n<li><a href=\"https:\/\/narvajoesuu.ee\/fi\/hotelli\/huoneet\/lisamaksu-majoituksesta-paketin-ostaneille\/\">Juurdemaks paketiga majutatule<\/a><\/li>\n\n\n\n<li><a href=\"https:\/\/narvajoesuu.ee\/fi\/hotelli\/asiakaskortti\/\">Kliendikaart<\/a><\/li>\n\n\n\n<li><a href=\"https:\/\/narvajoesuu.ee\/fi\/kylpylaloma\/loma-lasten-kanssa\/\">Puhkus lastega<\/a><\/li>\n\n\n\n<li><a href=\"https:\/\/narvajoesuu.ee\/fi\/hotelli\/varausehdot\/\">Pakettide broneerimise tingimused<\/a><\/li>\n<\/ul>\n\n\n<div class=\"b-block pad-top-30 pad-bottom-20\"><div class=\"p-emphasis b-part container-p0 p-emphasis--warn\"><p>NB! Administratsioon j\u00e4tab endale \u00f5iguse hindu etteteatamata muuta. Tasutud teenuste eest, mis on j\u00e4\u00e4nud kasutamata ravispaast \u201cNarva-J\u00f5esuu\u201d mitteolenevatel p\u00f5hjustel, raha tagasi ei maksta.<\/p>\n<\/div><\/div>","protected":false},"excerpt":{"rendered":"<p>PAKETT SISALDAB: J\u00c4RGMISED TERVENDAVAD JA L\u00d5\u00d5GASTAVAD HOOLITSUSED IGALE INIMESELE (FIKSEERITUD): LISAKS PROTSEDUURIDELE KUULUB PAKETTI: Majutus TWIN toas argip\u00e4eviti (E-N)(hind kahele)&#8230;<\/p>\n","protected":false},"author":2,"featured_media":0,"parent":10630,"menu_order":86,"comment_status":"closed","ping_status":"closed","template":"","meta":{"_acf_changed":false,"_uag_custom_page_level_css":"","_monsterinsights_skip_tracking":false,"_monsterinsights_sitenote_active":false,"_monsterinsights_sitenote_note":"","_monsterinsights_sitenote_category":0,"footnotes":""},"class_list":["post-10195","page","type-page","status-publish","hentry"],"acf":[],"yoast_head":"<!-- This site is optimized with the Yoast SEO plugin v27.4 - https:\/\/yoast.com\/product\/yoast-seo-wordpress\/ -->\n<title>Kevadine Kingitus \u2013 2 \u00f6\u00f6d spaapuhkust Narva-J\u00f5esuus<\/title>\n<meta name=\"description\" content=\"Kevade hitt nr 1! 2 \u00f6\u00f6d spaahotellis: majutus, hommikus\u00f6\u00f6k, spaakeskus ja l\u00f5\u00f5gastavad hoolitsused. Ideaalne kingitus v\u00f5i romantiline puhkus.\" \/>\n<meta name=\"robots\" content=\"index, follow, max-snippet:-1, max-image-preview:large, max-video-preview:-1\" \/>\n<link rel=\"canonical\" href=\"https:\/\/narvajoesuu.ee\/fi\/kylpylaloma\/eripakkumised\/pakett-kevadine-kingitus-2-ood-selle-kevade-hitt-nr-1\/\" \/>\n<meta property=\"og:locale\" content=\"fi_FI\" \/>\n<meta property=\"og:type\" content=\"article\" \/>\n<meta property=\"og:title\" content=\"Kevadine Kingitus \u2013 2 \u00f6\u00f6d spaapuhkust Narva-J\u00f5esuus\" \/>\n<meta property=\"og:description\" content=\"Kevade hitt nr 1! 2 \u00f6\u00f6d spaahotellis: majutus, hommikus\u00f6\u00f6k, spaakeskus ja l\u00f5\u00f5gastavad hoolitsused. Ideaalne kingitus v\u00f5i romantiline puhkus.\" \/>\n<meta property=\"og:url\" content=\"https:\/\/narvajoesuu.ee\/fi\/kylpylaloma\/eripakkumised\/pakett-kevadine-kingitus-2-ood-selle-kevade-hitt-nr-1\/\" \/>\n<meta property=\"og:site_name\" content=\"MEDICAL SPA NARVA-J\u00d5ESUU\" \/>\n<meta property=\"article:modified_time\" content=\"2026-02-26T06:53:10+00:00\" \/>\n<meta property=\"og:image\" content=\"https:\/\/narvajoesuu.ee\/wp-content\/uploads\/2021\/12\/Maja-pilt.png\" \/>\n\t<meta property=\"og:image:width\" content=\"1200\" \/>\n\t<meta property=\"og:image:height\" content=\"630\" \/>\n\t<meta property=\"og:image:type\" content=\"image\/png\" \/>\n<meta name=\"twitter:card\" content=\"summary_large_image\" \/>\n<meta name=\"twitter:label1\" content=\"Arvioitu lukuaika\" \/>\n\t<meta name=\"twitter:data1\" content=\"1 minuutti\" \/>\n<script type=\"application\/ld+json\" class=\"yoast-schema-graph\">{\"@context\":\"https:\\\/\\\/schema.org\",\"@graph\":[{\"@type\":\"WebPage\",\"@id\":\"https:\\\/\\\/narvajoesuu.ee\\\/fi\\\/kylpylaloma\\\/eripakkumised\\\/pakett-kevadine-kingitus-2-ood-selle-kevade-hitt-nr-1\\\/\",\"url\":\"https:\\\/\\\/narvajoesuu.ee\\\/fi\\\/kylpylaloma\\\/eripakkumised\\\/pakett-kevadine-kingitus-2-ood-selle-kevade-hitt-nr-1\\\/\",\"name\":\"Kevadine Kingitus \u2013 2 \u00f6\u00f6d spaapuhkust Narva-J\u00f5esuus\",\"isPartOf\":{\"@id\":\"https:\\\/\\\/narvajoesuu.ee\\\/#website\"},\"datePublished\":\"2022-02-22T11:30:32+00:00\",\"dateModified\":\"2026-02-26T06:53:10+00:00\",\"description\":\"Kevade hitt nr 1! 2 \u00f6\u00f6d spaahotellis: majutus, hommikus\u00f6\u00f6k, spaakeskus ja l\u00f5\u00f5gastavad hoolitsused. Ideaalne kingitus v\u00f5i romantiline puhkus.\",\"breadcrumb\":{\"@id\":\"https:\\\/\\\/narvajoesuu.ee\\\/fi\\\/kylpylaloma\\\/eripakkumised\\\/pakett-kevadine-kingitus-2-ood-selle-kevade-hitt-nr-1\\\/#breadcrumb\"},\"inLanguage\":\"fi\",\"potentialAction\":[{\"@type\":\"ReadAction\",\"target\":[\"https:\\\/\\\/narvajoesuu.ee\\\/fi\\\/kylpylaloma\\\/eripakkumised\\\/pakett-kevadine-kingitus-2-ood-selle-kevade-hitt-nr-1\\\/\"]}]},{\"@type\":\"BreadcrumbList\",\"@id\":\"https:\\\/\\\/narvajoesuu.ee\\\/fi\\\/kylpylaloma\\\/eripakkumised\\\/pakett-kevadine-kingitus-2-ood-selle-kevade-hitt-nr-1\\\/#breadcrumb\",\"itemListElement\":[{\"@type\":\"ListItem\",\"position\":1,\"name\":\"Home\",\"item\":\"https:\\\/\\\/narvajoesuu.ee\\\/fi\\\/\"},{\"@type\":\"ListItem\",\"position\":2,\"name\":\"Kylpyl\u00e4loma\",\"item\":\"https:\\\/\\\/narvajoesuu.ee\\\/fi\\\/kylpylaloma\\\/\"},{\"@type\":\"ListItem\",\"position\":3,\"name\":\"Eripakkumised\",\"item\":\"https:\\\/\\\/narvajoesuu.ee\\\/fi\\\/?page_id=10630\"},{\"@type\":\"ListItem\",\"position\":4,\"name\":\"Pakett &#171;KEVADINE KINGITUS&#187; (2 \u00f6\u00f6d) \u2013 selle kevade hitt nr.1!\"}]},{\"@type\":\"WebSite\",\"@id\":\"https:\\\/\\\/narvajoesuu.ee\\\/#website\",\"url\":\"https:\\\/\\\/narvajoesuu.ee\\\/\",\"name\":\"MEDICAL SPA NARVA-J\u00d5ESUU\",\"description\":\"\",\"publisher\":{\"@id\":\"https:\\\/\\\/narvajoesuu.ee\\\/#organization\"},\"potentialAction\":[{\"@type\":\"SearchAction\",\"target\":{\"@type\":\"EntryPoint\",\"urlTemplate\":\"https:\\\/\\\/narvajoesuu.ee\\\/?s={search_term_string}\"},\"query-input\":{\"@type\":\"PropertyValueSpecification\",\"valueRequired\":true,\"valueName\":\"search_term_string\"}}],\"inLanguage\":\"fi\"},{\"@type\":\"Organization\",\"@id\":\"https:\\\/\\\/narvajoesuu.ee\\\/#organization\",\"name\":\"Narva-J\u00f5esuu Medical SPA\",\"url\":\"https:\\\/\\\/narvajoesuu.ee\\\/\",\"logo\":{\"@type\":\"ImageObject\",\"inLanguage\":\"fi\",\"@id\":\"https:\\\/\\\/narvajoesuu.ee\\\/#\\\/schema\\\/logo\\\/image\\\/\",\"url\":\"https:\\\/\\\/narvajoesuu.ee\\\/wp-content\\\/uploads\\\/2020\\\/10\\\/narvajoesuu-logo-small.png\",\"contentUrl\":\"https:\\\/\\\/narvajoesuu.ee\\\/wp-content\\\/uploads\\\/2020\\\/10\\\/narvajoesuu-logo-small.png\",\"width\":170,\"height\":170,\"caption\":\"Narva-J\u00f5esuu Medical SPA\"},\"image\":{\"@id\":\"https:\\\/\\\/narvajoesuu.ee\\\/#\\\/schema\\\/logo\\\/image\\\/\"}}]}<\/script>\n<!-- \/ Yoast SEO plugin. -->","yoast_head_json":{"title":"Kevadine Kingitus \u2013 2 \u00f6\u00f6d spaapuhkust Narva-J\u00f5esuus","description":"Kevade hitt nr 1! 2 \u00f6\u00f6d spaahotellis: majutus, hommikus\u00f6\u00f6k, spaakeskus ja l\u00f5\u00f5gastavad hoolitsused. Ideaalne kingitus v\u00f5i romantiline puhkus.","robots":{"index":"index","follow":"follow","max-snippet":"max-snippet:-1","max-image-preview":"max-image-preview:large","max-video-preview":"max-video-preview:-1"},"canonical":"https:\/\/narvajoesuu.ee\/fi\/kylpylaloma\/eripakkumised\/pakett-kevadine-kingitus-2-ood-selle-kevade-hitt-nr-1\/","og_locale":"fi_FI","og_type":"article","og_title":"Kevadine Kingitus \u2013 2 \u00f6\u00f6d spaapuhkust Narva-J\u00f5esuus","og_description":"Kevade hitt nr 1! 2 \u00f6\u00f6d spaahotellis: majutus, hommikus\u00f6\u00f6k, spaakeskus ja l\u00f5\u00f5gastavad hoolitsused. Ideaalne kingitus v\u00f5i romantiline puhkus.","og_url":"https:\/\/narvajoesuu.ee\/fi\/kylpylaloma\/eripakkumised\/pakett-kevadine-kingitus-2-ood-selle-kevade-hitt-nr-1\/","og_site_name":"MEDICAL SPA NARVA-J\u00d5ESUU","article_modified_time":"2026-02-26T06:53:10+00:00","og_image":[{"width":1200,"height":630,"url":"https:\/\/narvajoesuu.ee\/wp-content\/uploads\/2021\/12\/Maja-pilt.png","type":"image\/png"}],"twitter_card":"summary_large_image","twitter_misc":{"Arvioitu lukuaika":"1 minuutti"},"schema":{"@context":"https:\/\/schema.org","@graph":[{"@type":"WebPage","@id":"https:\/\/narvajoesuu.ee\/fi\/kylpylaloma\/eripakkumised\/pakett-kevadine-kingitus-2-ood-selle-kevade-hitt-nr-1\/","url":"https:\/\/narvajoesuu.ee\/fi\/kylpylaloma\/eripakkumised\/pakett-kevadine-kingitus-2-ood-selle-kevade-hitt-nr-1\/","name":"Kevadine Kingitus \u2013 2 \u00f6\u00f6d spaapuhkust Narva-J\u00f5esuus","isPartOf":{"@id":"https:\/\/narvajoesuu.ee\/#website"},"datePublished":"2022-02-22T11:30:32+00:00","dateModified":"2026-02-26T06:53:10+00:00","description":"Kevade hitt nr 1! 2 \u00f6\u00f6d spaahotellis: majutus, hommikus\u00f6\u00f6k, spaakeskus ja l\u00f5\u00f5gastavad hoolitsused. Ideaalne kingitus v\u00f5i romantiline puhkus.","breadcrumb":{"@id":"https:\/\/narvajoesuu.ee\/fi\/kylpylaloma\/eripakkumised\/pakett-kevadine-kingitus-2-ood-selle-kevade-hitt-nr-1\/#breadcrumb"},"inLanguage":"fi","potentialAction":[{"@type":"ReadAction","target":["https:\/\/narvajoesuu.ee\/fi\/kylpylaloma\/eripakkumised\/pakett-kevadine-kingitus-2-ood-selle-kevade-hitt-nr-1\/"]}]},{"@type":"BreadcrumbList","@id":"https:\/\/narvajoesuu.ee\/fi\/kylpylaloma\/eripakkumised\/pakett-kevadine-kingitus-2-ood-selle-kevade-hitt-nr-1\/#breadcrumb","itemListElement":[{"@type":"ListItem","position":1,"name":"Home","item":"https:\/\/narvajoesuu.ee\/fi\/"},{"@type":"ListItem","position":2,"name":"Kylpyl\u00e4loma","item":"https:\/\/narvajoesuu.ee\/fi\/kylpylaloma\/"},{"@type":"ListItem","position":3,"name":"Eripakkumised","item":"https:\/\/narvajoesuu.ee\/fi\/?page_id=10630"},{"@type":"ListItem","position":4,"name":"Pakett &#171;KEVADINE KINGITUS&#187; (2 \u00f6\u00f6d) \u2013 selle kevade hitt nr.1!"}]},{"@type":"WebSite","@id":"https:\/\/narvajoesuu.ee\/#website","url":"https:\/\/narvajoesuu.ee\/","name":"MEDICAL SPA NARVA-J\u00d5ESUU","description":"","publisher":{"@id":"https:\/\/narvajoesuu.ee\/#organization"},"potentialAction":[{"@type":"SearchAction","target":{"@type":"EntryPoint","urlTemplate":"https:\/\/narvajoesuu.ee\/?s={search_term_string}"},"query-input":{"@type":"PropertyValueSpecification","valueRequired":true,"valueName":"search_term_string"}}],"inLanguage":"fi"},{"@type":"Organization","@id":"https:\/\/narvajoesuu.ee\/#organization","name":"Narva-J\u00f5esuu Medical SPA","url":"https:\/\/narvajoesuu.ee\/","logo":{"@type":"ImageObject","inLanguage":"fi","@id":"https:\/\/narvajoesuu.ee\/#\/schema\/logo\/image\/","url":"https:\/\/narvajoesuu.ee\/wp-content\/uploads\/2020\/10\/narvajoesuu-logo-small.png","contentUrl":"https:\/\/narvajoesuu.ee\/wp-content\/uploads\/2020\/10\/narvajoesuu-logo-small.png","width":170,"height":170,"caption":"Narva-J\u00f5esuu Medical SPA"},"image":{"@id":"https:\/\/narvajoesuu.ee\/#\/schema\/logo\/image\/"}}]}},"uagb_featured_image_src":{"full":false,"thumbnail":false,"medium":false,"medium_large":false,"large":false,"1536x1536":false,"2048x2048":false,"img-1920x550":false,"img-1920x320":false,"img-1920x200":false,"img-670x480":false,"img-570x280":false,"img-507":false,"img-370x240":false,"img-400x250":false,"img-370x175":false,"img-370x120":false,"img-300":false,"img-170":false},"uagb_author_info":{"display_name":"Darja","author_link":"https:\/\/narvajoesuu.ee\/fi\/author\/darja\/"},"uagb_comment_info":0,"uagb_excerpt":"PAKETT SISALDAB: J\u00c4RGMISED TERVENDAVAD JA L\u00d5\u00d5GASTAVAD HOOLITSUSED IGALE INIMESELE (FIKSEERITUD): LISAKS PROTSEDUURIDELE KUULUB PAKETTI: Majutus TWIN toas argip\u00e4eviti (E-N)(hind kahele)...","_links":{"self":[{"href":"https:\/\/narvajoesuu.ee\/fi\/wp-json\/wp\/v2\/pages\/10195","targetHints":{"allow":["GET"]}}],"collection":[{"href":"https:\/\/narvajoesuu.ee\/fi\/wp-json\/wp\/v2\/pages"}],"about":[{"href":"https:\/\/narvajoesuu.ee\/fi\/wp-json\/wp\/v2\/types\/page"}],"author":[{"embeddable":true,"href":"https:\/\/narvajoesuu.ee\/fi\/wp-json\/wp\/v2\/users\/2"}],"replies":[{"embeddable":true,"href":"https:\/\/narvajoesuu.ee\/fi\/wp-json\/wp\/v2\/comments?post=10195"}],"version-history":[{"count":21,"href":"https:\/\/narvajoesuu.ee\/fi\/wp-json\/wp\/v2\/pages\/10195\/revisions"}],"predecessor-version":[{"id":23348,"href":"https:\/\/narvajoesuu.ee\/fi\/wp-json\/wp\/v2\/pages\/10195\/revisions\/23348"}],"up":[{"embeddable":true,"href":"https:\/\/narvajoesuu.ee\/fi\/wp-json\/wp\/v2\/pages\/10630"}],"wp:attachment":[{"href":"https:\/\/narvajoesuu.ee\/fi\/wp-json\/wp\/v2\/media?parent=10195"}],"curies":[{"name":"wp","href":"https:\/\/api.w.org\/{rel}","templated":true}]}}