{"id":10169,"date":"2022-06-21T10:47:00","date_gmt":"2022-06-21T07:47:00","guid":{"rendered":"https:\/\/narvajoesuu.ee\/suvine-terrass\/"},"modified":"2025-06-27T15:06:21","modified_gmt":"2025-06-27T12:06:21","slug":"suvine-terrass","status":"publish","type":"page","link":"https:\/\/narvajoesuu.ee\/fi\/suvine-terrass\/","title":{"rendered":"\u00a0KES\u00c4TERASSI"},"content":{"rendered":"\n<figure class=\"wp-block-gallery has-nested-images columns-default is-cropped wp-block-gallery-1 is-layout-flex wp-block-gallery-is-layout-flex\">\n<figure class=\"wp-block-image size-full\"><a href=\"https:\/\/narvajoesuu.ee\/wp-content\/uploads\/2023\/06\/\u0414\u0438\u0437\u0430\u0439\u043d-\u0431\u0435\u0437-\u043d\u0430\u0437\u0432\u0430\u043d\u0438\u044f-65-1.png\"><img loading=\"lazy\" decoding=\"async\" width=\"1024\" height=\"614\" data-id=\"15814\" src=\"https:\/\/narvajoesuu.ee\/wp-content\/uploads\/2023\/06\/\u0414\u0438\u0437\u0430\u0439\u043d-\u0431\u0435\u0437-\u043d\u0430\u0437\u0432\u0430\u043d\u0438\u044f-65-1.png\" alt=\"\" class=\"wp-image-15814\"\/><\/a><\/figure>\n\n\n\n<figure class=\"wp-block-image size-full\"><a href=\"https:\/\/narvajoesuu.ee\/wp-content\/uploads\/2023\/06\/\u0414\u0438\u0437\u0430\u0439\u043d-\u0431\u0435\u0437-\u043d\u0430\u0437\u0432\u0430\u043d\u0438\u044f-71.png\"><img loading=\"lazy\" decoding=\"async\" width=\"1024\" height=\"614\" data-id=\"15856\" src=\"https:\/\/narvajoesuu.ee\/wp-content\/uploads\/2023\/06\/\u0414\u0438\u0437\u0430\u0439\u043d-\u0431\u0435\u0437-\u043d\u0430\u0437\u0432\u0430\u043d\u0438\u044f-71.png\" alt=\"\" class=\"wp-image-15856\"\/><\/a><\/figure>\n\n\n\n<figure class=\"wp-block-image size-full\"><a href=\"https:\/\/narvajoesuu.ee\/wp-content\/uploads\/2023\/06\/\u0414\u0438\u0437\u0430\u0439\u043d-\u0431\u0435\u0437-\u043d\u0430\u0437\u0432\u0430\u043d\u0438\u044f-66-1.png\"><img loading=\"lazy\" decoding=\"async\" width=\"1024\" height=\"614\" data-id=\"15818\" src=\"https:\/\/narvajoesuu.ee\/wp-content\/uploads\/2023\/06\/\u0414\u0438\u0437\u0430\u0439\u043d-\u0431\u0435\u0437-\u043d\u0430\u0437\u0432\u0430\u043d\u0438\u044f-66-1.png\" alt=\"\" class=\"wp-image-15818\"\/><\/a><\/figure>\n\n\n\n<figure class=\"wp-block-image size-full\"><a href=\"https:\/\/narvajoesuu.ee\/wp-content\/uploads\/2022\/06\/1-1.png\"><img loading=\"lazy\" decoding=\"async\" width=\"1024\" height=\"614\" data-id=\"9692\" src=\"https:\/\/narvajoesuu.ee\/wp-content\/uploads\/2022\/06\/1-1.png\" alt=\"\" class=\"wp-image-9692\"\/><\/a><\/figure>\n\n\n\n<figure class=\"wp-block-image size-full\"><a href=\"https:\/\/narvajoesuu.ee\/wp-content\/uploads\/2022\/06\/6-1.png\"><img loading=\"lazy\" decoding=\"async\" width=\"1024\" height=\"614\" data-id=\"9686\" src=\"https:\/\/narvajoesuu.ee\/wp-content\/uploads\/2022\/06\/6-1.png\" alt=\"\" class=\"wp-image-9686\"\/><\/a><\/figure>\n\n\n\n<figure class=\"wp-block-image size-full\"><a href=\"https:\/\/narvajoesuu.ee\/wp-content\/uploads\/2023\/06\/\u0414\u0438\u0437\u0430\u0439\u043d-\u0431\u0435\u0437-\u043d\u0430\u0437\u0432\u0430\u043d\u0438\u044f-73-1.png\"><img loading=\"lazy\" decoding=\"async\" width=\"1024\" height=\"614\" data-id=\"15879\" src=\"https:\/\/narvajoesuu.ee\/wp-content\/uploads\/2023\/06\/\u0414\u0438\u0437\u0430\u0439\u043d-\u0431\u0435\u0437-\u043d\u0430\u0437\u0432\u0430\u043d\u0438\u044f-73-1.png\" alt=\"\" class=\"wp-image-15879\"\/><\/a><\/figure>\n<\/figure>\n\n\n\n<p class=\"wp-el\">Hyvi\u00e4 ruokia ja juomia ei tarvitse etsi\u00e4 kaukaa! Narva-J\u00f5esuu Medical SPA:n oma kes\u00e4terassiravintola tarjoilee niit\u00e4 auringon kuumotukselta suojaavien telttakatosten varjossa. Terassin vierell\u00e4 on my\u00f6s lastelle tarkoitettu leikkialue. Tule ja nauti:<\/p>\n\n\n\n<ul class=\"wp-block-list wp-el\">\n<li>Laajaa cocktail-juomien valikoimaa \ud83c\udf79<\/li>\n\n\n\n<li>El\u00e4v\u00e4\u00e4 musiikkia perjantaisin \ud83c\udfbc<\/li>\n\n\n\n<li>Menev\u00e4mp\u00e4\u00e4 musiikkia lauantaisin DJ:n tahdittamana \ud83c\udfa7<\/li>\n<\/ul>\n\n\n\n<h3 class=\"wp-block-heading wp-el\">KES\u00c4TERASSI ON AVOINNA:<\/h3>\n\n\n\n<figure class=\"wp-block-table is-style-stripes\"><table><tbody><tr><td>Sunnuntai &#8211; Torstai<\/td><td>12:00 &#8211; 23:00<\/td><\/tr><tr><td>Perjantai &#8211; Lauantai<\/td><td>12:00 &#8211; 01:00<\/td><\/tr><\/tbody><\/table><\/figure>\n\n\n\n<div class=\"wp-block-buttons is-layout-flex wp-block-buttons-is-layout-flex\">\n<div class=\"wp-block-button\"><a class=\"wp-block-button__link has-luminous-vivid-amber-to-luminous-vivid-orange-gradient-background has-background wp-element-button\" href=\"https:\/\/narvajoesuu.ee\/wp-content\/uploads\/2025\/06\/Terrass-MENU-2025.pdf\">Ruokalista<\/a><\/div>\n<\/div>\n\n\n<div class=\"b-block pad-top-30 pad-bottom-20\"><div class=\"p-emphasis b-part container-p0 p-emphasis--info\"><div>Kysy lis\u00e4\u00e4 ja varaa p\u00f6yt\u00e4:<\/div>\n<div>Puh: +372 55589537<\/div>\n<div><\/div>\n<div><\/div>\n<\/div><\/div>","protected":false},"excerpt":{"rendered":"<p>Hyvi\u00e4 ruokia ja juomia ei tarvitse etsi\u00e4 kaukaa! Narva-J\u00f5esuu Medical SPA:n oma kes\u00e4terassiravintola tarjoilee niit\u00e4 auringon kuumotukselta suojaavien telttakatosten varjossa&#8230;.<\/p>\n","protected":false},"author":2,"featured_media":0,"parent":0,"menu_order":30,"comment_status":"closed","ping_status":"closed","template":"","meta":{"_acf_changed":false,"_uag_custom_page_level_css":"","_monsterinsights_skip_tracking":false,"_monsterinsights_sitenote_active":false,"_monsterinsights_sitenote_note":"","_monsterinsights_sitenote_category":0,"footnotes":""},"class_list":["post-10169","page","type-page","status-publish","hentry"],"acf":[],"yoast_head":"<!-- This site is optimized with the Yoast SEO plugin v27.5 - https:\/\/yoast.com\/product\/yoast-seo-wordpress\/ -->\n<title>\u00a0KES\u00c4TERASSI - MEDICAL SPA NARVA-J\u00d5ESUU<\/title>\n<meta name=\"robots\" content=\"index, follow, max-snippet:-1, max-image-preview:large, max-video-preview:-1\" \/>\n<link rel=\"canonical\" href=\"https:\/\/narvajoesuu.ee\/fi\/suvine-terrass\/\" \/>\n<meta property=\"og:locale\" content=\"fi_FI\" \/>\n<meta property=\"og:type\" content=\"article\" \/>\n<meta property=\"og:title\" content=\"\u00a0KES\u00c4TERASSI - MEDICAL SPA NARVA-J\u00d5ESUU\" \/>\n<meta property=\"og:description\" content=\"Hyvi\u00e4 ruokia ja juomia ei tarvitse etsi\u00e4 kaukaa! Narva-J\u00f5esuu Medical SPA:n oma kes\u00e4terassiravintola tarjoilee niit\u00e4 auringon kuumotukselta suojaavien telttakatosten varjossa....\" \/>\n<meta property=\"og:url\" content=\"https:\/\/narvajoesuu.ee\/fi\/suvine-terrass\/\" \/>\n<meta property=\"og:site_name\" content=\"MEDICAL SPA NARVA-J\u00d5ESUU\" \/>\n<meta property=\"article:modified_time\" content=\"2025-06-27T12:06:21+00:00\" \/>\n<meta property=\"og:image\" content=\"https:\/\/narvajoesuu.ee\/wp-content\/uploads\/2022\/06\/1-1.png\" \/>\n<meta name=\"twitter:card\" content=\"summary_large_image\" \/>\n<meta name=\"twitter:label1\" content=\"Arvioitu lukuaika\" \/>\n\t<meta name=\"twitter:data1\" content=\"2 minuuttia\" \/>\n<script type=\"application\/ld+json\" class=\"yoast-schema-graph\">{\"@context\":\"https:\\\/\\\/schema.org\",\"@graph\":[{\"@type\":\"WebPage\",\"@id\":\"https:\\\/\\\/narvajoesuu.ee\\\/fi\\\/suvine-terrass\\\/\",\"url\":\"https:\\\/\\\/narvajoesuu.ee\\\/fi\\\/suvine-terrass\\\/\",\"name\":\"\u00a0KES\u00c4TERASSI - MEDICAL SPA NARVA-J\u00d5ESUU\",\"isPartOf\":{\"@id\":\"https:\\\/\\\/narvajoesuu.ee\\\/#website\"},\"primaryImageOfPage\":{\"@id\":\"https:\\\/\\\/narvajoesuu.ee\\\/fi\\\/suvine-terrass\\\/#primaryimage\"},\"image\":{\"@id\":\"https:\\\/\\\/narvajoesuu.ee\\\/fi\\\/suvine-terrass\\\/#primaryimage\"},\"thumbnailUrl\":\"https:\\\/\\\/narvajoesuu.ee\\\/wp-content\\\/uploads\\\/2022\\\/06\\\/1-1.png\",\"datePublished\":\"2022-06-21T07:47:00+00:00\",\"dateModified\":\"2025-06-27T12:06:21+00:00\",\"breadcrumb\":{\"@id\":\"https:\\\/\\\/narvajoesuu.ee\\\/fi\\\/suvine-terrass\\\/#breadcrumb\"},\"inLanguage\":\"fi\",\"potentialAction\":[{\"@type\":\"ReadAction\",\"target\":[\"https:\\\/\\\/narvajoesuu.ee\\\/fi\\\/suvine-terrass\\\/\"]}]},{\"@type\":\"ImageObject\",\"inLanguage\":\"fi\",\"@id\":\"https:\\\/\\\/narvajoesuu.ee\\\/fi\\\/suvine-terrass\\\/#primaryimage\",\"url\":\"https:\\\/\\\/narvajoesuu.ee\\\/wp-content\\\/uploads\\\/2022\\\/06\\\/1-1.png\",\"contentUrl\":\"https:\\\/\\\/narvajoesuu.ee\\\/wp-content\\\/uploads\\\/2022\\\/06\\\/1-1.png\"},{\"@type\":\"BreadcrumbList\",\"@id\":\"https:\\\/\\\/narvajoesuu.ee\\\/fi\\\/suvine-terrass\\\/#breadcrumb\",\"itemListElement\":[{\"@type\":\"ListItem\",\"position\":1,\"name\":\"Home\",\"item\":\"https:\\\/\\\/narvajoesuu.ee\\\/fi\\\/\"},{\"@type\":\"ListItem\",\"position\":2,\"name\":\"\u00a0KES\u00c4TERASSI\"}]},{\"@type\":\"WebSite\",\"@id\":\"https:\\\/\\\/narvajoesuu.ee\\\/#website\",\"url\":\"https:\\\/\\\/narvajoesuu.ee\\\/\",\"name\":\"MEDICAL SPA NARVA-J\u00d5ESUU\",\"description\":\"\",\"publisher\":{\"@id\":\"https:\\\/\\\/narvajoesuu.ee\\\/#organization\"},\"potentialAction\":[{\"@type\":\"SearchAction\",\"target\":{\"@type\":\"EntryPoint\",\"urlTemplate\":\"https:\\\/\\\/narvajoesuu.ee\\\/?s={search_term_string}\"},\"query-input\":{\"@type\":\"PropertyValueSpecification\",\"valueRequired\":true,\"valueName\":\"search_term_string\"}}],\"inLanguage\":\"fi\"},{\"@type\":\"Organization\",\"@id\":\"https:\\\/\\\/narvajoesuu.ee\\\/#organization\",\"name\":\"Narva-J\u00f5esuu Medical SPA\",\"url\":\"https:\\\/\\\/narvajoesuu.ee\\\/\",\"logo\":{\"@type\":\"ImageObject\",\"inLanguage\":\"fi\",\"@id\":\"https:\\\/\\\/narvajoesuu.ee\\\/#\\\/schema\\\/logo\\\/image\\\/\",\"url\":\"https:\\\/\\\/narvajoesuu.ee\\\/wp-content\\\/uploads\\\/2020\\\/10\\\/narvajoesuu-logo-small.png\",\"contentUrl\":\"https:\\\/\\\/narvajoesuu.ee\\\/wp-content\\\/uploads\\\/2020\\\/10\\\/narvajoesuu-logo-small.png\",\"width\":170,\"height\":170,\"caption\":\"Narva-J\u00f5esuu Medical SPA\"},\"image\":{\"@id\":\"https:\\\/\\\/narvajoesuu.ee\\\/#\\\/schema\\\/logo\\\/image\\\/\"}}]}<\/script>\n<!-- \/ Yoast SEO plugin. -->","yoast_head_json":{"title":"\u00a0KES\u00c4TERASSI - MEDICAL SPA NARVA-J\u00d5ESUU","robots":{"index":"index","follow":"follow","max-snippet":"max-snippet:-1","max-image-preview":"max-image-preview:large","max-video-preview":"max-video-preview:-1"},"canonical":"https:\/\/narvajoesuu.ee\/fi\/suvine-terrass\/","og_locale":"fi_FI","og_type":"article","og_title":"\u00a0KES\u00c4TERASSI - MEDICAL SPA NARVA-J\u00d5ESUU","og_description":"Hyvi\u00e4 ruokia ja juomia ei tarvitse etsi\u00e4 kaukaa! Narva-J\u00f5esuu Medical SPA:n oma kes\u00e4terassiravintola tarjoilee niit\u00e4 auringon kuumotukselta suojaavien telttakatosten varjossa....","og_url":"https:\/\/narvajoesuu.ee\/fi\/suvine-terrass\/","og_site_name":"MEDICAL SPA NARVA-J\u00d5ESUU","article_modified_time":"2025-06-27T12:06:21+00:00","og_image":[{"url":"https:\/\/narvajoesuu.ee\/wp-content\/uploads\/2022\/06\/1-1.png","type":"","width":"","height":""}],"twitter_card":"summary_large_image","twitter_misc":{"Arvioitu lukuaika":"2 minuuttia"},"schema":{"@context":"https:\/\/schema.org","@graph":[{"@type":"WebPage","@id":"https:\/\/narvajoesuu.ee\/fi\/suvine-terrass\/","url":"https:\/\/narvajoesuu.ee\/fi\/suvine-terrass\/","name":"\u00a0KES\u00c4TERASSI - MEDICAL SPA NARVA-J\u00d5ESUU","isPartOf":{"@id":"https:\/\/narvajoesuu.ee\/#website"},"primaryImageOfPage":{"@id":"https:\/\/narvajoesuu.ee\/fi\/suvine-terrass\/#primaryimage"},"image":{"@id":"https:\/\/narvajoesuu.ee\/fi\/suvine-terrass\/#primaryimage"},"thumbnailUrl":"https:\/\/narvajoesuu.ee\/wp-content\/uploads\/2022\/06\/1-1.png","datePublished":"2022-06-21T07:47:00+00:00","dateModified":"2025-06-27T12:06:21+00:00","breadcrumb":{"@id":"https:\/\/narvajoesuu.ee\/fi\/suvine-terrass\/#breadcrumb"},"inLanguage":"fi","potentialAction":[{"@type":"ReadAction","target":["https:\/\/narvajoesuu.ee\/fi\/suvine-terrass\/"]}]},{"@type":"ImageObject","inLanguage":"fi","@id":"https:\/\/narvajoesuu.ee\/fi\/suvine-terrass\/#primaryimage","url":"https:\/\/narvajoesuu.ee\/wp-content\/uploads\/2022\/06\/1-1.png","contentUrl":"https:\/\/narvajoesuu.ee\/wp-content\/uploads\/2022\/06\/1-1.png"},{"@type":"BreadcrumbList","@id":"https:\/\/narvajoesuu.ee\/fi\/suvine-terrass\/#breadcrumb","itemListElement":[{"@type":"ListItem","position":1,"name":"Home","item":"https:\/\/narvajoesuu.ee\/fi\/"},{"@type":"ListItem","position":2,"name":"\u00a0KES\u00c4TERASSI"}]},{"@type":"WebSite","@id":"https:\/\/narvajoesuu.ee\/#website","url":"https:\/\/narvajoesuu.ee\/","name":"MEDICAL SPA NARVA-J\u00d5ESUU","description":"","publisher":{"@id":"https:\/\/narvajoesuu.ee\/#organization"},"potentialAction":[{"@type":"SearchAction","target":{"@type":"EntryPoint","urlTemplate":"https:\/\/narvajoesuu.ee\/?s={search_term_string}"},"query-input":{"@type":"PropertyValueSpecification","valueRequired":true,"valueName":"search_term_string"}}],"inLanguage":"fi"},{"@type":"Organization","@id":"https:\/\/narvajoesuu.ee\/#organization","name":"Narva-J\u00f5esuu Medical SPA","url":"https:\/\/narvajoesuu.ee\/","logo":{"@type":"ImageObject","inLanguage":"fi","@id":"https:\/\/narvajoesuu.ee\/#\/schema\/logo\/image\/","url":"https:\/\/narvajoesuu.ee\/wp-content\/uploads\/2020\/10\/narvajoesuu-logo-small.png","contentUrl":"https:\/\/narvajoesuu.ee\/wp-content\/uploads\/2020\/10\/narvajoesuu-logo-small.png","width":170,"height":170,"caption":"Narva-J\u00f5esuu Medical SPA"},"image":{"@id":"https:\/\/narvajoesuu.ee\/#\/schema\/logo\/image\/"}}]}},"uagb_featured_image_src":{"full":false,"thumbnail":false,"medium":false,"medium_large":false,"large":false,"1536x1536":false,"2048x2048":false,"img-1920x550":false,"img-1920x320":false,"img-1920x200":false,"img-670x480":false,"img-570x280":false,"img-507":false,"img-370x240":false,"img-400x250":false,"img-370x175":false,"img-370x120":false,"img-300":false,"img-170":false},"uagb_author_info":{"display_name":"Darja","author_link":"https:\/\/narvajoesuu.ee\/fi\/author\/darja\/"},"uagb_comment_info":0,"uagb_excerpt":"Hyvi\u00e4 ruokia ja juomia ei tarvitse etsi\u00e4 kaukaa! Narva-J\u00f5esuu Medical SPA:n oma kes\u00e4terassiravintola tarjoilee niit\u00e4 auringon kuumotukselta suojaavien telttakatosten varjossa....","_links":{"self":[{"href":"https:\/\/narvajoesuu.ee\/fi\/wp-json\/wp\/v2\/pages\/10169","targetHints":{"allow":["GET"]}}],"collection":[{"href":"https:\/\/narvajoesuu.ee\/fi\/wp-json\/wp\/v2\/pages"}],"about":[{"href":"https:\/\/narvajoesuu.ee\/fi\/wp-json\/wp\/v2\/types\/page"}],"author":[{"embeddable":true,"href":"https:\/\/narvajoesuu.ee\/fi\/wp-json\/wp\/v2\/users\/2"}],"replies":[{"embeddable":true,"href":"https:\/\/narvajoesuu.ee\/fi\/wp-json\/wp\/v2\/comments?post=10169"}],"version-history":[{"count":9,"href":"https:\/\/narvajoesuu.ee\/fi\/wp-json\/wp\/v2\/pages\/10169\/revisions"}],"predecessor-version":[{"id":21136,"href":"https:\/\/narvajoesuu.ee\/fi\/wp-json\/wp\/v2\/pages\/10169\/revisions\/21136"}],"wp:attachment":[{"href":"https:\/\/narvajoesuu.ee\/fi\/wp-json\/wp\/v2\/media?parent=10169"}],"curies":[{"name":"wp","href":"https:\/\/api.w.org\/{rel}","templated":true}]}}