{"id":6091,"date":"2022-09-17T10:11:07","date_gmt":"2022-09-17T07:11:07","guid":{"rendered":"https:\/\/narvajoesuu.ee\/?page_id=6091"},"modified":"2025-04-22T08:51:51","modified_gmt":"2025-04-22T05:51:51","slug":"how-to-reach-narva-joesuu","status":"publish","type":"page","link":"https:\/\/narvajoesuu.ee\/en\/hotell\/how-to-reach-narva-joesuu\/","title":{"rendered":"How to reach Narva-J\u00f5esuu"},"content":{"rendered":"\n<h3 class=\"wp-block-heading wp-el\">By personal car<\/h3>\n\n\n\n<p class=\"wp-el\">When arriving by car via Peterburg road, there is a sign &#8220;Narva-J\u00f5esuu 12 km&#8221; after passing through Sillam\u00e4e. Turn left at the junction and drive straight until you arrive at the hotel.<\/p>\n\n\n\n<h3 class=\"wp-block-heading wp-el\">Baltic Shuttle regular trips to and from Narva-J\u00f5esuu<\/h3>\n\n\n\n<p class=\"wp-el\">Convenient daily direct trip to and from Narva-J\u00f5esuu.<br>Check the timetable and book tickets <a href=\"https:\/\/www.balticshuttle.ee\/en\">here<\/a>.<\/p>\n\n\n\n<h3 class=\"wp-block-heading wp-el\">Regular-line bus<\/h3>\n\n\n\n<p class=\"wp-el\">Convenient daily travel service in Tallinn \u2013 Narva \/ Tallinn \u2013 Peterburg direction is provided by <a href=\"https:\/\/luxexpress.eu\/en\/\">Lux Express<\/a> buses with Wi-Fi availability.&nbsp;<a href=\"https:\/\/www.tpilet.ee\/en\/\" target=\"_blank\" rel=\"noreferrer noopener\">Check the timetable and book tickets here<\/a>.<\/p>\n\n\n\n<h3 class=\"wp-block-heading wp-el\">Public transport from Narva<\/h3>\n\n\n\n<p class=\"wp-el\">Regular-service bus nr. 31 drives from Narva to the stop &#8220;Saun&#8221;. Check the timetable at\u00a0<a href=\"https:\/\/web.peatus.ee\/\" target=\"_blank\" rel=\"noreferrer noopener\">www.peatus.ee<\/a>.<\/p>\n","protected":false},"excerpt":{"rendered":"<p>By personal car When arriving by car via Peterburg road, there is a sign &#8220;Narva-J\u00f5esuu 12 km&#8221; after passing through&#8230;<\/p>\n","protected":false},"author":3,"featured_media":0,"parent":4280,"menu_order":468,"comment_status":"closed","ping_status":"closed","template":"","meta":{"_acf_changed":false,"_uag_custom_page_level_css":"","_monsterinsights_skip_tracking":false,"_monsterinsights_sitenote_active":false,"_monsterinsights_sitenote_note":"","_monsterinsights_sitenote_category":0,"footnotes":""},"class_list":["post-6091","page","type-page","status-publish","hentry"],"acf":[],"yoast_head":"<!-- This site is optimized with the Yoast SEO plugin v27.4 - https:\/\/yoast.com\/product\/yoast-seo-wordpress\/ -->\n<title>How to reach Narva-J\u00f5esuu - MEDICAL SPA NARVA-J\u00d5ESUU<\/title>\n<meta name=\"robots\" content=\"index, follow, max-snippet:-1, max-image-preview:large, max-video-preview:-1\" \/>\n<link rel=\"canonical\" href=\"https:\/\/narvajoesuu.ee\/en\/hotell\/how-to-reach-narva-joesuu\/\" \/>\n<meta property=\"og:locale\" content=\"en_US\" \/>\n<meta property=\"og:type\" content=\"article\" \/>\n<meta property=\"og:title\" content=\"How to reach Narva-J\u00f5esuu - MEDICAL SPA NARVA-J\u00d5ESUU\" \/>\n<meta property=\"og:description\" content=\"By personal car When arriving by car via Peterburg road, there is a sign &#8220;Narva-J\u00f5esuu 12 km&#8221; after passing through...\" \/>\n<meta property=\"og:url\" content=\"https:\/\/narvajoesuu.ee\/en\/hotell\/how-to-reach-narva-joesuu\/\" \/>\n<meta property=\"og:site_name\" content=\"MEDICAL SPA NARVA-J\u00d5ESUU\" \/>\n<meta property=\"article:modified_time\" content=\"2025-04-22T05:51:51+00:00\" \/>\n<meta property=\"og:image\" content=\"https:\/\/narvajoesuu.ee\/wp-content\/uploads\/2021\/12\/Maja-pilt.png\" \/>\n\t<meta property=\"og:image:width\" content=\"1200\" \/>\n\t<meta property=\"og:image:height\" content=\"630\" \/>\n\t<meta property=\"og:image:type\" content=\"image\/png\" \/>\n<meta name=\"twitter:card\" content=\"summary_large_image\" \/>\n<meta name=\"twitter:label1\" content=\"Est. reading time\" \/>\n\t<meta name=\"twitter:data1\" content=\"1 minute\" \/>\n<script type=\"application\/ld+json\" class=\"yoast-schema-graph\">{\"@context\":\"https:\\\/\\\/schema.org\",\"@graph\":[{\"@type\":\"WebPage\",\"@id\":\"https:\\\/\\\/narvajoesuu.ee\\\/en\\\/hotell\\\/how-to-reach-narva-joesuu\\\/\",\"url\":\"https:\\\/\\\/narvajoesuu.ee\\\/en\\\/hotell\\\/how-to-reach-narva-joesuu\\\/\",\"name\":\"How to reach Narva-J\u00f5esuu - MEDICAL SPA NARVA-J\u00d5ESUU\",\"isPartOf\":{\"@id\":\"https:\\\/\\\/narvajoesuu.ee\\\/#website\"},\"datePublished\":\"2022-09-17T07:11:07+00:00\",\"dateModified\":\"2025-04-22T05:51:51+00:00\",\"breadcrumb\":{\"@id\":\"https:\\\/\\\/narvajoesuu.ee\\\/en\\\/hotell\\\/how-to-reach-narva-joesuu\\\/#breadcrumb\"},\"inLanguage\":\"en-US\",\"potentialAction\":[{\"@type\":\"ReadAction\",\"target\":[\"https:\\\/\\\/narvajoesuu.ee\\\/en\\\/hotell\\\/how-to-reach-narva-joesuu\\\/\"]}]},{\"@type\":\"BreadcrumbList\",\"@id\":\"https:\\\/\\\/narvajoesuu.ee\\\/en\\\/hotell\\\/how-to-reach-narva-joesuu\\\/#breadcrumb\",\"itemListElement\":[{\"@type\":\"ListItem\",\"position\":1,\"name\":\"Home\",\"item\":\"https:\\\/\\\/narvajoesuu.ee\\\/en\\\/\"},{\"@type\":\"ListItem\",\"position\":2,\"name\":\"Hotell\",\"item\":\"https:\\\/\\\/narvajoesuu.ee\\\/en\\\/hotell\\\/\"},{\"@type\":\"ListItem\",\"position\":3,\"name\":\"How to reach Narva-J\u00f5esuu\"}]},{\"@type\":\"WebSite\",\"@id\":\"https:\\\/\\\/narvajoesuu.ee\\\/#website\",\"url\":\"https:\\\/\\\/narvajoesuu.ee\\\/\",\"name\":\"MEDICAL SPA NARVA-J\u00d5ESUU\",\"description\":\"\",\"publisher\":{\"@id\":\"https:\\\/\\\/narvajoesuu.ee\\\/#organization\"},\"potentialAction\":[{\"@type\":\"SearchAction\",\"target\":{\"@type\":\"EntryPoint\",\"urlTemplate\":\"https:\\\/\\\/narvajoesuu.ee\\\/?s={search_term_string}\"},\"query-input\":{\"@type\":\"PropertyValueSpecification\",\"valueRequired\":true,\"valueName\":\"search_term_string\"}}],\"inLanguage\":\"en-US\"},{\"@type\":\"Organization\",\"@id\":\"https:\\\/\\\/narvajoesuu.ee\\\/#organization\",\"name\":\"Narva-J\u00f5esuu Medical SPA\",\"url\":\"https:\\\/\\\/narvajoesuu.ee\\\/\",\"logo\":{\"@type\":\"ImageObject\",\"inLanguage\":\"en-US\",\"@id\":\"https:\\\/\\\/narvajoesuu.ee\\\/#\\\/schema\\\/logo\\\/image\\\/\",\"url\":\"https:\\\/\\\/narvajoesuu.ee\\\/wp-content\\\/uploads\\\/2020\\\/10\\\/narvajoesuu-logo-small.png\",\"contentUrl\":\"https:\\\/\\\/narvajoesuu.ee\\\/wp-content\\\/uploads\\\/2020\\\/10\\\/narvajoesuu-logo-small.png\",\"width\":170,\"height\":170,\"caption\":\"Narva-J\u00f5esuu Medical SPA\"},\"image\":{\"@id\":\"https:\\\/\\\/narvajoesuu.ee\\\/#\\\/schema\\\/logo\\\/image\\\/\"}}]}<\/script>\n<!-- \/ Yoast SEO plugin. -->","yoast_head_json":{"title":"How to reach Narva-J\u00f5esuu - MEDICAL SPA NARVA-J\u00d5ESUU","robots":{"index":"index","follow":"follow","max-snippet":"max-snippet:-1","max-image-preview":"max-image-preview:large","max-video-preview":"max-video-preview:-1"},"canonical":"https:\/\/narvajoesuu.ee\/en\/hotell\/how-to-reach-narva-joesuu\/","og_locale":"en_US","og_type":"article","og_title":"How to reach Narva-J\u00f5esuu - MEDICAL SPA NARVA-J\u00d5ESUU","og_description":"By personal car When arriving by car via Peterburg road, there is a sign &#8220;Narva-J\u00f5esuu 12 km&#8221; after passing through...","og_url":"https:\/\/narvajoesuu.ee\/en\/hotell\/how-to-reach-narva-joesuu\/","og_site_name":"MEDICAL SPA NARVA-J\u00d5ESUU","article_modified_time":"2025-04-22T05:51:51+00:00","og_image":[{"width":1200,"height":630,"url":"https:\/\/narvajoesuu.ee\/wp-content\/uploads\/2021\/12\/Maja-pilt.png","type":"image\/png"}],"twitter_card":"summary_large_image","twitter_misc":{"Est. reading time":"1 minute"},"schema":{"@context":"https:\/\/schema.org","@graph":[{"@type":"WebPage","@id":"https:\/\/narvajoesuu.ee\/en\/hotell\/how-to-reach-narva-joesuu\/","url":"https:\/\/narvajoesuu.ee\/en\/hotell\/how-to-reach-narva-joesuu\/","name":"How to reach Narva-J\u00f5esuu - MEDICAL SPA NARVA-J\u00d5ESUU","isPartOf":{"@id":"https:\/\/narvajoesuu.ee\/#website"},"datePublished":"2022-09-17T07:11:07+00:00","dateModified":"2025-04-22T05:51:51+00:00","breadcrumb":{"@id":"https:\/\/narvajoesuu.ee\/en\/hotell\/how-to-reach-narva-joesuu\/#breadcrumb"},"inLanguage":"en-US","potentialAction":[{"@type":"ReadAction","target":["https:\/\/narvajoesuu.ee\/en\/hotell\/how-to-reach-narva-joesuu\/"]}]},{"@type":"BreadcrumbList","@id":"https:\/\/narvajoesuu.ee\/en\/hotell\/how-to-reach-narva-joesuu\/#breadcrumb","itemListElement":[{"@type":"ListItem","position":1,"name":"Home","item":"https:\/\/narvajoesuu.ee\/en\/"},{"@type":"ListItem","position":2,"name":"Hotell","item":"https:\/\/narvajoesuu.ee\/en\/hotell\/"},{"@type":"ListItem","position":3,"name":"How to reach Narva-J\u00f5esuu"}]},{"@type":"WebSite","@id":"https:\/\/narvajoesuu.ee\/#website","url":"https:\/\/narvajoesuu.ee\/","name":"MEDICAL SPA NARVA-J\u00d5ESUU","description":"","publisher":{"@id":"https:\/\/narvajoesuu.ee\/#organization"},"potentialAction":[{"@type":"SearchAction","target":{"@type":"EntryPoint","urlTemplate":"https:\/\/narvajoesuu.ee\/?s={search_term_string}"},"query-input":{"@type":"PropertyValueSpecification","valueRequired":true,"valueName":"search_term_string"}}],"inLanguage":"en-US"},{"@type":"Organization","@id":"https:\/\/narvajoesuu.ee\/#organization","name":"Narva-J\u00f5esuu Medical SPA","url":"https:\/\/narvajoesuu.ee\/","logo":{"@type":"ImageObject","inLanguage":"en-US","@id":"https:\/\/narvajoesuu.ee\/#\/schema\/logo\/image\/","url":"https:\/\/narvajoesuu.ee\/wp-content\/uploads\/2020\/10\/narvajoesuu-logo-small.png","contentUrl":"https:\/\/narvajoesuu.ee\/wp-content\/uploads\/2020\/10\/narvajoesuu-logo-small.png","width":170,"height":170,"caption":"Narva-J\u00f5esuu Medical SPA"},"image":{"@id":"https:\/\/narvajoesuu.ee\/#\/schema\/logo\/image\/"}}]}},"uagb_featured_image_src":{"full":false,"thumbnail":false,"medium":false,"medium_large":false,"large":false,"1536x1536":false,"2048x2048":false,"img-1920x550":false,"img-1920x320":false,"img-1920x200":false,"img-670x480":false,"img-570x280":false,"img-507":false,"img-370x240":false,"img-400x250":false,"img-370x175":false,"img-370x120":false,"img-300":false,"img-170":false},"uagb_author_info":{"display_name":"Maksim Mitrofanov","author_link":"https:\/\/narvajoesuu.ee\/en\/author\/maksim\/"},"uagb_comment_info":0,"uagb_excerpt":"By personal car When arriving by car via Peterburg road, there is a sign &#8220;Narva-J\u00f5esuu 12 km&#8221; after passing through...","_links":{"self":[{"href":"https:\/\/narvajoesuu.ee\/en\/wp-json\/wp\/v2\/pages\/6091","targetHints":{"allow":["GET"]}}],"collection":[{"href":"https:\/\/narvajoesuu.ee\/en\/wp-json\/wp\/v2\/pages"}],"about":[{"href":"https:\/\/narvajoesuu.ee\/en\/wp-json\/wp\/v2\/types\/page"}],"author":[{"embeddable":true,"href":"https:\/\/narvajoesuu.ee\/en\/wp-json\/wp\/v2\/users\/3"}],"replies":[{"embeddable":true,"href":"https:\/\/narvajoesuu.ee\/en\/wp-json\/wp\/v2\/comments?post=6091"}],"version-history":[{"count":4,"href":"https:\/\/narvajoesuu.ee\/en\/wp-json\/wp\/v2\/pages\/6091\/revisions"}],"predecessor-version":[{"id":20629,"href":"https:\/\/narvajoesuu.ee\/en\/wp-json\/wp\/v2\/pages\/6091\/revisions\/20629"}],"up":[{"embeddable":true,"href":"https:\/\/narvajoesuu.ee\/en\/wp-json\/wp\/v2\/pages\/4280"}],"wp:attachment":[{"href":"https:\/\/narvajoesuu.ee\/en\/wp-json\/wp\/v2\/media?parent=6091"}],"curies":[{"name":"wp","href":"https:\/\/api.w.org\/{rel}","templated":true}]}}