{"id":4249,"date":"2020-10-02T14:19:10","date_gmt":"2020-10-02T11:19:10","guid":{"rendered":"https:\/\/narvajoesuu.ee\/kinkekaart\/"},"modified":"2022-09-18T13:54:45","modified_gmt":"2022-09-18T10:54:45","slug":"loyalty-card","status":"publish","type":"page","link":"https:\/\/narvajoesuu.ee\/en\/hotell\/loyalty-card\/","title":{"rendered":"Loyalty card"},"content":{"rendered":"\n<h1 class=\"wp-el wp-block-heading\"><strong> MEDICAL SPA NARVA-J\u00d5ESUU<\/strong> <strong>loyalty card<\/strong><\/h1>\n\n\n\n<p class=\"wp-el\"><strong>Our loyalty card gives you a great advantage!<\/strong><\/p>\n\n\n\n<p class=\"wp-el\">Narva-J\u00f5esuu Medical Spa loyalty card gives you a significant advantage when using our services.<\/p>\n\n\n\n<p class=\"wp-el\">Loyalty card owners will receive special offers and discounts. These special offers include our services regarding rest, accommodation, treatment, spa, beauty, sports, and restaurant.<br>Loyalty card is a personal or nominal card. The card costs 10 euros.<\/p>\n\n\n\n<h2 class=\"wp-el wp-block-heading\">Terms and conditions of the loyalty card:<\/h2>\n\n\n\n<ul class=\"wp-el wp-block-list\"><li>The card can be used by the guest whose name is on the card.<\/li><li>Loyalty card owner is a guest who is at least 16 years old.<\/li><li>Loyalty card is not a means of payment.<\/li><li>All discounts apply if the loyalty card is presented before the purchase is made and invoice is issued. Loyalty card discounts are not cumulative. Discounts do not extend to purchases made by using gift cards.<\/li><li>Please inform our receptionist if you have lost your loyalty card. The cost of a new loyalty card is 10 euros.<\/li><li>We would be grateful if you could inform us about any changes in your contact information. Otherwise, you may miss out on our best offers!<\/li><\/ul>\n\n\n\n<p class=\"wp-el\"><strong><em><strong>Loyalty card price <\/strong>&#8211; 10 \u20ac<\/em><\/strong><\/p>\n\n\n\n<div class=\"wp-block-media-text alignwide is-stacked-on-mobile\"><figure class=\"wp-block-media-text__media\"><img loading=\"lazy\" decoding=\"async\" width=\"1024\" height=\"678\" src=\"https:\/\/narvajoesuu.ee\/wp-content\/uploads\/2021\/03\/NJ-SPA-Kleindikaart-2mmBleed_Page_1-1-1024x678.png\" alt=\"\" class=\"wp-image-1693 size-full\" srcset=\"https:\/\/narvajoesuu.ee\/wp-content\/uploads\/2021\/03\/NJ-SPA-Kleindikaart-2mmBleed_Page_1-1-1024x678.png 1024w, https:\/\/narvajoesuu.ee\/wp-content\/uploads\/2021\/03\/NJ-SPA-Kleindikaart-2mmBleed_Page_1-1.png 1052w\" sizes=\"auto, (max-width: 1024px) 100vw, 1024px\" \/><\/figure><div class=\"wp-block-media-text__content\">\n<p class=\"has-medium-font-size wp-el\">All discounts apply if the loyalty card is presented before the purchase is made and invoice is issued. Loyalty card discounts are not cumulative and do not extent to purchases made by using gift cards.<\/p>\n<\/div><\/div>\n","protected":false},"excerpt":{"rendered":"<p>MEDICAL SPA NARVA-J\u00d5ESUU loyalty card Our loyalty card gives you a great advantage! Narva-J\u00f5esuu Medical Spa loyalty card gives you&#8230;<\/p>\n","protected":false},"author":3,"featured_media":0,"parent":4280,"menu_order":376,"comment_status":"closed","ping_status":"closed","template":"","meta":{"_acf_changed":false,"_uag_custom_page_level_css":"","_monsterinsights_skip_tracking":false,"_monsterinsights_sitenote_active":false,"_monsterinsights_sitenote_note":"","_monsterinsights_sitenote_category":0,"footnotes":""},"class_list":["post-4249","page","type-page","status-publish","hentry"],"acf":[],"yoast_head":"<!-- This site is optimized with the Yoast SEO plugin v27.4 - https:\/\/yoast.com\/product\/yoast-seo-wordpress\/ -->\n<title>Loyalty card - MEDICAL SPA NARVA-J\u00d5ESUU<\/title>\n<meta name=\"robots\" content=\"index, follow, max-snippet:-1, max-image-preview:large, max-video-preview:-1\" \/>\n<link rel=\"canonical\" href=\"https:\/\/narvajoesuu.ee\/en\/hotell\/loyalty-card\/\" \/>\n<meta property=\"og:locale\" content=\"en_US\" \/>\n<meta property=\"og:type\" content=\"article\" \/>\n<meta property=\"og:title\" content=\"Loyalty card - MEDICAL SPA NARVA-J\u00d5ESUU\" \/>\n<meta property=\"og:description\" content=\"MEDICAL SPA NARVA-J\u00d5ESUU loyalty card Our loyalty card gives you a great advantage! Narva-J\u00f5esuu Medical Spa loyalty card gives you...\" \/>\n<meta property=\"og:url\" content=\"https:\/\/narvajoesuu.ee\/en\/hotell\/loyalty-card\/\" \/>\n<meta property=\"og:site_name\" content=\"MEDICAL SPA NARVA-J\u00d5ESUU\" \/>\n<meta property=\"article:modified_time\" content=\"2022-09-18T10:54:45+00:00\" \/>\n<meta property=\"og:image\" content=\"https:\/\/narvajoesuu.ee\/wp-content\/uploads\/2021\/03\/NJ-SPA-Kleindikaart-2mmBleed_Page_1-1-1024x678.png\" \/>\n<meta name=\"twitter:card\" content=\"summary_large_image\" \/>\n<meta name=\"twitter:label1\" content=\"Est. reading time\" \/>\n\t<meta name=\"twitter:data1\" content=\"1 minute\" \/>\n<script type=\"application\/ld+json\" class=\"yoast-schema-graph\">{\"@context\":\"https:\\\/\\\/schema.org\",\"@graph\":[{\"@type\":\"WebPage\",\"@id\":\"https:\\\/\\\/narvajoesuu.ee\\\/en\\\/hotell\\\/loyalty-card\\\/\",\"url\":\"https:\\\/\\\/narvajoesuu.ee\\\/en\\\/hotell\\\/loyalty-card\\\/\",\"name\":\"Loyalty card - MEDICAL SPA NARVA-J\u00d5ESUU\",\"isPartOf\":{\"@id\":\"https:\\\/\\\/narvajoesuu.ee\\\/#website\"},\"primaryImageOfPage\":{\"@id\":\"https:\\\/\\\/narvajoesuu.ee\\\/en\\\/hotell\\\/loyalty-card\\\/#primaryimage\"},\"image\":{\"@id\":\"https:\\\/\\\/narvajoesuu.ee\\\/en\\\/hotell\\\/loyalty-card\\\/#primaryimage\"},\"thumbnailUrl\":\"https:\\\/\\\/narvajoesuu.ee\\\/wp-content\\\/uploads\\\/2021\\\/03\\\/NJ-SPA-Kleindikaart-2mmBleed_Page_1-1-1024x678.png\",\"datePublished\":\"2020-10-02T11:19:10+00:00\",\"dateModified\":\"2022-09-18T10:54:45+00:00\",\"breadcrumb\":{\"@id\":\"https:\\\/\\\/narvajoesuu.ee\\\/en\\\/hotell\\\/loyalty-card\\\/#breadcrumb\"},\"inLanguage\":\"en-US\",\"potentialAction\":[{\"@type\":\"ReadAction\",\"target\":[\"https:\\\/\\\/narvajoesuu.ee\\\/en\\\/hotell\\\/loyalty-card\\\/\"]}]},{\"@type\":\"ImageObject\",\"inLanguage\":\"en-US\",\"@id\":\"https:\\\/\\\/narvajoesuu.ee\\\/en\\\/hotell\\\/loyalty-card\\\/#primaryimage\",\"url\":\"https:\\\/\\\/narvajoesuu.ee\\\/wp-content\\\/uploads\\\/2021\\\/03\\\/NJ-SPA-Kleindikaart-2mmBleed_Page_1-1-1024x678.png\",\"contentUrl\":\"https:\\\/\\\/narvajoesuu.ee\\\/wp-content\\\/uploads\\\/2021\\\/03\\\/NJ-SPA-Kleindikaart-2mmBleed_Page_1-1-1024x678.png\"},{\"@type\":\"BreadcrumbList\",\"@id\":\"https:\\\/\\\/narvajoesuu.ee\\\/en\\\/hotell\\\/loyalty-card\\\/#breadcrumb\",\"itemListElement\":[{\"@type\":\"ListItem\",\"position\":1,\"name\":\"Home\",\"item\":\"https:\\\/\\\/narvajoesuu.ee\\\/en\\\/\"},{\"@type\":\"ListItem\",\"position\":2,\"name\":\"Hotell\",\"item\":\"https:\\\/\\\/narvajoesuu.ee\\\/en\\\/hotell\\\/\"},{\"@type\":\"ListItem\",\"position\":3,\"name\":\"Loyalty card\"}]},{\"@type\":\"WebSite\",\"@id\":\"https:\\\/\\\/narvajoesuu.ee\\\/#website\",\"url\":\"https:\\\/\\\/narvajoesuu.ee\\\/\",\"name\":\"MEDICAL SPA NARVA-J\u00d5ESUU\",\"description\":\"\",\"publisher\":{\"@id\":\"https:\\\/\\\/narvajoesuu.ee\\\/#organization\"},\"potentialAction\":[{\"@type\":\"SearchAction\",\"target\":{\"@type\":\"EntryPoint\",\"urlTemplate\":\"https:\\\/\\\/narvajoesuu.ee\\\/?s={search_term_string}\"},\"query-input\":{\"@type\":\"PropertyValueSpecification\",\"valueRequired\":true,\"valueName\":\"search_term_string\"}}],\"inLanguage\":\"en-US\"},{\"@type\":\"Organization\",\"@id\":\"https:\\\/\\\/narvajoesuu.ee\\\/#organization\",\"name\":\"Narva-J\u00f5esuu Medical SPA\",\"url\":\"https:\\\/\\\/narvajoesuu.ee\\\/\",\"logo\":{\"@type\":\"ImageObject\",\"inLanguage\":\"en-US\",\"@id\":\"https:\\\/\\\/narvajoesuu.ee\\\/#\\\/schema\\\/logo\\\/image\\\/\",\"url\":\"https:\\\/\\\/narvajoesuu.ee\\\/wp-content\\\/uploads\\\/2020\\\/10\\\/narvajoesuu-logo-small.png\",\"contentUrl\":\"https:\\\/\\\/narvajoesuu.ee\\\/wp-content\\\/uploads\\\/2020\\\/10\\\/narvajoesuu-logo-small.png\",\"width\":170,\"height\":170,\"caption\":\"Narva-J\u00f5esuu Medical SPA\"},\"image\":{\"@id\":\"https:\\\/\\\/narvajoesuu.ee\\\/#\\\/schema\\\/logo\\\/image\\\/\"}}]}<\/script>\n<!-- \/ Yoast SEO plugin. -->","yoast_head_json":{"title":"Loyalty card - MEDICAL SPA NARVA-J\u00d5ESUU","robots":{"index":"index","follow":"follow","max-snippet":"max-snippet:-1","max-image-preview":"max-image-preview:large","max-video-preview":"max-video-preview:-1"},"canonical":"https:\/\/narvajoesuu.ee\/en\/hotell\/loyalty-card\/","og_locale":"en_US","og_type":"article","og_title":"Loyalty card - MEDICAL SPA NARVA-J\u00d5ESUU","og_description":"MEDICAL SPA NARVA-J\u00d5ESUU loyalty card Our loyalty card gives you a great advantage! Narva-J\u00f5esuu Medical Spa loyalty card gives you...","og_url":"https:\/\/narvajoesuu.ee\/en\/hotell\/loyalty-card\/","og_site_name":"MEDICAL SPA NARVA-J\u00d5ESUU","article_modified_time":"2022-09-18T10:54:45+00:00","og_image":[{"url":"https:\/\/narvajoesuu.ee\/wp-content\/uploads\/2021\/03\/NJ-SPA-Kleindikaart-2mmBleed_Page_1-1-1024x678.png","type":"","width":"","height":""}],"twitter_card":"summary_large_image","twitter_misc":{"Est. reading time":"1 minute"},"schema":{"@context":"https:\/\/schema.org","@graph":[{"@type":"WebPage","@id":"https:\/\/narvajoesuu.ee\/en\/hotell\/loyalty-card\/","url":"https:\/\/narvajoesuu.ee\/en\/hotell\/loyalty-card\/","name":"Loyalty card - MEDICAL SPA NARVA-J\u00d5ESUU","isPartOf":{"@id":"https:\/\/narvajoesuu.ee\/#website"},"primaryImageOfPage":{"@id":"https:\/\/narvajoesuu.ee\/en\/hotell\/loyalty-card\/#primaryimage"},"image":{"@id":"https:\/\/narvajoesuu.ee\/en\/hotell\/loyalty-card\/#primaryimage"},"thumbnailUrl":"https:\/\/narvajoesuu.ee\/wp-content\/uploads\/2021\/03\/NJ-SPA-Kleindikaart-2mmBleed_Page_1-1-1024x678.png","datePublished":"2020-10-02T11:19:10+00:00","dateModified":"2022-09-18T10:54:45+00:00","breadcrumb":{"@id":"https:\/\/narvajoesuu.ee\/en\/hotell\/loyalty-card\/#breadcrumb"},"inLanguage":"en-US","potentialAction":[{"@type":"ReadAction","target":["https:\/\/narvajoesuu.ee\/en\/hotell\/loyalty-card\/"]}]},{"@type":"ImageObject","inLanguage":"en-US","@id":"https:\/\/narvajoesuu.ee\/en\/hotell\/loyalty-card\/#primaryimage","url":"https:\/\/narvajoesuu.ee\/wp-content\/uploads\/2021\/03\/NJ-SPA-Kleindikaart-2mmBleed_Page_1-1-1024x678.png","contentUrl":"https:\/\/narvajoesuu.ee\/wp-content\/uploads\/2021\/03\/NJ-SPA-Kleindikaart-2mmBleed_Page_1-1-1024x678.png"},{"@type":"BreadcrumbList","@id":"https:\/\/narvajoesuu.ee\/en\/hotell\/loyalty-card\/#breadcrumb","itemListElement":[{"@type":"ListItem","position":1,"name":"Home","item":"https:\/\/narvajoesuu.ee\/en\/"},{"@type":"ListItem","position":2,"name":"Hotell","item":"https:\/\/narvajoesuu.ee\/en\/hotell\/"},{"@type":"ListItem","position":3,"name":"Loyalty card"}]},{"@type":"WebSite","@id":"https:\/\/narvajoesuu.ee\/#website","url":"https:\/\/narvajoesuu.ee\/","name":"MEDICAL SPA NARVA-J\u00d5ESUU","description":"","publisher":{"@id":"https:\/\/narvajoesuu.ee\/#organization"},"potentialAction":[{"@type":"SearchAction","target":{"@type":"EntryPoint","urlTemplate":"https:\/\/narvajoesuu.ee\/?s={search_term_string}"},"query-input":{"@type":"PropertyValueSpecification","valueRequired":true,"valueName":"search_term_string"}}],"inLanguage":"en-US"},{"@type":"Organization","@id":"https:\/\/narvajoesuu.ee\/#organization","name":"Narva-J\u00f5esuu Medical SPA","url":"https:\/\/narvajoesuu.ee\/","logo":{"@type":"ImageObject","inLanguage":"en-US","@id":"https:\/\/narvajoesuu.ee\/#\/schema\/logo\/image\/","url":"https:\/\/narvajoesuu.ee\/wp-content\/uploads\/2020\/10\/narvajoesuu-logo-small.png","contentUrl":"https:\/\/narvajoesuu.ee\/wp-content\/uploads\/2020\/10\/narvajoesuu-logo-small.png","width":170,"height":170,"caption":"Narva-J\u00f5esuu Medical SPA"},"image":{"@id":"https:\/\/narvajoesuu.ee\/#\/schema\/logo\/image\/"}}]}},"uagb_featured_image_src":{"full":false,"thumbnail":false,"medium":false,"medium_large":false,"large":false,"1536x1536":false,"2048x2048":false,"img-1920x550":false,"img-1920x320":false,"img-1920x200":false,"img-670x480":false,"img-570x280":false,"img-507":false,"img-370x240":false,"img-400x250":false,"img-370x175":false,"img-370x120":false,"img-300":false,"img-170":false},"uagb_author_info":{"display_name":"Maksim Mitrofanov","author_link":"https:\/\/narvajoesuu.ee\/en\/author\/maksim\/"},"uagb_comment_info":0,"uagb_excerpt":"MEDICAL SPA NARVA-J\u00d5ESUU loyalty card Our loyalty card gives you a great advantage! Narva-J\u00f5esuu Medical Spa loyalty card gives you...","_links":{"self":[{"href":"https:\/\/narvajoesuu.ee\/en\/wp-json\/wp\/v2\/pages\/4249","targetHints":{"allow":["GET"]}}],"collection":[{"href":"https:\/\/narvajoesuu.ee\/en\/wp-json\/wp\/v2\/pages"}],"about":[{"href":"https:\/\/narvajoesuu.ee\/en\/wp-json\/wp\/v2\/types\/page"}],"author":[{"embeddable":true,"href":"https:\/\/narvajoesuu.ee\/en\/wp-json\/wp\/v2\/users\/3"}],"replies":[{"embeddable":true,"href":"https:\/\/narvajoesuu.ee\/en\/wp-json\/wp\/v2\/comments?post=4249"}],"version-history":[{"count":7,"href":"https:\/\/narvajoesuu.ee\/en\/wp-json\/wp\/v2\/pages\/4249\/revisions"}],"predecessor-version":[{"id":11204,"href":"https:\/\/narvajoesuu.ee\/en\/wp-json\/wp\/v2\/pages\/4249\/revisions\/11204"}],"up":[{"embeddable":true,"href":"https:\/\/narvajoesuu.ee\/en\/wp-json\/wp\/v2\/pages\/4280"}],"wp:attachment":[{"href":"https:\/\/narvajoesuu.ee\/en\/wp-json\/wp\/v2\/media?parent=4249"}],"curies":[{"name":"wp","href":"https:\/\/api.w.org\/{rel}","templated":true}]}}