{"id":4213,"date":"2020-11-24T11:13:08","date_gmt":"2020-11-24T09:13:08","guid":{"rendered":"https:\/\/narvajoesuu.ee\/%d1%80%d0%b0%d1%81%d1%81%d0%bb%d0%b0%d0%b1%d0%bb%d1%8f%d1%8e%d1%89%d0%b8%d0%b5-%d0%bf%d0%b0%d0%ba%d0%b5%d1%82%d1%8b\/"},"modified":"2026-02-26T08:55:05","modified_gmt":"2026-02-26T06:55:05","slug":"loogastuspaketid","status":"publish","type":"page","link":"https:\/\/narvajoesuu.ee\/en\/spa-holiday\/loogastuspaketid\/","title":{"rendered":"L\u00f5\u00f5gastuspaketid"},"content":{"rendered":"\n<p class=\"has-medium-font-size wp-el\">Meie l\u00f5\u00f5gastuspakettide men\u00fc\u00fcs on m\u00f5nusad massaa\u017eid ja veega seotud hoolitsused. Uut energiat ja s\u00e4ra andvad tegevused n\u00e4ole ja kogu kehale.<\/p>\n\n\n\n<div class=\"wp-block-media-text alignwide is-stacked-on-mobile is-vertically-aligned-top\"><figure class=\"wp-block-media-text__media\"><img loading=\"lazy\" decoding=\"async\" width=\"1024\" height=\"614\" src=\"https:\/\/narvajoesuu.ee\/wp-content\/uploads\/2021\/04\/Foto-\u0434\u043b\u044f-\u043d\u043e\u0432\u043e\u0433\u043e-\u0441\u0430\u0439\u0442\u0430-\u0432\u0435\u0440\u043d\u044b\u0439-\u0444\u043e\u0440\u043c\u0430\u0442-17-1024x614.png\" alt=\"\" class=\"wp-image-3276 size-full\" srcset=\"https:\/\/narvajoesuu.ee\/wp-content\/uploads\/2021\/04\/Foto-\u0434\u043b\u044f-\u043d\u043e\u0432\u043e\u0433\u043e-\u0441\u0430\u0439\u0442\u0430-\u0432\u0435\u0440\u043d\u044b\u0439-\u0444\u043e\u0440\u043c\u0430\u0442-17-1024x614.png 1024w, https:\/\/narvajoesuu.ee\/wp-content\/uploads\/2021\/04\/Foto-\u0434\u043b\u044f-\u043d\u043e\u0432\u043e\u0433\u043e-\u0441\u0430\u0439\u0442\u0430-\u0432\u0435\u0440\u043d\u044b\u0439-\u0444\u043e\u0440\u043c\u0430\u0442-17.png 1500w\" sizes=\"auto, (max-width: 1024px) 100vw, 1024px\" \/><\/figure><div class=\"wp-block-media-text__content\">\n<p class=\"has-medium-font-size wp-el\">Meie spaa t\u00f6\u00f6tajad on s\u00f5bralikud ja professionaalsed. Nad on vastava eriharidusega inimesed, kes siiralt p\u00fc\u00fcavad pakkuda Teile parimat.<\/p>\n\n\n\n<p class=\"has-medium-font-size wp-el\">Leidke sobiv puhkus meie l\u00f5\u00f5gastuspakettide hulgast<\/p>\n<\/div><\/div>\n","protected":false},"excerpt":{"rendered":"<p>Meie l\u00f5\u00f5gastuspakettide men\u00fc\u00fcs on m\u00f5nusad massaa\u017eid ja veega seotud hoolitsused. Uut energiat ja s\u00e4ra andvad tegevused n\u00e4ole ja kogu kehale&#8230;.<\/p>\n","protected":false},"author":3,"featured_media":0,"parent":4273,"menu_order":117,"comment_status":"closed","ping_status":"closed","template":"","meta":{"_acf_changed":false,"_uag_custom_page_level_css":"","_monsterinsights_skip_tracking":false,"_monsterinsights_sitenote_active":false,"_monsterinsights_sitenote_note":"","_monsterinsights_sitenote_category":0,"footnotes":""},"class_list":["post-4213","page","type-page","status-publish","hentry"],"acf":[],"yoast_head":"<!-- This site is optimized with the Yoast SEO plugin v27.4 - https:\/\/yoast.com\/product\/yoast-seo-wordpress\/ -->\n<title>L\u00f5\u00f5gastuspaketid - MEDICAL SPA NARVA-J\u00d5ESUU<\/title>\n<meta name=\"robots\" content=\"index, follow, max-snippet:-1, max-image-preview:large, max-video-preview:-1\" \/>\n<link rel=\"canonical\" href=\"https:\/\/narvajoesuu.ee\/en\/spa-holiday\/loogastuspaketid\/\" \/>\n<meta property=\"og:locale\" content=\"en_US\" \/>\n<meta property=\"og:type\" content=\"article\" \/>\n<meta property=\"og:title\" content=\"L\u00f5\u00f5gastuspaketid - MEDICAL SPA NARVA-J\u00d5ESUU\" \/>\n<meta property=\"og:description\" content=\"Meie l\u00f5\u00f5gastuspakettide men\u00fc\u00fcs on m\u00f5nusad massaa\u017eid ja veega seotud hoolitsused. Uut energiat ja s\u00e4ra andvad tegevused n\u00e4ole ja kogu kehale....\" \/>\n<meta property=\"og:url\" content=\"https:\/\/narvajoesuu.ee\/en\/spa-holiday\/loogastuspaketid\/\" \/>\n<meta property=\"og:site_name\" content=\"MEDICAL SPA NARVA-J\u00d5ESUU\" \/>\n<meta property=\"article:modified_time\" content=\"2026-02-26T06:55:05+00:00\" \/>\n<meta property=\"og:image\" content=\"https:\/\/narvajoesuu.ee\/wp-content\/uploads\/2021\/12\/Maja-pilt.png\" \/>\n\t<meta property=\"og:image:width\" content=\"1200\" \/>\n\t<meta property=\"og:image:height\" content=\"630\" \/>\n\t<meta property=\"og:image:type\" content=\"image\/png\" \/>\n<meta name=\"twitter:card\" content=\"summary_large_image\" \/>\n<meta name=\"twitter:label1\" content=\"Est. reading time\" \/>\n\t<meta name=\"twitter:data1\" content=\"1 minute\" \/>\n<script type=\"application\/ld+json\" class=\"yoast-schema-graph\">{\"@context\":\"https:\\\/\\\/schema.org\",\"@graph\":[{\"@type\":\"WebPage\",\"@id\":\"https:\\\/\\\/narvajoesuu.ee\\\/en\\\/spa-holiday\\\/loogastuspaketid\\\/\",\"url\":\"https:\\\/\\\/narvajoesuu.ee\\\/en\\\/spa-holiday\\\/loogastuspaketid\\\/\",\"name\":\"L\u00f5\u00f5gastuspaketid - MEDICAL SPA NARVA-J\u00d5ESUU\",\"isPartOf\":{\"@id\":\"https:\\\/\\\/narvajoesuu.ee\\\/#website\"},\"datePublished\":\"2020-11-24T09:13:08+00:00\",\"dateModified\":\"2026-02-26T06:55:05+00:00\",\"breadcrumb\":{\"@id\":\"https:\\\/\\\/narvajoesuu.ee\\\/en\\\/spa-holiday\\\/loogastuspaketid\\\/#breadcrumb\"},\"inLanguage\":\"en-US\",\"potentialAction\":[{\"@type\":\"ReadAction\",\"target\":[\"https:\\\/\\\/narvajoesuu.ee\\\/en\\\/spa-holiday\\\/loogastuspaketid\\\/\"]}]},{\"@type\":\"BreadcrumbList\",\"@id\":\"https:\\\/\\\/narvajoesuu.ee\\\/en\\\/spa-holiday\\\/loogastuspaketid\\\/#breadcrumb\",\"itemListElement\":[{\"@type\":\"ListItem\",\"position\":1,\"name\":\"Home\",\"item\":\"https:\\\/\\\/narvajoesuu.ee\\\/en\\\/\"},{\"@type\":\"ListItem\",\"position\":2,\"name\":\"Spa holiday\",\"item\":\"https:\\\/\\\/narvajoesuu.ee\\\/en\\\/spa-holiday\\\/\"},{\"@type\":\"ListItem\",\"position\":3,\"name\":\"L\u00f5\u00f5gastuspaketid\"}]},{\"@type\":\"WebSite\",\"@id\":\"https:\\\/\\\/narvajoesuu.ee\\\/#website\",\"url\":\"https:\\\/\\\/narvajoesuu.ee\\\/\",\"name\":\"MEDICAL SPA NARVA-J\u00d5ESUU\",\"description\":\"\",\"publisher\":{\"@id\":\"https:\\\/\\\/narvajoesuu.ee\\\/#organization\"},\"potentialAction\":[{\"@type\":\"SearchAction\",\"target\":{\"@type\":\"EntryPoint\",\"urlTemplate\":\"https:\\\/\\\/narvajoesuu.ee\\\/?s={search_term_string}\"},\"query-input\":{\"@type\":\"PropertyValueSpecification\",\"valueRequired\":true,\"valueName\":\"search_term_string\"}}],\"inLanguage\":\"en-US\"},{\"@type\":\"Organization\",\"@id\":\"https:\\\/\\\/narvajoesuu.ee\\\/#organization\",\"name\":\"Narva-J\u00f5esuu Medical SPA\",\"url\":\"https:\\\/\\\/narvajoesuu.ee\\\/\",\"logo\":{\"@type\":\"ImageObject\",\"inLanguage\":\"en-US\",\"@id\":\"https:\\\/\\\/narvajoesuu.ee\\\/#\\\/schema\\\/logo\\\/image\\\/\",\"url\":\"https:\\\/\\\/narvajoesuu.ee\\\/wp-content\\\/uploads\\\/2020\\\/10\\\/narvajoesuu-logo-small.png\",\"contentUrl\":\"https:\\\/\\\/narvajoesuu.ee\\\/wp-content\\\/uploads\\\/2020\\\/10\\\/narvajoesuu-logo-small.png\",\"width\":170,\"height\":170,\"caption\":\"Narva-J\u00f5esuu Medical SPA\"},\"image\":{\"@id\":\"https:\\\/\\\/narvajoesuu.ee\\\/#\\\/schema\\\/logo\\\/image\\\/\"}}]}<\/script>\n<!-- \/ Yoast SEO plugin. -->","yoast_head_json":{"title":"L\u00f5\u00f5gastuspaketid - MEDICAL SPA NARVA-J\u00d5ESUU","robots":{"index":"index","follow":"follow","max-snippet":"max-snippet:-1","max-image-preview":"max-image-preview:large","max-video-preview":"max-video-preview:-1"},"canonical":"https:\/\/narvajoesuu.ee\/en\/spa-holiday\/loogastuspaketid\/","og_locale":"en_US","og_type":"article","og_title":"L\u00f5\u00f5gastuspaketid - MEDICAL SPA NARVA-J\u00d5ESUU","og_description":"Meie l\u00f5\u00f5gastuspakettide men\u00fc\u00fcs on m\u00f5nusad massaa\u017eid ja veega seotud hoolitsused. Uut energiat ja s\u00e4ra andvad tegevused n\u00e4ole ja kogu kehale....","og_url":"https:\/\/narvajoesuu.ee\/en\/spa-holiday\/loogastuspaketid\/","og_site_name":"MEDICAL SPA NARVA-J\u00d5ESUU","article_modified_time":"2026-02-26T06:55:05+00:00","og_image":[{"width":1200,"height":630,"url":"https:\/\/narvajoesuu.ee\/wp-content\/uploads\/2021\/12\/Maja-pilt.png","type":"image\/png"}],"twitter_card":"summary_large_image","twitter_misc":{"Est. reading time":"1 minute"},"schema":{"@context":"https:\/\/schema.org","@graph":[{"@type":"WebPage","@id":"https:\/\/narvajoesuu.ee\/en\/spa-holiday\/loogastuspaketid\/","url":"https:\/\/narvajoesuu.ee\/en\/spa-holiday\/loogastuspaketid\/","name":"L\u00f5\u00f5gastuspaketid - MEDICAL SPA NARVA-J\u00d5ESUU","isPartOf":{"@id":"https:\/\/narvajoesuu.ee\/#website"},"datePublished":"2020-11-24T09:13:08+00:00","dateModified":"2026-02-26T06:55:05+00:00","breadcrumb":{"@id":"https:\/\/narvajoesuu.ee\/en\/spa-holiday\/loogastuspaketid\/#breadcrumb"},"inLanguage":"en-US","potentialAction":[{"@type":"ReadAction","target":["https:\/\/narvajoesuu.ee\/en\/spa-holiday\/loogastuspaketid\/"]}]},{"@type":"BreadcrumbList","@id":"https:\/\/narvajoesuu.ee\/en\/spa-holiday\/loogastuspaketid\/#breadcrumb","itemListElement":[{"@type":"ListItem","position":1,"name":"Home","item":"https:\/\/narvajoesuu.ee\/en\/"},{"@type":"ListItem","position":2,"name":"Spa holiday","item":"https:\/\/narvajoesuu.ee\/en\/spa-holiday\/"},{"@type":"ListItem","position":3,"name":"L\u00f5\u00f5gastuspaketid"}]},{"@type":"WebSite","@id":"https:\/\/narvajoesuu.ee\/#website","url":"https:\/\/narvajoesuu.ee\/","name":"MEDICAL SPA NARVA-J\u00d5ESUU","description":"","publisher":{"@id":"https:\/\/narvajoesuu.ee\/#organization"},"potentialAction":[{"@type":"SearchAction","target":{"@type":"EntryPoint","urlTemplate":"https:\/\/narvajoesuu.ee\/?s={search_term_string}"},"query-input":{"@type":"PropertyValueSpecification","valueRequired":true,"valueName":"search_term_string"}}],"inLanguage":"en-US"},{"@type":"Organization","@id":"https:\/\/narvajoesuu.ee\/#organization","name":"Narva-J\u00f5esuu Medical SPA","url":"https:\/\/narvajoesuu.ee\/","logo":{"@type":"ImageObject","inLanguage":"en-US","@id":"https:\/\/narvajoesuu.ee\/#\/schema\/logo\/image\/","url":"https:\/\/narvajoesuu.ee\/wp-content\/uploads\/2020\/10\/narvajoesuu-logo-small.png","contentUrl":"https:\/\/narvajoesuu.ee\/wp-content\/uploads\/2020\/10\/narvajoesuu-logo-small.png","width":170,"height":170,"caption":"Narva-J\u00f5esuu Medical SPA"},"image":{"@id":"https:\/\/narvajoesuu.ee\/#\/schema\/logo\/image\/"}}]}},"uagb_featured_image_src":{"full":false,"thumbnail":false,"medium":false,"medium_large":false,"large":false,"1536x1536":false,"2048x2048":false,"img-1920x550":false,"img-1920x320":false,"img-1920x200":false,"img-670x480":false,"img-570x280":false,"img-507":false,"img-370x240":false,"img-400x250":false,"img-370x175":false,"img-370x120":false,"img-300":false,"img-170":false},"uagb_author_info":{"display_name":"Maksim Mitrofanov","author_link":"https:\/\/narvajoesuu.ee\/en\/author\/maksim\/"},"uagb_comment_info":0,"uagb_excerpt":"Meie l\u00f5\u00f5gastuspakettide men\u00fc\u00fcs on m\u00f5nusad massaa\u017eid ja veega seotud hoolitsused. Uut energiat ja s\u00e4ra andvad tegevused n\u00e4ole ja kogu kehale....","_links":{"self":[{"href":"https:\/\/narvajoesuu.ee\/en\/wp-json\/wp\/v2\/pages\/4213","targetHints":{"allow":["GET"]}}],"collection":[{"href":"https:\/\/narvajoesuu.ee\/en\/wp-json\/wp\/v2\/pages"}],"about":[{"href":"https:\/\/narvajoesuu.ee\/en\/wp-json\/wp\/v2\/types\/page"}],"author":[{"embeddable":true,"href":"https:\/\/narvajoesuu.ee\/en\/wp-json\/wp\/v2\/users\/3"}],"replies":[{"embeddable":true,"href":"https:\/\/narvajoesuu.ee\/en\/wp-json\/wp\/v2\/comments?post=4213"}],"version-history":[{"count":14,"href":"https:\/\/narvajoesuu.ee\/en\/wp-json\/wp\/v2\/pages\/4213\/revisions"}],"predecessor-version":[{"id":23634,"href":"https:\/\/narvajoesuu.ee\/en\/wp-json\/wp\/v2\/pages\/4213\/revisions\/23634"}],"up":[{"embeddable":true,"href":"https:\/\/narvajoesuu.ee\/en\/wp-json\/wp\/v2\/pages\/4273"}],"wp:attachment":[{"href":"https:\/\/narvajoesuu.ee\/en\/wp-json\/wp\/v2\/media?parent=4213"}],"curies":[{"name":"wp","href":"https:\/\/api.w.org\/{rel}","templated":true}]}}