{"id":4151,"date":"2021-01-04T14:27:12","date_gmt":"2021-01-04T12:27:12","guid":{"rendered":"https:\/\/narvajoesuu.ee\/%d1%81%d0%bf%d0%b5%d1%86%d0%b8%d0%b0%d0%bb%d1%8c%d0%bd%d1%8b%d0%b5-%d0%bf%d1%80%d0%b5%d0%b4%d0%bb%d0%be%d0%b6%d0%b5%d0%bd%d0%b8%d1%8f\/"},"modified":"2026-02-26T13:33:36","modified_gmt":"2026-02-26T11:33:36","slug":"eripakkumised","status":"publish","type":"page","link":"https:\/\/narvajoesuu.ee\/en\/tervisepuhkus\/eripakkumised\/","title":{"rendered":"Eripakkumised"},"content":{"rendered":"\n<p class=\"has-medium-font-size wp-el\">Meil on kliendikaardi omanikele eripakkumised, mis annavad v\u00f5imaluse hotellis veelgi soodsamalt peatuda.&nbsp;<\/p>\n\n\n\n<div class=\"wp-block-media-text alignwide is-stacked-on-mobile is-vertically-aligned-top\"><figure class=\"wp-block-media-text__media\"><img loading=\"lazy\" decoding=\"async\" width=\"512\" height=\"341\" src=\"https:\/\/narvajoesuu.ee\/wp-content\/uploads\/2021\/03\/unnamed.jpg\" alt=\"\" class=\"wp-image-1577 size-full\"\/><\/figure><div class=\"wp-block-media-text__content\">\n<p class=\"has-medium-font-size wp-el\">P\u00fcsivalt kehtivate <em>tervisepuhkuse eripakkumiste<\/em> hulgas on eraldi pakett seenioridele, <em>spaapuhkuse pakkumiste <\/em>osas hooajaline sooduspakett kaheks \u00f6\u00f6ks.<\/p>\n<\/div><\/div>\n","protected":false},"excerpt":{"rendered":"<p>Meil on kliendikaardi omanikele eripakkumised, mis annavad v\u00f5imaluse hotellis veelgi soodsamalt peatuda.&nbsp; P\u00fcsivalt kehtivate tervisepuhkuse eripakkumiste hulgas on eraldi pakett&#8230;<\/p>\n","protected":false},"author":3,"featured_media":0,"parent":4275,"menu_order":533,"comment_status":"closed","ping_status":"closed","template":"","meta":{"_acf_changed":false,"_uag_custom_page_level_css":"","_monsterinsights_skip_tracking":false,"_monsterinsights_sitenote_active":false,"_monsterinsights_sitenote_note":"","_monsterinsights_sitenote_category":0,"footnotes":""},"class_list":["post-4151","page","type-page","status-publish","hentry"],"acf":[],"yoast_head":"<!-- This site is optimized with the Yoast SEO plugin v27.4 - https:\/\/yoast.com\/product\/yoast-seo-wordpress\/ -->\n<title>Eripakkumised - MEDICAL SPA NARVA-J\u00d5ESUU<\/title>\n<meta name=\"robots\" content=\"index, follow, max-snippet:-1, max-image-preview:large, max-video-preview:-1\" \/>\n<link rel=\"canonical\" href=\"https:\/\/narvajoesuu.ee\/en\/tervisepuhkus\/eripakkumised\/\" \/>\n<meta property=\"og:locale\" content=\"en_US\" \/>\n<meta property=\"og:type\" content=\"article\" \/>\n<meta property=\"og:title\" content=\"Eripakkumised - MEDICAL SPA NARVA-J\u00d5ESUU\" \/>\n<meta property=\"og:description\" content=\"Meil on kliendikaardi omanikele eripakkumised, mis annavad v\u00f5imaluse hotellis veelgi soodsamalt peatuda.&nbsp; P\u00fcsivalt kehtivate tervisepuhkuse eripakkumiste hulgas on eraldi pakett...\" \/>\n<meta property=\"og:url\" content=\"https:\/\/narvajoesuu.ee\/en\/tervisepuhkus\/eripakkumised\/\" \/>\n<meta property=\"og:site_name\" content=\"MEDICAL SPA NARVA-J\u00d5ESUU\" \/>\n<meta property=\"article:modified_time\" content=\"2026-02-26T11:33:36+00:00\" \/>\n<meta property=\"og:image\" content=\"https:\/\/narvajoesuu.ee\/wp-content\/uploads\/2021\/03\/unnamed.jpg\" \/>\n\t<meta property=\"og:image:width\" content=\"512\" \/>\n\t<meta property=\"og:image:height\" content=\"341\" \/>\n\t<meta property=\"og:image:type\" content=\"image\/jpeg\" \/>\n<meta name=\"twitter:card\" content=\"summary_large_image\" \/>\n<meta name=\"twitter:label1\" content=\"Est. reading time\" \/>\n\t<meta name=\"twitter:data1\" content=\"1 minute\" \/>\n<script type=\"application\/ld+json\" class=\"yoast-schema-graph\">{\"@context\":\"https:\\\/\\\/schema.org\",\"@graph\":[{\"@type\":\"WebPage\",\"@id\":\"https:\\\/\\\/narvajoesuu.ee\\\/en\\\/tervisepuhkus\\\/eripakkumised\\\/\",\"url\":\"https:\\\/\\\/narvajoesuu.ee\\\/en\\\/tervisepuhkus\\\/eripakkumised\\\/\",\"name\":\"Eripakkumised - MEDICAL SPA NARVA-J\u00d5ESUU\",\"isPartOf\":{\"@id\":\"https:\\\/\\\/narvajoesuu.ee\\\/#website\"},\"primaryImageOfPage\":{\"@id\":\"https:\\\/\\\/narvajoesuu.ee\\\/en\\\/tervisepuhkus\\\/eripakkumised\\\/#primaryimage\"},\"image\":{\"@id\":\"https:\\\/\\\/narvajoesuu.ee\\\/en\\\/tervisepuhkus\\\/eripakkumised\\\/#primaryimage\"},\"thumbnailUrl\":\"https:\\\/\\\/narvajoesuu.ee\\\/wp-content\\\/uploads\\\/2021\\\/03\\\/unnamed.jpg\",\"datePublished\":\"2021-01-04T12:27:12+00:00\",\"dateModified\":\"2026-02-26T11:33:36+00:00\",\"breadcrumb\":{\"@id\":\"https:\\\/\\\/narvajoesuu.ee\\\/en\\\/tervisepuhkus\\\/eripakkumised\\\/#breadcrumb\"},\"inLanguage\":\"en-US\",\"potentialAction\":[{\"@type\":\"ReadAction\",\"target\":[\"https:\\\/\\\/narvajoesuu.ee\\\/en\\\/tervisepuhkus\\\/eripakkumised\\\/\"]}]},{\"@type\":\"ImageObject\",\"inLanguage\":\"en-US\",\"@id\":\"https:\\\/\\\/narvajoesuu.ee\\\/en\\\/tervisepuhkus\\\/eripakkumised\\\/#primaryimage\",\"url\":\"https:\\\/\\\/narvajoesuu.ee\\\/wp-content\\\/uploads\\\/2021\\\/03\\\/unnamed.jpg\",\"contentUrl\":\"https:\\\/\\\/narvajoesuu.ee\\\/wp-content\\\/uploads\\\/2021\\\/03\\\/unnamed.jpg\"},{\"@type\":\"BreadcrumbList\",\"@id\":\"https:\\\/\\\/narvajoesuu.ee\\\/en\\\/tervisepuhkus\\\/eripakkumised\\\/#breadcrumb\",\"itemListElement\":[{\"@type\":\"ListItem\",\"position\":1,\"name\":\"Home\",\"item\":\"https:\\\/\\\/narvajoesuu.ee\\\/en\\\/\"},{\"@type\":\"ListItem\",\"position\":2,\"name\":\"Health retreat\",\"item\":\"https:\\\/\\\/narvajoesuu.ee\\\/en\\\/tervisepuhkus\\\/\"},{\"@type\":\"ListItem\",\"position\":3,\"name\":\"Eripakkumised\"}]},{\"@type\":\"WebSite\",\"@id\":\"https:\\\/\\\/narvajoesuu.ee\\\/#website\",\"url\":\"https:\\\/\\\/narvajoesuu.ee\\\/\",\"name\":\"MEDICAL SPA NARVA-J\u00d5ESUU\",\"description\":\"\",\"publisher\":{\"@id\":\"https:\\\/\\\/narvajoesuu.ee\\\/#organization\"},\"potentialAction\":[{\"@type\":\"SearchAction\",\"target\":{\"@type\":\"EntryPoint\",\"urlTemplate\":\"https:\\\/\\\/narvajoesuu.ee\\\/?s={search_term_string}\"},\"query-input\":{\"@type\":\"PropertyValueSpecification\",\"valueRequired\":true,\"valueName\":\"search_term_string\"}}],\"inLanguage\":\"en-US\"},{\"@type\":\"Organization\",\"@id\":\"https:\\\/\\\/narvajoesuu.ee\\\/#organization\",\"name\":\"Narva-J\u00f5esuu Medical SPA\",\"url\":\"https:\\\/\\\/narvajoesuu.ee\\\/\",\"logo\":{\"@type\":\"ImageObject\",\"inLanguage\":\"en-US\",\"@id\":\"https:\\\/\\\/narvajoesuu.ee\\\/#\\\/schema\\\/logo\\\/image\\\/\",\"url\":\"https:\\\/\\\/narvajoesuu.ee\\\/wp-content\\\/uploads\\\/2020\\\/10\\\/narvajoesuu-logo-small.png\",\"contentUrl\":\"https:\\\/\\\/narvajoesuu.ee\\\/wp-content\\\/uploads\\\/2020\\\/10\\\/narvajoesuu-logo-small.png\",\"width\":170,\"height\":170,\"caption\":\"Narva-J\u00f5esuu Medical SPA\"},\"image\":{\"@id\":\"https:\\\/\\\/narvajoesuu.ee\\\/#\\\/schema\\\/logo\\\/image\\\/\"}}]}<\/script>\n<!-- \/ Yoast SEO plugin. -->","yoast_head_json":{"title":"Eripakkumised - MEDICAL SPA NARVA-J\u00d5ESUU","robots":{"index":"index","follow":"follow","max-snippet":"max-snippet:-1","max-image-preview":"max-image-preview:large","max-video-preview":"max-video-preview:-1"},"canonical":"https:\/\/narvajoesuu.ee\/en\/tervisepuhkus\/eripakkumised\/","og_locale":"en_US","og_type":"article","og_title":"Eripakkumised - MEDICAL SPA NARVA-J\u00d5ESUU","og_description":"Meil on kliendikaardi omanikele eripakkumised, mis annavad v\u00f5imaluse hotellis veelgi soodsamalt peatuda.&nbsp; P\u00fcsivalt kehtivate tervisepuhkuse eripakkumiste hulgas on eraldi pakett...","og_url":"https:\/\/narvajoesuu.ee\/en\/tervisepuhkus\/eripakkumised\/","og_site_name":"MEDICAL SPA NARVA-J\u00d5ESUU","article_modified_time":"2026-02-26T11:33:36+00:00","og_image":[{"width":512,"height":341,"url":"https:\/\/narvajoesuu.ee\/wp-content\/uploads\/2021\/03\/unnamed.jpg","type":"image\/jpeg"}],"twitter_card":"summary_large_image","twitter_misc":{"Est. reading time":"1 minute"},"schema":{"@context":"https:\/\/schema.org","@graph":[{"@type":"WebPage","@id":"https:\/\/narvajoesuu.ee\/en\/tervisepuhkus\/eripakkumised\/","url":"https:\/\/narvajoesuu.ee\/en\/tervisepuhkus\/eripakkumised\/","name":"Eripakkumised - MEDICAL SPA NARVA-J\u00d5ESUU","isPartOf":{"@id":"https:\/\/narvajoesuu.ee\/#website"},"primaryImageOfPage":{"@id":"https:\/\/narvajoesuu.ee\/en\/tervisepuhkus\/eripakkumised\/#primaryimage"},"image":{"@id":"https:\/\/narvajoesuu.ee\/en\/tervisepuhkus\/eripakkumised\/#primaryimage"},"thumbnailUrl":"https:\/\/narvajoesuu.ee\/wp-content\/uploads\/2021\/03\/unnamed.jpg","datePublished":"2021-01-04T12:27:12+00:00","dateModified":"2026-02-26T11:33:36+00:00","breadcrumb":{"@id":"https:\/\/narvajoesuu.ee\/en\/tervisepuhkus\/eripakkumised\/#breadcrumb"},"inLanguage":"en-US","potentialAction":[{"@type":"ReadAction","target":["https:\/\/narvajoesuu.ee\/en\/tervisepuhkus\/eripakkumised\/"]}]},{"@type":"ImageObject","inLanguage":"en-US","@id":"https:\/\/narvajoesuu.ee\/en\/tervisepuhkus\/eripakkumised\/#primaryimage","url":"https:\/\/narvajoesuu.ee\/wp-content\/uploads\/2021\/03\/unnamed.jpg","contentUrl":"https:\/\/narvajoesuu.ee\/wp-content\/uploads\/2021\/03\/unnamed.jpg"},{"@type":"BreadcrumbList","@id":"https:\/\/narvajoesuu.ee\/en\/tervisepuhkus\/eripakkumised\/#breadcrumb","itemListElement":[{"@type":"ListItem","position":1,"name":"Home","item":"https:\/\/narvajoesuu.ee\/en\/"},{"@type":"ListItem","position":2,"name":"Health retreat","item":"https:\/\/narvajoesuu.ee\/en\/tervisepuhkus\/"},{"@type":"ListItem","position":3,"name":"Eripakkumised"}]},{"@type":"WebSite","@id":"https:\/\/narvajoesuu.ee\/#website","url":"https:\/\/narvajoesuu.ee\/","name":"MEDICAL SPA NARVA-J\u00d5ESUU","description":"","publisher":{"@id":"https:\/\/narvajoesuu.ee\/#organization"},"potentialAction":[{"@type":"SearchAction","target":{"@type":"EntryPoint","urlTemplate":"https:\/\/narvajoesuu.ee\/?s={search_term_string}"},"query-input":{"@type":"PropertyValueSpecification","valueRequired":true,"valueName":"search_term_string"}}],"inLanguage":"en-US"},{"@type":"Organization","@id":"https:\/\/narvajoesuu.ee\/#organization","name":"Narva-J\u00f5esuu Medical SPA","url":"https:\/\/narvajoesuu.ee\/","logo":{"@type":"ImageObject","inLanguage":"en-US","@id":"https:\/\/narvajoesuu.ee\/#\/schema\/logo\/image\/","url":"https:\/\/narvajoesuu.ee\/wp-content\/uploads\/2020\/10\/narvajoesuu-logo-small.png","contentUrl":"https:\/\/narvajoesuu.ee\/wp-content\/uploads\/2020\/10\/narvajoesuu-logo-small.png","width":170,"height":170,"caption":"Narva-J\u00f5esuu Medical SPA"},"image":{"@id":"https:\/\/narvajoesuu.ee\/#\/schema\/logo\/image\/"}}]}},"uagb_featured_image_src":{"full":false,"thumbnail":false,"medium":false,"medium_large":false,"large":false,"1536x1536":false,"2048x2048":false,"img-1920x550":false,"img-1920x320":false,"img-1920x200":false,"img-670x480":false,"img-570x280":false,"img-507":false,"img-370x240":false,"img-400x250":false,"img-370x175":false,"img-370x120":false,"img-300":false,"img-170":false},"uagb_author_info":{"display_name":"Maksim Mitrofanov","author_link":"https:\/\/narvajoesuu.ee\/en\/author\/maksim\/"},"uagb_comment_info":0,"uagb_excerpt":"Meil on kliendikaardi omanikele eripakkumised, mis annavad v\u00f5imaluse hotellis veelgi soodsamalt peatuda.&nbsp; P\u00fcsivalt kehtivate tervisepuhkuse eripakkumiste hulgas on eraldi pakett...","_links":{"self":[{"href":"https:\/\/narvajoesuu.ee\/en\/wp-json\/wp\/v2\/pages\/4151","targetHints":{"allow":["GET"]}}],"collection":[{"href":"https:\/\/narvajoesuu.ee\/en\/wp-json\/wp\/v2\/pages"}],"about":[{"href":"https:\/\/narvajoesuu.ee\/en\/wp-json\/wp\/v2\/types\/page"}],"author":[{"embeddable":true,"href":"https:\/\/narvajoesuu.ee\/en\/wp-json\/wp\/v2\/users\/3"}],"replies":[{"embeddable":true,"href":"https:\/\/narvajoesuu.ee\/en\/wp-json\/wp\/v2\/comments?post=4151"}],"version-history":[{"count":7,"href":"https:\/\/narvajoesuu.ee\/en\/wp-json\/wp\/v2\/pages\/4151\/revisions"}],"predecessor-version":[{"id":23664,"href":"https:\/\/narvajoesuu.ee\/en\/wp-json\/wp\/v2\/pages\/4151\/revisions\/23664"}],"up":[{"embeddable":true,"href":"https:\/\/narvajoesuu.ee\/en\/wp-json\/wp\/v2\/pages\/4275"}],"wp:attachment":[{"href":"https:\/\/narvajoesuu.ee\/en\/wp-json\/wp\/v2\/media?parent=4151"}],"curies":[{"name":"wp","href":"https:\/\/api.w.org\/{rel}","templated":true}]}}