{"id":4139,"date":"2021-03-15T10:08:38","date_gmt":"2021-03-15T08:08:38","guid":{"rendered":"https:\/\/narvajoesuu.ee\/%d0%bf%d0%b8%d1%82%d0%b0%d0%bd%d0%b8%d0%b5-%d0%b2-%d1%81%d1%82%d0%b8%d0%bb%d0%b5-buffet\/"},"modified":"2026-02-26T09:36:24","modified_gmt":"2026-02-26T07:36:24","slug":"buffet-toitlustamine","status":"publish","type":"page","link":"https:\/\/narvajoesuu.ee\/en\/hotell\/uldinfo\/buffet-toitlustamine\/","title":{"rendered":"Buffet toitlustamine"},"content":{"rendered":"\n<figure class=\"wp-block-video\"><video height=\"1080\" style=\"aspect-ratio: 1920 \/ 1080;\" width=\"1920\" controls loop muted src=\"https:\/\/narvajoesuu.ee\/wp-content\/uploads\/2021\/03\/Buffet.mp4\" playsinline><\/video><\/figure>\n\n\n\n<p class=\"wp-el\">Lugupeetud k\u00fclastajad!<\/p>\n\n\n\n<p class=\"wp-el\">Buffet restoranis (I korrusel) te v\u00f5ite nautida maitsvat kodust toitu. Hommikus\u00f6\u00f6k, l\u00f5unas\u00f6\u00f6k ja \u00f5htus\u00f6\u00f6k serveeritakse buffet-stiilis (rootsi laud). Kolmekordne s\u00f6\u00f6gikord sisaldub praktiliselt igas paketis. <strong>Hommikus\u00f6\u00f6k sisaldub majutuse hinnas. L\u00f5unas\u00f6\u00f6k ja \u00f5htus\u00f6\u00f6k \u2013 vastavalt pakettide sisule.<\/strong><\/p>\n\n\n\n<div class=\"wp-block-columns is-layout-flex wp-container-core-columns-is-layout-9d6595d7 wp-block-columns-is-layout-flex\">\n<div class=\"wp-block-column is-layout-flow wp-block-column-is-layout-flow\" style=\"flex-basis:100%\">\n<div class=\"wp-block-group\"><div class=\"wp-block-group__inner-container is-layout-flow wp-block-group-is-layout-flow\">\n<div class=\"wp-block-columns is-layout-flex wp-container-core-columns-is-layout-9d6595d7 wp-block-columns-is-layout-flex\">\n<div class=\"wp-block-column is-layout-flow wp-block-column-is-layout-flow\" style=\"flex-basis:100%\">\n<figure class=\"wp-block-table is-style-regular\"><table class=\"has-fixed-layout\"><thead><tr><th><strong>Hommikus\u00f6\u00f6k<\/strong><\/th><th><strong>Serveerimise aeg<\/strong><\/th><\/tr><\/thead><tbody><tr><td>Esmasp\u00e4ev &#8211; Reede &nbsp;<\/td><td>08:00 &#8211; 10:00<\/td><\/tr><tr><td>Laup\u00e4ev &#8211; P\u00fchap\u00e4ev  <\/td><td>08:00 &#8211; 11:00 <\/td><\/tr><\/tbody><\/table><\/figure>\n\n\n\n<figure class=\"wp-block-table is-style-regular\"><table class=\"has-fixed-layout\"><thead><tr><th>&nbsp;<strong>L\u00f5unas\u00f6\u00f6k<\/strong><\/th><th><strong>Serveerimise aeg<\/strong><\/th><\/tr><\/thead><tbody><tr><td>Esmasp\u00e4ev &#8211; Reede &nbsp;<\/td><td>12:30 &#8211; 14:30<\/td><\/tr><tr><td>Laup\u00e4ev &#8211; P\u00fchap\u00e4ev<\/td><td>12:30 &#8211; 14:30 <\/td><\/tr><\/tbody><\/table><\/figure>\n\n\n\n<figure class=\"wp-block-table is-style-regular\"><table class=\"has-fixed-layout\"><thead><tr><th><strong>\u00d5htus\u00f6\u00f6k<\/strong><\/th><th><strong>Serveerimise aeg<\/strong><\/th><\/tr><\/thead><tbody><tr><td>Esmasp\u00e4ev &#8211; Reede &nbsp;<\/td><td>17:30 &#8211; 19:00<\/td><\/tr><tr><td>Laup\u00e4ev &#8211; P\u00fchap\u00e4ev<\/td><td>17:30 &#8211; 19:30 <\/td><\/tr><\/tbody><\/table><\/figure>\n<\/div>\n<\/div>\n<\/div><\/div>\n<\/div>\n<\/div>\n","protected":false},"excerpt":{"rendered":"<p>Lugupeetud k\u00fclastajad! Buffet restoranis (I korrusel) te v\u00f5ite nautida maitsvat kodust toitu. Hommikus\u00f6\u00f6k, l\u00f5unas\u00f6\u00f6k ja \u00f5htus\u00f6\u00f6k serveeritakse buffet-stiilis (rootsi laud)&#8230;.<\/p>\n","protected":false},"author":2,"featured_media":0,"parent":4223,"menu_order":358,"comment_status":"closed","ping_status":"closed","template":"","meta":{"_acf_changed":false,"_uag_custom_page_level_css":"","_monsterinsights_skip_tracking":false,"_monsterinsights_sitenote_active":false,"_monsterinsights_sitenote_note":"","_monsterinsights_sitenote_category":0,"footnotes":""},"class_list":["post-4139","page","type-page","status-publish","hentry"],"acf":[],"yoast_head":"<!-- This site is optimized with the Yoast SEO plugin v27.5 - https:\/\/yoast.com\/product\/yoast-seo-wordpress\/ -->\n<title>Buffet toitlustamine - MEDICAL SPA NARVA-J\u00d5ESUU<\/title>\n<meta name=\"robots\" content=\"index, follow, max-snippet:-1, max-image-preview:large, max-video-preview:-1\" \/>\n<link rel=\"canonical\" href=\"https:\/\/narvajoesuu.ee\/en\/hotell\/uldinfo\/buffet-toitlustamine\/\" \/>\n<meta property=\"og:locale\" content=\"en_US\" \/>\n<meta property=\"og:type\" content=\"article\" \/>\n<meta property=\"og:title\" content=\"Buffet toitlustamine - MEDICAL SPA NARVA-J\u00d5ESUU\" \/>\n<meta property=\"og:description\" content=\"Lugupeetud k\u00fclastajad! Buffet restoranis (I korrusel) te v\u00f5ite nautida maitsvat kodust toitu. Hommikus\u00f6\u00f6k, l\u00f5unas\u00f6\u00f6k ja \u00f5htus\u00f6\u00f6k serveeritakse buffet-stiilis (rootsi laud)....\" \/>\n<meta property=\"og:url\" content=\"https:\/\/narvajoesuu.ee\/en\/hotell\/uldinfo\/buffet-toitlustamine\/\" \/>\n<meta property=\"og:site_name\" content=\"MEDICAL SPA NARVA-J\u00d5ESUU\" \/>\n<meta property=\"article:modified_time\" content=\"2026-02-26T07:36:24+00:00\" \/>\n<meta property=\"og:image\" content=\"https:\/\/narvajoesuu.ee\/wp-content\/uploads\/2021\/12\/Maja-pilt.png\" \/>\n\t<meta property=\"og:image:width\" content=\"1200\" \/>\n\t<meta property=\"og:image:height\" content=\"630\" \/>\n\t<meta property=\"og:image:type\" content=\"image\/png\" \/>\n<meta name=\"twitter:card\" content=\"summary_large_image\" \/>\n<meta name=\"twitter:label1\" content=\"Est. reading time\" \/>\n\t<meta name=\"twitter:data1\" content=\"1 minute\" \/>\n<script type=\"application\/ld+json\" class=\"yoast-schema-graph\">{\"@context\":\"https:\\\/\\\/schema.org\",\"@graph\":[{\"@type\":\"WebPage\",\"@id\":\"https:\\\/\\\/narvajoesuu.ee\\\/en\\\/hotell\\\/uldinfo\\\/buffet-toitlustamine\\\/\",\"url\":\"https:\\\/\\\/narvajoesuu.ee\\\/en\\\/hotell\\\/uldinfo\\\/buffet-toitlustamine\\\/\",\"name\":\"Buffet toitlustamine - MEDICAL SPA NARVA-J\u00d5ESUU\",\"isPartOf\":{\"@id\":\"https:\\\/\\\/narvajoesuu.ee\\\/#website\"},\"datePublished\":\"2021-03-15T08:08:38+00:00\",\"dateModified\":\"2026-02-26T07:36:24+00:00\",\"breadcrumb\":{\"@id\":\"https:\\\/\\\/narvajoesuu.ee\\\/en\\\/hotell\\\/uldinfo\\\/buffet-toitlustamine\\\/#breadcrumb\"},\"inLanguage\":\"en-US\",\"potentialAction\":[{\"@type\":\"ReadAction\",\"target\":[\"https:\\\/\\\/narvajoesuu.ee\\\/en\\\/hotell\\\/uldinfo\\\/buffet-toitlustamine\\\/\"]}]},{\"@type\":\"BreadcrumbList\",\"@id\":\"https:\\\/\\\/narvajoesuu.ee\\\/en\\\/hotell\\\/uldinfo\\\/buffet-toitlustamine\\\/#breadcrumb\",\"itemListElement\":[{\"@type\":\"ListItem\",\"position\":1,\"name\":\"Home\",\"item\":\"https:\\\/\\\/narvajoesuu.ee\\\/en\\\/\"},{\"@type\":\"ListItem\",\"position\":2,\"name\":\"Hotell\",\"item\":\"https:\\\/\\\/narvajoesuu.ee\\\/en\\\/hotell\\\/\"},{\"@type\":\"ListItem\",\"position\":3,\"name\":\"\u00dcldinfo\",\"item\":\"https:\\\/\\\/narvajoesuu.ee\\\/en\\\/?page_id=4223\"},{\"@type\":\"ListItem\",\"position\":4,\"name\":\"Buffet toitlustamine\"}]},{\"@type\":\"WebSite\",\"@id\":\"https:\\\/\\\/narvajoesuu.ee\\\/#website\",\"url\":\"https:\\\/\\\/narvajoesuu.ee\\\/\",\"name\":\"MEDICAL SPA NARVA-J\u00d5ESUU\",\"description\":\"\",\"publisher\":{\"@id\":\"https:\\\/\\\/narvajoesuu.ee\\\/#organization\"},\"potentialAction\":[{\"@type\":\"SearchAction\",\"target\":{\"@type\":\"EntryPoint\",\"urlTemplate\":\"https:\\\/\\\/narvajoesuu.ee\\\/?s={search_term_string}\"},\"query-input\":{\"@type\":\"PropertyValueSpecification\",\"valueRequired\":true,\"valueName\":\"search_term_string\"}}],\"inLanguage\":\"en-US\"},{\"@type\":\"Organization\",\"@id\":\"https:\\\/\\\/narvajoesuu.ee\\\/#organization\",\"name\":\"Narva-J\u00f5esuu Medical SPA\",\"url\":\"https:\\\/\\\/narvajoesuu.ee\\\/\",\"logo\":{\"@type\":\"ImageObject\",\"inLanguage\":\"en-US\",\"@id\":\"https:\\\/\\\/narvajoesuu.ee\\\/#\\\/schema\\\/logo\\\/image\\\/\",\"url\":\"https:\\\/\\\/narvajoesuu.ee\\\/wp-content\\\/uploads\\\/2020\\\/10\\\/narvajoesuu-logo-small.png\",\"contentUrl\":\"https:\\\/\\\/narvajoesuu.ee\\\/wp-content\\\/uploads\\\/2020\\\/10\\\/narvajoesuu-logo-small.png\",\"width\":170,\"height\":170,\"caption\":\"Narva-J\u00f5esuu Medical SPA\"},\"image\":{\"@id\":\"https:\\\/\\\/narvajoesuu.ee\\\/#\\\/schema\\\/logo\\\/image\\\/\"}}]}<\/script>\n<!-- \/ Yoast SEO plugin. -->","yoast_head_json":{"title":"Buffet toitlustamine - MEDICAL SPA NARVA-J\u00d5ESUU","robots":{"index":"index","follow":"follow","max-snippet":"max-snippet:-1","max-image-preview":"max-image-preview:large","max-video-preview":"max-video-preview:-1"},"canonical":"https:\/\/narvajoesuu.ee\/en\/hotell\/uldinfo\/buffet-toitlustamine\/","og_locale":"en_US","og_type":"article","og_title":"Buffet toitlustamine - MEDICAL SPA NARVA-J\u00d5ESUU","og_description":"Lugupeetud k\u00fclastajad! Buffet restoranis (I korrusel) te v\u00f5ite nautida maitsvat kodust toitu. Hommikus\u00f6\u00f6k, l\u00f5unas\u00f6\u00f6k ja \u00f5htus\u00f6\u00f6k serveeritakse buffet-stiilis (rootsi laud)....","og_url":"https:\/\/narvajoesuu.ee\/en\/hotell\/uldinfo\/buffet-toitlustamine\/","og_site_name":"MEDICAL SPA NARVA-J\u00d5ESUU","article_modified_time":"2026-02-26T07:36:24+00:00","og_image":[{"width":1200,"height":630,"url":"https:\/\/narvajoesuu.ee\/wp-content\/uploads\/2021\/12\/Maja-pilt.png","type":"image\/png"}],"twitter_card":"summary_large_image","twitter_misc":{"Est. reading time":"1 minute"},"schema":{"@context":"https:\/\/schema.org","@graph":[{"@type":"WebPage","@id":"https:\/\/narvajoesuu.ee\/en\/hotell\/uldinfo\/buffet-toitlustamine\/","url":"https:\/\/narvajoesuu.ee\/en\/hotell\/uldinfo\/buffet-toitlustamine\/","name":"Buffet toitlustamine - MEDICAL SPA NARVA-J\u00d5ESUU","isPartOf":{"@id":"https:\/\/narvajoesuu.ee\/#website"},"datePublished":"2021-03-15T08:08:38+00:00","dateModified":"2026-02-26T07:36:24+00:00","breadcrumb":{"@id":"https:\/\/narvajoesuu.ee\/en\/hotell\/uldinfo\/buffet-toitlustamine\/#breadcrumb"},"inLanguage":"en-US","potentialAction":[{"@type":"ReadAction","target":["https:\/\/narvajoesuu.ee\/en\/hotell\/uldinfo\/buffet-toitlustamine\/"]}]},{"@type":"BreadcrumbList","@id":"https:\/\/narvajoesuu.ee\/en\/hotell\/uldinfo\/buffet-toitlustamine\/#breadcrumb","itemListElement":[{"@type":"ListItem","position":1,"name":"Home","item":"https:\/\/narvajoesuu.ee\/en\/"},{"@type":"ListItem","position":2,"name":"Hotell","item":"https:\/\/narvajoesuu.ee\/en\/hotell\/"},{"@type":"ListItem","position":3,"name":"\u00dcldinfo","item":"https:\/\/narvajoesuu.ee\/en\/?page_id=4223"},{"@type":"ListItem","position":4,"name":"Buffet toitlustamine"}]},{"@type":"WebSite","@id":"https:\/\/narvajoesuu.ee\/#website","url":"https:\/\/narvajoesuu.ee\/","name":"MEDICAL SPA NARVA-J\u00d5ESUU","description":"","publisher":{"@id":"https:\/\/narvajoesuu.ee\/#organization"},"potentialAction":[{"@type":"SearchAction","target":{"@type":"EntryPoint","urlTemplate":"https:\/\/narvajoesuu.ee\/?s={search_term_string}"},"query-input":{"@type":"PropertyValueSpecification","valueRequired":true,"valueName":"search_term_string"}}],"inLanguage":"en-US"},{"@type":"Organization","@id":"https:\/\/narvajoesuu.ee\/#organization","name":"Narva-J\u00f5esuu Medical SPA","url":"https:\/\/narvajoesuu.ee\/","logo":{"@type":"ImageObject","inLanguage":"en-US","@id":"https:\/\/narvajoesuu.ee\/#\/schema\/logo\/image\/","url":"https:\/\/narvajoesuu.ee\/wp-content\/uploads\/2020\/10\/narvajoesuu-logo-small.png","contentUrl":"https:\/\/narvajoesuu.ee\/wp-content\/uploads\/2020\/10\/narvajoesuu-logo-small.png","width":170,"height":170,"caption":"Narva-J\u00f5esuu Medical SPA"},"image":{"@id":"https:\/\/narvajoesuu.ee\/#\/schema\/logo\/image\/"}}]}},"uagb_featured_image_src":{"full":false,"thumbnail":false,"medium":false,"medium_large":false,"large":false,"1536x1536":false,"2048x2048":false,"img-1920x550":false,"img-1920x320":false,"img-1920x200":false,"img-670x480":false,"img-570x280":false,"img-507":false,"img-370x240":false,"img-400x250":false,"img-370x175":false,"img-370x120":false,"img-300":false,"img-170":false},"uagb_author_info":{"display_name":"Darja","author_link":"https:\/\/narvajoesuu.ee\/en\/author\/darja\/"},"uagb_comment_info":0,"uagb_excerpt":"Lugupeetud k\u00fclastajad! Buffet restoranis (I korrusel) te v\u00f5ite nautida maitsvat kodust toitu. Hommikus\u00f6\u00f6k, l\u00f5unas\u00f6\u00f6k ja \u00f5htus\u00f6\u00f6k serveeritakse buffet-stiilis (rootsi laud)....","_links":{"self":[{"href":"https:\/\/narvajoesuu.ee\/en\/wp-json\/wp\/v2\/pages\/4139","targetHints":{"allow":["GET"]}}],"collection":[{"href":"https:\/\/narvajoesuu.ee\/en\/wp-json\/wp\/v2\/pages"}],"about":[{"href":"https:\/\/narvajoesuu.ee\/en\/wp-json\/wp\/v2\/types\/page"}],"author":[{"embeddable":true,"href":"https:\/\/narvajoesuu.ee\/en\/wp-json\/wp\/v2\/users\/2"}],"replies":[{"embeddable":true,"href":"https:\/\/narvajoesuu.ee\/en\/wp-json\/wp\/v2\/comments?post=4139"}],"version-history":[{"count":19,"href":"https:\/\/narvajoesuu.ee\/en\/wp-json\/wp\/v2\/pages\/4139\/revisions"}],"predecessor-version":[{"id":9088,"href":"https:\/\/narvajoesuu.ee\/en\/wp-json\/wp\/v2\/pages\/4139\/revisions\/9088"}],"up":[{"embeddable":true,"href":"https:\/\/narvajoesuu.ee\/en\/wp-json\/wp\/v2\/pages\/4223"}],"wp:attachment":[{"href":"https:\/\/narvajoesuu.ee\/en\/wp-json\/wp\/v2\/media?parent=4139"}],"curies":[{"name":"wp","href":"https:\/\/api.w.org\/{rel}","templated":true}]}}