{"id":10303,"date":"2021-08-20T11:45:50","date_gmt":"2021-08-20T08:45:50","guid":{"rendered":"https:\/\/narvajoesuu.ee\/andmekaitse\/"},"modified":"2026-02-26T14:05:06","modified_gmt":"2026-02-26T12:05:06","slug":"andmekaitse","status":"publish","type":"page","link":"https:\/\/narvajoesuu.ee\/en\/andmekaitse\/","title":{"rendered":"Andmekaitse"},"content":{"rendered":"\n<h2 class=\"wp-el wp-block-heading\">Andmete t\u00f6\u00f6tlemine ja k\u00fcpsiste kasutamine<\/h2>\n\n\n\n<h3 class=\"wp-el wp-block-heading\">1. Andmete t\u00f6\u00f6tlemise p\u00f5him\u00f5tted<\/h3>\n\n\n\n<p class=\"wp-el\"> AS Narva-J\u00f5esuu Sanatoorium kaitseb oma klientide isikuandmeid, millest l\u00e4htuvalt on koostatud k\u00e4esolevad privaatsustingimused, mis k\u00e4sitlevad kliendi isikuandmete t\u00f6\u00f6tlemist (kuurortravi-, ilu-, majutusteenusteosutamist, laua broneerimist, uudiskirjaga liitumist, klientidega \u00fchenduse v\u00f5tmist, p\u00fcsikliendikaartide v\u00e4ljastamist ja teavituste edastamiseks, kui klient on selleks soovi avaldanud) seoses\u00a0AS Narva-J\u00f5esuu Sanatooriumi teenuste osutamisega kliendile. Me ei edasta, m\u00fc\u00fc ega avalikusta Teie andmeid kolmandatele osapooltele ilma Teie eelneva n\u00f5usolekuta v\u00f5i seadusest s\u00e4testatud juhtudel.<\/p>\n\n\n\n<h3 class=\"wp-el wp-block-heading\">2.&nbsp;Andmete kogumine<\/h3>\n\n\n\n<p class=\"wp-el\">AS Narva-J\u00f5esuu Sanatooriumi tuleb klientidel edastada j\u00e4rgmised andmed:<\/p>\n\n\n\n<p class=\"wp-el\">2.1 Nimi &#8211; vajalik broneeringu t\u00e4itmiseks ja tagamiseks;<\/p>\n\n\n\n<p class=\"wp-el\">2.2 E-posti aadtress &#8211; vajalik broneeringu t\u00e4itmiseks ja ettemaksuarve esitamiseks;<\/p>\n\n\n\n<p class=\"wp-el\">2.3 Telefoni number &#8211; vajalik broneeringu t\u00e4itmiseks ning t\u00e4itmise tagamiseks sh teenuse t\u00f5rgete teadete&nbsp;edastamiseks;<\/p>\n\n\n\n<p class=\"wp-el\">2.4 Kliendil on igal ajal alati \u00f5igus loobuda teadannete saamisest, avaldades soovi kirjutades <a href=\"mailto:info@narvajoesuu.ee\">info@narvajoesuu.ee<\/a>;<\/p>\n\n\n\n<p class=\"wp-el\">2.5 Andmete vastutav t\u00f6\u00f6tleja on AS Narva-J\u00f5esuu Sanatoorium, Aia 3, Narva-J\u00f5esuu linn 29023.<\/p>\n\n\n\n<h3 class=\"wp-el wp-block-heading\">3.&nbsp;Andmete s\u00e4ilitamise aeg<\/h3>\n\n\n\n<p class=\"wp-el\">AS Narva-J\u00f5esuu Sanatoorium s\u00e4ilitab andmeid nii kaua, kui neid on vaja andmete kasutamise eesm\u00e4rgi&nbsp;saavutamiseks v\u00f5i seadusest tulenevate n\u00f5uete aegumist\u00e4htaegade saabumiseni.<\/p>\n\n\n\n<h3 class=\"wp-el wp-block-heading\">4. Kliendi \u00f5igused seoses andmete kasutamisega<\/h3>\n\n\n\n<p class=\"wp-el\">4.1 Kliendil on \u00f5igus saada AS Narva-J\u00f5esuu Sanatooriumist teavet enda andmete kasutamise kohta&nbsp;seaduses s\u00e4testatud korras ja ulatuses.<\/p>\n\n\n\n<p class=\"wp-el\">4.2 Kliendil on \u00f5igus n\u00f5uda AS Narva-J\u00f5esuu Sanatooriumist enda andmete kasutamise l\u00f5petamist ning&nbsp;andmete&nbsp; parandamist, sulgemist ja kustutamist, kui see on koosk\u00f5las seadusandlusega.<\/p>\n\n\n\n<p class=\"wp-el\">4.3 K\u00f5igi isikuandmeid puudutavate k\u00fcsimuste korral palume v\u00f5tta meiega \u00fchendust aadressil&nbsp;<a href=\"mailto:info@narvajoesuu.ee\">info@narvajoesuu.ee<\/a><\/p>\n\n\n\n<h3 class=\"wp-el wp-block-heading\">5.&nbsp;K\u00fcpsiste kasutamise p\u00f5him\u00f5tted<\/h3>\n\n\n\n<p class=\"wp-el\">5.1 Klientide paremaks teenindamiseks kasutab AS Narva-J\u00f5esuu Sanatoorium veebilehel k\u00f5psiseid ehk&nbsp;cookie&#8217;sid.<\/p>\n\n\n\n<p class=\"wp-el\">5.2 AS Narva-J\u00f5esuu Sanatooriumile kuuluval domeenil v\u00f5ib muuhulgas sisaldada element, mis salvestab&nbsp;k\u00fcpsiseid kolmandatele isikute nimel.<\/p>\n\n\n\n<p class=\"wp-el\">5.3 Kliendil on \u00f5igus keelduda k\u00fcpsiste salvestamisest arvutisse, kuid klient peab arvestama, et k\u00f5ik&nbsp;veebilehe funktsioonid ei pruugi p\u00e4rast k\u00fcpsiste blokeerimist enam Kliendile k\u00e4ttesaadavad olla.<\/p>\n","protected":false},"excerpt":{"rendered":"<p>Andmete t\u00f6\u00f6tlemine ja k\u00fcpsiste kasutamine 1. Andmete t\u00f6\u00f6tlemise p\u00f5him\u00f5tted AS Narva-J\u00f5esuu Sanatoorium kaitseb oma klientide isikuandmeid, millest l\u00e4htuvalt on koostatud&#8230;<\/p>\n","protected":false},"author":3,"featured_media":0,"parent":0,"menu_order":645,"comment_status":"closed","ping_status":"closed","template":"","meta":{"_acf_changed":false,"_uag_custom_page_level_css":"","_monsterinsights_skip_tracking":false,"_monsterinsights_sitenote_active":false,"_monsterinsights_sitenote_note":"","_monsterinsights_sitenote_category":0,"footnotes":""},"class_list":["post-10303","page","type-page","status-publish","hentry"],"acf":[],"yoast_head":"<!-- This site is optimized with the Yoast SEO plugin v27.3 - https:\/\/yoast.com\/product\/yoast-seo-wordpress\/ -->\n<title>Andmekaitse - MEDICAL SPA NARVA-J\u00d5ESUU<\/title>\n<meta name=\"robots\" content=\"index, follow, max-snippet:-1, max-image-preview:large, max-video-preview:-1\" \/>\n<link rel=\"canonical\" href=\"https:\/\/narvajoesuu.ee\/en\/andmekaitse\/\" \/>\n<meta property=\"og:locale\" content=\"en_US\" \/>\n<meta property=\"og:type\" content=\"article\" \/>\n<meta property=\"og:title\" content=\"Andmekaitse - MEDICAL SPA NARVA-J\u00d5ESUU\" \/>\n<meta property=\"og:description\" content=\"Andmete t\u00f6\u00f6tlemine ja k\u00fcpsiste kasutamine 1. Andmete t\u00f6\u00f6tlemise p\u00f5him\u00f5tted AS Narva-J\u00f5esuu Sanatoorium kaitseb oma klientide isikuandmeid, millest l\u00e4htuvalt on koostatud...\" \/>\n<meta property=\"og:url\" content=\"https:\/\/narvajoesuu.ee\/en\/andmekaitse\/\" \/>\n<meta property=\"og:site_name\" content=\"MEDICAL SPA NARVA-J\u00d5ESUU\" \/>\n<meta property=\"article:modified_time\" content=\"2026-02-26T12:05:06+00:00\" \/>\n<meta property=\"og:image\" content=\"https:\/\/narvajoesuu.ee\/wp-content\/uploads\/2021\/12\/Maja-pilt.png\" \/>\n\t<meta property=\"og:image:width\" content=\"1200\" \/>\n\t<meta property=\"og:image:height\" content=\"630\" \/>\n\t<meta property=\"og:image:type\" content=\"image\/png\" \/>\n<meta name=\"twitter:card\" content=\"summary_large_image\" \/>\n<meta name=\"twitter:label1\" content=\"Est. reading time\" \/>\n\t<meta name=\"twitter:data1\" content=\"2 minutes\" \/>\n<script type=\"application\/ld+json\" class=\"yoast-schema-graph\">{\"@context\":\"https:\\\/\\\/schema.org\",\"@graph\":[{\"@type\":\"WebPage\",\"@id\":\"https:\\\/\\\/narvajoesuu.ee\\\/en\\\/andmekaitse\\\/\",\"url\":\"https:\\\/\\\/narvajoesuu.ee\\\/en\\\/andmekaitse\\\/\",\"name\":\"Andmekaitse - MEDICAL SPA NARVA-J\u00d5ESUU\",\"isPartOf\":{\"@id\":\"https:\\\/\\\/narvajoesuu.ee\\\/#website\"},\"datePublished\":\"2021-08-20T08:45:50+00:00\",\"dateModified\":\"2026-02-26T12:05:06+00:00\",\"breadcrumb\":{\"@id\":\"https:\\\/\\\/narvajoesuu.ee\\\/en\\\/andmekaitse\\\/#breadcrumb\"},\"inLanguage\":\"en-US\",\"potentialAction\":[{\"@type\":\"ReadAction\",\"target\":[\"https:\\\/\\\/narvajoesuu.ee\\\/en\\\/andmekaitse\\\/\"]}]},{\"@type\":\"BreadcrumbList\",\"@id\":\"https:\\\/\\\/narvajoesuu.ee\\\/en\\\/andmekaitse\\\/#breadcrumb\",\"itemListElement\":[{\"@type\":\"ListItem\",\"position\":1,\"name\":\"Home\",\"item\":\"https:\\\/\\\/narvajoesuu.ee\\\/en\\\/\"},{\"@type\":\"ListItem\",\"position\":2,\"name\":\"Andmekaitse\"}]},{\"@type\":\"WebSite\",\"@id\":\"https:\\\/\\\/narvajoesuu.ee\\\/#website\",\"url\":\"https:\\\/\\\/narvajoesuu.ee\\\/\",\"name\":\"MEDICAL SPA NARVA-J\u00d5ESUU\",\"description\":\"\",\"publisher\":{\"@id\":\"https:\\\/\\\/narvajoesuu.ee\\\/#organization\"},\"potentialAction\":[{\"@type\":\"SearchAction\",\"target\":{\"@type\":\"EntryPoint\",\"urlTemplate\":\"https:\\\/\\\/narvajoesuu.ee\\\/?s={search_term_string}\"},\"query-input\":{\"@type\":\"PropertyValueSpecification\",\"valueRequired\":true,\"valueName\":\"search_term_string\"}}],\"inLanguage\":\"en-US\"},{\"@type\":\"Organization\",\"@id\":\"https:\\\/\\\/narvajoesuu.ee\\\/#organization\",\"name\":\"Narva-J\u00f5esuu Medical SPA\",\"url\":\"https:\\\/\\\/narvajoesuu.ee\\\/\",\"logo\":{\"@type\":\"ImageObject\",\"inLanguage\":\"en-US\",\"@id\":\"https:\\\/\\\/narvajoesuu.ee\\\/#\\\/schema\\\/logo\\\/image\\\/\",\"url\":\"https:\\\/\\\/narvajoesuu.ee\\\/wp-content\\\/uploads\\\/2020\\\/10\\\/narvajoesuu-logo-small.png\",\"contentUrl\":\"https:\\\/\\\/narvajoesuu.ee\\\/wp-content\\\/uploads\\\/2020\\\/10\\\/narvajoesuu-logo-small.png\",\"width\":170,\"height\":170,\"caption\":\"Narva-J\u00f5esuu Medical SPA\"},\"image\":{\"@id\":\"https:\\\/\\\/narvajoesuu.ee\\\/#\\\/schema\\\/logo\\\/image\\\/\"}}]}<\/script>\n<!-- \/ Yoast SEO plugin. -->","yoast_head_json":{"title":"Andmekaitse - MEDICAL SPA NARVA-J\u00d5ESUU","robots":{"index":"index","follow":"follow","max-snippet":"max-snippet:-1","max-image-preview":"max-image-preview:large","max-video-preview":"max-video-preview:-1"},"canonical":"https:\/\/narvajoesuu.ee\/en\/andmekaitse\/","og_locale":"en_US","og_type":"article","og_title":"Andmekaitse - MEDICAL SPA NARVA-J\u00d5ESUU","og_description":"Andmete t\u00f6\u00f6tlemine ja k\u00fcpsiste kasutamine 1. Andmete t\u00f6\u00f6tlemise p\u00f5him\u00f5tted AS Narva-J\u00f5esuu Sanatoorium kaitseb oma klientide isikuandmeid, millest l\u00e4htuvalt on koostatud...","og_url":"https:\/\/narvajoesuu.ee\/en\/andmekaitse\/","og_site_name":"MEDICAL SPA NARVA-J\u00d5ESUU","article_modified_time":"2026-02-26T12:05:06+00:00","og_image":[{"width":1200,"height":630,"url":"https:\/\/narvajoesuu.ee\/wp-content\/uploads\/2021\/12\/Maja-pilt.png","type":"image\/png"}],"twitter_card":"summary_large_image","twitter_misc":{"Est. reading time":"2 minutes"},"schema":{"@context":"https:\/\/schema.org","@graph":[{"@type":"WebPage","@id":"https:\/\/narvajoesuu.ee\/en\/andmekaitse\/","url":"https:\/\/narvajoesuu.ee\/en\/andmekaitse\/","name":"Andmekaitse - MEDICAL SPA NARVA-J\u00d5ESUU","isPartOf":{"@id":"https:\/\/narvajoesuu.ee\/#website"},"datePublished":"2021-08-20T08:45:50+00:00","dateModified":"2026-02-26T12:05:06+00:00","breadcrumb":{"@id":"https:\/\/narvajoesuu.ee\/en\/andmekaitse\/#breadcrumb"},"inLanguage":"en-US","potentialAction":[{"@type":"ReadAction","target":["https:\/\/narvajoesuu.ee\/en\/andmekaitse\/"]}]},{"@type":"BreadcrumbList","@id":"https:\/\/narvajoesuu.ee\/en\/andmekaitse\/#breadcrumb","itemListElement":[{"@type":"ListItem","position":1,"name":"Home","item":"https:\/\/narvajoesuu.ee\/en\/"},{"@type":"ListItem","position":2,"name":"Andmekaitse"}]},{"@type":"WebSite","@id":"https:\/\/narvajoesuu.ee\/#website","url":"https:\/\/narvajoesuu.ee\/","name":"MEDICAL SPA NARVA-J\u00d5ESUU","description":"","publisher":{"@id":"https:\/\/narvajoesuu.ee\/#organization"},"potentialAction":[{"@type":"SearchAction","target":{"@type":"EntryPoint","urlTemplate":"https:\/\/narvajoesuu.ee\/?s={search_term_string}"},"query-input":{"@type":"PropertyValueSpecification","valueRequired":true,"valueName":"search_term_string"}}],"inLanguage":"en-US"},{"@type":"Organization","@id":"https:\/\/narvajoesuu.ee\/#organization","name":"Narva-J\u00f5esuu Medical SPA","url":"https:\/\/narvajoesuu.ee\/","logo":{"@type":"ImageObject","inLanguage":"en-US","@id":"https:\/\/narvajoesuu.ee\/#\/schema\/logo\/image\/","url":"https:\/\/narvajoesuu.ee\/wp-content\/uploads\/2020\/10\/narvajoesuu-logo-small.png","contentUrl":"https:\/\/narvajoesuu.ee\/wp-content\/uploads\/2020\/10\/narvajoesuu-logo-small.png","width":170,"height":170,"caption":"Narva-J\u00f5esuu Medical SPA"},"image":{"@id":"https:\/\/narvajoesuu.ee\/#\/schema\/logo\/image\/"}}]}},"uagb_featured_image_src":{"full":false,"thumbnail":false,"medium":false,"medium_large":false,"large":false,"1536x1536":false,"2048x2048":false,"img-1920x550":false,"img-1920x320":false,"img-1920x200":false,"img-670x480":false,"img-570x280":false,"img-507":false,"img-370x240":false,"img-400x250":false,"img-370x175":false,"img-370x120":false,"img-300":false,"img-170":false},"uagb_author_info":{"display_name":"Maksim Mitrofanov","author_link":"https:\/\/narvajoesuu.ee\/en\/author\/maksim\/"},"uagb_comment_info":0,"uagb_excerpt":"Andmete t\u00f6\u00f6tlemine ja k\u00fcpsiste kasutamine 1. Andmete t\u00f6\u00f6tlemise p\u00f5him\u00f5tted AS Narva-J\u00f5esuu Sanatoorium kaitseb oma klientide isikuandmeid, millest l\u00e4htuvalt on koostatud...","_links":{"self":[{"href":"https:\/\/narvajoesuu.ee\/en\/wp-json\/wp\/v2\/pages\/10303","targetHints":{"allow":["GET"]}}],"collection":[{"href":"https:\/\/narvajoesuu.ee\/en\/wp-json\/wp\/v2\/pages"}],"about":[{"href":"https:\/\/narvajoesuu.ee\/en\/wp-json\/wp\/v2\/types\/page"}],"author":[{"embeddable":true,"href":"https:\/\/narvajoesuu.ee\/en\/wp-json\/wp\/v2\/users\/3"}],"replies":[{"embeddable":true,"href":"https:\/\/narvajoesuu.ee\/en\/wp-json\/wp\/v2\/comments?post=10303"}],"version-history":[{"count":2,"href":"https:\/\/narvajoesuu.ee\/en\/wp-json\/wp\/v2\/pages\/10303\/revisions"}],"predecessor-version":[{"id":23673,"href":"https:\/\/narvajoesuu.ee\/en\/wp-json\/wp\/v2\/pages\/10303\/revisions\/23673"}],"wp:attachment":[{"href":"https:\/\/narvajoesuu.ee\/en\/wp-json\/wp\/v2\/media?parent=10303"}],"curies":[{"name":"wp","href":"https:\/\/api.w.org\/{rel}","templated":true}]}}