{"id":10194,"date":"2022-03-30T10:58:16","date_gmt":"2022-03-30T07:58:16","guid":{"rendered":"https:\/\/narvajoesuu.ee\/tule-toole\/"},"modified":"2026-02-26T13:23:14","modified_gmt":"2026-02-26T11:23:14","slug":"tule-toole","status":"publish","type":"page","link":"https:\/\/narvajoesuu.ee\/en\/tule-toole\/","title":{"rendered":"Tule t\u00f6\u00f6le"},"content":{"rendered":"\n<h2 class=\"wp-block-heading wp-el\">K\u00f5ik&nbsp;aktiivsed t\u00f6\u00f6pakkumised:<\/h2>\n\n\n\n<div class=\"wp-block-buttons is-layout-flex wp-block-buttons-is-layout-flex\">\n<div class=\"wp-block-button is-style-fill\"><a class=\"wp-block-button__link has-black-color has-very-light-gray-to-cyan-bluish-gray-gradient-background has-text-color has-background wp-element-button\" href=\"https:\/\/narvajoesuu.ee\/wp-content\/uploads\/2025\/04\/tervisekeskuse-juhi-assistent-kuulutus.pdf\" style=\"border-radius:100px\">Tervisekeskuse juhi assistent<\/a><\/div>\n<\/div>\n\n\n\n<p class=\"wp-el\"><\/p>\n\n\n\n<p class=\"wp-el\">Huvilistel&nbsp;palume saata CV ja motivatsioonikiri&nbsp;aadressile <em><em><em>cv@narvajoesuu.ee<\/em><\/em><\/em><\/p>\n\n\n\n<p class=\"wp-el\">Kui t\u00f6\u00f6pakkumiste seas ei ole praegu teile sobivat pakkumist, aga olete&nbsp;huvitatud MEDICAL SPA NARVA-J\u00d5ESUU t\u00f6\u00f6tamisest, palume saada oma CV e-posti aadressile <em>cv@narvajoesuu.ee<\/em> ja sobiva ametikoha tekkimisel v\u00f5tame teiega ise \u00fchendust.<\/p>\n\n\n\n<p class=\"wp-el\"><\/p>\n","protected":false},"excerpt":{"rendered":"<p>K\u00f5ik&nbsp;aktiivsed t\u00f6\u00f6pakkumised: Huvilistel&nbsp;palume saata CV ja motivatsioonikiri&nbsp;aadressile cv@narvajoesuu.ee Kui t\u00f6\u00f6pakkumiste seas ei ole praegu teile sobivat pakkumist, aga olete&nbsp;huvitatud MEDICAL&#8230;<\/p>\n","protected":false},"author":2,"featured_media":0,"parent":0,"menu_order":592,"comment_status":"closed","ping_status":"closed","template":"","meta":{"_acf_changed":false,"_uag_custom_page_level_css":"","_monsterinsights_skip_tracking":false,"_monsterinsights_sitenote_active":false,"_monsterinsights_sitenote_note":"","_monsterinsights_sitenote_category":0,"footnotes":""},"class_list":["post-10194","page","type-page","status-publish","hentry"],"acf":[],"yoast_head":"<!-- This site is optimized with the Yoast SEO plugin v27.4 - https:\/\/yoast.com\/product\/yoast-seo-wordpress\/ -->\n<title>Tule t\u00f6\u00f6le - MEDICAL SPA NARVA-J\u00d5ESUU<\/title>\n<meta name=\"robots\" content=\"index, follow, max-snippet:-1, max-image-preview:large, max-video-preview:-1\" \/>\n<link rel=\"canonical\" href=\"https:\/\/narvajoesuu.ee\/en\/tule-toole\/\" \/>\n<meta property=\"og:locale\" content=\"en_US\" \/>\n<meta property=\"og:type\" content=\"article\" \/>\n<meta property=\"og:title\" content=\"Tule t\u00f6\u00f6le - MEDICAL SPA NARVA-J\u00d5ESUU\" \/>\n<meta property=\"og:description\" content=\"K\u00f5ik&nbsp;aktiivsed t\u00f6\u00f6pakkumised: Huvilistel&nbsp;palume saata CV ja motivatsioonikiri&nbsp;aadressile cv@narvajoesuu.ee Kui t\u00f6\u00f6pakkumiste seas ei ole praegu teile sobivat pakkumist, aga olete&nbsp;huvitatud MEDICAL...\" \/>\n<meta property=\"og:url\" content=\"https:\/\/narvajoesuu.ee\/en\/tule-toole\/\" \/>\n<meta property=\"og:site_name\" content=\"MEDICAL SPA NARVA-J\u00d5ESUU\" \/>\n<meta property=\"article:modified_time\" content=\"2026-02-26T11:23:14+00:00\" \/>\n<meta property=\"og:image\" content=\"https:\/\/narvajoesuu.ee\/wp-content\/uploads\/2021\/12\/Maja-pilt.png\" \/>\n\t<meta property=\"og:image:width\" content=\"1200\" \/>\n\t<meta property=\"og:image:height\" content=\"630\" \/>\n\t<meta property=\"og:image:type\" content=\"image\/png\" \/>\n<meta name=\"twitter:card\" content=\"summary_large_image\" \/>\n<meta name=\"twitter:label1\" content=\"Est. reading time\" \/>\n\t<meta name=\"twitter:data1\" content=\"1 minute\" \/>\n<script type=\"application\/ld+json\" class=\"yoast-schema-graph\">{\"@context\":\"https:\\\/\\\/schema.org\",\"@graph\":[{\"@type\":\"WebPage\",\"@id\":\"https:\\\/\\\/narvajoesuu.ee\\\/en\\\/tule-toole\\\/\",\"url\":\"https:\\\/\\\/narvajoesuu.ee\\\/en\\\/tule-toole\\\/\",\"name\":\"Tule t\u00f6\u00f6le - MEDICAL SPA NARVA-J\u00d5ESUU\",\"isPartOf\":{\"@id\":\"https:\\\/\\\/narvajoesuu.ee\\\/#website\"},\"datePublished\":\"2022-03-30T07:58:16+00:00\",\"dateModified\":\"2026-02-26T11:23:14+00:00\",\"breadcrumb\":{\"@id\":\"https:\\\/\\\/narvajoesuu.ee\\\/en\\\/tule-toole\\\/#breadcrumb\"},\"inLanguage\":\"en-US\",\"potentialAction\":[{\"@type\":\"ReadAction\",\"target\":[\"https:\\\/\\\/narvajoesuu.ee\\\/en\\\/tule-toole\\\/\"]}]},{\"@type\":\"BreadcrumbList\",\"@id\":\"https:\\\/\\\/narvajoesuu.ee\\\/en\\\/tule-toole\\\/#breadcrumb\",\"itemListElement\":[{\"@type\":\"ListItem\",\"position\":1,\"name\":\"Home\",\"item\":\"https:\\\/\\\/narvajoesuu.ee\\\/en\\\/\"},{\"@type\":\"ListItem\",\"position\":2,\"name\":\"Tule t\u00f6\u00f6le\"}]},{\"@type\":\"WebSite\",\"@id\":\"https:\\\/\\\/narvajoesuu.ee\\\/#website\",\"url\":\"https:\\\/\\\/narvajoesuu.ee\\\/\",\"name\":\"MEDICAL SPA NARVA-J\u00d5ESUU\",\"description\":\"\",\"publisher\":{\"@id\":\"https:\\\/\\\/narvajoesuu.ee\\\/#organization\"},\"potentialAction\":[{\"@type\":\"SearchAction\",\"target\":{\"@type\":\"EntryPoint\",\"urlTemplate\":\"https:\\\/\\\/narvajoesuu.ee\\\/?s={search_term_string}\"},\"query-input\":{\"@type\":\"PropertyValueSpecification\",\"valueRequired\":true,\"valueName\":\"search_term_string\"}}],\"inLanguage\":\"en-US\"},{\"@type\":\"Organization\",\"@id\":\"https:\\\/\\\/narvajoesuu.ee\\\/#organization\",\"name\":\"Narva-J\u00f5esuu Medical SPA\",\"url\":\"https:\\\/\\\/narvajoesuu.ee\\\/\",\"logo\":{\"@type\":\"ImageObject\",\"inLanguage\":\"en-US\",\"@id\":\"https:\\\/\\\/narvajoesuu.ee\\\/#\\\/schema\\\/logo\\\/image\\\/\",\"url\":\"https:\\\/\\\/narvajoesuu.ee\\\/wp-content\\\/uploads\\\/2020\\\/10\\\/narvajoesuu-logo-small.png\",\"contentUrl\":\"https:\\\/\\\/narvajoesuu.ee\\\/wp-content\\\/uploads\\\/2020\\\/10\\\/narvajoesuu-logo-small.png\",\"width\":170,\"height\":170,\"caption\":\"Narva-J\u00f5esuu Medical SPA\"},\"image\":{\"@id\":\"https:\\\/\\\/narvajoesuu.ee\\\/#\\\/schema\\\/logo\\\/image\\\/\"}}]}<\/script>\n<!-- \/ Yoast SEO plugin. -->","yoast_head_json":{"title":"Tule t\u00f6\u00f6le - MEDICAL SPA NARVA-J\u00d5ESUU","robots":{"index":"index","follow":"follow","max-snippet":"max-snippet:-1","max-image-preview":"max-image-preview:large","max-video-preview":"max-video-preview:-1"},"canonical":"https:\/\/narvajoesuu.ee\/en\/tule-toole\/","og_locale":"en_US","og_type":"article","og_title":"Tule t\u00f6\u00f6le - MEDICAL SPA NARVA-J\u00d5ESUU","og_description":"K\u00f5ik&nbsp;aktiivsed t\u00f6\u00f6pakkumised: Huvilistel&nbsp;palume saata CV ja motivatsioonikiri&nbsp;aadressile cv@narvajoesuu.ee Kui t\u00f6\u00f6pakkumiste seas ei ole praegu teile sobivat pakkumist, aga olete&nbsp;huvitatud MEDICAL...","og_url":"https:\/\/narvajoesuu.ee\/en\/tule-toole\/","og_site_name":"MEDICAL SPA NARVA-J\u00d5ESUU","article_modified_time":"2026-02-26T11:23:14+00:00","og_image":[{"width":1200,"height":630,"url":"https:\/\/narvajoesuu.ee\/wp-content\/uploads\/2021\/12\/Maja-pilt.png","type":"image\/png"}],"twitter_card":"summary_large_image","twitter_misc":{"Est. reading time":"1 minute"},"schema":{"@context":"https:\/\/schema.org","@graph":[{"@type":"WebPage","@id":"https:\/\/narvajoesuu.ee\/en\/tule-toole\/","url":"https:\/\/narvajoesuu.ee\/en\/tule-toole\/","name":"Tule t\u00f6\u00f6le - MEDICAL SPA NARVA-J\u00d5ESUU","isPartOf":{"@id":"https:\/\/narvajoesuu.ee\/#website"},"datePublished":"2022-03-30T07:58:16+00:00","dateModified":"2026-02-26T11:23:14+00:00","breadcrumb":{"@id":"https:\/\/narvajoesuu.ee\/en\/tule-toole\/#breadcrumb"},"inLanguage":"en-US","potentialAction":[{"@type":"ReadAction","target":["https:\/\/narvajoesuu.ee\/en\/tule-toole\/"]}]},{"@type":"BreadcrumbList","@id":"https:\/\/narvajoesuu.ee\/en\/tule-toole\/#breadcrumb","itemListElement":[{"@type":"ListItem","position":1,"name":"Home","item":"https:\/\/narvajoesuu.ee\/en\/"},{"@type":"ListItem","position":2,"name":"Tule t\u00f6\u00f6le"}]},{"@type":"WebSite","@id":"https:\/\/narvajoesuu.ee\/#website","url":"https:\/\/narvajoesuu.ee\/","name":"MEDICAL SPA NARVA-J\u00d5ESUU","description":"","publisher":{"@id":"https:\/\/narvajoesuu.ee\/#organization"},"potentialAction":[{"@type":"SearchAction","target":{"@type":"EntryPoint","urlTemplate":"https:\/\/narvajoesuu.ee\/?s={search_term_string}"},"query-input":{"@type":"PropertyValueSpecification","valueRequired":true,"valueName":"search_term_string"}}],"inLanguage":"en-US"},{"@type":"Organization","@id":"https:\/\/narvajoesuu.ee\/#organization","name":"Narva-J\u00f5esuu Medical SPA","url":"https:\/\/narvajoesuu.ee\/","logo":{"@type":"ImageObject","inLanguage":"en-US","@id":"https:\/\/narvajoesuu.ee\/#\/schema\/logo\/image\/","url":"https:\/\/narvajoesuu.ee\/wp-content\/uploads\/2020\/10\/narvajoesuu-logo-small.png","contentUrl":"https:\/\/narvajoesuu.ee\/wp-content\/uploads\/2020\/10\/narvajoesuu-logo-small.png","width":170,"height":170,"caption":"Narva-J\u00f5esuu Medical SPA"},"image":{"@id":"https:\/\/narvajoesuu.ee\/#\/schema\/logo\/image\/"}}]}},"uagb_featured_image_src":{"full":false,"thumbnail":false,"medium":false,"medium_large":false,"large":false,"1536x1536":false,"2048x2048":false,"img-1920x550":false,"img-1920x320":false,"img-1920x200":false,"img-670x480":false,"img-570x280":false,"img-507":false,"img-370x240":false,"img-400x250":false,"img-370x175":false,"img-370x120":false,"img-300":false,"img-170":false},"uagb_author_info":{"display_name":"Darja","author_link":"https:\/\/narvajoesuu.ee\/en\/author\/darja\/"},"uagb_comment_info":0,"uagb_excerpt":"K\u00f5ik&nbsp;aktiivsed t\u00f6\u00f6pakkumised: Huvilistel&nbsp;palume saata CV ja motivatsioonikiri&nbsp;aadressile cv@narvajoesuu.ee Kui t\u00f6\u00f6pakkumiste seas ei ole praegu teile sobivat pakkumist, aga olete&nbsp;huvitatud MEDICAL...","_links":{"self":[{"href":"https:\/\/narvajoesuu.ee\/en\/wp-json\/wp\/v2\/pages\/10194","targetHints":{"allow":["GET"]}}],"collection":[{"href":"https:\/\/narvajoesuu.ee\/en\/wp-json\/wp\/v2\/pages"}],"about":[{"href":"https:\/\/narvajoesuu.ee\/en\/wp-json\/wp\/v2\/types\/page"}],"author":[{"embeddable":true,"href":"https:\/\/narvajoesuu.ee\/en\/wp-json\/wp\/v2\/users\/2"}],"replies":[{"embeddable":true,"href":"https:\/\/narvajoesuu.ee\/en\/wp-json\/wp\/v2\/comments?post=10194"}],"version-history":[{"count":4,"href":"https:\/\/narvajoesuu.ee\/en\/wp-json\/wp\/v2\/pages\/10194\/revisions"}],"predecessor-version":[{"id":20627,"href":"https:\/\/narvajoesuu.ee\/en\/wp-json\/wp\/v2\/pages\/10194\/revisions\/20627"}],"wp:attachment":[{"href":"https:\/\/narvajoesuu.ee\/en\/wp-json\/wp\/v2\/media?parent=10194"}],"curies":[{"name":"wp","href":"https:\/\/api.w.org\/{rel}","templated":true}]}}