{"id":10165,"date":"2022-07-08T13:19:49","date_gmt":"2022-07-08T10:19:49","guid":{"rendered":"https:\/\/narvajoesuu.ee\/projektitegevus\/"},"modified":"2026-02-26T09:31:38","modified_gmt":"2026-02-26T07:31:38","slug":"projektitegevus","status":"publish","type":"page","link":"https:\/\/narvajoesuu.ee\/en\/projektitegevus\/","title":{"rendered":"Projektitegevus"},"content":{"rendered":"\n<hr class=\"wp-block-separator has-alpha-channel-opacity\"\/>\n\n\n\n<figure class=\"wp-block-image size-full\"><img loading=\"lazy\" decoding=\"async\" width=\"670\" height=\"197\" src=\"https:\/\/narvajoesuu.ee\/wp-content\/uploads\/2024\/11\/\u0414\u0438\u0437\u0430\u0439\u043d-\u0431\u0435\u0437-\u043d\u0430\u0437\u0432\u0430\u043d\u0438\u044f-11.png\" alt=\"\" class=\"wp-image-19840\"\/><\/figure>\n\n\n\n<p class=\"wp-el\"><strong>Projekti number:<\/strong> 20.2.02.24-0429<br><strong>Projekti nimi:<\/strong> Narva-J\u00f5esuu Medical SPA varustuskindluse parendamine<\/p>\n\n\n\n<p class=\"wp-el\">Projekti \u201eNarva-J\u00f5esuu Medical SPA varustuskindluse parendamine\u201c kasutusele v\u00f5tta taastuvenergia allikatest toodetud elektrienergia ja parendada ettev\u00f5tte elektrienergiaga varustuskindlust. Projekti tulemusena on rajatud ja kasutusse v\u00f5etud p\u00e4ikeseelektrijaam, milles toodetav taastuvenergia kasutatakse ettev\u00f5ttes ja seel\u00e4bi tagatakse parem elektrienergiaga varustatus. Projekti rahastatakse osaliselt Euroopa Liidu taasterahastu NextGenerationEU vahenditest, toetuse summa on 15032 eurot.<\/p>\n\n\n\n<hr class=\"wp-block-separator has-alpha-channel-opacity\"\/>\n\n\n\n<figure class=\"wp-block-image size-full\"><img loading=\"lazy\" decoding=\"async\" width=\"675\" height=\"197\" src=\"https:\/\/narvajoesuu.ee\/wp-content\/uploads\/2022\/07\/EAS_SF_RGB_EST.jpg\" alt=\"\" class=\"wp-image-9757\" srcset=\"https:\/\/narvajoesuu.ee\/wp-content\/uploads\/2022\/07\/EAS_SF_RGB_EST.jpg 675w, https:\/\/narvajoesuu.ee\/wp-content\/uploads\/2022\/07\/EAS_SF_RGB_EST-670x197.jpg 670w\" sizes=\"auto, (max-width: 675px) 100vw, 675px\" \/><\/figure>\n\n\n\n<p class=\"wp-el\"><strong>Projekti number:<\/strong> 2014-2020.15.03.21-0344<br><strong>Projekti nimi:<\/strong> &#8220;Balti riikides ainulaadse l\u00f5\u00f5gastus- ja stressimaandamiskeskuse k\u00e4ivitamine&#8221;<\/p>\n\n\n\n<p class=\"wp-el\"><strong>Projekti eesm\u00e4rk<\/strong> on v\u00e4lja arendada Balti riikides ainulaadne l\u00f5\u00f5gastus- ja stressimaandamisekeskus ning alustada uute terviklike teenuste pakkumisega, mis lahendavad inimeste stressiga seotud probleeme.<\/p>\n\n\n\n<p class=\"wp-el\"><strong>Projekti tulemusena <\/strong>lisatakse uued ravitoad (troopika- ja rannatuba, mis imiteerivad troopilist kliimat), Narva-J\u00f5esuu virtuaaltuuri koos vaatamisv\u00e4\u00e4rsuste otsinguga kohapeal, personaalse digilahenduse raviprogrammide infovahetuse parendamiseks.<\/p>\n\n\n\n<p class=\"wp-el\"><strong>Toetav programm:<\/strong> Turismisektori elavdamise programm (2014-2020.15.3.1)<\/p>\n\n\n\n<p class=\"wp-el\"><strong>Projekti kestvus:<\/strong> 01.04.2022 &#8211; 31.08.2023<\/p>\n\n\n\n<p class=\"wp-el\"><strong>Toetuse summa:<\/strong> 133 164,49 eurot<\/p>\n\n\n\n<p class=\"wp-el\"><strong><em>Projekti toetatakse Euroopa Regionaalarengu Fondi vahenditest ning rahastatakse liidu COVID-19 pandeemiale reageerimise raames.<\/em><\/strong><\/p>\n\n\n\n<hr class=\"wp-block-separator has-alpha-channel-opacity\"\/>\n","protected":false},"excerpt":{"rendered":"<p>Projekti number: 20.2.02.24-0429Projekti nimi: Narva-J\u00f5esuu Medical SPA varustuskindluse parendamine Projekti \u201eNarva-J\u00f5esuu Medical SPA varustuskindluse parendamine\u201c kasutusele v\u00f5tta taastuvenergia allikatest toodetud&#8230;<\/p>\n","protected":false},"author":2,"featured_media":0,"parent":0,"menu_order":337,"comment_status":"closed","ping_status":"closed","template":"","meta":{"_acf_changed":false,"_uag_custom_page_level_css":"","_monsterinsights_skip_tracking":false,"_monsterinsights_sitenote_active":false,"_monsterinsights_sitenote_note":"","_monsterinsights_sitenote_category":0,"footnotes":""},"class_list":["post-10165","page","type-page","status-publish","hentry"],"acf":[],"yoast_head":"<!-- This site is optimized with the Yoast SEO plugin v27.3 - https:\/\/yoast.com\/product\/yoast-seo-wordpress\/ -->\n<title>Projektitegevus - MEDICAL SPA NARVA-J\u00d5ESUU<\/title>\n<meta name=\"robots\" content=\"index, follow, max-snippet:-1, max-image-preview:large, max-video-preview:-1\" \/>\n<link rel=\"canonical\" href=\"https:\/\/narvajoesuu.ee\/en\/projektitegevus\/\" \/>\n<meta property=\"og:locale\" content=\"en_US\" \/>\n<meta property=\"og:type\" content=\"article\" \/>\n<meta property=\"og:title\" content=\"Projektitegevus - MEDICAL SPA NARVA-J\u00d5ESUU\" \/>\n<meta property=\"og:description\" content=\"Projekti number: 20.2.02.24-0429Projekti nimi: Narva-J\u00f5esuu Medical SPA varustuskindluse parendamine Projekti \u201eNarva-J\u00f5esuu Medical SPA varustuskindluse parendamine\u201c kasutusele v\u00f5tta taastuvenergia allikatest toodetud...\" \/>\n<meta property=\"og:url\" content=\"https:\/\/narvajoesuu.ee\/en\/projektitegevus\/\" \/>\n<meta property=\"og:site_name\" content=\"MEDICAL SPA NARVA-J\u00d5ESUU\" \/>\n<meta property=\"article:modified_time\" content=\"2026-02-26T07:31:38+00:00\" \/>\n<meta property=\"og:image\" content=\"https:\/\/narvajoesuu.ee\/wp-content\/uploads\/2022\/07\/EAS_SF_RGB_EST.jpg\" \/>\n<meta name=\"twitter:card\" content=\"summary_large_image\" \/>\n<meta name=\"twitter:label1\" content=\"Est. reading time\" \/>\n\t<meta name=\"twitter:data1\" content=\"1 minute\" \/>\n<script type=\"application\/ld+json\" class=\"yoast-schema-graph\">{\"@context\":\"https:\\\/\\\/schema.org\",\"@graph\":[{\"@type\":\"WebPage\",\"@id\":\"https:\\\/\\\/narvajoesuu.ee\\\/en\\\/projektitegevus\\\/\",\"url\":\"https:\\\/\\\/narvajoesuu.ee\\\/en\\\/projektitegevus\\\/\",\"name\":\"Projektitegevus - MEDICAL SPA NARVA-J\u00d5ESUU\",\"isPartOf\":{\"@id\":\"https:\\\/\\\/narvajoesuu.ee\\\/#website\"},\"primaryImageOfPage\":{\"@id\":\"https:\\\/\\\/narvajoesuu.ee\\\/en\\\/projektitegevus\\\/#primaryimage\"},\"image\":{\"@id\":\"https:\\\/\\\/narvajoesuu.ee\\\/en\\\/projektitegevus\\\/#primaryimage\"},\"thumbnailUrl\":\"https:\\\/\\\/narvajoesuu.ee\\\/wp-content\\\/uploads\\\/2022\\\/07\\\/EAS_SF_RGB_EST.jpg\",\"datePublished\":\"2022-07-08T10:19:49+00:00\",\"dateModified\":\"2026-02-26T07:31:38+00:00\",\"breadcrumb\":{\"@id\":\"https:\\\/\\\/narvajoesuu.ee\\\/en\\\/projektitegevus\\\/#breadcrumb\"},\"inLanguage\":\"en-US\",\"potentialAction\":[{\"@type\":\"ReadAction\",\"target\":[\"https:\\\/\\\/narvajoesuu.ee\\\/en\\\/projektitegevus\\\/\"]}]},{\"@type\":\"ImageObject\",\"inLanguage\":\"en-US\",\"@id\":\"https:\\\/\\\/narvajoesuu.ee\\\/en\\\/projektitegevus\\\/#primaryimage\",\"url\":\"https:\\\/\\\/narvajoesuu.ee\\\/wp-content\\\/uploads\\\/2022\\\/07\\\/EAS_SF_RGB_EST.jpg\",\"contentUrl\":\"https:\\\/\\\/narvajoesuu.ee\\\/wp-content\\\/uploads\\\/2022\\\/07\\\/EAS_SF_RGB_EST.jpg\"},{\"@type\":\"BreadcrumbList\",\"@id\":\"https:\\\/\\\/narvajoesuu.ee\\\/en\\\/projektitegevus\\\/#breadcrumb\",\"itemListElement\":[{\"@type\":\"ListItem\",\"position\":1,\"name\":\"Home\",\"item\":\"https:\\\/\\\/narvajoesuu.ee\\\/en\\\/\"},{\"@type\":\"ListItem\",\"position\":2,\"name\":\"Projektitegevus\"}]},{\"@type\":\"WebSite\",\"@id\":\"https:\\\/\\\/narvajoesuu.ee\\\/#website\",\"url\":\"https:\\\/\\\/narvajoesuu.ee\\\/\",\"name\":\"MEDICAL SPA NARVA-J\u00d5ESUU\",\"description\":\"\",\"publisher\":{\"@id\":\"https:\\\/\\\/narvajoesuu.ee\\\/#organization\"},\"potentialAction\":[{\"@type\":\"SearchAction\",\"target\":{\"@type\":\"EntryPoint\",\"urlTemplate\":\"https:\\\/\\\/narvajoesuu.ee\\\/?s={search_term_string}\"},\"query-input\":{\"@type\":\"PropertyValueSpecification\",\"valueRequired\":true,\"valueName\":\"search_term_string\"}}],\"inLanguage\":\"en-US\"},{\"@type\":\"Organization\",\"@id\":\"https:\\\/\\\/narvajoesuu.ee\\\/#organization\",\"name\":\"Narva-J\u00f5esuu Medical SPA\",\"url\":\"https:\\\/\\\/narvajoesuu.ee\\\/\",\"logo\":{\"@type\":\"ImageObject\",\"inLanguage\":\"en-US\",\"@id\":\"https:\\\/\\\/narvajoesuu.ee\\\/#\\\/schema\\\/logo\\\/image\\\/\",\"url\":\"https:\\\/\\\/narvajoesuu.ee\\\/wp-content\\\/uploads\\\/2020\\\/10\\\/narvajoesuu-logo-small.png\",\"contentUrl\":\"https:\\\/\\\/narvajoesuu.ee\\\/wp-content\\\/uploads\\\/2020\\\/10\\\/narvajoesuu-logo-small.png\",\"width\":170,\"height\":170,\"caption\":\"Narva-J\u00f5esuu Medical SPA\"},\"image\":{\"@id\":\"https:\\\/\\\/narvajoesuu.ee\\\/#\\\/schema\\\/logo\\\/image\\\/\"}}]}<\/script>\n<!-- \/ Yoast SEO plugin. -->","yoast_head_json":{"title":"Projektitegevus - MEDICAL SPA NARVA-J\u00d5ESUU","robots":{"index":"index","follow":"follow","max-snippet":"max-snippet:-1","max-image-preview":"max-image-preview:large","max-video-preview":"max-video-preview:-1"},"canonical":"https:\/\/narvajoesuu.ee\/en\/projektitegevus\/","og_locale":"en_US","og_type":"article","og_title":"Projektitegevus - MEDICAL SPA NARVA-J\u00d5ESUU","og_description":"Projekti number: 20.2.02.24-0429Projekti nimi: Narva-J\u00f5esuu Medical SPA varustuskindluse parendamine Projekti \u201eNarva-J\u00f5esuu Medical SPA varustuskindluse parendamine\u201c kasutusele v\u00f5tta taastuvenergia allikatest toodetud...","og_url":"https:\/\/narvajoesuu.ee\/en\/projektitegevus\/","og_site_name":"MEDICAL SPA NARVA-J\u00d5ESUU","article_modified_time":"2026-02-26T07:31:38+00:00","og_image":[{"url":"https:\/\/narvajoesuu.ee\/wp-content\/uploads\/2022\/07\/EAS_SF_RGB_EST.jpg","type":"","width":"","height":""}],"twitter_card":"summary_large_image","twitter_misc":{"Est. reading time":"1 minute"},"schema":{"@context":"https:\/\/schema.org","@graph":[{"@type":"WebPage","@id":"https:\/\/narvajoesuu.ee\/en\/projektitegevus\/","url":"https:\/\/narvajoesuu.ee\/en\/projektitegevus\/","name":"Projektitegevus - MEDICAL SPA NARVA-J\u00d5ESUU","isPartOf":{"@id":"https:\/\/narvajoesuu.ee\/#website"},"primaryImageOfPage":{"@id":"https:\/\/narvajoesuu.ee\/en\/projektitegevus\/#primaryimage"},"image":{"@id":"https:\/\/narvajoesuu.ee\/en\/projektitegevus\/#primaryimage"},"thumbnailUrl":"https:\/\/narvajoesuu.ee\/wp-content\/uploads\/2022\/07\/EAS_SF_RGB_EST.jpg","datePublished":"2022-07-08T10:19:49+00:00","dateModified":"2026-02-26T07:31:38+00:00","breadcrumb":{"@id":"https:\/\/narvajoesuu.ee\/en\/projektitegevus\/#breadcrumb"},"inLanguage":"en-US","potentialAction":[{"@type":"ReadAction","target":["https:\/\/narvajoesuu.ee\/en\/projektitegevus\/"]}]},{"@type":"ImageObject","inLanguage":"en-US","@id":"https:\/\/narvajoesuu.ee\/en\/projektitegevus\/#primaryimage","url":"https:\/\/narvajoesuu.ee\/wp-content\/uploads\/2022\/07\/EAS_SF_RGB_EST.jpg","contentUrl":"https:\/\/narvajoesuu.ee\/wp-content\/uploads\/2022\/07\/EAS_SF_RGB_EST.jpg"},{"@type":"BreadcrumbList","@id":"https:\/\/narvajoesuu.ee\/en\/projektitegevus\/#breadcrumb","itemListElement":[{"@type":"ListItem","position":1,"name":"Home","item":"https:\/\/narvajoesuu.ee\/en\/"},{"@type":"ListItem","position":2,"name":"Projektitegevus"}]},{"@type":"WebSite","@id":"https:\/\/narvajoesuu.ee\/#website","url":"https:\/\/narvajoesuu.ee\/","name":"MEDICAL SPA NARVA-J\u00d5ESUU","description":"","publisher":{"@id":"https:\/\/narvajoesuu.ee\/#organization"},"potentialAction":[{"@type":"SearchAction","target":{"@type":"EntryPoint","urlTemplate":"https:\/\/narvajoesuu.ee\/?s={search_term_string}"},"query-input":{"@type":"PropertyValueSpecification","valueRequired":true,"valueName":"search_term_string"}}],"inLanguage":"en-US"},{"@type":"Organization","@id":"https:\/\/narvajoesuu.ee\/#organization","name":"Narva-J\u00f5esuu Medical SPA","url":"https:\/\/narvajoesuu.ee\/","logo":{"@type":"ImageObject","inLanguage":"en-US","@id":"https:\/\/narvajoesuu.ee\/#\/schema\/logo\/image\/","url":"https:\/\/narvajoesuu.ee\/wp-content\/uploads\/2020\/10\/narvajoesuu-logo-small.png","contentUrl":"https:\/\/narvajoesuu.ee\/wp-content\/uploads\/2020\/10\/narvajoesuu-logo-small.png","width":170,"height":170,"caption":"Narva-J\u00f5esuu Medical SPA"},"image":{"@id":"https:\/\/narvajoesuu.ee\/#\/schema\/logo\/image\/"}}]}},"uagb_featured_image_src":{"full":false,"thumbnail":false,"medium":false,"medium_large":false,"large":false,"1536x1536":false,"2048x2048":false,"img-1920x550":false,"img-1920x320":false,"img-1920x200":false,"img-670x480":false,"img-570x280":false,"img-507":false,"img-370x240":false,"img-400x250":false,"img-370x175":false,"img-370x120":false,"img-300":false,"img-170":false},"uagb_author_info":{"display_name":"Darja","author_link":"https:\/\/narvajoesuu.ee\/en\/author\/darja\/"},"uagb_comment_info":0,"uagb_excerpt":"Projekti number: 20.2.02.24-0429Projekti nimi: Narva-J\u00f5esuu Medical SPA varustuskindluse parendamine Projekti \u201eNarva-J\u00f5esuu Medical SPA varustuskindluse parendamine\u201c kasutusele v\u00f5tta taastuvenergia allikatest toodetud...","_links":{"self":[{"href":"https:\/\/narvajoesuu.ee\/en\/wp-json\/wp\/v2\/pages\/10165","targetHints":{"allow":["GET"]}}],"collection":[{"href":"https:\/\/narvajoesuu.ee\/en\/wp-json\/wp\/v2\/pages"}],"about":[{"href":"https:\/\/narvajoesuu.ee\/en\/wp-json\/wp\/v2\/types\/page"}],"author":[{"embeddable":true,"href":"https:\/\/narvajoesuu.ee\/en\/wp-json\/wp\/v2\/users\/2"}],"replies":[{"embeddable":true,"href":"https:\/\/narvajoesuu.ee\/en\/wp-json\/wp\/v2\/comments?post=10165"}],"version-history":[{"count":4,"href":"https:\/\/narvajoesuu.ee\/en\/wp-json\/wp\/v2\/pages\/10165\/revisions"}],"predecessor-version":[{"id":19845,"href":"https:\/\/narvajoesuu.ee\/en\/wp-json\/wp\/v2\/pages\/10165\/revisions\/19845"}],"wp:attachment":[{"href":"https:\/\/narvajoesuu.ee\/en\/wp-json\/wp\/v2\/media?parent=10165"}],"curies":[{"name":"wp","href":"https:\/\/api.w.org\/{rel}","templated":true}]}}